{"id":20346,"date":"2022-07-13T13:13:55","date_gmt":"2022-07-13T11:13:55","guid":{"rendered":"https:\/\/typisch-region-hannover.de\/?page_id=20346"},"modified":"2022-07-13T13:13:55","modified_gmt":"2022-07-13T11:13:55","slug":"lister-erfolgs-geschichten-vom-08-07-2022","status":"publish","type":"page","link":"https:\/\/typisch-region-hannover.de\/index.php\/list\/lister-erfolgs-geschichten-vom-08-07-2022\/","title":{"rendered":"Lister Erfolgs-Geschichten vom 08.07.2022"},"content":{"rendered":"<div class=\"fusion-title title fusion-title-size-one\" style=\"margin-bottom:10px;\"><h1 class=\"title-heading-left\">Lister ERFOLGSgeschichten vom 8. Juli 2022<br \/>\n<\/h1><div class=\"title-sep-container\"><div class=\"title-sep sep-double sep-solid\"><\/div><\/div><\/div><p>Viel gibt es zu berichten \u00fcber die List und die ERFOLGSgeschichten der Menschen und Unternehmen,<br \/>\ndie diesen Stadtteil pr\u00e4gen und pr\u00e4gten. Doch was ist \u00fcberhaupt Erfolg? Das bewertet jeder Mensch<br \/>\nf\u00fcr sich unterschiedlich und auch dieser Frage gehen wir nach. Gerade jetzt, nach zwei Jahren Pandemie,<br \/>\nist es f\u00fcr viele von uns bereits ein pers\u00f6nlicher Erfolg, durchgehalten zu haben &#8211; in beruflich und<br \/>\npers\u00f6nlich schwierigen Zeiten.<br \/>\nManche Lister ERFOLGSgeschichte war nicht von Anfang an als solche absehbar: Die Anlieger der Lister Meile<br \/>\nf\u00fcrchteten zum Beispiel Anfang der 70er Jahre, dass ihre Gesch\u00e4fte rapide an Zulauf verlieren w\u00fcrden,<br \/>\nwenn der Verkehr um ihre Stra\u00dfe herumgef\u00fchrt wird. Wie anders es gekommen ist und wie sehr dies auch<br \/>\nVerdienst des Vereins \u201eAktion Lister Meile e. V.\u201c ist, haben wir aufgezeichnet. <\/p>\n<p>Die Meile feiert in diesem Jahr den 50. Geburtstag und dass ihre jetzige Struktur eine echte ERFOLGSgeschichte<br \/>\nf\u00fcr ganz Hannover ist, wird nicht bezweifelt. Ob Unternehmer, die vor 50, 70 oder 100 Jahren ein Gesch\u00e4ft<br \/>\ngr\u00fcndeten, sich wohl vorstellen konnten, dass es ihre Betriebe nach so langer Zeit noch gibt &#8211; teilweise in der<br \/>\ndritten bis f\u00fcnften Familiengeneration? Wir haben tats\u00e4chlich Unternehmen gefunden, bei denen es so ist.<br \/>\nWer sich so lange am Markt behauptet, muss etwas richtig machen, das anderen als Vorbild dienen k\u00f6nnte. <\/p>\n<p>Wir haben die besonderen Geschichten gefunden und aufgeschrieben. Es gibt Produkte, die in der List entwickelt wurden<br \/>\nund hier ihren Siegeszug in die Welt antraten. Die wohl ber\u00fchmtesten Dauerbrenner darunter sind der \u201ePelikano\u201c-F\u00fcller<br \/>\nund der Leibniz-Keks. Doch es gab noch weitere Produkte aus dem Stadtteil, die teilweise jahrzehntelang erfolgreich waren.<br \/>\nAuch auf die ERFOLGSgeschichten aus alter Zeit werfen wir einen Blick.<\/p>\n<p>Der ganze Stadtteil, wie er sich heute pr\u00e4sentiert, ist auch vom Image her eine ERFOLGSgeschichte.<br \/>\nEin Stadtteil, in dem man gerne lebt und dies auch erz\u00e4hlt. Wird die List denn auch in der Literatur erw\u00e4hnt,<br \/>\nbeachten Schriftsteller und Schriftstellerinnen den Stadtteil, wenn sie \u00fcber Hannover schreiben? Aber ja!<br \/>\nBesonders Kriminalschriftsteller haben die List als Schauplatz f\u00fcr Krimiszenen entdeckt. Wo im Stadtteil<br \/>\nbereits literarisch gemeuchelt wurde, haben wir f\u00fcr Sie erkundet.<br \/>\nDoch es leben auch Autor\/innen in der List, die mit ihren B\u00fcchern erfolgreich sind. Sie haben uns ihre pers\u00f6nlichen<br \/>\nERFOLGSgeschichten erz\u00e4hlt.<\/p>\n<p>Ein bunter Reigen von Erfolgen und Bemerkenswertem, der Ihnen hoffentlich Lesefreude bereitet: Das ist unser neues Magazin.<br \/>\nEinen sch\u00f6nen Sommer in Hannover &#8211; und besonders in der sch\u00f6nen List, w\u00fcnscht<br \/>\nBettina Reimann, Redaktion<\/p>\n<div class=\"fusion-one-third one_third fusion-layout-column fusion-column-last fusion-spacing-yes\" style=\"margin-top:0px;margin-bottom:20px;\"><div class=\"fusion-column-wrapper\"><span class=\"fusion-imageframe imageframe-none imageframe-1 hover-type-zoomin\"><a class=\"fusion-no-lightbox\" href=\"https:\/\/typisch-region-hannover.de\/wp-content\/uploads\/2022\/07\/Erfolgsgeschichten.pdf\" target=\"_blank\"> <img alt=\"Erfolgsgeschichten\" src=\"https:\/\/typisch-region-hannover.de\/wp-content\/uploads\/2022\/07\/Erfolgsgeschichten.jpg\" class=\"img-responsive\"\/><\/a><\/span><div class=\"fusion-clearfix\"><\/div><\/div><\/div><div class=\"fusion-clearfix\"><\/div>\n","protected":false},"excerpt":{"rendered":"","protected":false},"author":5,"featured_media":0,"parent":13893,"menu_order":0,"comment_status":"closed","ping_status":"closed","template":"","meta":[],"yoast_head":"<!-- This site is optimized with the Yoast SEO plugin v19.10 - https:\/\/yoast.com\/wordpress\/plugins\/seo\/ -->\n<title>Lister Erfolgs-Geschichten vom 08.07.2022 - Typisch Region Hannover<\/title>\n<meta name=\"robots\" content=\"index, follow, max-snippet:-1, max-image-preview:large, max-video-preview:-1\" \/>\n<link rel=\"canonical\" href=\"https:\/\/typisch-region-hannover.de\/index.php\/list\/lister-erfolgs-geschichten-vom-08-07-2022\/\" \/>\n<meta property=\"og:locale\" content=\"de_DE\" \/>\n<meta property=\"og:type\" content=\"article\" \/>\n<meta property=\"og:title\" content=\"Lister Erfolgs-Geschichten vom 08.07.2022 - Typisch Region Hannover\" \/>\n<meta property=\"og:url\" content=\"https:\/\/typisch-region-hannover.de\/index.php\/list\/lister-erfolgs-geschichten-vom-08-07-2022\/\" \/>\n<meta property=\"og:site_name\" content=\"Typisch Region Hannover\" \/>\n<meta property=\"article:publisher\" content=\"https:\/\/www.facebook.com\/typischregionhannover\/\" \/>\n<meta property=\"og:image\" content=\"https:\/\/typisch-region-hannover.de\/wp-content\/uploads\/2022\/07\/Erfolgsgeschichten.jpg\" \/>\n<meta name=\"twitter:card\" content=\"summary_large_image\" \/>\n<meta name=\"twitter:label1\" content=\"Gesch\u00e4tzte Lesezeit\" \/>\n\t<meta name=\"twitter:data1\" content=\"3\u00a0Minuten\" \/>\n<script type=\"application\/ld+json\" class=\"yoast-schema-graph\">{\"@context\":\"https:\/\/schema.org\",\"@graph\":[{\"@type\":\"WebPage\",\"@id\":\"https:\/\/typisch-region-hannover.de\/index.php\/list\/lister-erfolgs-geschichten-vom-08-07-2022\/\",\"url\":\"https:\/\/typisch-region-hannover.de\/index.php\/list\/lister-erfolgs-geschichten-vom-08-07-2022\/\",\"name\":\"Lister Erfolgs-Geschichten vom 08.07.2022 - Typisch Region Hannover\",\"isPartOf\":{\"@id\":\"https:\/\/typisch-region-hannover.de\/#website\"},\"datePublished\":\"2022-07-13T11:13:55+00:00\",\"dateModified\":\"2022-07-13T11:13:55+00:00\",\"breadcrumb\":{\"@id\":\"https:\/\/typisch-region-hannover.de\/index.php\/list\/lister-erfolgs-geschichten-vom-08-07-2022\/#breadcrumb\"},\"inLanguage\":\"de\",\"potentialAction\":[{\"@type\":\"ReadAction\",\"target\":[\"https:\/\/typisch-region-hannover.de\/index.php\/list\/lister-erfolgs-geschichten-vom-08-07-2022\/\"]}]},{\"@type\":\"BreadcrumbList\",\"@id\":\"https:\/\/typisch-region-hannover.de\/index.php\/list\/lister-erfolgs-geschichten-vom-08-07-2022\/#breadcrumb\",\"itemListElement\":[{\"@type\":\"ListItem\",\"position\":1,\"name\":\"Home\",\"item\":\"https:\/\/typisch-region-hannover.de\/\"},{\"@type\":\"ListItem\",\"position\":2,\"name\":\"List\",\"item\":\"https:\/\/typisch-region-hannover.de\/index.php\/list\/\"},{\"@type\":\"ListItem\",\"position\":3,\"name\":\"Lister Erfolgs-Geschichten vom 08.07.2022\"}]},{\"@type\":\"WebSite\",\"@id\":\"https:\/\/typisch-region-hannover.de\/#website\",\"url\":\"https:\/\/typisch-region-hannover.de\/\",\"name\":\"Typisch Region Hannover\",\"description\":\"Wissenswertes aus unserer Region\",\"potentialAction\":[{\"@type\":\"SearchAction\",\"target\":{\"@type\":\"EntryPoint\",\"urlTemplate\":\"https:\/\/typisch-region-hannover.de\/?s={search_term_string}\"},\"query-input\":\"required name=search_term_string\"}],\"inLanguage\":\"de\"}]}<\/script>\n<!-- \/ Yoast SEO plugin. -->","yoast_head_json":{"title":"Lister Erfolgs-Geschichten vom 08.07.2022 - Typisch Region Hannover","robots":{"index":"index","follow":"follow","max-snippet":"max-snippet:-1","max-image-preview":"max-image-preview:large","max-video-preview":"max-video-preview:-1"},"canonical":"https:\/\/typisch-region-hannover.de\/index.php\/list\/lister-erfolgs-geschichten-vom-08-07-2022\/","og_locale":"de_DE","og_type":"article","og_title":"Lister Erfolgs-Geschichten vom 08.07.2022 - Typisch Region Hannover","og_url":"https:\/\/typisch-region-hannover.de\/index.php\/list\/lister-erfolgs-geschichten-vom-08-07-2022\/","og_site_name":"Typisch Region Hannover","article_publisher":"https:\/\/www.facebook.com\/typischregionhannover\/","og_image":[{"url":"https:\/\/typisch-region-hannover.de\/wp-content\/uploads\/2022\/07\/Erfolgsgeschichten.jpg"}],"twitter_card":"summary_large_image","twitter_misc":{"Gesch\u00e4tzte Lesezeit":"3\u00a0Minuten"},"schema":{"@context":"https:\/\/schema.org","@graph":[{"@type":"WebPage","@id":"https:\/\/typisch-region-hannover.de\/index.php\/list\/lister-erfolgs-geschichten-vom-08-07-2022\/","url":"https:\/\/typisch-region-hannover.de\/index.php\/list\/lister-erfolgs-geschichten-vom-08-07-2022\/","name":"Lister Erfolgs-Geschichten vom 08.07.2022 - Typisch Region Hannover","isPartOf":{"@id":"https:\/\/typisch-region-hannover.de\/#website"},"datePublished":"2022-07-13T11:13:55+00:00","dateModified":"2022-07-13T11:13:55+00:00","breadcrumb":{"@id":"https:\/\/typisch-region-hannover.de\/index.php\/list\/lister-erfolgs-geschichten-vom-08-07-2022\/#breadcrumb"},"inLanguage":"de","potentialAction":[{"@type":"ReadAction","target":["https:\/\/typisch-region-hannover.de\/index.php\/list\/lister-erfolgs-geschichten-vom-08-07-2022\/"]}]},{"@type":"BreadcrumbList","@id":"https:\/\/typisch-region-hannover.de\/index.php\/list\/lister-erfolgs-geschichten-vom-08-07-2022\/#breadcrumb","itemListElement":[{"@type":"ListItem","position":1,"name":"Home","item":"https:\/\/typisch-region-hannover.de\/"},{"@type":"ListItem","position":2,"name":"List","item":"https:\/\/typisch-region-hannover.de\/index.php\/list\/"},{"@type":"ListItem","position":3,"name":"Lister Erfolgs-Geschichten vom 08.07.2022"}]},{"@type":"WebSite","@id":"https:\/\/typisch-region-hannover.de\/#website","url":"https:\/\/typisch-region-hannover.de\/","name":"Typisch Region Hannover","description":"Wissenswertes aus unserer Region","potentialAction":[{"@type":"SearchAction","target":{"@type":"EntryPoint","urlTemplate":"https:\/\/typisch-region-hannover.de\/?s={search_term_string}"},"query-input":"required name=search_term_string"}],"inLanguage":"de"}]}},"_links":{"self":[{"href":"https:\/\/typisch-region-hannover.de\/index.php\/wp-json\/wp\/v2\/pages\/20346"}],"collection":[{"href":"https:\/\/typisch-region-hannover.de\/index.php\/wp-json\/wp\/v2\/pages"}],"about":[{"href":"https:\/\/typisch-region-hannover.de\/index.php\/wp-json\/wp\/v2\/types\/page"}],"author":[{"embeddable":true,"href":"https:\/\/typisch-region-hannover.de\/index.php\/wp-json\/wp\/v2\/users\/5"}],"replies":[{"embeddable":true,"href":"https:\/\/typisch-region-hannover.de\/index.php\/wp-json\/wp\/v2\/comments?post=20346"}],"version-history":[{"count":0,"href":"https:\/\/typisch-region-hannover.de\/index.php\/wp-json\/wp\/v2\/pages\/20346\/revisions"}],"up":[{"embeddable":true,"href":"https:\/\/typisch-region-hannover.de\/index.php\/wp-json\/wp\/v2\/pages\/13893"}],"wp:attachment":[{"href":"https:\/\/typisch-region-hannover.de\/index.php\/wp-json\/wp\/v2\/media?parent=20346"}],"curies":[{"name":"wp","href":"https:\/\/api.w.org\/{rel}","templated":true}]}}