{"id":19429,"date":"2021-07-17T19:23:08","date_gmt":"2021-07-17T17:23:08","guid":{"rendered":"https:\/\/typisch-region-hannover.de\/?page_id=19429"},"modified":"2021-07-17T19:23:08","modified_gmt":"2021-07-17T17:23:08","slug":"sehnder-leben-nr-28-vom-17-07-2021","status":"publish","type":"page","link":"https:\/\/typisch-region-hannover.de\/index.php\/sehnde\/sehnder-leben-nr-28-vom-17-07-2021\/","title":{"rendered":"Sehnder Leben &#8211; Nr.28 vom 17.07.2021"},"content":{"rendered":"<div class=\"fusion-title title fusion-title-size-one\" style=\"margin-bottom:10px;\"><h1 class=\"title-heading-left\">Sehnder Leben: Nr. 28 vom 17. Juli 2021<br \/>\n<\/h1><div class=\"title-sep-container\"><div class=\"title-sep sep-double sep-solid\"><\/div><\/div><\/div><p>\u201eEtwas erleben\u201c: Das ist f\u00fcr jeden von uns anders definiert. Wer bei Erlebnissen<br \/>\nan gro\u00dfe Konzerte, Events und Partys denkt, kann in Sehnde jetzt bereits wieder<br \/>\nf\u00fcndig werden. Mehr dazu auf Seite 12.<br \/>\nWer einfach nur uneingeschr\u00e4nkt, seinen Hobbys nachgehen m\u00f6chte, kann zum<br \/>\nTeil schon wieder richtig loslegen &#8211; anderes ist noch mit Einschr\u00e4nkungen verbunden.<br \/>\nSingen im Kirchenchor zum Beispiel &#8211; das ist noch schwierig, wir wir erfuhren, als wir<br \/>\ndie katholische Kirche St. Josef besuchten. Jedenfalls sind die Gottesdienste derzeit<br \/>\nimmer \u201eausgebucht\u201c und man muss sich nach wie vor daf\u00fcr anmelden. \u00dcber Gemeindeleben<br \/>\nim Sommer 2021 berichten wir auf den Seiten 6 und 7 &#8211; und stellen die sch\u00f6ne Kirche in Bolzum vor.<\/p>\n<p>Gef\u00fchrte Stadtrundg\u00e4nge, Schwimmkurse, ein Mitmach-Projekt von Opera Mobile: Es gibt Einiges,<br \/>\ndas wir schon wieder ank\u00fcndigen k\u00f6nnen. Doch so mancher setzt auch nach wie vor auf kontaktlose<br \/>\nFreizeitbesch\u00e4ftigung. Wie w\u00e4r\u2019s, in der Stadt ein \u201eLab Adventure\u201c zu l\u00f6sen oder auf Schatzsuche<br \/>\nnach versteckten Dosen zu gehen? Wie das geht und was in Sehnde im Verborgenen auf Entdeckung<br \/>\nwartet, erfahren Sie auf den Seiten 4 und 5.<\/p>\n<p>Ein wenig \u201eSehnde-Bildung\u201c geh\u00f6rt zu unseren festen Rubriken. Diesmal sind wir, bewaffnet mit<br \/>\ndem Standardwerk der Forschung, den Sehnder Ortsnamen auf den Grund gegangen und haben<br \/>\neine \u201eW\u00fcstung\u201c besucht. Wie w\u00e4r\u2019s mit einer Radtour und einem Picknick in \u201eSchuttellobeke\u201c?<br \/>\nLesen Sie mehr dazu auf den Seiten 8 bis 10.<\/p>\n<p>Oder Sie machen einen Rundgang durch Everns \u201eGEHschichte\u201c, um dieses Sehnder Dorf<br \/>\nkennenzulernen. Auf Seite 8 berichten wir dar\u00fcber.<br \/>\nWenn Sie in den Sommerferien verreisen, w\u00fcnschen wir gute Fahrt und eine gesunde Heimkehr.<br \/>\nF\u00fcr alle, die zuhause bleiben, hoffen wir, Anregungen f\u00fcr Touren und Freizeitspa\u00df geben zu k\u00f6nnen.<\/p>\n<div class=\"fusion-one-third one_third fusion-layout-column fusion-spacing-yes\" style=\"margin-top:0px;margin-bottom:20px;\"><div class=\"fusion-column-wrapper\"><span class=\"fusion-imageframe imageframe-none imageframe-1 hover-type-zoomin\"><a class=\"fusion-no-lightbox\" href=\"https:\/\/typisch-region-hannover.de\/wp-content\/uploads\/2021\/07\/Sehnderleben28-01.jpg\" target=\"_blank\"> <img alt=\"\" src=\"https:\/\/typisch-region-hannover.de\/wp-content\/uploads\/2021\/07\/Sehnderleben28-01-1.jpg\" class=\"img-responsive\"\/><\/a><\/span><div class=\"fusion-clearfix\"><\/div><\/div><\/div><div class=\"fusion-one-third one_third fusion-layout-column fusion-spacing-yes\" style=\"margin-top:0px;margin-bottom:20px;\"><div class=\"fusion-column-wrapper\"><span class=\"fusion-imageframe imageframe-none imageframe-2 hover-type-zoomin\"><a class=\"fusion-no-lightbox\" href=\"https:\/\/typisch-region-hannover.de\/wp-content\/uploads\/2021\/07\/Sehnderleben28-02.jpg\" target=\"_blank\"> <img alt=\"\" src=\"https:\/\/typisch-region-hannover.de\/wp-content\/uploads\/2021\/07\/Sehnderleben28-02.jpg\" class=\"img-responsive\"\/><\/a><\/span><div class=\"fusion-clearfix\"><\/div><\/div><\/div><div class=\"fusion-one-third one_third fusion-layout-column fusion-column-last fusion-spacing-yes\" style=\"margin-top:0px;margin-bottom:20px;\"><div class=\"fusion-column-wrapper\"><span class=\"fusion-imageframe imageframe-none imageframe-3 hover-type-zoomin\"><a class=\"fusion-no-lightbox\" href=\"https:\/\/typisch-region-hannover.de\/wp-content\/uploads\/2021\/07\/Sehnderleben28-03.jpg\" target=\"_blank\"> <img alt=\"\" src=\"https:\/\/typisch-region-hannover.de\/wp-content\/uploads\/2021\/07\/Sehnderleben28-03.jpg\" class=\"img-responsive\"\/><\/a><\/span><div class=\"fusion-clearfix\"><\/div><\/div><\/div><div class=\"fusion-clearfix\"><\/div><div class=\"fusion-one-third one_third fusion-layout-column fusion-spacing-yes\" style=\"margin-top:0px;margin-bottom:20px;\"><div class=\"fusion-column-wrapper\"><span class=\"fusion-imageframe imageframe-none imageframe-4 hover-type-zoomin\"><a class=\"fusion-no-lightbox\" href=\"https:\/\/typisch-region-hannover.de\/wp-content\/uploads\/2021\/07\/Sehnderleben28-04.jpg\" target=\"_blank\"> <img alt=\"\" src=\"https:\/\/typisch-region-hannover.de\/wp-content\/uploads\/2021\/07\/Sehnderleben28-04.jpg\" class=\"img-responsive\"\/><\/a><\/span><div class=\"fusion-clearfix\"><\/div><\/div><\/div><div class=\"fusion-one-third one_third fusion-layout-column fusion-spacing-yes\" style=\"margin-top:0px;margin-bottom:20px;\"><div class=\"fusion-column-wrapper\"><span class=\"fusion-imageframe imageframe-none imageframe-5 hover-type-zoomin\"><a class=\"fusion-no-lightbox\" href=\"https:\/\/typisch-region-hannover.de\/wp-content\/uploads\/2021\/07\/Sehnderleben28-05.jpg\" target=\"_blank\"> <img alt=\"\" src=\"https:\/\/typisch-region-hannover.de\/wp-content\/uploads\/2021\/07\/Sehnderleben28-05.jpg\" class=\"img-responsive\"\/><\/a><\/span><div class=\"fusion-clearfix\"><\/div><\/div><\/div><div class=\"fusion-one-third one_third fusion-layout-column fusion-column-last fusion-spacing-yes\" style=\"margin-top:0px;margin-bottom:20px;\"><div class=\"fusion-column-wrapper\"><span class=\"fusion-imageframe imageframe-none imageframe-6 hover-type-zoomin\"><a class=\"fusion-no-lightbox\" href=\"https:\/\/typisch-region-hannover.de\/wp-content\/uploads\/2021\/07\/Sehnderleben28-06.jpg\" target=\"_blank\"> <img alt=\"\" src=\"https:\/\/typisch-region-hannover.de\/wp-content\/uploads\/2021\/07\/Sehnderleben28-06.jpg\" class=\"img-responsive\"\/><\/a><\/span><div class=\"fusion-clearfix\"><\/div><\/div><\/div><div class=\"fusion-clearfix\"><\/div><div class=\"fusion-one-third one_third fusion-layout-column fusion-spacing-yes\" style=\"margin-top:0px;margin-bottom:20px;\"><div class=\"fusion-column-wrapper\"><span class=\"fusion-imageframe imageframe-none imageframe-7 hover-type-zoomin\"><a class=\"fusion-no-lightbox\" href=\"https:\/\/typisch-region-hannover.de\/wp-content\/uploads\/2021\/07\/Sehnderleben28-07.jpg\" target=\"_blank\"> <img alt=\"\" src=\"https:\/\/typisch-region-hannover.de\/wp-content\/uploads\/2021\/07\/Sehnderleben28-05.jpg\" class=\"img-responsive\"\/><\/a><\/span><div class=\"fusion-clearfix\"><\/div><\/div><\/div><div class=\"fusion-one-third one_third fusion-layout-column fusion-spacing-yes\" style=\"margin-top:0px;margin-bottom:20px;\"><div class=\"fusion-column-wrapper\"><span class=\"fusion-imageframe imageframe-none imageframe-8 hover-type-zoomin\"><a class=\"fusion-no-lightbox\" href=\"https:\/\/typisch-region-hannover.de\/wp-content\/uploads\/2021\/07\/Sehnderleben28-08.jpg\" target=\"_blank\"> <img alt=\"\" src=\"https:\/\/typisch-region-hannover.de\/wp-content\/uploads\/2021\/07\/Sehnderleben28-08.jpg\" class=\"img-responsive\"\/><\/a><\/span><div class=\"fusion-clearfix\"><\/div><\/div><\/div><div class=\"fusion-one-third one_third fusion-layout-column fusion-column-last fusion-spacing-yes\" style=\"margin-top:0px;margin-bottom:20px;\"><div class=\"fusion-column-wrapper\"><span class=\"fusion-imageframe imageframe-none imageframe-9 hover-type-zoomin\"><a class=\"fusion-no-lightbox\" href=\"https:\/\/typisch-region-hannover.de\/wp-content\/uploads\/2021\/07\/Sehnderleben28-09.jpg\" target=\"_blank\"> <img alt=\"\" src=\"https:\/\/typisch-region-hannover.de\/wp-content\/uploads\/2021\/07\/Sehnderleben28-09.jpg\" class=\"img-responsive\"\/><\/a><\/span><div class=\"fusion-clearfix\"><\/div><\/div><\/div><div class=\"fusion-clearfix\"><\/div><div class=\"fusion-one-third one_third fusion-layout-column fusion-spacing-yes\" style=\"margin-top:0px;margin-bottom:20px;\"><div class=\"fusion-column-wrapper\"><span class=\"fusion-imageframe imageframe-none imageframe-10 hover-type-zoomin\"><a class=\"fusion-no-lightbox\" href=\"https:\/\/typisch-region-hannover.de\/wp-content\/uploads\/2021\/07\/Sehnderleben28-10.jpg\" target=\"_blank\"> <img alt=\"\" src=\"https:\/\/typisch-region-hannover.de\/wp-content\/uploads\/2021\/07\/Sehnderleben28-10.jpg\" class=\"img-responsive\"\/><\/a><\/span><div class=\"fusion-clearfix\"><\/div><\/div><\/div><div class=\"fusion-one-third one_third fusion-layout-column fusion-spacing-yes\" style=\"margin-top:0px;margin-bottom:20px;\"><div class=\"fusion-column-wrapper\"><span class=\"fusion-imageframe imageframe-none imageframe-11 hover-type-zoomin\"><a class=\"fusion-no-lightbox\" href=\"https:\/\/typisch-region-hannover.de\/wp-content\/uploads\/2021\/07\/Sehnderleben28-11.jpg\" target=\"_blank\"> <img alt=\"\" src=\"https:\/\/typisch-region-hannover.de\/wp-content\/uploads\/2021\/07\/Sehnderleben28-11.jpg\" class=\"img-responsive\"\/><\/a><\/span><div class=\"fusion-clearfix\"><\/div><\/div><\/div><div class=\"fusion-one-third one_third fusion-layout-column fusion-column-last fusion-spacing-yes\" style=\"margin-top:0px;margin-bottom:20px;\"><div class=\"fusion-column-wrapper\"><span class=\"fusion-imageframe imageframe-none imageframe-12 hover-type-zoomin\"><a class=\"fusion-no-lightbox\" href=\"https:\/\/typisch-region-hannover.de\/wp-content\/uploads\/2021\/07\/Sehnderleben28-12.jpg\" target=\"_blank\"> <img alt=\"\" src=\"https:\/\/typisch-region-hannover.de\/wp-content\/uploads\/2021\/07\/Sehnderleben28-12.jpg\" class=\"img-responsive\"\/><\/a><\/span><div class=\"fusion-clearfix\"><\/div><\/div><\/div><div class=\"fusion-clearfix\"><\/div>\n","protected":false},"excerpt":{"rendered":"","protected":false},"author":5,"featured_media":0,"parent":11483,"menu_order":0,"comment_status":"closed","ping_status":"closed","template":"","meta":[],"yoast_head":"<!-- This site is optimized with the Yoast SEO plugin v19.10 - https:\/\/yoast.com\/wordpress\/plugins\/seo\/ -->\n<title>Sehnder Leben - Nr.28 vom 17.07.2021 - Typisch Region Hannover<\/title>\n<meta name=\"robots\" content=\"index, follow, max-snippet:-1, max-image-preview:large, max-video-preview:-1\" \/>\n<link rel=\"canonical\" href=\"https:\/\/typisch-region-hannover.de\/index.php\/sehnde\/sehnder-leben-nr-28-vom-17-07-2021\/\" \/>\n<meta property=\"og:locale\" content=\"de_DE\" \/>\n<meta property=\"og:type\" content=\"article\" \/>\n<meta property=\"og:title\" content=\"Sehnder Leben - Nr.28 vom 17.07.2021 - Typisch Region Hannover\" \/>\n<meta property=\"og:url\" content=\"https:\/\/typisch-region-hannover.de\/index.php\/sehnde\/sehnder-leben-nr-28-vom-17-07-2021\/\" \/>\n<meta property=\"og:site_name\" content=\"Typisch Region Hannover\" \/>\n<meta property=\"article:publisher\" content=\"https:\/\/www.facebook.com\/typischregionhannover\/\" \/>\n<meta property=\"og:image\" content=\"https:\/\/typisch-region-hannover.de\/wp-content\/uploads\/2021\/07\/Sehnderleben28-01-1.jpg\" \/>\n<meta name=\"twitter:card\" content=\"summary_large_image\" \/>\n<meta name=\"twitter:label1\" content=\"Gesch\u00e4tzte Lesezeit\" \/>\n\t<meta name=\"twitter:data1\" content=\"7\u00a0Minuten\" \/>\n<script type=\"application\/ld+json\" class=\"yoast-schema-graph\">{\"@context\":\"https:\/\/schema.org\",\"@graph\":[{\"@type\":\"WebPage\",\"@id\":\"https:\/\/typisch-region-hannover.de\/index.php\/sehnde\/sehnder-leben-nr-28-vom-17-07-2021\/\",\"url\":\"https:\/\/typisch-region-hannover.de\/index.php\/sehnde\/sehnder-leben-nr-28-vom-17-07-2021\/\",\"name\":\"Sehnder Leben - Nr.28 vom 17.07.2021 - Typisch Region Hannover\",\"isPartOf\":{\"@id\":\"https:\/\/typisch-region-hannover.de\/#website\"},\"datePublished\":\"2021-07-17T17:23:08+00:00\",\"dateModified\":\"2021-07-17T17:23:08+00:00\",\"breadcrumb\":{\"@id\":\"https:\/\/typisch-region-hannover.de\/index.php\/sehnde\/sehnder-leben-nr-28-vom-17-07-2021\/#breadcrumb\"},\"inLanguage\":\"de\",\"potentialAction\":[{\"@type\":\"ReadAction\",\"target\":[\"https:\/\/typisch-region-hannover.de\/index.php\/sehnde\/sehnder-leben-nr-28-vom-17-07-2021\/\"]}]},{\"@type\":\"BreadcrumbList\",\"@id\":\"https:\/\/typisch-region-hannover.de\/index.php\/sehnde\/sehnder-leben-nr-28-vom-17-07-2021\/#breadcrumb\",\"itemListElement\":[{\"@type\":\"ListItem\",\"position\":1,\"name\":\"Home\",\"item\":\"https:\/\/typisch-region-hannover.de\/\"},{\"@type\":\"ListItem\",\"position\":2,\"name\":\"Sehnde\",\"item\":\"https:\/\/typisch-region-hannover.de\/index.php\/sehnde\/\"},{\"@type\":\"ListItem\",\"position\":3,\"name\":\"Sehnder Leben &#8211; Nr.28 vom 17.07.2021\"}]},{\"@type\":\"WebSite\",\"@id\":\"https:\/\/typisch-region-hannover.de\/#website\",\"url\":\"https:\/\/typisch-region-hannover.de\/\",\"name\":\"Typisch Region Hannover\",\"description\":\"Wissenswertes aus unserer Region\",\"potentialAction\":[{\"@type\":\"SearchAction\",\"target\":{\"@type\":\"EntryPoint\",\"urlTemplate\":\"https:\/\/typisch-region-hannover.de\/?s={search_term_string}\"},\"query-input\":\"required name=search_term_string\"}],\"inLanguage\":\"de\"}]}<\/script>\n<!-- \/ Yoast SEO plugin. -->","yoast_head_json":{"title":"Sehnder Leben - Nr.28 vom 17.07.2021 - Typisch Region Hannover","robots":{"index":"index","follow":"follow","max-snippet":"max-snippet:-1","max-image-preview":"max-image-preview:large","max-video-preview":"max-video-preview:-1"},"canonical":"https:\/\/typisch-region-hannover.de\/index.php\/sehnde\/sehnder-leben-nr-28-vom-17-07-2021\/","og_locale":"de_DE","og_type":"article","og_title":"Sehnder Leben - Nr.28 vom 17.07.2021 - Typisch Region Hannover","og_url":"https:\/\/typisch-region-hannover.de\/index.php\/sehnde\/sehnder-leben-nr-28-vom-17-07-2021\/","og_site_name":"Typisch Region Hannover","article_publisher":"https:\/\/www.facebook.com\/typischregionhannover\/","og_image":[{"url":"https:\/\/typisch-region-hannover.de\/wp-content\/uploads\/2021\/07\/Sehnderleben28-01-1.jpg"}],"twitter_card":"summary_large_image","twitter_misc":{"Gesch\u00e4tzte Lesezeit":"7\u00a0Minuten"},"schema":{"@context":"https:\/\/schema.org","@graph":[{"@type":"WebPage","@id":"https:\/\/typisch-region-hannover.de\/index.php\/sehnde\/sehnder-leben-nr-28-vom-17-07-2021\/","url":"https:\/\/typisch-region-hannover.de\/index.php\/sehnde\/sehnder-leben-nr-28-vom-17-07-2021\/","name":"Sehnder Leben - Nr.28 vom 17.07.2021 - Typisch Region Hannover","isPartOf":{"@id":"https:\/\/typisch-region-hannover.de\/#website"},"datePublished":"2021-07-17T17:23:08+00:00","dateModified":"2021-07-17T17:23:08+00:00","breadcrumb":{"@id":"https:\/\/typisch-region-hannover.de\/index.php\/sehnde\/sehnder-leben-nr-28-vom-17-07-2021\/#breadcrumb"},"inLanguage":"de","potentialAction":[{"@type":"ReadAction","target":["https:\/\/typisch-region-hannover.de\/index.php\/sehnde\/sehnder-leben-nr-28-vom-17-07-2021\/"]}]},{"@type":"BreadcrumbList","@id":"https:\/\/typisch-region-hannover.de\/index.php\/sehnde\/sehnder-leben-nr-28-vom-17-07-2021\/#breadcrumb","itemListElement":[{"@type":"ListItem","position":1,"name":"Home","item":"https:\/\/typisch-region-hannover.de\/"},{"@type":"ListItem","position":2,"name":"Sehnde","item":"https:\/\/typisch-region-hannover.de\/index.php\/sehnde\/"},{"@type":"ListItem","position":3,"name":"Sehnder Leben &#8211; Nr.28 vom 17.07.2021"}]},{"@type":"WebSite","@id":"https:\/\/typisch-region-hannover.de\/#website","url":"https:\/\/typisch-region-hannover.de\/","name":"Typisch Region Hannover","description":"Wissenswertes aus unserer Region","potentialAction":[{"@type":"SearchAction","target":{"@type":"EntryPoint","urlTemplate":"https:\/\/typisch-region-hannover.de\/?s={search_term_string}"},"query-input":"required name=search_term_string"}],"inLanguage":"de"}]}},"_links":{"self":[{"href":"https:\/\/typisch-region-hannover.de\/index.php\/wp-json\/wp\/v2\/pages\/19429"}],"collection":[{"href":"https:\/\/typisch-region-hannover.de\/index.php\/wp-json\/wp\/v2\/pages"}],"about":[{"href":"https:\/\/typisch-region-hannover.de\/index.php\/wp-json\/wp\/v2\/types\/page"}],"author":[{"embeddable":true,"href":"https:\/\/typisch-region-hannover.de\/index.php\/wp-json\/wp\/v2\/users\/5"}],"replies":[{"embeddable":true,"href":"https:\/\/typisch-region-hannover.de\/index.php\/wp-json\/wp\/v2\/comments?post=19429"}],"version-history":[{"count":0,"href":"https:\/\/typisch-region-hannover.de\/index.php\/wp-json\/wp\/v2\/pages\/19429\/revisions"}],"up":[{"embeddable":true,"href":"https:\/\/typisch-region-hannover.de\/index.php\/wp-json\/wp\/v2\/pages\/11483"}],"wp:attachment":[{"href":"https:\/\/typisch-region-hannover.de\/index.php\/wp-json\/wp\/v2\/media?parent=19429"}],"curies":[{"name":"wp","href":"https:\/\/api.w.org\/{rel}","templated":true}]}}