{"id":18958,"date":"2021-01-27T23:57:02","date_gmt":"2021-01-27T22:57:02","guid":{"rendered":"https:\/\/typisch-region-hannover.de\/?page_id=18958"},"modified":"2021-01-27T23:59:03","modified_gmt":"2021-01-27T22:59:03","slug":"sehnder-leben-nr-23-vom-28-01-2021","status":"publish","type":"page","link":"https:\/\/typisch-region-hannover.de\/index.php\/sehnde\/sehnder-leben-nr-23-vom-28-01-2021\/","title":{"rendered":"Sehnder Leben &#8211; Nr.23 vom 28.01.2021"},"content":{"rendered":"<div class=\"fusion-title title fusion-title-size-one\" style=\"margin-bottom:10px;\"><h1 class=\"title-heading-left\">Sehnder Leben: Nr. 23 vom 28. Januar 2021<br \/>\n<\/h1><div class=\"title-sep-container\"><div class=\"title-sep sep-double sep-solid\"><\/div><\/div><\/div><p>So langsam sinkt wohl bei fast jedem von uns die Stimmung.<br \/>\nIm Winter sind es ja sonst die gem\u00fctlichen Treffen mit Freunden, fr\u00f6hliche Shoppingtouren<br \/>\nund gen\u00fcssliche Restaurantbesuche, die uns bei Laune halten. Keine Wellness durch Kosmetikstudio<br \/>\noder Friseur &#8211; und in den Fitnessstudios k\u00f6nnen wir uns auch nicht auspowern.<\/p>\n<p>Man kann all diesen Branchen nur zurufen: Ja, wir vermissen Euch!<br \/>\nBesonders gebeutelt sind derzeit Familien mit schulpflichtigen Kindern und die Lehrkr\u00e4fte,<br \/>\ndenn laufend m\u00fcssen sie sich neuen Regelungen anpassen. Zum Am\u00fcsement haben wir darum<br \/>\nmal recherchiert, wie Schule in Sehnde in vergangenen Jahrhunderten stattfand.<br \/>\nVielleicht k\u00f6nnen wir Sie damit ja zum L\u00e4cheln bringen.<\/p>\n<p>Solange das allgemeine Sehnder Leben ruht, bringen wir Ihnen ein wenig \u201eSehnde-Bildung\u201c n\u00e4her<br \/>\n&#8211; in dieser Ausgabe auch mit dem vierten und letzten Teil unserer Stra\u00dfenpaten-Serie.<br \/>\nAch, was freuen wir uns darauf, bald wieder einen doppelseitigen Terminkalender<br \/>\nauf den letzten Magazinseiten ver\u00f6ffentlichen zu k\u00f6nnen. Im M\u00e4rz? Im April?<br \/>\nBis dahin hei\u00dft es &#8211; leider &#8211; noch immer: Durchhalten!<\/p>\n<p>Viel Freude am \u201eSehnder Leben\u201c und gesunde, m\u00f6glichst gut gelaunte Februartage w\u00fcnschen:<br \/>\nBettina Reimann, Redaktion und Katja Wolfram, Mediaberatung<\/p>\n<div class=\"fusion-one-third one_third fusion-layout-column fusion-spacing-yes\" style=\"margin-top:0px;margin-bottom:20px;\"><div class=\"fusion-column-wrapper\"><span class=\"fusion-imageframe imageframe-none imageframe-1 hover-type-zoomin\"><a class=\"fusion-no-lightbox\" href=\"https:\/\/typisch-region-hannover.de\/wp-content\/uploads\/2021\/01\/Sehnderleben23-01.jpg\" target=\"_blank\"> <img src=\"https:\/\/typisch-region-hannover.de\/wp-content\/uploads\/2021\/01\/Sehnderleben23-01.jpg\" alt=\"\" class=\"img-responsive\"\/><\/a><\/span><div class=\"fusion-clearfix\"><\/div><\/div><\/div><div class=\"fusion-one-third one_third fusion-layout-column fusion-spacing-yes\" style=\"margin-top:0px;margin-bottom:20px;\"><div class=\"fusion-column-wrapper\"><span class=\"fusion-imageframe imageframe-none imageframe-2 hover-type-zoomin\"><a class=\"fusion-no-lightbox\" href=\"https:\/\/typisch-region-hannover.de\/wp-content\/uploads\/2021\/01\/Sehnderleben23-02.jpg\" target=\"_blank\"> <img src=\"https:\/\/typisch-region-hannover.de\/wp-content\/uploads\/2021\/01\/Sehnderleben23-02.jpg\" alt=\"\" class=\"img-responsive\"\/><\/a><\/span><div class=\"fusion-clearfix\"><\/div><\/div><\/div><div class=\"fusion-one-third one_third fusion-layout-column fusion-column-last fusion-spacing-yes\" style=\"margin-top:0px;margin-bottom:20px;\"><div class=\"fusion-column-wrapper\"><span class=\"fusion-imageframe imageframe-none imageframe-3 hover-type-zoomin\"><a class=\"fusion-no-lightbox\" href=\"https:\/\/typisch-region-hannover.de\/wp-content\/uploads\/2021\/01\/Sehnderleben23-03.jpg\" target=\"_blank\"> <img src=\"https:\/\/typisch-region-hannover.de\/wp-content\/uploads\/2021\/01\/Sehnderleben23-03.jpg\" alt=\"\" class=\"img-responsive\"\/><\/a><\/span><div class=\"fusion-clearfix\"><\/div><\/div><\/div><div class=\"fusion-clearfix\"><\/div><div class=\"fusion-one-third one_third fusion-layout-column fusion-spacing-yes\" style=\"margin-top:0px;margin-bottom:20px;\"><div class=\"fusion-column-wrapper\"><span class=\"fusion-imageframe imageframe-none imageframe-4 hover-type-zoomin\"><a class=\"fusion-no-lightbox\" href=\"https:\/\/typisch-region-hannover.de\/wp-content\/uploads\/2021\/01\/Sehnderleben23-04.jpg\" target=\"_blank\"> <img src=\"https:\/\/typisch-region-hannover.de\/wp-content\/uploads\/2021\/01\/Sehnderleben23-04.jpg\" alt=\"\" class=\"img-responsive\"\/><\/a><\/span><div class=\"fusion-clearfix\"><\/div><\/div><\/div><div class=\"fusion-one-third one_third fusion-layout-column fusion-spacing-yes\" style=\"margin-top:0px;margin-bottom:20px;\"><div class=\"fusion-column-wrapper\"><span class=\"fusion-imageframe imageframe-none imageframe-5 hover-type-zoomin\"><a class=\"fusion-no-lightbox\" href=\"https:\/\/typisch-region-hannover.de\/wp-content\/uploads\/2021\/01\/Sehnderleben23-05.jpg\" target=\"_blank\"> <img src=\"https:\/\/typisch-region-hannover.de\/wp-content\/uploads\/2021\/01\/Sehnderleben23-05.jpg\" alt=\"\" class=\"img-responsive\"\/><\/a><\/span><div class=\"fusion-clearfix\"><\/div><\/div><\/div><div class=\"fusion-one-third one_third fusion-layout-column fusion-column-last fusion-spacing-yes\" style=\"margin-top:0px;margin-bottom:20px;\"><div class=\"fusion-column-wrapper\"><span class=\"fusion-imageframe imageframe-none imageframe-6 hover-type-zoomin\"><a class=\"fusion-no-lightbox\" href=\"https:\/\/typisch-region-hannover.de\/wp-content\/uploads\/2021\/01\/Sehnderleben23-06-07.jpg\" target=\"_blank\"> <img src=\"https:\/\/typisch-region-hannover.de\/wp-content\/uploads\/2021\/01\/Sehnderleben23-06-07.jpg\" alt=\"\" class=\"img-responsive\"\/><\/a><\/span><div class=\"fusion-clearfix\"><\/div><\/div><\/div><div class=\"fusion-clearfix\"><\/div><div class=\"fusion-one-third one_third fusion-layout-column fusion-spacing-yes\" style=\"margin-top:0px;margin-bottom:20px;\"><div class=\"fusion-column-wrapper\"><span class=\"fusion-imageframe imageframe-none imageframe-7 hover-type-zoomin\"><a class=\"fusion-no-lightbox\" href=\"https:\/\/typisch-region-hannover.de\/wp-content\/uploads\/2021\/01\/Sehnderleben23-08.jpg\" target=\"_blank\"> <img src=\"https:\/\/typisch-region-hannover.de\/wp-content\/uploads\/2021\/01\/Sehnderleben23-08.jpg\" alt=\"\" class=\"img-responsive\"\/><\/a><\/span><div class=\"fusion-clearfix\"><\/div><\/div><\/div><div class=\"fusion-one-third one_third fusion-layout-column fusion-spacing-yes\" style=\"margin-top:0px;margin-bottom:20px;\"><div class=\"fusion-column-wrapper\"><span class=\"fusion-imageframe imageframe-none imageframe-8 hover-type-zoomin\"><a class=\"fusion-no-lightbox\" href=\"https:\/\/typisch-region-hannover.de\/wp-content\/uploads\/2021\/01\/Sehnderleben23-09.jpg\" target=\"_blank\"> <img src=\"https:\/\/typisch-region-hannover.de\/wp-content\/uploads\/2021\/01\/Sehnderleben23-09.jpg\" alt=\"\" class=\"img-responsive\"\/><\/a><\/span><div class=\"fusion-clearfix\"><\/div><\/div><\/div><div class=\"fusion-one-third one_third fusion-layout-column fusion-column-last fusion-spacing-yes\" style=\"margin-top:0px;margin-bottom:20px;\"><div class=\"fusion-column-wrapper\"><span class=\"fusion-imageframe imageframe-none imageframe-9 hover-type-zoomin\"><a class=\"fusion-no-lightbox\" href=\"https:\/\/typisch-region-hannover.de\/wp-content\/uploads\/2021\/01\/Sehnderleben23-10.jpg\" target=\"_blank\"> <img src=\"https:\/\/typisch-region-hannover.de\/wp-content\/uploads\/2021\/01\/Sehnderleben23-10.jpg\" alt=\"\" class=\"img-responsive\"\/><\/a><\/span><div class=\"fusion-clearfix\"><\/div><\/div><\/div><div class=\"fusion-clearfix\"><\/div><div class=\"fusion-one-third one_third fusion-layout-column fusion-spacing-yes\" style=\"margin-top:0px;margin-bottom:20px;\"><div class=\"fusion-column-wrapper\"><span class=\"fusion-imageframe imageframe-none imageframe-10 hover-type-zoomin\"><a class=\"fusion-no-lightbox\" href=\"https:\/\/typisch-region-hannover.de\/wp-content\/uploads\/2021\/01\/Sehnderleben23-11.jpg\" target=\"_blank\"> <img src=\"https:\/\/typisch-region-hannover.de\/wp-content\/uploads\/2021\/01\/Sehnderleben23-11.jpg\" alt=\"\" class=\"img-responsive\"\/><\/a><\/span><div class=\"fusion-clearfix\"><\/div><\/div><\/div><div class=\"fusion-one-third one_third fusion-layout-column fusion-column-last fusion-spacing-yes\" style=\"margin-top:0px;margin-bottom:20px;\"><div class=\"fusion-column-wrapper\"><span class=\"fusion-imageframe imageframe-none imageframe-11 hover-type-zoomin\"><a class=\"fusion-no-lightbox\" href=\"https:\/\/typisch-region-hannover.de\/wp-content\/uploads\/2021\/01\/Sehnderleben23-12.jpg\" target=\"_blank\"> <img src=\"https:\/\/typisch-region-hannover.de\/wp-content\/uploads\/2021\/01\/Sehnderleben23-12.jpg\" alt=\"\" class=\"img-responsive\"\/><\/a><\/span><div class=\"fusion-clearfix\"><\/div><\/div><\/div><div class=\"fusion-clearfix\"><\/div>\n","protected":false},"excerpt":{"rendered":"","protected":false},"author":5,"featured_media":0,"parent":11483,"menu_order":0,"comment_status":"closed","ping_status":"closed","template":"","meta":[],"yoast_head":"<!-- This site is optimized with the Yoast SEO plugin v19.10 - https:\/\/yoast.com\/wordpress\/plugins\/seo\/ -->\n<title>Sehnder Leben - Nr.23 vom 28.01.2021 - Typisch Region Hannover<\/title>\n<meta name=\"robots\" content=\"index, follow, max-snippet:-1, max-image-preview:large, max-video-preview:-1\" \/>\n<link rel=\"canonical\" href=\"https:\/\/typisch-region-hannover.de\/index.php\/sehnde\/sehnder-leben-nr-23-vom-28-01-2021\/\" \/>\n<meta property=\"og:locale\" content=\"de_DE\" \/>\n<meta property=\"og:type\" content=\"article\" \/>\n<meta property=\"og:title\" content=\"Sehnder Leben - Nr.23 vom 28.01.2021 - Typisch Region Hannover\" \/>\n<meta property=\"og:url\" content=\"https:\/\/typisch-region-hannover.de\/index.php\/sehnde\/sehnder-leben-nr-23-vom-28-01-2021\/\" \/>\n<meta property=\"og:site_name\" content=\"Typisch Region Hannover\" \/>\n<meta property=\"article:publisher\" content=\"https:\/\/www.facebook.com\/typischregionhannover\/\" \/>\n<meta property=\"article:modified_time\" content=\"2021-01-27T22:59:03+00:00\" \/>\n<meta property=\"og:image\" content=\"https:\/\/typisch-region-hannover.de\/wp-content\/uploads\/2021\/01\/Sehnderleben23-01.jpg\" \/>\n<meta name=\"twitter:card\" content=\"summary_large_image\" \/>\n<meta name=\"twitter:label1\" content=\"Gesch\u00e4tzte Lesezeit\" \/>\n\t<meta name=\"twitter:data1\" content=\"6\u00a0Minuten\" \/>\n<script type=\"application\/ld+json\" class=\"yoast-schema-graph\">{\"@context\":\"https:\/\/schema.org\",\"@graph\":[{\"@type\":\"WebPage\",\"@id\":\"https:\/\/typisch-region-hannover.de\/index.php\/sehnde\/sehnder-leben-nr-23-vom-28-01-2021\/\",\"url\":\"https:\/\/typisch-region-hannover.de\/index.php\/sehnde\/sehnder-leben-nr-23-vom-28-01-2021\/\",\"name\":\"Sehnder Leben - Nr.23 vom 28.01.2021 - Typisch Region Hannover\",\"isPartOf\":{\"@id\":\"https:\/\/typisch-region-hannover.de\/#website\"},\"datePublished\":\"2021-01-27T22:57:02+00:00\",\"dateModified\":\"2021-01-27T22:59:03+00:00\",\"breadcrumb\":{\"@id\":\"https:\/\/typisch-region-hannover.de\/index.php\/sehnde\/sehnder-leben-nr-23-vom-28-01-2021\/#breadcrumb\"},\"inLanguage\":\"de\",\"potentialAction\":[{\"@type\":\"ReadAction\",\"target\":[\"https:\/\/typisch-region-hannover.de\/index.php\/sehnde\/sehnder-leben-nr-23-vom-28-01-2021\/\"]}]},{\"@type\":\"BreadcrumbList\",\"@id\":\"https:\/\/typisch-region-hannover.de\/index.php\/sehnde\/sehnder-leben-nr-23-vom-28-01-2021\/#breadcrumb\",\"itemListElement\":[{\"@type\":\"ListItem\",\"position\":1,\"name\":\"Home\",\"item\":\"https:\/\/typisch-region-hannover.de\/\"},{\"@type\":\"ListItem\",\"position\":2,\"name\":\"Sehnde\",\"item\":\"https:\/\/typisch-region-hannover.de\/index.php\/sehnde\/\"},{\"@type\":\"ListItem\",\"position\":3,\"name\":\"Sehnder Leben &#8211; Nr.23 vom 28.01.2021\"}]},{\"@type\":\"WebSite\",\"@id\":\"https:\/\/typisch-region-hannover.de\/#website\",\"url\":\"https:\/\/typisch-region-hannover.de\/\",\"name\":\"Typisch Region Hannover\",\"description\":\"Wissenswertes aus unserer Region\",\"potentialAction\":[{\"@type\":\"SearchAction\",\"target\":{\"@type\":\"EntryPoint\",\"urlTemplate\":\"https:\/\/typisch-region-hannover.de\/?s={search_term_string}\"},\"query-input\":\"required name=search_term_string\"}],\"inLanguage\":\"de\"}]}<\/script>\n<!-- \/ Yoast SEO plugin. -->","yoast_head_json":{"title":"Sehnder Leben - Nr.23 vom 28.01.2021 - Typisch Region Hannover","robots":{"index":"index","follow":"follow","max-snippet":"max-snippet:-1","max-image-preview":"max-image-preview:large","max-video-preview":"max-video-preview:-1"},"canonical":"https:\/\/typisch-region-hannover.de\/index.php\/sehnde\/sehnder-leben-nr-23-vom-28-01-2021\/","og_locale":"de_DE","og_type":"article","og_title":"Sehnder Leben - Nr.23 vom 28.01.2021 - Typisch Region Hannover","og_url":"https:\/\/typisch-region-hannover.de\/index.php\/sehnde\/sehnder-leben-nr-23-vom-28-01-2021\/","og_site_name":"Typisch Region Hannover","article_publisher":"https:\/\/www.facebook.com\/typischregionhannover\/","article_modified_time":"2021-01-27T22:59:03+00:00","og_image":[{"url":"https:\/\/typisch-region-hannover.de\/wp-content\/uploads\/2021\/01\/Sehnderleben23-01.jpg"}],"twitter_card":"summary_large_image","twitter_misc":{"Gesch\u00e4tzte Lesezeit":"6\u00a0Minuten"},"schema":{"@context":"https:\/\/schema.org","@graph":[{"@type":"WebPage","@id":"https:\/\/typisch-region-hannover.de\/index.php\/sehnde\/sehnder-leben-nr-23-vom-28-01-2021\/","url":"https:\/\/typisch-region-hannover.de\/index.php\/sehnde\/sehnder-leben-nr-23-vom-28-01-2021\/","name":"Sehnder Leben - Nr.23 vom 28.01.2021 - Typisch Region Hannover","isPartOf":{"@id":"https:\/\/typisch-region-hannover.de\/#website"},"datePublished":"2021-01-27T22:57:02+00:00","dateModified":"2021-01-27T22:59:03+00:00","breadcrumb":{"@id":"https:\/\/typisch-region-hannover.de\/index.php\/sehnde\/sehnder-leben-nr-23-vom-28-01-2021\/#breadcrumb"},"inLanguage":"de","potentialAction":[{"@type":"ReadAction","target":["https:\/\/typisch-region-hannover.de\/index.php\/sehnde\/sehnder-leben-nr-23-vom-28-01-2021\/"]}]},{"@type":"BreadcrumbList","@id":"https:\/\/typisch-region-hannover.de\/index.php\/sehnde\/sehnder-leben-nr-23-vom-28-01-2021\/#breadcrumb","itemListElement":[{"@type":"ListItem","position":1,"name":"Home","item":"https:\/\/typisch-region-hannover.de\/"},{"@type":"ListItem","position":2,"name":"Sehnde","item":"https:\/\/typisch-region-hannover.de\/index.php\/sehnde\/"},{"@type":"ListItem","position":3,"name":"Sehnder Leben &#8211; Nr.23 vom 28.01.2021"}]},{"@type":"WebSite","@id":"https:\/\/typisch-region-hannover.de\/#website","url":"https:\/\/typisch-region-hannover.de\/","name":"Typisch Region Hannover","description":"Wissenswertes aus unserer Region","potentialAction":[{"@type":"SearchAction","target":{"@type":"EntryPoint","urlTemplate":"https:\/\/typisch-region-hannover.de\/?s={search_term_string}"},"query-input":"required name=search_term_string"}],"inLanguage":"de"}]}},"_links":{"self":[{"href":"https:\/\/typisch-region-hannover.de\/index.php\/wp-json\/wp\/v2\/pages\/18958"}],"collection":[{"href":"https:\/\/typisch-region-hannover.de\/index.php\/wp-json\/wp\/v2\/pages"}],"about":[{"href":"https:\/\/typisch-region-hannover.de\/index.php\/wp-json\/wp\/v2\/types\/page"}],"author":[{"embeddable":true,"href":"https:\/\/typisch-region-hannover.de\/index.php\/wp-json\/wp\/v2\/users\/5"}],"replies":[{"embeddable":true,"href":"https:\/\/typisch-region-hannover.de\/index.php\/wp-json\/wp\/v2\/comments?post=18958"}],"version-history":[{"count":0,"href":"https:\/\/typisch-region-hannover.de\/index.php\/wp-json\/wp\/v2\/pages\/18958\/revisions"}],"up":[{"embeddable":true,"href":"https:\/\/typisch-region-hannover.de\/index.php\/wp-json\/wp\/v2\/pages\/11483"}],"wp:attachment":[{"href":"https:\/\/typisch-region-hannover.de\/index.php\/wp-json\/wp\/v2\/media?parent=18958"}],"curies":[{"name":"wp","href":"https:\/\/api.w.org\/{rel}","templated":true}]}}