{"id":18562,"date":"2020-08-03T13:15:27","date_gmt":"2020-08-03T11:15:27","guid":{"rendered":"https:\/\/typisch-region-hannover.de\/?page_id=18562"},"modified":"2020-08-03T13:15:27","modified_gmt":"2020-08-03T11:15:27","slug":"lister-leben-nr-1-vom-10-07-2020","status":"publish","type":"page","link":"https:\/\/typisch-region-hannover.de\/index.php\/list\/lister-leben-nr-1-vom-10-07-2020\/","title":{"rendered":"Lister Leben Nr. 1 vom 10.07.2020"},"content":{"rendered":"<div class=\"fusion-title title fusion-title-size-one\" style=\"margin-bottom:10px;\"><h1 class=\"title-heading-left\">Lister Leben: Nr. 1 vom 10. 7.2020<\/h1><div class=\"title-sep-container\"><div class=\"title-sep sep-double sep-solid\"><\/div><\/div><\/div><p>Was ist es, das f\u00fcr Sie pers\u00f6nlich den besonderen Charm der List ausmacht? Sind es die alten Villen,<br \/>\ndie dem Stadtteilkern ehrw\u00fcrdigen Charme verleihen? M\u00f6gen Sie das ruhige Wohnen, das hier,<br \/>\nmitten in der Stadt, m\u00f6glich ist, wenn abends das rege Stadtleben einer angenehmen Ruhe weicht,<br \/>\nin der man auf dem Balkon noch ein Glas Wein genie\u00dft? Sch\u00e4tzen Sie die N\u00e4he zum Kanal, an dem<br \/>\nentlang man stadtausw\u00e4rts radeln kann, bis die Stadt\u00a0 vom Land abgel\u00f6st wird?<\/p>\n<p>Es gibt so vieles, das die List zu einem besonderen Ort innerhalb Hannovers macht. Wir haben uns<br \/>\nin diesem Magazin auf die Suche nach dem Besonderen gemacht, haben Fakten und Bilder, Originelles<br \/>\nund Historisches f\u00fcr Sie zusammengestellt. Wir zeigen Ihnen gelungene Graffitis und alte Gem\u00e4uer,<br \/>\npl\u00e4tscherndes Wasser und moderne Architektur &#8211; eben alles, was die List zu Ihrem Heimatstadtteil formt.<\/p>\n<p>Dazu geh\u00f6ren, ganz klar, die vielen sch\u00f6nen L\u00e4den, die inhabergef\u00fchrten Unternehmen, mit deren<br \/>\nEngagement der Stadtteil so besonders belebt erscheint. Wenn anderswo von Ver\u00f6dung der Ortskerne<br \/>\ngesprochen wird oder Sorge herrscht, dass ganze Ladenzeilen leerstehen, dann kann die Lister Bev\u00f6lkerung<br \/>\nnur stolz abwinken. Hier ist es nicht so und gerade jetzt, nach der Zeit der coronabedingten Schlie\u00dfungen,<br \/>\nsind die Menschen froh, dass die Ladent\u00fcren wieder offenstehen.<\/p>\n<p>Auf der Lister Meile und in ihren Nebenstra\u00dfen bis hin in die Oststadt &#8211; aber auch \u00fcberall im \u201eKiez\u201c trifft man<br \/>\nauf besondere Fachgesch\u00e4fte, exzellente Fachbetriebe f\u00fcr Gesundheit und Wellness und engagierte Dienstleister,<br \/>\nderen Gesch\u00e4fte das Stadtteilbild beleben.<br \/>\nBegleiten Sie uns im neuen \u201eLister Leben\u201c also durch einen lebensfrohen und vielseitigen Stadtteil und lernen Sie<br \/>\nneben vielen Besonderheiten auch die lokalen Unternehmen kennen, die sich freuen, nach einer Durststrecke wieder<br \/>\nvoll f\u00fcr Sie da zu sein.<br \/>\nViel Spa\u00df dabei w\u00fcnscht Bettina Reimann, Redaktion.<\/p>\n<div class=\"fusion-one-third one_third fusion-layout-column fusion-column-last fusion-spacing-yes\" style=\"margin-top:0px;margin-bottom:20px;\"><div class=\"fusion-column-wrapper\"><span class=\"fusion-imageframe imageframe-none imageframe-1 hover-type-zoomin\"><a class=\"fusion-no-lightbox\" href=\"https:\/\/typisch-region-hannover.de\/wp-content\/uploads\/2020\/08\/Lister-Leben-01.pdf\" target=\"_blank\"> <img src=\"https:\/\/typisch-region-hannover.de\/wp-content\/uploads\/2020\/08\/Listerleben01-01.jpg\" alt=\"Lister Leben\" class=\"img-responsive\"\/><\/a><\/span><div class=\"fusion-clearfix\"><\/div><\/div><\/div><div class=\"fusion-clearfix\"><\/div>\n","protected":false},"excerpt":{"rendered":"","protected":false},"author":5,"featured_media":0,"parent":13893,"menu_order":0,"comment_status":"closed","ping_status":"closed","template":"","meta":[],"yoast_head":"<!-- This site is optimized with the Yoast SEO plugin v19.10 - https:\/\/yoast.com\/wordpress\/plugins\/seo\/ -->\n<title>Lister Leben Nr. 1 vom 10.07.2020 - Typisch Region Hannover<\/title>\n<meta name=\"robots\" content=\"index, follow, max-snippet:-1, max-image-preview:large, max-video-preview:-1\" \/>\n<link rel=\"canonical\" href=\"https:\/\/typisch-region-hannover.de\/index.php\/list\/lister-leben-nr-1-vom-10-07-2020\/\" \/>\n<meta property=\"og:locale\" content=\"de_DE\" \/>\n<meta property=\"og:type\" content=\"article\" \/>\n<meta property=\"og:title\" content=\"Lister Leben Nr. 1 vom 10.07.2020 - Typisch Region Hannover\" \/>\n<meta property=\"og:url\" content=\"https:\/\/typisch-region-hannover.de\/index.php\/list\/lister-leben-nr-1-vom-10-07-2020\/\" \/>\n<meta property=\"og:site_name\" content=\"Typisch Region Hannover\" \/>\n<meta property=\"article:publisher\" content=\"https:\/\/www.facebook.com\/typischregionhannover\/\" \/>\n<meta property=\"og:image\" content=\"https:\/\/typisch-region-hannover.de\/wp-content\/uploads\/2020\/08\/Listerleben01-01.jpg\" \/>\n<meta name=\"twitter:card\" content=\"summary_large_image\" \/>\n<meta name=\"twitter:label1\" content=\"Gesch\u00e4tzte Lesezeit\" \/>\n\t<meta name=\"twitter:data1\" content=\"2\u00a0Minuten\" \/>\n<script type=\"application\/ld+json\" class=\"yoast-schema-graph\">{\"@context\":\"https:\/\/schema.org\",\"@graph\":[{\"@type\":\"WebPage\",\"@id\":\"https:\/\/typisch-region-hannover.de\/index.php\/list\/lister-leben-nr-1-vom-10-07-2020\/\",\"url\":\"https:\/\/typisch-region-hannover.de\/index.php\/list\/lister-leben-nr-1-vom-10-07-2020\/\",\"name\":\"Lister Leben Nr. 1 vom 10.07.2020 - Typisch Region Hannover\",\"isPartOf\":{\"@id\":\"https:\/\/typisch-region-hannover.de\/#website\"},\"datePublished\":\"2020-08-03T11:15:27+00:00\",\"dateModified\":\"2020-08-03T11:15:27+00:00\",\"breadcrumb\":{\"@id\":\"https:\/\/typisch-region-hannover.de\/index.php\/list\/lister-leben-nr-1-vom-10-07-2020\/#breadcrumb\"},\"inLanguage\":\"de\",\"potentialAction\":[{\"@type\":\"ReadAction\",\"target\":[\"https:\/\/typisch-region-hannover.de\/index.php\/list\/lister-leben-nr-1-vom-10-07-2020\/\"]}]},{\"@type\":\"BreadcrumbList\",\"@id\":\"https:\/\/typisch-region-hannover.de\/index.php\/list\/lister-leben-nr-1-vom-10-07-2020\/#breadcrumb\",\"itemListElement\":[{\"@type\":\"ListItem\",\"position\":1,\"name\":\"Home\",\"item\":\"https:\/\/typisch-region-hannover.de\/\"},{\"@type\":\"ListItem\",\"position\":2,\"name\":\"List\",\"item\":\"https:\/\/typisch-region-hannover.de\/index.php\/list\/\"},{\"@type\":\"ListItem\",\"position\":3,\"name\":\"Lister Leben Nr. 1 vom 10.07.2020\"}]},{\"@type\":\"WebSite\",\"@id\":\"https:\/\/typisch-region-hannover.de\/#website\",\"url\":\"https:\/\/typisch-region-hannover.de\/\",\"name\":\"Typisch Region Hannover\",\"description\":\"Wissenswertes aus unserer Region\",\"potentialAction\":[{\"@type\":\"SearchAction\",\"target\":{\"@type\":\"EntryPoint\",\"urlTemplate\":\"https:\/\/typisch-region-hannover.de\/?s={search_term_string}\"},\"query-input\":\"required name=search_term_string\"}],\"inLanguage\":\"de\"}]}<\/script>\n<!-- \/ Yoast SEO plugin. -->","yoast_head_json":{"title":"Lister Leben Nr. 1 vom 10.07.2020 - Typisch Region Hannover","robots":{"index":"index","follow":"follow","max-snippet":"max-snippet:-1","max-image-preview":"max-image-preview:large","max-video-preview":"max-video-preview:-1"},"canonical":"https:\/\/typisch-region-hannover.de\/index.php\/list\/lister-leben-nr-1-vom-10-07-2020\/","og_locale":"de_DE","og_type":"article","og_title":"Lister Leben Nr. 1 vom 10.07.2020 - Typisch Region Hannover","og_url":"https:\/\/typisch-region-hannover.de\/index.php\/list\/lister-leben-nr-1-vom-10-07-2020\/","og_site_name":"Typisch Region Hannover","article_publisher":"https:\/\/www.facebook.com\/typischregionhannover\/","og_image":[{"url":"https:\/\/typisch-region-hannover.de\/wp-content\/uploads\/2020\/08\/Listerleben01-01.jpg"}],"twitter_card":"summary_large_image","twitter_misc":{"Gesch\u00e4tzte Lesezeit":"2\u00a0Minuten"},"schema":{"@context":"https:\/\/schema.org","@graph":[{"@type":"WebPage","@id":"https:\/\/typisch-region-hannover.de\/index.php\/list\/lister-leben-nr-1-vom-10-07-2020\/","url":"https:\/\/typisch-region-hannover.de\/index.php\/list\/lister-leben-nr-1-vom-10-07-2020\/","name":"Lister Leben Nr. 1 vom 10.07.2020 - Typisch Region Hannover","isPartOf":{"@id":"https:\/\/typisch-region-hannover.de\/#website"},"datePublished":"2020-08-03T11:15:27+00:00","dateModified":"2020-08-03T11:15:27+00:00","breadcrumb":{"@id":"https:\/\/typisch-region-hannover.de\/index.php\/list\/lister-leben-nr-1-vom-10-07-2020\/#breadcrumb"},"inLanguage":"de","potentialAction":[{"@type":"ReadAction","target":["https:\/\/typisch-region-hannover.de\/index.php\/list\/lister-leben-nr-1-vom-10-07-2020\/"]}]},{"@type":"BreadcrumbList","@id":"https:\/\/typisch-region-hannover.de\/index.php\/list\/lister-leben-nr-1-vom-10-07-2020\/#breadcrumb","itemListElement":[{"@type":"ListItem","position":1,"name":"Home","item":"https:\/\/typisch-region-hannover.de\/"},{"@type":"ListItem","position":2,"name":"List","item":"https:\/\/typisch-region-hannover.de\/index.php\/list\/"},{"@type":"ListItem","position":3,"name":"Lister Leben Nr. 1 vom 10.07.2020"}]},{"@type":"WebSite","@id":"https:\/\/typisch-region-hannover.de\/#website","url":"https:\/\/typisch-region-hannover.de\/","name":"Typisch Region Hannover","description":"Wissenswertes aus unserer Region","potentialAction":[{"@type":"SearchAction","target":{"@type":"EntryPoint","urlTemplate":"https:\/\/typisch-region-hannover.de\/?s={search_term_string}"},"query-input":"required name=search_term_string"}],"inLanguage":"de"}]}},"_links":{"self":[{"href":"https:\/\/typisch-region-hannover.de\/index.php\/wp-json\/wp\/v2\/pages\/18562"}],"collection":[{"href":"https:\/\/typisch-region-hannover.de\/index.php\/wp-json\/wp\/v2\/pages"}],"about":[{"href":"https:\/\/typisch-region-hannover.de\/index.php\/wp-json\/wp\/v2\/types\/page"}],"author":[{"embeddable":true,"href":"https:\/\/typisch-region-hannover.de\/index.php\/wp-json\/wp\/v2\/users\/5"}],"replies":[{"embeddable":true,"href":"https:\/\/typisch-region-hannover.de\/index.php\/wp-json\/wp\/v2\/comments?post=18562"}],"version-history":[{"count":0,"href":"https:\/\/typisch-region-hannover.de\/index.php\/wp-json\/wp\/v2\/pages\/18562\/revisions"}],"up":[{"embeddable":true,"href":"https:\/\/typisch-region-hannover.de\/index.php\/wp-json\/wp\/v2\/pages\/13893"}],"wp:attachment":[{"href":"https:\/\/typisch-region-hannover.de\/index.php\/wp-json\/wp\/v2\/media?parent=18562"}],"curies":[{"name":"wp","href":"https:\/\/api.w.org\/{rel}","templated":true}]}}