{"id":18546,"date":"2020-08-02T22:42:08","date_gmt":"2020-08-02T20:42:08","guid":{"rendered":"https:\/\/typisch-region-hannover.de\/?page_id=18546"},"modified":"2020-08-02T22:49:25","modified_gmt":"2020-08-02T20:49:25","slug":"typisch-langenhagen-20-vom-17-07-2020","status":"publish","type":"page","link":"https:\/\/typisch-region-hannover.de\/index.php\/langenhagen\/typisch-langenhagen-20-vom-17-07-2020\/","title":{"rendered":"Typisch Langenhagen 20 vom 17.07.2020"},"content":{"rendered":"<div class=\"fusion-title title fusion-title-size-one\" style=\"margin-bottom:10px;\"><h1 class=\"title-heading-left\">Typisch Langenhagen: Nr. 20 vom 17.07.2020<\/h1><div class=\"title-sep-container\"><div class=\"title-sep sep-double sep-solid\"><\/div><\/div><\/div><p><strong>Wie kleine und mittlere Betriebe <\/strong><strong>der Stadt mit ihrem Engagement zu Erfolg verhelfen<\/strong><br \/>\nEs war in den letzten Monaten in aller Munde: \u201eBuy local\u201c &#8211; unterst\u00fctzt den lokalen Handel, die lokalen Dienstleister!<br \/>\nDoch die wichtigen Gr\u00fcnde, warum die kleinen und mittleren Unternehmen eine entscheidende St\u00fctze des st\u00e4dtischen<br \/>\nLebens sind, wurden zumeist nicht genannt.<br \/>\n\u201eBuy local\u201c ist mehr als eine gewisse Lokalromantik, ist mehr als das Verhindern von Leerst\u00e4nden, durch die<br \/>\nEinkaufsstra\u00dfen und Zentren ver\u00f6det wirken. SIE machen mit ihrem Auftrag, Ihrem Einkauf wirklich einen Unterschied,<br \/>\nwenn es darum geht, ob das st\u00e4dtische Gemeinwesen auch in Zukunft gut funktioniert.<\/p>\n<p>Mit f\u00fcnf S\u00e4ulen tragen die Inhaber und Inhaberinnen kleiner und mittlerer Unternehmen zum Stadtleben bei und<br \/>\nsind in ihrer Gesamtheit systemrelevant. Kleine und mittlere Unternehmen stellen eine F\u00fclle hochwertiger,<br \/>\nzwischenmenschlich wertvoller Arbeitspl\u00e4tze zur Verf\u00fcgung und bilden in gro\u00dfer Zahl den Nachwuchs aus, damit<br \/>\ndie kommende Generation der Berufst\u00e4tigen einen guten Start in das Arbeitsleben bekommt. Kleine und mittlere<br \/>\nUnternehmen zahlen ihre Steuern vor Ort &#8211; und das gilt f\u00fcr den wichtigen Teil der Gewerbesteuer ebenso wie f\u00fcr<br \/>\nden st\u00e4dtischen Anteil an der Einkommensteuer.<\/p>\n<p>Nicht zuletzt ist das Vereinsleben in vielfacher Hinsicht auf die Unterst\u00fctzung aus den Unternehmen angewiesen.<br \/>\nWir zeigen Ihnen in dieser besonderen Ausgabe von \u201eTypisch Langenhagen\u201c Beispiele, die deutlich machen, was<br \/>\nUnternehmen f\u00fcr das Gemeinwesen tun. Sie werden schnell merken, dass SIE es sind, die mit Ihrem Einkauf und<br \/>\nIhrem Auftrag dadurch ebenfalls zu einer starken Stadt beitragen.<\/p>\n<p>Viel Interesse beim Lesen unserer aufschlussreichen Geschichten w\u00fcnschen:<br \/>\nBettina Reimann, Redaktion, Andrea Radloff, Mediaberatung<\/p>\n<div class=\"fusion-one-third one_third fusion-layout-column fusion-column-last fusion-spacing-yes\" style=\"margin-top:0px;margin-bottom:20px;\"><div class=\"fusion-column-wrapper\"><span class=\"fusion-imageframe imageframe-none imageframe-1 hover-type-zoomin\"><a class=\"fusion-no-lightbox\" href=\"https:\/\/typisch-region-hannover.de\/wp-content\/uploads\/2020\/08\/Typisch-Langenhagen-20.pdf\" target=\"_blank\"> <img src=\"https:\/\/typisch-region-hannover.de\/wp-content\/uploads\/2020\/08\/Typisch-Langenhagen-20-pdf.jpg\" alt=\"Titelseite Typisch Langenhagen\" class=\"img-responsive\"\/><\/a><\/span><div class=\"fusion-clearfix\"><\/div><\/div><\/div><div class=\"fusion-clearfix\"><\/div>\n","protected":false},"excerpt":{"rendered":"","protected":false},"author":5,"featured_media":0,"parent":11491,"menu_order":0,"comment_status":"closed","ping_status":"closed","template":"","meta":[],"yoast_head":"<!-- This site is optimized with the Yoast SEO plugin v19.10 - https:\/\/yoast.com\/wordpress\/plugins\/seo\/ -->\n<title>Typisch Langenhagen 20 vom 17.07.2020 - Typisch Region Hannover<\/title>\n<meta name=\"robots\" content=\"index, follow, max-snippet:-1, max-image-preview:large, max-video-preview:-1\" \/>\n<link rel=\"canonical\" href=\"https:\/\/typisch-region-hannover.de\/index.php\/langenhagen\/typisch-langenhagen-20-vom-17-07-2020\/\" \/>\n<meta property=\"og:locale\" content=\"de_DE\" \/>\n<meta property=\"og:type\" content=\"article\" \/>\n<meta property=\"og:title\" content=\"Typisch Langenhagen 20 vom 17.07.2020 - Typisch Region Hannover\" \/>\n<meta property=\"og:url\" content=\"https:\/\/typisch-region-hannover.de\/index.php\/langenhagen\/typisch-langenhagen-20-vom-17-07-2020\/\" \/>\n<meta property=\"og:site_name\" content=\"Typisch Region Hannover\" \/>\n<meta property=\"article:publisher\" content=\"https:\/\/www.facebook.com\/typischregionhannover\/\" \/>\n<meta property=\"article:modified_time\" content=\"2020-08-02T20:49:25+00:00\" \/>\n<meta property=\"og:image\" content=\"https:\/\/typisch-region-hannover.de\/wp-content\/uploads\/2020\/08\/Typisch-Langenhagen-20-pdf.jpg\" \/>\n<meta name=\"twitter:card\" content=\"summary_large_image\" \/>\n<meta name=\"twitter:label1\" content=\"Gesch\u00e4tzte Lesezeit\" \/>\n\t<meta name=\"twitter:data1\" content=\"2\u00a0Minuten\" \/>\n<script type=\"application\/ld+json\" class=\"yoast-schema-graph\">{\"@context\":\"https:\/\/schema.org\",\"@graph\":[{\"@type\":\"WebPage\",\"@id\":\"https:\/\/typisch-region-hannover.de\/index.php\/langenhagen\/typisch-langenhagen-20-vom-17-07-2020\/\",\"url\":\"https:\/\/typisch-region-hannover.de\/index.php\/langenhagen\/typisch-langenhagen-20-vom-17-07-2020\/\",\"name\":\"Typisch Langenhagen 20 vom 17.07.2020 - Typisch Region Hannover\",\"isPartOf\":{\"@id\":\"https:\/\/typisch-region-hannover.de\/#website\"},\"datePublished\":\"2020-08-02T20:42:08+00:00\",\"dateModified\":\"2020-08-02T20:49:25+00:00\",\"breadcrumb\":{\"@id\":\"https:\/\/typisch-region-hannover.de\/index.php\/langenhagen\/typisch-langenhagen-20-vom-17-07-2020\/#breadcrumb\"},\"inLanguage\":\"de\",\"potentialAction\":[{\"@type\":\"ReadAction\",\"target\":[\"https:\/\/typisch-region-hannover.de\/index.php\/langenhagen\/typisch-langenhagen-20-vom-17-07-2020\/\"]}]},{\"@type\":\"BreadcrumbList\",\"@id\":\"https:\/\/typisch-region-hannover.de\/index.php\/langenhagen\/typisch-langenhagen-20-vom-17-07-2020\/#breadcrumb\",\"itemListElement\":[{\"@type\":\"ListItem\",\"position\":1,\"name\":\"Home\",\"item\":\"https:\/\/typisch-region-hannover.de\/\"},{\"@type\":\"ListItem\",\"position\":2,\"name\":\"Langenhagen\",\"item\":\"https:\/\/typisch-region-hannover.de\/index.php\/langenhagen\/\"},{\"@type\":\"ListItem\",\"position\":3,\"name\":\"Typisch Langenhagen 20 vom 17.07.2020\"}]},{\"@type\":\"WebSite\",\"@id\":\"https:\/\/typisch-region-hannover.de\/#website\",\"url\":\"https:\/\/typisch-region-hannover.de\/\",\"name\":\"Typisch Region Hannover\",\"description\":\"Wissenswertes aus unserer Region\",\"potentialAction\":[{\"@type\":\"SearchAction\",\"target\":{\"@type\":\"EntryPoint\",\"urlTemplate\":\"https:\/\/typisch-region-hannover.de\/?s={search_term_string}\"},\"query-input\":\"required name=search_term_string\"}],\"inLanguage\":\"de\"}]}<\/script>\n<!-- \/ Yoast SEO plugin. -->","yoast_head_json":{"title":"Typisch Langenhagen 20 vom 17.07.2020 - Typisch Region Hannover","robots":{"index":"index","follow":"follow","max-snippet":"max-snippet:-1","max-image-preview":"max-image-preview:large","max-video-preview":"max-video-preview:-1"},"canonical":"https:\/\/typisch-region-hannover.de\/index.php\/langenhagen\/typisch-langenhagen-20-vom-17-07-2020\/","og_locale":"de_DE","og_type":"article","og_title":"Typisch Langenhagen 20 vom 17.07.2020 - Typisch Region Hannover","og_url":"https:\/\/typisch-region-hannover.de\/index.php\/langenhagen\/typisch-langenhagen-20-vom-17-07-2020\/","og_site_name":"Typisch Region Hannover","article_publisher":"https:\/\/www.facebook.com\/typischregionhannover\/","article_modified_time":"2020-08-02T20:49:25+00:00","og_image":[{"url":"https:\/\/typisch-region-hannover.de\/wp-content\/uploads\/2020\/08\/Typisch-Langenhagen-20-pdf.jpg"}],"twitter_card":"summary_large_image","twitter_misc":{"Gesch\u00e4tzte Lesezeit":"2\u00a0Minuten"},"schema":{"@context":"https:\/\/schema.org","@graph":[{"@type":"WebPage","@id":"https:\/\/typisch-region-hannover.de\/index.php\/langenhagen\/typisch-langenhagen-20-vom-17-07-2020\/","url":"https:\/\/typisch-region-hannover.de\/index.php\/langenhagen\/typisch-langenhagen-20-vom-17-07-2020\/","name":"Typisch Langenhagen 20 vom 17.07.2020 - Typisch Region Hannover","isPartOf":{"@id":"https:\/\/typisch-region-hannover.de\/#website"},"datePublished":"2020-08-02T20:42:08+00:00","dateModified":"2020-08-02T20:49:25+00:00","breadcrumb":{"@id":"https:\/\/typisch-region-hannover.de\/index.php\/langenhagen\/typisch-langenhagen-20-vom-17-07-2020\/#breadcrumb"},"inLanguage":"de","potentialAction":[{"@type":"ReadAction","target":["https:\/\/typisch-region-hannover.de\/index.php\/langenhagen\/typisch-langenhagen-20-vom-17-07-2020\/"]}]},{"@type":"BreadcrumbList","@id":"https:\/\/typisch-region-hannover.de\/index.php\/langenhagen\/typisch-langenhagen-20-vom-17-07-2020\/#breadcrumb","itemListElement":[{"@type":"ListItem","position":1,"name":"Home","item":"https:\/\/typisch-region-hannover.de\/"},{"@type":"ListItem","position":2,"name":"Langenhagen","item":"https:\/\/typisch-region-hannover.de\/index.php\/langenhagen\/"},{"@type":"ListItem","position":3,"name":"Typisch Langenhagen 20 vom 17.07.2020"}]},{"@type":"WebSite","@id":"https:\/\/typisch-region-hannover.de\/#website","url":"https:\/\/typisch-region-hannover.de\/","name":"Typisch Region Hannover","description":"Wissenswertes aus unserer Region","potentialAction":[{"@type":"SearchAction","target":{"@type":"EntryPoint","urlTemplate":"https:\/\/typisch-region-hannover.de\/?s={search_term_string}"},"query-input":"required name=search_term_string"}],"inLanguage":"de"}]}},"_links":{"self":[{"href":"https:\/\/typisch-region-hannover.de\/index.php\/wp-json\/wp\/v2\/pages\/18546"}],"collection":[{"href":"https:\/\/typisch-region-hannover.de\/index.php\/wp-json\/wp\/v2\/pages"}],"about":[{"href":"https:\/\/typisch-region-hannover.de\/index.php\/wp-json\/wp\/v2\/types\/page"}],"author":[{"embeddable":true,"href":"https:\/\/typisch-region-hannover.de\/index.php\/wp-json\/wp\/v2\/users\/5"}],"replies":[{"embeddable":true,"href":"https:\/\/typisch-region-hannover.de\/index.php\/wp-json\/wp\/v2\/comments?post=18546"}],"version-history":[{"count":0,"href":"https:\/\/typisch-region-hannover.de\/index.php\/wp-json\/wp\/v2\/pages\/18546\/revisions"}],"up":[{"embeddable":true,"href":"https:\/\/typisch-region-hannover.de\/index.php\/wp-json\/wp\/v2\/pages\/11491"}],"wp:attachment":[{"href":"https:\/\/typisch-region-hannover.de\/index.php\/wp-json\/wp\/v2\/media?parent=18546"}],"curies":[{"name":"wp","href":"https:\/\/api.w.org\/{rel}","templated":true}]}}