{"id":18257,"date":"2020-03-27T00:52:44","date_gmt":"2020-03-26T23:52:44","guid":{"rendered":"https:\/\/typisch-region-hannover.de\/?page_id=18257"},"modified":"2020-03-27T00:59:17","modified_gmt":"2020-03-26T23:59:17","slug":"sehnder-leben-nr-13-vom-27-03-2020","status":"publish","type":"page","link":"https:\/\/typisch-region-hannover.de\/index.php\/sehnde\/sehnder-leben-nr-13-vom-27-03-2020\/","title":{"rendered":"Sehnder Leben &#8211; Nr.13 vom 27.03.2020"},"content":{"rendered":"<div class=\"fusion-title title fusion-title-size-one\" style=\"margin-bottom:10px;\"><h1 class=\"title-heading-left\">Sehnder Leben: Nr. 13 vom 27. M\u00e4rz 2020<\/h1><div class=\"title-sep-container\"><div class=\"title-sep sep-double sep-solid\"><\/div><\/div><\/div><p>Ja, wir hatten uns diese Ausgabe ganz anders vorgestellt &#8211;<br \/>\nvoller Sehnder Fr\u00fchlingsleben &#8211; mit all den sch\u00f6nen Eventank\u00fcndigungen f\u00fcr Wochen<br \/>\nvoller Spa\u00df und Gemeinschaft. Wie soll man ein \u201eGute-Laune-Magazin\u201c machen in Zeiten<br \/>\nwie diesen? Es f\u00e4llt schwer.<br \/>\nVielleicht haben Sie aber gerade jetzt, im Homeoffice oder in der Kurzarbeit besonders viel<br \/>\nZeit und darum haben wir uns ein Schwerpunktthema gesucht, das sich mit Sehndes Entwicklung<br \/>\nbefasst: Wenn wir das Leben heute mit dem vor 20 Jahren, zur Jahrtausendwende, vergleichen &#8211;<br \/>\nda ist doch (au\u00dfer in Sonderf\u00e4llen wie derzeit) nicht viel anders, oder?<br \/>\nDoch! Unser Vergleiche 2000 mit 2020 zeigt: Die Digitalisierung hat unser Leben stark ver\u00e4ndert &#8211;<br \/>\nund Sehnde hat richtige Entwicklungsspr\u00fcnge gemacht.<\/p>\n<p>Wir zeigen Ihnen, wo Sie online viel \u00fcber Sehnde erfahren k\u00f6nnen, wenn Sie die erzwungen<br \/>\nzur\u00fcckgezogene Zeit nutzen m\u00f6chten, um etwas \u00fcber Ihre Heimatstadt zu erfahren. Vielleicht<br \/>\nsteigen Se ja sogar in die Ahnenforschung mithilfe von Sehnder Kirchenb\u00fcchern ein?<\/p>\n<p>Ostern 2020 &#8211; es wird uns als etwas Besonderes in Erinnerung bleiben.<br \/>\nK\u00f6nnen es \u201efrohe Ostern\u201c sein, ohne all unsere Lieben zu treffen? Wir m\u00fcssen das Beste daraus machen&#8230;.<br \/>\nHeute w\u00fcnschen wir Ihnen nur eins: Bleiben Sie gesund!<br \/>\nBettina Reimann, Redaktion und Katja Wolfram, Mediaberatung<\/p>\n<div class=\"fusion-one-third one_third fusion-layout-column fusion-spacing-yes\" style=\"margin-top:0px;margin-bottom:20px;\"><div class=\"fusion-column-wrapper\"><span class=\"fusion-imageframe imageframe-none imageframe-1 hover-type-zoomin\"><a class=\"fusion-no-lightbox\" href=\"https:\/\/typisch-region-hannover.de\/wp-content\/uploads\/2020\/03\/Sehnderleben13-01.jpg\" target=\"_blank\"> <img src=\"https:\/\/typisch-region-hannover.de\/wp-content\/uploads\/2020\/03\/Sehnderleben13-01.jpg\" alt=\"\" class=\"img-responsive\"\/><\/a><\/span><div class=\"fusion-clearfix\"><\/div><\/div><\/div><div class=\"fusion-one-third one_third fusion-layout-column fusion-spacing-yes\" style=\"margin-top:0px;margin-bottom:20px;\"><div class=\"fusion-column-wrapper\"><span class=\"fusion-imageframe imageframe-none imageframe-2 hover-type-zoomin\"><a class=\"fusion-no-lightbox\" href=\"https:\/\/typisch-region-hannover.de\/wp-content\/uploads\/2020\/03\/Sehnderleben13-02.jpg\" target=\"_blank\"> <img src=\"https:\/\/typisch-region-hannover.de\/wp-content\/uploads\/2020\/03\/Sehnderleben13-02.jpg\" alt=\"\" class=\"img-responsive\"\/><\/a><\/span><div class=\"fusion-clearfix\"><\/div><\/div><\/div><div class=\"fusion-one-third one_third fusion-layout-column fusion-column-last fusion-spacing-yes\" style=\"margin-top:0px;margin-bottom:20px;\"><div class=\"fusion-column-wrapper\"><span class=\"fusion-imageframe imageframe-none imageframe-3 hover-type-zoomin\"><a class=\"fusion-no-lightbox\" href=\"https:\/\/typisch-region-hannover.de\/wp-content\/uploads\/2020\/03\/Sehnderleben13-03.jpg\" target=\"_blank\"> <img src=\"https:\/\/typisch-region-hannover.de\/wp-content\/uploads\/2020\/03\/Sehnderleben13-03.jpg\" alt=\"\" class=\"img-responsive\"\/><\/a><\/span><div class=\"fusion-clearfix\"><\/div><\/div><\/div><div class=\"fusion-clearfix\"><\/div><div class=\"fusion-one-third one_third fusion-layout-column fusion-spacing-yes\" style=\"margin-top:0px;margin-bottom:20px;\"><div class=\"fusion-column-wrapper\"><span class=\"fusion-imageframe imageframe-none imageframe-4 hover-type-zoomin\"><a class=\"fusion-no-lightbox\" href=\"https:\/\/typisch-region-hannover.de\/wp-content\/uploads\/2020\/03\/Sehnderleben13-04.jpg\" target=\"_blank\"> <img src=\"https:\/\/typisch-region-hannover.de\/wp-content\/uploads\/2020\/03\/Sehnderleben13-04.jpg\" alt=\"\" class=\"img-responsive\"\/><\/a><\/span><div class=\"fusion-clearfix\"><\/div><\/div><\/div><div class=\"fusion-one-third one_third fusion-layout-column fusion-spacing-yes\" style=\"margin-top:0px;margin-bottom:20px;\"><div class=\"fusion-column-wrapper\"><span class=\"fusion-imageframe imageframe-none imageframe-5 hover-type-zoomin\"><a class=\"fusion-no-lightbox\" href=\"https:\/\/typisch-region-hannover.de\/wp-content\/uploads\/2020\/03\/Sehnderleben13-05.jpg\" target=\"_blank\"> <img src=\"https:\/\/typisch-region-hannover.de\/wp-content\/uploads\/2020\/03\/Sehnderleben13-05.jpg\" alt=\"\" class=\"img-responsive\"\/><\/a><\/span><div class=\"fusion-clearfix\"><\/div><\/div><\/div><div class=\"fusion-one-third one_third fusion-layout-column fusion-column-last fusion-spacing-yes\" style=\"margin-top:0px;margin-bottom:20px;\"><div class=\"fusion-column-wrapper\"><span class=\"fusion-imageframe imageframe-none imageframe-6 hover-type-zoomin\"><a class=\"fusion-no-lightbox\" href=\"https:\/\/typisch-region-hannover.de\/wp-content\/uploads\/2020\/03\/Sehnderleben13-06.jpg\" target=\"_blank\"> <img src=\"https:\/\/typisch-region-hannover.de\/wp-content\/uploads\/2020\/03\/Sehnderleben13-06.jpg\" alt=\"\" class=\"img-responsive\"\/><\/a><\/span><div class=\"fusion-clearfix\"><\/div><\/div><\/div><div class=\"fusion-clearfix\"><\/div><div class=\"fusion-one-third one_third fusion-layout-column fusion-spacing-yes\" style=\"margin-top:0px;margin-bottom:20px;\"><div class=\"fusion-column-wrapper\"><span class=\"fusion-imageframe imageframe-none imageframe-7 hover-type-zoomin\"><a class=\"fusion-no-lightbox\" href=\"https:\/\/typisch-region-hannover.de\/wp-content\/uploads\/2020\/03\/Sehnderleben13-07.jpg\" target=\"_blank\"> <img src=\"https:\/\/typisch-region-hannover.de\/wp-content\/uploads\/2020\/03\/Sehnderleben13-07.jpg\" alt=\"\" class=\"img-responsive\"\/><\/a><\/span><div class=\"fusion-clearfix\"><\/div><\/div><\/div><div class=\"fusion-one-third one_third fusion-layout-column fusion-spacing-yes\" style=\"margin-top:0px;margin-bottom:20px;\"><div class=\"fusion-column-wrapper\"><span class=\"fusion-imageframe imageframe-none imageframe-8 hover-type-zoomin\"><a class=\"fusion-no-lightbox\" href=\"https:\/\/typisch-region-hannover.de\/wp-content\/uploads\/2020\/03\/Sehnderleben13-08-09.jpg\" target=\"_blank\"> <img src=\"https:\/\/typisch-region-hannover.de\/wp-content\/uploads\/2020\/03\/Sehnderleben13-08-09.jpg\" alt=\"\" class=\"img-responsive\"\/><\/a><\/span><div class=\"fusion-clearfix\"><\/div><\/div><\/div><div class=\"fusion-one-third one_third fusion-layout-column fusion-column-last fusion-spacing-yes\" style=\"margin-top:0px;margin-bottom:20px;\"><div class=\"fusion-column-wrapper\"><span class=\"fusion-imageframe imageframe-none imageframe-9 hover-type-zoomin\"><a class=\"fusion-no-lightbox\" href=\"https:\/\/typisch-region-hannover.de\/wp-content\/uploads\/2020\/03\/Sehnderleben13-10.jpg\" target=\"_blank\"> <img src=\"https:\/\/typisch-region-hannover.de\/wp-content\/uploads\/2020\/03\/Sehnderleben13-10.jpg\" alt=\"\" class=\"img-responsive\"\/><\/a><\/span><div class=\"fusion-clearfix\"><\/div><\/div><\/div><div class=\"fusion-clearfix\"><\/div><div class=\"fusion-one-third one_third fusion-layout-column fusion-spacing-yes\" style=\"margin-top:0px;margin-bottom:20px;\"><div class=\"fusion-column-wrapper\"><span class=\"fusion-imageframe imageframe-none imageframe-10 hover-type-zoomin\"><a class=\"fusion-no-lightbox\" href=\"https:\/\/typisch-region-hannover.de\/wp-content\/uploads\/2020\/03\/Sehnderleben13-11.jpg\" target=\"_blank\"> <img src=\"https:\/\/typisch-region-hannover.de\/wp-content\/uploads\/2020\/03\/Sehnderleben13-11.jpg\" alt=\"\" class=\"img-responsive\"\/><\/a><\/span><div class=\"fusion-clearfix\"><\/div><\/div><\/div><div class=\"fusion-one-third one_third fusion-layout-column fusion-spacing-yes\" style=\"margin-top:0px;margin-bottom:20px;\"><div class=\"fusion-column-wrapper\"><span class=\"fusion-imageframe imageframe-none imageframe-11 hover-type-zoomin\"><a class=\"fusion-no-lightbox\" href=\"https:\/\/typisch-region-hannover.de\/wp-content\/uploads\/2020\/03\/Sehnderleben13-12.jpg\" target=\"_blank\"> <img src=\"https:\/\/typisch-region-hannover.de\/wp-content\/uploads\/2020\/03\/Sehnderleben13-12.jpg\" alt=\"\" class=\"img-responsive\"\/><\/a><\/span><div class=\"fusion-clearfix\"><\/div><\/div><\/div><div class=\"fusion-one-third one_third fusion-layout-column fusion-column-last fusion-spacing-yes\" style=\"margin-top:0px;margin-bottom:20px;\"><div class=\"fusion-column-wrapper\"><span class=\"fusion-imageframe imageframe-none imageframe-12 hover-type-zoomin\"><a class=\"fusion-no-lightbox\" href=\"https:\/\/typisch-region-hannover.de\/wp-content\/uploads\/2020\/03\/Sehnderleben13-13.jpg\" target=\"_blank\"> <img src=\"https:\/\/typisch-region-hannover.de\/wp-content\/uploads\/2020\/03\/Sehnderleben13-13.jpg\" alt=\"\" class=\"img-responsive\"\/><\/a><\/span><div class=\"fusion-clearfix\"><\/div><\/div><\/div><div class=\"fusion-clearfix\"><\/div><div class=\"fusion-one-third one_third fusion-layout-column fusion-spacing-yes\" style=\"margin-top:0px;margin-bottom:20px;\"><div class=\"fusion-column-wrapper\"><span class=\"fusion-imageframe imageframe-none imageframe-13 hover-type-zoomin\"><a class=\"fusion-no-lightbox\" href=\"https:\/\/typisch-region-hannover.de\/wp-content\/uploads\/2020\/03\/Sehnderleben13-14.jpg\" target=\"_blank\"> <img src=\"https:\/\/typisch-region-hannover.de\/wp-content\/uploads\/2020\/03\/Sehnderleben13-14.jpg\" alt=\"\" class=\"img-responsive\"\/><\/a><\/span><div class=\"fusion-clearfix\"><\/div><\/div><\/div><div class=\"fusion-one-third one_third fusion-layout-column fusion-spacing-yes\" style=\"margin-top:0px;margin-bottom:20px;\"><div class=\"fusion-column-wrapper\"><span class=\"fusion-imageframe imageframe-none imageframe-14 hover-type-zoomin\"><a class=\"fusion-no-lightbox\" href=\"https:\/\/typisch-region-hannover.de\/wp-content\/uploads\/2020\/03\/Sehnderleben13-15.jpg\" target=\"_blank\"> <img src=\"https:\/\/typisch-region-hannover.de\/wp-content\/uploads\/2020\/03\/Sehnderleben13-15.jpg\" alt=\"\" class=\"img-responsive\"\/><\/a><\/span><div class=\"fusion-clearfix\"><\/div><\/div><\/div><div class=\"fusion-one-third one_third fusion-layout-column fusion-column-last fusion-spacing-yes\" style=\"margin-top:0px;margin-bottom:20px;\"><div class=\"fusion-column-wrapper\"><span class=\"fusion-imageframe imageframe-none imageframe-15 hover-type-zoomin\"><a class=\"fusion-no-lightbox\" href=\"https:\/\/typisch-region-hannover.de\/wp-content\/uploads\/2020\/03\/Sehnderleben13-16.jpg\" target=\"_blank\"> <img src=\"https:\/\/typisch-region-hannover.de\/wp-content\/uploads\/2020\/03\/Sehnderleben13-16.jpg\" alt=\"\" class=\"img-responsive\"\/><\/a><\/span><div class=\"fusion-clearfix\"><\/div><\/div><\/div><div class=\"fusion-clearfix\"><\/div>\n","protected":false},"excerpt":{"rendered":"","protected":false},"author":5,"featured_media":0,"parent":11483,"menu_order":0,"comment_status":"closed","ping_status":"closed","template":"","meta":[],"yoast_head":"<!-- This site is optimized with the Yoast SEO plugin v19.10 - https:\/\/yoast.com\/wordpress\/plugins\/seo\/ -->\n<title>Sehnder Leben - Nr.13 vom 27.03.2020 - Typisch Region Hannover<\/title>\n<meta name=\"robots\" content=\"index, follow, max-snippet:-1, max-image-preview:large, max-video-preview:-1\" \/>\n<link rel=\"canonical\" href=\"https:\/\/typisch-region-hannover.de\/index.php\/sehnde\/sehnder-leben-nr-13-vom-27-03-2020\/\" \/>\n<meta property=\"og:locale\" content=\"de_DE\" \/>\n<meta property=\"og:type\" content=\"article\" \/>\n<meta property=\"og:title\" content=\"Sehnder Leben - Nr.13 vom 27.03.2020 - Typisch Region Hannover\" \/>\n<meta property=\"og:url\" content=\"https:\/\/typisch-region-hannover.de\/index.php\/sehnde\/sehnder-leben-nr-13-vom-27-03-2020\/\" \/>\n<meta property=\"og:site_name\" content=\"Typisch Region Hannover\" \/>\n<meta property=\"article:publisher\" content=\"https:\/\/www.facebook.com\/typischregionhannover\/\" \/>\n<meta property=\"article:modified_time\" content=\"2020-03-26T23:59:17+00:00\" \/>\n<meta property=\"og:image\" content=\"https:\/\/typisch-region-hannover.de\/wp-content\/uploads\/2020\/03\/Sehnderleben13-01.jpg\" \/>\n<meta name=\"twitter:card\" content=\"summary_large_image\" \/>\n<meta name=\"twitter:label1\" content=\"Gesch\u00e4tzte Lesezeit\" \/>\n\t<meta name=\"twitter:data1\" content=\"8\u00a0Minuten\" \/>\n<script type=\"application\/ld+json\" class=\"yoast-schema-graph\">{\"@context\":\"https:\/\/schema.org\",\"@graph\":[{\"@type\":\"WebPage\",\"@id\":\"https:\/\/typisch-region-hannover.de\/index.php\/sehnde\/sehnder-leben-nr-13-vom-27-03-2020\/\",\"url\":\"https:\/\/typisch-region-hannover.de\/index.php\/sehnde\/sehnder-leben-nr-13-vom-27-03-2020\/\",\"name\":\"Sehnder Leben - Nr.13 vom 27.03.2020 - Typisch Region Hannover\",\"isPartOf\":{\"@id\":\"https:\/\/typisch-region-hannover.de\/#website\"},\"datePublished\":\"2020-03-26T23:52:44+00:00\",\"dateModified\":\"2020-03-26T23:59:17+00:00\",\"breadcrumb\":{\"@id\":\"https:\/\/typisch-region-hannover.de\/index.php\/sehnde\/sehnder-leben-nr-13-vom-27-03-2020\/#breadcrumb\"},\"inLanguage\":\"de\",\"potentialAction\":[{\"@type\":\"ReadAction\",\"target\":[\"https:\/\/typisch-region-hannover.de\/index.php\/sehnde\/sehnder-leben-nr-13-vom-27-03-2020\/\"]}]},{\"@type\":\"BreadcrumbList\",\"@id\":\"https:\/\/typisch-region-hannover.de\/index.php\/sehnde\/sehnder-leben-nr-13-vom-27-03-2020\/#breadcrumb\",\"itemListElement\":[{\"@type\":\"ListItem\",\"position\":1,\"name\":\"Home\",\"item\":\"https:\/\/typisch-region-hannover.de\/\"},{\"@type\":\"ListItem\",\"position\":2,\"name\":\"Sehnde\",\"item\":\"https:\/\/typisch-region-hannover.de\/index.php\/sehnde\/\"},{\"@type\":\"ListItem\",\"position\":3,\"name\":\"Sehnder Leben &#8211; Nr.13 vom 27.03.2020\"}]},{\"@type\":\"WebSite\",\"@id\":\"https:\/\/typisch-region-hannover.de\/#website\",\"url\":\"https:\/\/typisch-region-hannover.de\/\",\"name\":\"Typisch Region Hannover\",\"description\":\"Wissenswertes aus unserer Region\",\"potentialAction\":[{\"@type\":\"SearchAction\",\"target\":{\"@type\":\"EntryPoint\",\"urlTemplate\":\"https:\/\/typisch-region-hannover.de\/?s={search_term_string}\"},\"query-input\":\"required name=search_term_string\"}],\"inLanguage\":\"de\"}]}<\/script>\n<!-- \/ Yoast SEO plugin. -->","yoast_head_json":{"title":"Sehnder Leben - Nr.13 vom 27.03.2020 - Typisch Region Hannover","robots":{"index":"index","follow":"follow","max-snippet":"max-snippet:-1","max-image-preview":"max-image-preview:large","max-video-preview":"max-video-preview:-1"},"canonical":"https:\/\/typisch-region-hannover.de\/index.php\/sehnde\/sehnder-leben-nr-13-vom-27-03-2020\/","og_locale":"de_DE","og_type":"article","og_title":"Sehnder Leben - Nr.13 vom 27.03.2020 - Typisch Region Hannover","og_url":"https:\/\/typisch-region-hannover.de\/index.php\/sehnde\/sehnder-leben-nr-13-vom-27-03-2020\/","og_site_name":"Typisch Region Hannover","article_publisher":"https:\/\/www.facebook.com\/typischregionhannover\/","article_modified_time":"2020-03-26T23:59:17+00:00","og_image":[{"url":"https:\/\/typisch-region-hannover.de\/wp-content\/uploads\/2020\/03\/Sehnderleben13-01.jpg"}],"twitter_card":"summary_large_image","twitter_misc":{"Gesch\u00e4tzte Lesezeit":"8\u00a0Minuten"},"schema":{"@context":"https:\/\/schema.org","@graph":[{"@type":"WebPage","@id":"https:\/\/typisch-region-hannover.de\/index.php\/sehnde\/sehnder-leben-nr-13-vom-27-03-2020\/","url":"https:\/\/typisch-region-hannover.de\/index.php\/sehnde\/sehnder-leben-nr-13-vom-27-03-2020\/","name":"Sehnder Leben - Nr.13 vom 27.03.2020 - Typisch Region Hannover","isPartOf":{"@id":"https:\/\/typisch-region-hannover.de\/#website"},"datePublished":"2020-03-26T23:52:44+00:00","dateModified":"2020-03-26T23:59:17+00:00","breadcrumb":{"@id":"https:\/\/typisch-region-hannover.de\/index.php\/sehnde\/sehnder-leben-nr-13-vom-27-03-2020\/#breadcrumb"},"inLanguage":"de","potentialAction":[{"@type":"ReadAction","target":["https:\/\/typisch-region-hannover.de\/index.php\/sehnde\/sehnder-leben-nr-13-vom-27-03-2020\/"]}]},{"@type":"BreadcrumbList","@id":"https:\/\/typisch-region-hannover.de\/index.php\/sehnde\/sehnder-leben-nr-13-vom-27-03-2020\/#breadcrumb","itemListElement":[{"@type":"ListItem","position":1,"name":"Home","item":"https:\/\/typisch-region-hannover.de\/"},{"@type":"ListItem","position":2,"name":"Sehnde","item":"https:\/\/typisch-region-hannover.de\/index.php\/sehnde\/"},{"@type":"ListItem","position":3,"name":"Sehnder Leben &#8211; Nr.13 vom 27.03.2020"}]},{"@type":"WebSite","@id":"https:\/\/typisch-region-hannover.de\/#website","url":"https:\/\/typisch-region-hannover.de\/","name":"Typisch Region Hannover","description":"Wissenswertes aus unserer Region","potentialAction":[{"@type":"SearchAction","target":{"@type":"EntryPoint","urlTemplate":"https:\/\/typisch-region-hannover.de\/?s={search_term_string}"},"query-input":"required name=search_term_string"}],"inLanguage":"de"}]}},"_links":{"self":[{"href":"https:\/\/typisch-region-hannover.de\/index.php\/wp-json\/wp\/v2\/pages\/18257"}],"collection":[{"href":"https:\/\/typisch-region-hannover.de\/index.php\/wp-json\/wp\/v2\/pages"}],"about":[{"href":"https:\/\/typisch-region-hannover.de\/index.php\/wp-json\/wp\/v2\/types\/page"}],"author":[{"embeddable":true,"href":"https:\/\/typisch-region-hannover.de\/index.php\/wp-json\/wp\/v2\/users\/5"}],"replies":[{"embeddable":true,"href":"https:\/\/typisch-region-hannover.de\/index.php\/wp-json\/wp\/v2\/comments?post=18257"}],"version-history":[{"count":0,"href":"https:\/\/typisch-region-hannover.de\/index.php\/wp-json\/wp\/v2\/pages\/18257\/revisions"}],"up":[{"embeddable":true,"href":"https:\/\/typisch-region-hannover.de\/index.php\/wp-json\/wp\/v2\/pages\/11483"}],"wp:attachment":[{"href":"https:\/\/typisch-region-hannover.de\/index.php\/wp-json\/wp\/v2\/media?parent=18257"}],"curies":[{"name":"wp","href":"https:\/\/api.w.org\/{rel}","templated":true}]}}