{"id":17448,"date":"2019-07-26T23:00:04","date_gmt":"2019-07-26T21:00:04","guid":{"rendered":"https:\/\/typisch-region-hannover.de\/?page_id=17448"},"modified":"2019-07-26T23:00:04","modified_gmt":"2019-07-26T21:00:04","slug":"typisch-garbsen-nr-10-vom-27-07-2019","status":"publish","type":"page","link":"https:\/\/typisch-region-hannover.de\/index.php\/garbsen\/typisch-garbsen-nr-10-vom-27-07-2019\/","title":{"rendered":"Typisch Garbsen Nr.10 vom 27.07.2019"},"content":{"rendered":"<div class=\"fusion-title title fusion-title-size-one\" style=\"margin-bottom:10px;\"><h1 class=\"title-heading-left\">Typisch Garbsen: Nr. 10 vom 27.07.2019<br \/>\n<\/h1><div class=\"title-sep-container\"><div class=\"title-sep sep-double sep-solid\"><\/div><\/div><\/div><p>Diese Ausgabe erreicht jene von Ihnen, die gerade nicht im Sommerurlaub sind. Sch\u00f6n, wenn Sie sich Zeit nehmen,<br \/>\nmit uns sommerliche Ausfl\u00fcge in die Geschichte der Garbsener Ortsnamen, in ein besonderes Hobby und zu den<br \/>\nwilden Tieren des Waldes zu unternehmen.<\/p>\n<p>Garbsen &#8211; wovon k\u00f6nnte sich denn dieser Ortsname ableiten? Sie werden staunen, was die bekannten Ortsnamen-<br \/>\nforscher J\u00fcrgen Udolph und Uwe Ohainski dazu herausgefunden haben &#8211; es hat etwas mit einem m\u00f6glichen Orts-<br \/>\ngr\u00fcnder vor sehr sehr langer Zeit zu tun, mit einem Speer und einem B\u00e4ren\u2026<br \/>\nNicht alle Ortsnamen sind so kniffelig zu entschl\u00fcsseln &#8211; bei Stelingen und Heitlingen ist es zum Beispiel ganz einfach.<br \/>\nLesen Sie des R\u00e4tsels L\u00f6sung auf den Seiten 4 bis 7.<\/p>\n<p>Von der Ortsnamenentstehung in grauer Vorzeit zu einem technisch orientierten Hobby. Begleiten Sie uns auf eine<br \/>\nGeocaching-Tour durch Garbsen. Vielleicht sind sie Ihnen ja auch schon mal begegnet, diese Leute, die mit dem<br \/>\nSmartphone in der Hand betont unauff\u00e4llig irgendwo auf dem Feldweg stehen. Sie m\u00fcssen sich nicht mehr fragen,<br \/>\nwas das soll. Diese Leute haben nur gewartet, bis Sie als Unkundiger wieder fort waren, um dann nach einem Schatz<br \/>\nzu greifen. Wie das geht, erfahren Sie auf den Seiten 8 bis 10.<\/p>\n<p>Macht es Ihnen auch solche Freude, beim Waldspaziergang ein Reh zu sehen, oder einen Hasen, der seine L\u00f6ffel<br \/>\naus der Wiese reckt? Es gibt noch viel mehr S\u00e4ugetiere, die in Garbsens Natur verbreitet sind. Wir stellen Sie Ihnen<br \/>\nvor &#8211; auf den Seiten 11 bis 14.<\/p>\n<p>Wir hoffen, dass Sie mit unseren Themen eine vergn\u00fcgliche Lesestunde &#8211; bei hoffentlich sch\u00f6nem Wetter auf Balkon<br \/>\noder Terrasse &#8211; verbringen und w\u00fcnschen viele sch\u00f6ne Tage im Garbsener Sommer!<br \/>\nBettina Reimann, Redaktion<\/p>\n<div class=\"fusion-one-third one_third fusion-layout-column fusion-spacing-yes\" style=\"margin-top:0px;margin-bottom:20px;\"><div class=\"fusion-column-wrapper\"><span class=\"fusion-imageframe imageframe-none imageframe-1 hover-type-zoomin\"><a class=\"fusion-no-lightbox\" href=\"https:\/\/typisch-region-hannover.de\/wp-content\/uploads\/2019\/07\/Garbsen10-01.jpeg\" target=\"_blank\"> <img alt=\"\" src=\"https:\/\/typisch-region-hannover.de\/wp-content\/uploads\/2019\/07\/Garbsen10-01.jpeg\" class=\"img-responsive\"\/><\/a><\/span><div class=\"fusion-clearfix\"><\/div><\/div><\/div><div class=\"fusion-one-third one_third fusion-layout-column fusion-spacing-yes\" style=\"margin-top:0px;margin-bottom:20px;\"><div class=\"fusion-column-wrapper\"><span class=\"fusion-imageframe imageframe-none imageframe-2 hover-type-zoomin\"><a class=\"fusion-no-lightbox\" href=\"https:\/\/typisch-region-hannover.de\/wp-content\/uploads\/2019\/07\/Garbsen10-02.jpeg\" target=\"_blank\"> <img alt=\"\" src=\"https:\/\/typisch-region-hannover.de\/wp-content\/uploads\/2019\/07\/Garbsen10-02.jpeg\" class=\"img-responsive\"\/><\/a><\/span><div class=\"fusion-clearfix\"><\/div><\/div><\/div><div class=\"fusion-one-third one_third fusion-layout-column fusion-column-last fusion-spacing-yes\" style=\"margin-top:0px;margin-bottom:20px;\"><div class=\"fusion-column-wrapper\"><span class=\"fusion-imageframe imageframe-none imageframe-3 hover-type-zoomin\"><a class=\"fusion-no-lightbox\" href=\"https:\/\/typisch-region-hannover.de\/wp-content\/uploads\/2019\/07\/Garbsen10-03.jpeg\" target=\"_blank\"> <img alt=\"\" src=\"https:\/\/typisch-region-hannover.de\/wp-content\/uploads\/2019\/07\/Garbsen10-03.jpeg\" class=\"img-responsive\"\/><\/a><\/span><div class=\"fusion-clearfix\"><\/div><\/div><\/div><div class=\"fusion-clearfix\"><\/div><div class=\"fusion-one-third one_third fusion-layout-column fusion-spacing-yes\" style=\"margin-top:0px;margin-bottom:20px;\"><div class=\"fusion-column-wrapper\"><span class=\"fusion-imageframe imageframe-none imageframe-4 hover-type-zoomin\"><a class=\"fusion-no-lightbox\" href=\"https:\/\/typisch-region-hannover.de\/wp-content\/uploads\/2019\/07\/Garbsen10-04.jpeg\" target=\"_blank\"> <img alt=\"\" src=\"https:\/\/typisch-region-hannover.de\/wp-content\/uploads\/2019\/07\/Garbsen10-04.jpeg\" class=\"img-responsive\"\/><\/a><\/span><div class=\"fusion-clearfix\"><\/div><\/div><\/div><div class=\"fusion-one-third one_third fusion-layout-column fusion-spacing-yes\" style=\"margin-top:0px;margin-bottom:20px;\"><div class=\"fusion-column-wrapper\"><span class=\"fusion-imageframe imageframe-none imageframe-5 hover-type-zoomin\"><a class=\"fusion-no-lightbox\" href=\"https:\/\/typisch-region-hannover.de\/wp-content\/uploads\/2019\/07\/Garbsen10-05.jpeg\" target=\"_blank\"> <img alt=\"\" src=\"https:\/\/typisch-region-hannover.de\/wp-content\/uploads\/2019\/07\/Garbsen10-05.jpeg\" class=\"img-responsive\"\/><\/a><\/span><div class=\"fusion-clearfix\"><\/div><\/div><\/div><div class=\"fusion-one-third one_third fusion-layout-column fusion-column-last fusion-spacing-yes\" style=\"margin-top:0px;margin-bottom:20px;\"><div class=\"fusion-column-wrapper\"><span class=\"fusion-imageframe imageframe-none imageframe-6 hover-type-zoomin\"><a class=\"fusion-no-lightbox\" href=\"https:\/\/typisch-region-hannover.de\/wp-content\/uploads\/2019\/07\/Garbsen10-06.jpeg\" target=\"_blank\"> <img alt=\"\" src=\"https:\/\/typisch-region-hannover.de\/wp-content\/uploads\/2019\/07\/Garbsen10-06.jpeg\" class=\"img-responsive\"\/><\/a><\/span><div class=\"fusion-clearfix\"><\/div><\/div><\/div><div class=\"fusion-clearfix\"><\/div><div class=\"fusion-one-third one_third fusion-layout-column fusion-spacing-yes\" style=\"margin-top:0px;margin-bottom:20px;\"><div class=\"fusion-column-wrapper\"><span class=\"fusion-imageframe imageframe-none imageframe-7 hover-type-zoomin\"><a class=\"fusion-no-lightbox\" href=\"https:\/\/typisch-region-hannover.de\/wp-content\/uploads\/2019\/07\/Garbsen10-07.jpeg\" target=\"_blank\"> <img alt=\"\" src=\"https:\/\/typisch-region-hannover.de\/wp-content\/uploads\/2019\/07\/Garbsen10-07.jpeg\" class=\"img-responsive\"\/><\/a><\/span><div class=\"fusion-clearfix\"><\/div><\/div><\/div><div class=\"fusion-one-third one_third fusion-layout-column fusion-spacing-yes\" style=\"margin-top:0px;margin-bottom:20px;\"><div class=\"fusion-column-wrapper\"><span class=\"fusion-imageframe imageframe-none imageframe-8 hover-type-zoomin\"><a class=\"fusion-no-lightbox\" href=\"https:\/\/typisch-region-hannover.de\/wp-content\/uploads\/2019\/07\/Garbsen10-08-09.jpeg\" target=\"_blank\"> <img alt=\"\" src=\"https:\/\/typisch-region-hannover.de\/wp-content\/uploads\/2019\/07\/Garbsen10-08-09.jpeg\" class=\"img-responsive\"\/><\/a><\/span><div class=\"fusion-clearfix\"><\/div><\/div><\/div><div class=\"fusion-one-third one_third fusion-layout-column fusion-column-last fusion-spacing-yes\" style=\"margin-top:0px;margin-bottom:20px;\"><div class=\"fusion-column-wrapper\"><span class=\"fusion-imageframe imageframe-none imageframe-9 hover-type-zoomin\"><a class=\"fusion-no-lightbox\" href=\"https:\/\/typisch-region-hannover.de\/wp-content\/uploads\/2019\/07\/Garbsen10-10.jpeg\" target=\"_blank\"> <img alt=\"\" src=\"https:\/\/typisch-region-hannover.de\/wp-content\/uploads\/2019\/07\/Garbsen10-10.jpeg\" class=\"img-responsive\"\/><\/a><\/span><div class=\"fusion-clearfix\"><\/div><\/div><\/div><div class=\"fusion-clearfix\"><\/div><div class=\"fusion-one-third one_third fusion-layout-column fusion-spacing-yes\" style=\"margin-top:0px;margin-bottom:20px;\"><div class=\"fusion-column-wrapper\"><span class=\"fusion-imageframe imageframe-none imageframe-10 hover-type-zoomin\"><a class=\"fusion-no-lightbox\" href=\"https:\/\/typisch-region-hannover.de\/wp-content\/uploads\/2019\/07\/Garbsen10-11.jpeg\" target=\"_blank\"> <img alt=\"\" src=\"https:\/\/typisch-region-hannover.de\/wp-content\/uploads\/2019\/07\/Garbsen10-11.jpeg\" class=\"img-responsive\"\/><\/a><\/span><div class=\"fusion-clearfix\"><\/div><\/div><\/div><div class=\"fusion-one-third one_third fusion-layout-column fusion-spacing-yes\" style=\"margin-top:0px;margin-bottom:20px;\"><div class=\"fusion-column-wrapper\"><span class=\"fusion-imageframe imageframe-none imageframe-11 hover-type-zoomin\"><a class=\"fusion-no-lightbox\" href=\"https:\/\/typisch-region-hannover.de\/wp-content\/uploads\/2019\/07\/Garbsen10-12.jpeg\" target=\"_blank\"> <img alt=\"\" src=\"https:\/\/typisch-region-hannover.de\/wp-content\/uploads\/2019\/07\/Garbsen10-12.jpeg\" class=\"img-responsive\"\/><\/a><\/span><div class=\"fusion-clearfix\"><\/div><\/div><\/div><div class=\"fusion-one-third one_third fusion-layout-column fusion-column-last fusion-spacing-yes\" style=\"margin-top:0px;margin-bottom:20px;\"><div class=\"fusion-column-wrapper\"><span class=\"fusion-imageframe imageframe-none imageframe-12 hover-type-zoomin\"><a class=\"fusion-no-lightbox\" href=\"https:\/\/typisch-region-hannover.de\/wp-content\/uploads\/2019\/07\/Garbsen10-13.jpeg\" target=\"_blank\"> <img alt=\"\" src=\"https:\/\/typisch-region-hannover.de\/wp-content\/uploads\/2019\/07\/Garbsen10-13.jpeg\" class=\"img-responsive\"\/><\/a><\/span><div class=\"fusion-clearfix\"><\/div><\/div><\/div><div class=\"fusion-clearfix\"><\/div><div class=\"fusion-one-third one_third fusion-layout-column fusion-spacing-yes\" style=\"margin-top:0px;margin-bottom:20px;\"><div class=\"fusion-column-wrapper\"><span class=\"fusion-imageframe imageframe-none imageframe-13 hover-type-zoomin\"><a class=\"fusion-no-lightbox\" href=\"https:\/\/typisch-region-hannover.de\/wp-content\/uploads\/2019\/07\/Garbsen10-14.jpeg\" target=\"_blank\"> <img alt=\"\" src=\"https:\/\/typisch-region-hannover.de\/wp-content\/uploads\/2019\/07\/Garbsen10-14.jpeg\" class=\"img-responsive\"\/><\/a><\/span><div class=\"fusion-clearfix\"><\/div><\/div><\/div><div class=\"fusion-one-third one_third fusion-layout-column fusion-spacing-yes\" style=\"margin-top:0px;margin-bottom:20px;\"><div class=\"fusion-column-wrapper\"><span class=\"fusion-imageframe imageframe-none imageframe-14 hover-type-zoomin\"><a class=\"fusion-no-lightbox\" href=\"https:\/\/typisch-region-hannover.de\/wp-content\/uploads\/2019\/07\/Garbsen10-15.jpeg\" target=\"_blank\"> <img alt=\"\" src=\"https:\/\/typisch-region-hannover.de\/wp-content\/uploads\/2019\/07\/Garbsen10-15.jpeg\" class=\"img-responsive\"\/><\/a><\/span><div class=\"fusion-clearfix\"><\/div><\/div><\/div><div class=\"fusion-one-third one_third fusion-layout-column fusion-column-last fusion-spacing-yes\" style=\"margin-top:0px;margin-bottom:20px;\"><div class=\"fusion-column-wrapper\"><span class=\"fusion-imageframe imageframe-none imageframe-15 hover-type-zoomin\"><a class=\"fusion-no-lightbox\" href=\"https:\/\/typisch-region-hannover.de\/wp-content\/uploads\/2019\/07\/Garbsen10-16.jpeg\" target=\"_blank\"> <img alt=\"\" src=\"https:\/\/typisch-region-hannover.de\/wp-content\/uploads\/2019\/07\/Garbsen10-16.jpeg\" class=\"img-responsive\"\/><\/a><\/span><div class=\"fusion-clearfix\"><\/div><\/div><\/div><div class=\"fusion-clearfix\"><\/div>","protected":false},"excerpt":{"rendered":"","protected":false},"author":5,"featured_media":0,"parent":11495,"menu_order":0,"comment_status":"closed","ping_status":"closed","template":"","meta":[],"yoast_head":"<!-- This site is optimized with the Yoast SEO plugin v19.10 - https:\/\/yoast.com\/wordpress\/plugins\/seo\/ -->\n<title>Typisch Garbsen Nr.10 vom 27.07.2019 - Typisch Region Hannover<\/title>\n<meta name=\"description\" content=\"Garbsen - wovon k\u00f6nnte sich denn dieser Ortsname ableiten? Sie werden staunen, was die bekannten Ortsnamenforscher J\u00fcrgen Udolph und Uwe Ohainski dazu herausgefunden haben - es hat etwas mit einem m\u00f6glichen Ortsgr\u00fcnder vor sehr sehr langer Zeit zu tun, mit einem Speer und einem B\u00e4ren\u2026Nicht alle Ortsnamen sind so kniffelig zu entschl\u00fcsseln - bei Stelingen und Heitlingen ist es zum Beispiel ganz einfach. Lesen Sie des R\u00e4tsels L\u00f6sung auf den Seiten 4 bis 7. Von der Ortsnamenentstehung in grauer Vorzeit zu einem technisch orientierten Hobby. Begleiten Sie uns auf eine Geocaching-Tour durch Garbsen. Vielleicht sind sie Ihnen ja auch schon mal begegnet, diese Leute, die mit dem Smartphone in der Hand betont unauff\u00e4llig irgendwo auf dem Feldweg stehen. Sie m\u00fcssen sich nicht mehr fragen, was das soll. Diese Leute haben nur gewartet, bis Sie als Unkundiger wieder fort waren, um dann nach einem Schatz zu greifen. Wie das geht, erfahren Sie auf den Seiten 8 bis 10. Macht es Ihnen auch solche Freude, beim Waldspaziergang ein Reh zu sehen, oder einen Hasen, der seine L\u00f6ffel aus der Wiese reckt? Es gibt noch viel mehr S\u00e4ugetiere, die in Garbsens Natur verbreitet sind.\" \/>\n<meta name=\"robots\" content=\"index, follow, max-snippet:-1, max-image-preview:large, max-video-preview:-1\" \/>\n<link rel=\"canonical\" href=\"https:\/\/typisch-region-hannover.de\/index.php\/garbsen\/typisch-garbsen-nr-10-vom-27-07-2019\/\" \/>\n<meta property=\"og:locale\" content=\"de_DE\" \/>\n<meta property=\"og:type\" content=\"article\" \/>\n<meta property=\"og:title\" content=\"Typisch Garbsen Nr.10 vom 27.07.2019 - Typisch Region Hannover\" \/>\n<meta property=\"og:description\" content=\"Garbsen - wovon k\u00f6nnte sich denn dieser Ortsname ableiten? Sie werden staunen, was die bekannten Ortsnamenforscher J\u00fcrgen Udolph und Uwe Ohainski dazu herausgefunden haben - es hat etwas mit einem m\u00f6glichen Ortsgr\u00fcnder vor sehr sehr langer Zeit zu tun, mit einem Speer und einem B\u00e4ren\u2026Nicht alle Ortsnamen sind so kniffelig zu entschl\u00fcsseln - bei Stelingen und Heitlingen ist es zum Beispiel ganz einfach. Lesen Sie des R\u00e4tsels L\u00f6sung auf den Seiten 4 bis 7. Von der Ortsnamenentstehung in grauer Vorzeit zu einem technisch orientierten Hobby. Begleiten Sie uns auf eine Geocaching-Tour durch Garbsen. Vielleicht sind sie Ihnen ja auch schon mal begegnet, diese Leute, die mit dem Smartphone in der Hand betont unauff\u00e4llig irgendwo auf dem Feldweg stehen. Sie m\u00fcssen sich nicht mehr fragen, was das soll. Diese Leute haben nur gewartet, bis Sie als Unkundiger wieder fort waren, um dann nach einem Schatz zu greifen. Wie das geht, erfahren Sie auf den Seiten 8 bis 10. Macht es Ihnen auch solche Freude, beim Waldspaziergang ein Reh zu sehen, oder einen Hasen, der seine L\u00f6ffel aus der Wiese reckt? Es gibt noch viel mehr S\u00e4ugetiere, die in Garbsens Natur verbreitet sind.\" \/>\n<meta property=\"og:url\" content=\"https:\/\/typisch-region-hannover.de\/index.php\/garbsen\/typisch-garbsen-nr-10-vom-27-07-2019\/\" \/>\n<meta property=\"og:site_name\" content=\"Typisch Region Hannover\" \/>\n<meta property=\"article:publisher\" content=\"https:\/\/www.facebook.com\/typischregionhannover\/\" \/>\n<meta property=\"og:image\" content=\"https:\/\/typisch-region-hannover.de\/wp-content\/uploads\/2019\/07\/Garbsen10-01.jpeg\" \/>\n<meta name=\"twitter:card\" content=\"summary_large_image\" \/>\n<meta name=\"twitter:label1\" content=\"Gesch\u00e4tzte Lesezeit\" \/>\n\t<meta name=\"twitter:data1\" content=\"9\u00a0Minuten\" \/>\n<script type=\"application\/ld+json\" class=\"yoast-schema-graph\">{\"@context\":\"https:\/\/schema.org\",\"@graph\":[{\"@type\":\"WebPage\",\"@id\":\"https:\/\/typisch-region-hannover.de\/index.php\/garbsen\/typisch-garbsen-nr-10-vom-27-07-2019\/\",\"url\":\"https:\/\/typisch-region-hannover.de\/index.php\/garbsen\/typisch-garbsen-nr-10-vom-27-07-2019\/\",\"name\":\"Typisch Garbsen Nr.10 vom 27.07.2019 - Typisch Region Hannover\",\"isPartOf\":{\"@id\":\"https:\/\/typisch-region-hannover.de\/#website\"},\"datePublished\":\"2019-07-26T21:00:04+00:00\",\"dateModified\":\"2019-07-26T21:00:04+00:00\",\"description\":\"Garbsen - wovon k\u00f6nnte sich denn dieser Ortsname ableiten? Sie werden staunen, was die bekannten Ortsnamenforscher J\u00fcrgen Udolph und Uwe Ohainski dazu herausgefunden haben - es hat etwas mit einem m\u00f6glichen Ortsgr\u00fcnder vor sehr sehr langer Zeit zu tun, mit einem Speer und einem B\u00e4ren\u2026Nicht alle Ortsnamen sind so kniffelig zu entschl\u00fcsseln - bei Stelingen und Heitlingen ist es zum Beispiel ganz einfach. Lesen Sie des R\u00e4tsels L\u00f6sung auf den Seiten 4 bis 7. Von der Ortsnamenentstehung in grauer Vorzeit zu einem technisch orientierten Hobby. Begleiten Sie uns auf eine Geocaching-Tour durch Garbsen. Vielleicht sind sie Ihnen ja auch schon mal begegnet, diese Leute, die mit dem Smartphone in der Hand betont unauff\u00e4llig irgendwo auf dem Feldweg stehen. Sie m\u00fcssen sich nicht mehr fragen, was das soll. Diese Leute haben nur gewartet, bis Sie als Unkundiger wieder fort waren, um dann nach einem Schatz zu greifen. Wie das geht, erfahren Sie auf den Seiten 8 bis 10. Macht es Ihnen auch solche Freude, beim Waldspaziergang ein Reh zu sehen, oder einen Hasen, der seine L\u00f6ffel aus der Wiese reckt? Es gibt noch viel mehr S\u00e4ugetiere, die in Garbsens Natur verbreitet sind.\",\"breadcrumb\":{\"@id\":\"https:\/\/typisch-region-hannover.de\/index.php\/garbsen\/typisch-garbsen-nr-10-vom-27-07-2019\/#breadcrumb\"},\"inLanguage\":\"de\",\"potentialAction\":[{\"@type\":\"ReadAction\",\"target\":[\"https:\/\/typisch-region-hannover.de\/index.php\/garbsen\/typisch-garbsen-nr-10-vom-27-07-2019\/\"]}]},{\"@type\":\"BreadcrumbList\",\"@id\":\"https:\/\/typisch-region-hannover.de\/index.php\/garbsen\/typisch-garbsen-nr-10-vom-27-07-2019\/#breadcrumb\",\"itemListElement\":[{\"@type\":\"ListItem\",\"position\":1,\"name\":\"Home\",\"item\":\"https:\/\/typisch-region-hannover.de\/\"},{\"@type\":\"ListItem\",\"position\":2,\"name\":\"Garbsen\",\"item\":\"https:\/\/typisch-region-hannover.de\/index.php\/garbsen\/\"},{\"@type\":\"ListItem\",\"position\":3,\"name\":\"Typisch Garbsen Nr.10 vom 27.07.2019\"}]},{\"@type\":\"WebSite\",\"@id\":\"https:\/\/typisch-region-hannover.de\/#website\",\"url\":\"https:\/\/typisch-region-hannover.de\/\",\"name\":\"Typisch Region Hannover\",\"description\":\"Wissenswertes aus unserer Region\",\"potentialAction\":[{\"@type\":\"SearchAction\",\"target\":{\"@type\":\"EntryPoint\",\"urlTemplate\":\"https:\/\/typisch-region-hannover.de\/?s={search_term_string}\"},\"query-input\":\"required name=search_term_string\"}],\"inLanguage\":\"de\"}]}<\/script>\n<!-- \/ Yoast SEO plugin. -->","yoast_head_json":{"title":"Typisch Garbsen Nr.10 vom 27.07.2019 - Typisch Region Hannover","description":"Garbsen - wovon k\u00f6nnte sich denn dieser Ortsname ableiten? Sie werden staunen, was die bekannten Ortsnamenforscher J\u00fcrgen Udolph und Uwe Ohainski dazu herausgefunden haben - es hat etwas mit einem m\u00f6glichen Ortsgr\u00fcnder vor sehr sehr langer Zeit zu tun, mit einem Speer und einem B\u00e4ren\u2026Nicht alle Ortsnamen sind so kniffelig zu entschl\u00fcsseln - bei Stelingen und Heitlingen ist es zum Beispiel ganz einfach. Lesen Sie des R\u00e4tsels L\u00f6sung auf den Seiten 4 bis 7. Von der Ortsnamenentstehung in grauer Vorzeit zu einem technisch orientierten Hobby. Begleiten Sie uns auf eine Geocaching-Tour durch Garbsen. Vielleicht sind sie Ihnen ja auch schon mal begegnet, diese Leute, die mit dem Smartphone in der Hand betont unauff\u00e4llig irgendwo auf dem Feldweg stehen. Sie m\u00fcssen sich nicht mehr fragen, was das soll. Diese Leute haben nur gewartet, bis Sie als Unkundiger wieder fort waren, um dann nach einem Schatz zu greifen. Wie das geht, erfahren Sie auf den Seiten 8 bis 10. Macht es Ihnen auch solche Freude, beim Waldspaziergang ein Reh zu sehen, oder einen Hasen, der seine L\u00f6ffel aus der Wiese reckt? Es gibt noch viel mehr S\u00e4ugetiere, die in Garbsens Natur verbreitet sind.","robots":{"index":"index","follow":"follow","max-snippet":"max-snippet:-1","max-image-preview":"max-image-preview:large","max-video-preview":"max-video-preview:-1"},"canonical":"https:\/\/typisch-region-hannover.de\/index.php\/garbsen\/typisch-garbsen-nr-10-vom-27-07-2019\/","og_locale":"de_DE","og_type":"article","og_title":"Typisch Garbsen Nr.10 vom 27.07.2019 - Typisch Region Hannover","og_description":"Garbsen - wovon k\u00f6nnte sich denn dieser Ortsname ableiten? Sie werden staunen, was die bekannten Ortsnamenforscher J\u00fcrgen Udolph und Uwe Ohainski dazu herausgefunden haben - es hat etwas mit einem m\u00f6glichen Ortsgr\u00fcnder vor sehr sehr langer Zeit zu tun, mit einem Speer und einem B\u00e4ren\u2026Nicht alle Ortsnamen sind so kniffelig zu entschl\u00fcsseln - bei Stelingen und Heitlingen ist es zum Beispiel ganz einfach. Lesen Sie des R\u00e4tsels L\u00f6sung auf den Seiten 4 bis 7. Von der Ortsnamenentstehung in grauer Vorzeit zu einem technisch orientierten Hobby. Begleiten Sie uns auf eine Geocaching-Tour durch Garbsen. Vielleicht sind sie Ihnen ja auch schon mal begegnet, diese Leute, die mit dem Smartphone in der Hand betont unauff\u00e4llig irgendwo auf dem Feldweg stehen. Sie m\u00fcssen sich nicht mehr fragen, was das soll. Diese Leute haben nur gewartet, bis Sie als Unkundiger wieder fort waren, um dann nach einem Schatz zu greifen. Wie das geht, erfahren Sie auf den Seiten 8 bis 10. Macht es Ihnen auch solche Freude, beim Waldspaziergang ein Reh zu sehen, oder einen Hasen, der seine L\u00f6ffel aus der Wiese reckt? Es gibt noch viel mehr S\u00e4ugetiere, die in Garbsens Natur verbreitet sind.","og_url":"https:\/\/typisch-region-hannover.de\/index.php\/garbsen\/typisch-garbsen-nr-10-vom-27-07-2019\/","og_site_name":"Typisch Region Hannover","article_publisher":"https:\/\/www.facebook.com\/typischregionhannover\/","og_image":[{"url":"https:\/\/typisch-region-hannover.de\/wp-content\/uploads\/2019\/07\/Garbsen10-01.jpeg"}],"twitter_card":"summary_large_image","twitter_misc":{"Gesch\u00e4tzte Lesezeit":"9\u00a0Minuten"},"schema":{"@context":"https:\/\/schema.org","@graph":[{"@type":"WebPage","@id":"https:\/\/typisch-region-hannover.de\/index.php\/garbsen\/typisch-garbsen-nr-10-vom-27-07-2019\/","url":"https:\/\/typisch-region-hannover.de\/index.php\/garbsen\/typisch-garbsen-nr-10-vom-27-07-2019\/","name":"Typisch Garbsen Nr.10 vom 27.07.2019 - Typisch Region Hannover","isPartOf":{"@id":"https:\/\/typisch-region-hannover.de\/#website"},"datePublished":"2019-07-26T21:00:04+00:00","dateModified":"2019-07-26T21:00:04+00:00","description":"Garbsen - wovon k\u00f6nnte sich denn dieser Ortsname ableiten? Sie werden staunen, was die bekannten Ortsnamenforscher J\u00fcrgen Udolph und Uwe Ohainski dazu herausgefunden haben - es hat etwas mit einem m\u00f6glichen Ortsgr\u00fcnder vor sehr sehr langer Zeit zu tun, mit einem Speer und einem B\u00e4ren\u2026Nicht alle Ortsnamen sind so kniffelig zu entschl\u00fcsseln - bei Stelingen und Heitlingen ist es zum Beispiel ganz einfach. Lesen Sie des R\u00e4tsels L\u00f6sung auf den Seiten 4 bis 7. Von der Ortsnamenentstehung in grauer Vorzeit zu einem technisch orientierten Hobby. Begleiten Sie uns auf eine Geocaching-Tour durch Garbsen. Vielleicht sind sie Ihnen ja auch schon mal begegnet, diese Leute, die mit dem Smartphone in der Hand betont unauff\u00e4llig irgendwo auf dem Feldweg stehen. Sie m\u00fcssen sich nicht mehr fragen, was das soll. Diese Leute haben nur gewartet, bis Sie als Unkundiger wieder fort waren, um dann nach einem Schatz zu greifen. Wie das geht, erfahren Sie auf den Seiten 8 bis 10. Macht es Ihnen auch solche Freude, beim Waldspaziergang ein Reh zu sehen, oder einen Hasen, der seine L\u00f6ffel aus der Wiese reckt? Es gibt noch viel mehr S\u00e4ugetiere, die in Garbsens Natur verbreitet sind.","breadcrumb":{"@id":"https:\/\/typisch-region-hannover.de\/index.php\/garbsen\/typisch-garbsen-nr-10-vom-27-07-2019\/#breadcrumb"},"inLanguage":"de","potentialAction":[{"@type":"ReadAction","target":["https:\/\/typisch-region-hannover.de\/index.php\/garbsen\/typisch-garbsen-nr-10-vom-27-07-2019\/"]}]},{"@type":"BreadcrumbList","@id":"https:\/\/typisch-region-hannover.de\/index.php\/garbsen\/typisch-garbsen-nr-10-vom-27-07-2019\/#breadcrumb","itemListElement":[{"@type":"ListItem","position":1,"name":"Home","item":"https:\/\/typisch-region-hannover.de\/"},{"@type":"ListItem","position":2,"name":"Garbsen","item":"https:\/\/typisch-region-hannover.de\/index.php\/garbsen\/"},{"@type":"ListItem","position":3,"name":"Typisch Garbsen Nr.10 vom 27.07.2019"}]},{"@type":"WebSite","@id":"https:\/\/typisch-region-hannover.de\/#website","url":"https:\/\/typisch-region-hannover.de\/","name":"Typisch Region Hannover","description":"Wissenswertes aus unserer Region","potentialAction":[{"@type":"SearchAction","target":{"@type":"EntryPoint","urlTemplate":"https:\/\/typisch-region-hannover.de\/?s={search_term_string}"},"query-input":"required name=search_term_string"}],"inLanguage":"de"}]}},"_links":{"self":[{"href":"https:\/\/typisch-region-hannover.de\/index.php\/wp-json\/wp\/v2\/pages\/17448"}],"collection":[{"href":"https:\/\/typisch-region-hannover.de\/index.php\/wp-json\/wp\/v2\/pages"}],"about":[{"href":"https:\/\/typisch-region-hannover.de\/index.php\/wp-json\/wp\/v2\/types\/page"}],"author":[{"embeddable":true,"href":"https:\/\/typisch-region-hannover.de\/index.php\/wp-json\/wp\/v2\/users\/5"}],"replies":[{"embeddable":true,"href":"https:\/\/typisch-region-hannover.de\/index.php\/wp-json\/wp\/v2\/comments?post=17448"}],"version-history":[{"count":0,"href":"https:\/\/typisch-region-hannover.de\/index.php\/wp-json\/wp\/v2\/pages\/17448\/revisions"}],"up":[{"embeddable":true,"href":"https:\/\/typisch-region-hannover.de\/index.php\/wp-json\/wp\/v2\/pages\/11495"}],"wp:attachment":[{"href":"https:\/\/typisch-region-hannover.de\/index.php\/wp-json\/wp\/v2\/media?parent=17448"}],"curies":[{"name":"wp","href":"https:\/\/api.w.org\/{rel}","templated":true}]}}