{"id":17424,"date":"2019-07-25T23:07:59","date_gmt":"2019-07-25T21:07:59","guid":{"rendered":"https:\/\/typisch-region-hannover.de\/?page_id=17424"},"modified":"2019-07-25T23:22:45","modified_gmt":"2019-07-25T21:22:45","slug":"sehnder-leben-nr-5-vom-26-07-2019","status":"publish","type":"page","link":"https:\/\/typisch-region-hannover.de\/index.php\/sehnde\/sehnder-leben-nr-5-vom-26-07-2019\/","title":{"rendered":"Sehnder Leben &#8211; Nr.5 vom 26.07.2019"},"content":{"rendered":"<div class=\"fusion-title title fusion-title-size-one\" style=\"margin-bottom:10px;\"><h1 class=\"title-heading-left\">Sehnder Leben: Nr. 5 vom 26. 07. 2019<br \/>\n<\/h1><div class=\"title-sep-container\"><div class=\"title-sep sep-double sep-solid\"><\/div><\/div><\/div><p>Leben in Wald und Feld!<br \/>\nSehnde ist nach wie vor auch Bauernland. Das Korn, das gelb auf den Feldern wogte,<br \/>\nist jetzt gr\u00f6\u00dftenteils eingebracht und Reporterin Lisa Otto hat einen Landwirt bei<br \/>\nder Ernte begleitet, um sein Alltagsleben kennenzulernen. Landwirt &#8211; wirklich kein<br \/>\n\u201e9to5-Job\u201c. Den Beruf muss man leben! Lesen Sie mehr dazu auf den Seiten 11 bis 14.<\/p>\n<p>Wenn es im Mais raschelt, w\u00e4hrend sie daran entlanggehen, dann kann es eine Maus sein,<br \/>\nein Hase, aber auch ein Wildschwein. Doch die gel\u00e4ufigen wildlebenden S\u00e4ugetierarten<br \/>\nsind nicht die einzigen, die in den Feldern und W\u00e4ldern Sehndes leben.<br \/>\nDas Wildtiermanagement der Landesj\u00e4gerschaft verzeichnet f\u00fcr jede Kommune die Populationen<br \/>\nan wildlebenden Tieren. Sie werden erstaunt sein, wer so alles nachts in Sehnde zum<br \/>\nJagen unterwegs ist &#8211; lesen Sie in unserer Reportage auf den Seiten 7 bis 10.<\/p>\n<p>In der Rubrik \u201eFamilienleben\u201c hat Lisa Otto die M\u00f6glichkeiten der FLUXX Notfallbetreuung<br \/>\nf\u00fcr Sie zusammengestellt. Diese Informationen finden Sie auf den Seiten 4 bis 6.<\/p>\n<p>Und auf Seite 15 gibt es viele weitere Termine f\u00fcr Ihr \u201eSommerleben\u201c in Sehnde.<br \/>\nViel Freude an dieser Sommerausgabe w\u00fcnschen: Bettina Reimann, Redaktion und Katja Wolfram, Mediaberatung<\/p>\n<div class=\"fusion-one-third one_third fusion-layout-column fusion-spacing-yes\" style=\"margin-top:0px;margin-bottom:20px;\"><div class=\"fusion-column-wrapper\"><span class=\"fusion-imageframe imageframe-none imageframe-1 hover-type-zoomin\"><a class=\"fusion-no-lightbox\" href=\"https:\/\/typisch-region-hannover.de\/wp-content\/uploads\/2019\/07\/Sehnderleben05-01.jpeg\" target=\"_blank\"> <img alt=\"\" src=\"https:\/\/typisch-region-hannover.de\/wp-content\/uploads\/2019\/07\/Sehnderleben05-01.jpeg\" class=\"img-responsive\"\/><\/a><\/span><div class=\"fusion-clearfix\"><\/div><\/div><\/div><div class=\"fusion-one-third one_third fusion-layout-column fusion-spacing-yes\" style=\"margin-top:0px;margin-bottom:20px;\"><div class=\"fusion-column-wrapper\"><span class=\"fusion-imageframe imageframe-none imageframe-2 hover-type-zoomin\"><a class=\"fusion-no-lightbox\" href=\"https:\/\/typisch-region-hannover.de\/wp-content\/uploads\/2019\/07\/Sehnderleben05-02.jpeg\" target=\"_blank\"> <img alt=\"\" src=\"https:\/\/typisch-region-hannover.de\/wp-content\/uploads\/2019\/07\/Sehnderleben05-02.jpeg\" class=\"img-responsive\"\/><\/a><\/span><div class=\"fusion-clearfix\"><\/div><\/div><\/div><div class=\"fusion-one-third one_third fusion-layout-column fusion-column-last fusion-spacing-yes\" style=\"margin-top:0px;margin-bottom:20px;\"><div class=\"fusion-column-wrapper\"><span class=\"fusion-imageframe imageframe-none imageframe-3 hover-type-zoomin\"><a class=\"fusion-no-lightbox\" href=\"https:\/\/typisch-region-hannover.de\/wp-content\/uploads\/2019\/07\/Sehnderleben05-03.jpeg\" target=\"_blank\"> <img alt=\"\" src=\"https:\/\/typisch-region-hannover.de\/wp-content\/uploads\/2019\/07\/Sehnderleben05-03.jpeg\" class=\"img-responsive\"\/><\/a><\/span><div class=\"fusion-clearfix\"><\/div><\/div><\/div><div class=\"fusion-clearfix\"><\/div><div class=\"fusion-one-third one_third fusion-layout-column fusion-spacing-yes\" style=\"margin-top:0px;margin-bottom:20px;\"><div class=\"fusion-column-wrapper\"><span class=\"fusion-imageframe imageframe-none imageframe-4 hover-type-zoomin\"><a class=\"fusion-no-lightbox\" href=\"https:\/\/typisch-region-hannover.de\/wp-content\/uploads\/2019\/07\/Sehnderleben05-04.jpeg\" target=\"_blank\"> <img alt=\"\" src=\"https:\/\/typisch-region-hannover.de\/wp-content\/uploads\/2019\/07\/Sehnderleben05-04.jpeg\" class=\"img-responsive\"\/><\/a><\/span><div class=\"fusion-clearfix\"><\/div><\/div><\/div><div class=\"fusion-one-third one_third fusion-layout-column fusion-spacing-yes\" style=\"margin-top:0px;margin-bottom:20px;\"><div class=\"fusion-column-wrapper\"><span class=\"fusion-imageframe imageframe-none imageframe-5 hover-type-zoomin\"><a class=\"fusion-no-lightbox\" href=\"https:\/\/typisch-region-hannover.de\/wp-content\/uploads\/2019\/07\/Sehnderleben05-05.jpeg\" target=\"_blank\"> <img alt=\"\" src=\"https:\/\/typisch-region-hannover.de\/wp-content\/uploads\/2019\/07\/Sehnderleben05-05.jpeg\" class=\"img-responsive\"\/><\/a><\/span><div class=\"fusion-clearfix\"><\/div><\/div><\/div><div class=\"fusion-one-third one_third fusion-layout-column fusion-column-last fusion-spacing-yes\" style=\"margin-top:0px;margin-bottom:20px;\"><div class=\"fusion-column-wrapper\"><span class=\"fusion-imageframe imageframe-none imageframe-6 hover-type-zoomin\"><a class=\"fusion-no-lightbox\" href=\"https:\/\/typisch-region-hannover.de\/wp-content\/uploads\/2019\/07\/Sehnderleben05-06.jpeg\" target=\"_blank\"> <img alt=\"\" src=\"https:\/\/typisch-region-hannover.de\/wp-content\/uploads\/2019\/07\/Sehnderleben05-06.jpeg\" class=\"img-responsive\"\/><\/a><\/span><div class=\"fusion-clearfix\"><\/div><\/div><\/div><div class=\"fusion-clearfix\"><\/div><div class=\"fusion-one-third one_third fusion-layout-column fusion-spacing-yes\" style=\"margin-top:0px;margin-bottom:20px;\"><div class=\"fusion-column-wrapper\"><span class=\"fusion-imageframe imageframe-none imageframe-7 hover-type-zoomin\"><a class=\"fusion-no-lightbox\" href=\"https:\/\/typisch-region-hannover.de\/wp-content\/uploads\/2019\/07\/Sehnderleben05-07.jpeg\" target=\"_blank\"> <img alt=\"\" src=\"https:\/\/typisch-region-hannover.de\/wp-content\/uploads\/2019\/07\/Sehnderleben05-07.jpeg\" class=\"img-responsive\"\/><\/a><\/span><div class=\"fusion-clearfix\"><\/div><\/div><\/div><div class=\"fusion-one-third one_third fusion-layout-column fusion-spacing-yes\" style=\"margin-top:0px;margin-bottom:20px;\"><div class=\"fusion-column-wrapper\"><span class=\"fusion-imageframe imageframe-none imageframe-8 hover-type-zoomin\"><a class=\"fusion-no-lightbox\" href=\"https:\/\/typisch-region-hannover.de\/wp-content\/uploads\/2019\/07\/Sehnderleben05-08-09.jpeg\" target=\"_blank\"> <img alt=\"\" src=\"https:\/\/typisch-region-hannover.de\/wp-content\/uploads\/2019\/07\/Sehnderleben05-08-09.jpeg\" class=\"img-responsive\"\/><\/a><\/span><div class=\"fusion-clearfix\"><\/div><\/div><\/div><div class=\"fusion-one-third one_third fusion-layout-column fusion-column-last fusion-spacing-yes\" style=\"margin-top:0px;margin-bottom:20px;\"><div class=\"fusion-column-wrapper\"><span class=\"fusion-imageframe imageframe-none imageframe-9 hover-type-zoomin\"><a class=\"fusion-no-lightbox\" href=\"https:\/\/typisch-region-hannover.de\/wp-content\/uploads\/2019\/07\/Sehnderleben05-10.jpeg\" target=\"_blank\"> <img alt=\"\" src=\"https:\/\/typisch-region-hannover.de\/wp-content\/uploads\/2019\/07\/Sehnderleben05-10.jpeg\" class=\"img-responsive\"\/><\/a><\/span><div class=\"fusion-clearfix\"><\/div><\/div><\/div><div class=\"fusion-clearfix\"><\/div><div class=\"fusion-one-third one_third fusion-layout-column fusion-spacing-yes\" style=\"margin-top:0px;margin-bottom:20px;\"><div class=\"fusion-column-wrapper\"><span class=\"fusion-imageframe imageframe-none imageframe-10 hover-type-zoomin\"><a class=\"fusion-no-lightbox\" href=\"https:\/\/typisch-region-hannover.de\/wp-content\/uploads\/2019\/07\/Sehnderleben05-11.jpeg\" target=\"_blank\"> <img alt=\"\" src=\"https:\/\/typisch-region-hannover.de\/wp-content\/uploads\/2019\/07\/Sehnderleben05-11.jpeg\" class=\"img-responsive\"\/><\/a><\/span><div class=\"fusion-clearfix\"><\/div><\/div><\/div><div class=\"fusion-one-third one_third fusion-layout-column fusion-spacing-yes\" style=\"margin-top:0px;margin-bottom:20px;\"><div class=\"fusion-column-wrapper\"><span class=\"fusion-imageframe imageframe-none imageframe-11 hover-type-zoomin\"><a class=\"fusion-no-lightbox\" href=\"https:\/\/typisch-region-hannover.de\/wp-content\/uploads\/2019\/07\/Sehnderleben05-12.jpeg\" target=\"_blank\"> <img alt=\"\" src=\"https:\/\/typisch-region-hannover.de\/wp-content\/uploads\/2019\/07\/Sehnderleben05-12.jpeg\" class=\"img-responsive\"\/><\/a><\/span><div class=\"fusion-clearfix\"><\/div><\/div><\/div><div class=\"fusion-one-third one_third fusion-layout-column fusion-column-last fusion-spacing-yes\" style=\"margin-top:0px;margin-bottom:20px;\"><div class=\"fusion-column-wrapper\"><span class=\"fusion-imageframe imageframe-none imageframe-12 hover-type-zoomin\"><a class=\"fusion-no-lightbox\" href=\"https:\/\/typisch-region-hannover.de\/wp-content\/uploads\/2019\/07\/Sehnderleben05-13.jpeg\" target=\"_blank\"> <img alt=\"\" src=\"https:\/\/typisch-region-hannover.de\/wp-content\/uploads\/2019\/07\/Sehnderleben05-13.jpeg\" class=\"img-responsive\"\/><\/a><\/span><div class=\"fusion-clearfix\"><\/div><\/div><\/div><div class=\"fusion-clearfix\"><\/div><div class=\"fusion-one-third one_third fusion-layout-column fusion-spacing-yes\" style=\"margin-top:0px;margin-bottom:20px;\"><div class=\"fusion-column-wrapper\"><span class=\"fusion-imageframe imageframe-none imageframe-13 hover-type-zoomin\"><a class=\"fusion-no-lightbox\" href=\"https:\/\/typisch-region-hannover.de\/wp-content\/uploads\/2019\/07\/Sehnderleben05-14.jpeg\" target=\"_blank\"> <img alt=\"\" src=\"https:\/\/typisch-region-hannover.de\/wp-content\/uploads\/2019\/07\/Sehnderleben05-14.jpeg\" class=\"img-responsive\"\/><\/a><\/span><div class=\"fusion-clearfix\"><\/div><\/div><\/div><div class=\"fusion-one-third one_third fusion-layout-column fusion-spacing-yes\" style=\"margin-top:0px;margin-bottom:20px;\"><div class=\"fusion-column-wrapper\"><span class=\"fusion-imageframe imageframe-none imageframe-14 hover-type-zoomin\"><a class=\"fusion-no-lightbox\" href=\"https:\/\/typisch-region-hannover.de\/wp-content\/uploads\/2019\/07\/Sehnderleben05-15.jpeg\" target=\"_blank\"> <img alt=\"\" src=\"https:\/\/typisch-region-hannover.de\/wp-content\/uploads\/2019\/07\/Sehnderleben05-15.jpeg\" class=\"img-responsive\"\/><\/a><\/span><div class=\"fusion-clearfix\"><\/div><\/div><\/div><div class=\"fusion-one-third one_third fusion-layout-column fusion-column-last fusion-spacing-yes\" style=\"margin-top:0px;margin-bottom:20px;\"><div class=\"fusion-column-wrapper\"><span class=\"fusion-imageframe imageframe-none imageframe-15 hover-type-zoomin\"><a class=\"fusion-no-lightbox\" href=\"https:\/\/typisch-region-hannover.de\/wp-content\/uploads\/2019\/07\/Sehnderleben05-16.jpeg\" target=\"_blank\"> <img alt=\"\" src=\"https:\/\/typisch-region-hannover.de\/wp-content\/uploads\/2019\/07\/Sehnderleben05-16.jpeg\" class=\"img-responsive\"\/><\/a><\/span><div class=\"fusion-clearfix\"><\/div><\/div><\/div><div class=\"fusion-clearfix\"><\/div>\n","protected":false},"excerpt":{"rendered":"","protected":false},"author":5,"featured_media":0,"parent":11483,"menu_order":0,"comment_status":"closed","ping_status":"closed","template":"","meta":[],"yoast_head":"<!-- This site is optimized with the Yoast SEO plugin v19.10 - https:\/\/yoast.com\/wordpress\/plugins\/seo\/ -->\n<title>Sehnder Leben - Nr.5 vom 26.07.2019 - Typisch Region Hannover<\/title>\n<meta name=\"description\" content=\"Sehnde ist nach wie vor auch Bauernland. Das Korn, das gelb auf den Feldern wogte,ist jetzt gr\u00f6\u00dftenteils eingebracht und Reporterin Lisa Otto hat einen Landwirt beid er Ernte begleitet, um sein Alltagsleben kennenzulernen. Landwirt - wirklich kein \u201e9to5-Job\u201c. Den Beruf muss man leben! Wenn es im Mais raschelt, w\u00e4hrend sie daran entlanggehen, dann kann es eine Maus sein, ein Hase, aber auch ein Wildschwein. Doch die gel\u00e4ufigen wildlebenden S\u00e4ugetierarten sind nicht die einzigen, die in den Feldern und W\u00e4ldern Sehndes leben.Das Wildtiermanagement der Landesj\u00e4gerschaft verzeichnet f\u00fcr jede Kommune die Populationen an wildlebenden Tieren. Sie werden erstaunt sein, wer so alles nachts in Sehnde zum Jagen unterwegs ist. In der Rubrik \u201eFamilienleben\u201c hat Lisa Otto die M\u00f6glichkeiten der FLUXX Notfallbetreuung f\u00fcr Sie zusammengestellt.\" \/>\n<meta name=\"robots\" content=\"index, follow, max-snippet:-1, max-image-preview:large, max-video-preview:-1\" \/>\n<link rel=\"canonical\" href=\"https:\/\/typisch-region-hannover.de\/index.php\/sehnde\/sehnder-leben-nr-5-vom-26-07-2019\/\" \/>\n<meta property=\"og:locale\" content=\"de_DE\" \/>\n<meta property=\"og:type\" content=\"article\" \/>\n<meta property=\"og:title\" content=\"Sehnder Leben - Nr.5 vom 26.07.2019 - Typisch Region Hannover\" \/>\n<meta property=\"og:description\" content=\"Sehnde ist nach wie vor auch Bauernland. Das Korn, das gelb auf den Feldern wogte,ist jetzt gr\u00f6\u00dftenteils eingebracht und Reporterin Lisa Otto hat einen Landwirt beid er Ernte begleitet, um sein Alltagsleben kennenzulernen. Landwirt - wirklich kein \u201e9to5-Job\u201c. Den Beruf muss man leben! Wenn es im Mais raschelt, w\u00e4hrend sie daran entlanggehen, dann kann es eine Maus sein, ein Hase, aber auch ein Wildschwein. Doch die gel\u00e4ufigen wildlebenden S\u00e4ugetierarten sind nicht die einzigen, die in den Feldern und W\u00e4ldern Sehndes leben.Das Wildtiermanagement der Landesj\u00e4gerschaft verzeichnet f\u00fcr jede Kommune die Populationen an wildlebenden Tieren. Sie werden erstaunt sein, wer so alles nachts in Sehnde zum Jagen unterwegs ist. In der Rubrik \u201eFamilienleben\u201c hat Lisa Otto die M\u00f6glichkeiten der FLUXX Notfallbetreuung f\u00fcr Sie zusammengestellt.\" \/>\n<meta property=\"og:url\" content=\"https:\/\/typisch-region-hannover.de\/index.php\/sehnde\/sehnder-leben-nr-5-vom-26-07-2019\/\" \/>\n<meta property=\"og:site_name\" content=\"Typisch Region Hannover\" \/>\n<meta property=\"article:publisher\" content=\"https:\/\/www.facebook.com\/typischregionhannover\/\" \/>\n<meta property=\"article:modified_time\" content=\"2019-07-25T21:22:45+00:00\" \/>\n<meta property=\"og:image\" content=\"https:\/\/typisch-region-hannover.de\/wp-content\/uploads\/2019\/07\/Sehnderleben05-01.jpeg\" \/>\n<meta name=\"twitter:card\" content=\"summary_large_image\" \/>\n<meta name=\"twitter:label1\" content=\"Gesch\u00e4tzte Lesezeit\" \/>\n\t<meta name=\"twitter:data1\" content=\"8\u00a0Minuten\" \/>\n<script type=\"application\/ld+json\" class=\"yoast-schema-graph\">{\"@context\":\"https:\/\/schema.org\",\"@graph\":[{\"@type\":\"WebPage\",\"@id\":\"https:\/\/typisch-region-hannover.de\/index.php\/sehnde\/sehnder-leben-nr-5-vom-26-07-2019\/\",\"url\":\"https:\/\/typisch-region-hannover.de\/index.php\/sehnde\/sehnder-leben-nr-5-vom-26-07-2019\/\",\"name\":\"Sehnder Leben - Nr.5 vom 26.07.2019 - Typisch Region Hannover\",\"isPartOf\":{\"@id\":\"https:\/\/typisch-region-hannover.de\/#website\"},\"datePublished\":\"2019-07-25T21:07:59+00:00\",\"dateModified\":\"2019-07-25T21:22:45+00:00\",\"description\":\"Sehnde ist nach wie vor auch Bauernland. Das Korn, das gelb auf den Feldern wogte,ist jetzt gr\u00f6\u00dftenteils eingebracht und Reporterin Lisa Otto hat einen Landwirt beid er Ernte begleitet, um sein Alltagsleben kennenzulernen. Landwirt - wirklich kein \u201e9to5-Job\u201c. Den Beruf muss man leben! Wenn es im Mais raschelt, w\u00e4hrend sie daran entlanggehen, dann kann es eine Maus sein, ein Hase, aber auch ein Wildschwein. Doch die gel\u00e4ufigen wildlebenden S\u00e4ugetierarten sind nicht die einzigen, die in den Feldern und W\u00e4ldern Sehndes leben.Das Wildtiermanagement der Landesj\u00e4gerschaft verzeichnet f\u00fcr jede Kommune die Populationen an wildlebenden Tieren. Sie werden erstaunt sein, wer so alles nachts in Sehnde zum Jagen unterwegs ist. In der Rubrik \u201eFamilienleben\u201c hat Lisa Otto die M\u00f6glichkeiten der FLUXX Notfallbetreuung f\u00fcr Sie zusammengestellt.\",\"breadcrumb\":{\"@id\":\"https:\/\/typisch-region-hannover.de\/index.php\/sehnde\/sehnder-leben-nr-5-vom-26-07-2019\/#breadcrumb\"},\"inLanguage\":\"de\",\"potentialAction\":[{\"@type\":\"ReadAction\",\"target\":[\"https:\/\/typisch-region-hannover.de\/index.php\/sehnde\/sehnder-leben-nr-5-vom-26-07-2019\/\"]}]},{\"@type\":\"BreadcrumbList\",\"@id\":\"https:\/\/typisch-region-hannover.de\/index.php\/sehnde\/sehnder-leben-nr-5-vom-26-07-2019\/#breadcrumb\",\"itemListElement\":[{\"@type\":\"ListItem\",\"position\":1,\"name\":\"Home\",\"item\":\"https:\/\/typisch-region-hannover.de\/\"},{\"@type\":\"ListItem\",\"position\":2,\"name\":\"Sehnde\",\"item\":\"https:\/\/typisch-region-hannover.de\/index.php\/sehnde\/\"},{\"@type\":\"ListItem\",\"position\":3,\"name\":\"Sehnder Leben &#8211; Nr.5 vom 26.07.2019\"}]},{\"@type\":\"WebSite\",\"@id\":\"https:\/\/typisch-region-hannover.de\/#website\",\"url\":\"https:\/\/typisch-region-hannover.de\/\",\"name\":\"Typisch Region Hannover\",\"description\":\"Wissenswertes aus unserer Region\",\"potentialAction\":[{\"@type\":\"SearchAction\",\"target\":{\"@type\":\"EntryPoint\",\"urlTemplate\":\"https:\/\/typisch-region-hannover.de\/?s={search_term_string}\"},\"query-input\":\"required name=search_term_string\"}],\"inLanguage\":\"de\"}]}<\/script>\n<!-- \/ Yoast SEO plugin. -->","yoast_head_json":{"title":"Sehnder Leben - Nr.5 vom 26.07.2019 - Typisch Region Hannover","description":"Sehnde ist nach wie vor auch Bauernland. Das Korn, das gelb auf den Feldern wogte,ist jetzt gr\u00f6\u00dftenteils eingebracht und Reporterin Lisa Otto hat einen Landwirt beid er Ernte begleitet, um sein Alltagsleben kennenzulernen. Landwirt - wirklich kein \u201e9to5-Job\u201c. Den Beruf muss man leben! Wenn es im Mais raschelt, w\u00e4hrend sie daran entlanggehen, dann kann es eine Maus sein, ein Hase, aber auch ein Wildschwein. Doch die gel\u00e4ufigen wildlebenden S\u00e4ugetierarten sind nicht die einzigen, die in den Feldern und W\u00e4ldern Sehndes leben.Das Wildtiermanagement der Landesj\u00e4gerschaft verzeichnet f\u00fcr jede Kommune die Populationen an wildlebenden Tieren. Sie werden erstaunt sein, wer so alles nachts in Sehnde zum Jagen unterwegs ist. In der Rubrik \u201eFamilienleben\u201c hat Lisa Otto die M\u00f6glichkeiten der FLUXX Notfallbetreuung f\u00fcr Sie zusammengestellt.","robots":{"index":"index","follow":"follow","max-snippet":"max-snippet:-1","max-image-preview":"max-image-preview:large","max-video-preview":"max-video-preview:-1"},"canonical":"https:\/\/typisch-region-hannover.de\/index.php\/sehnde\/sehnder-leben-nr-5-vom-26-07-2019\/","og_locale":"de_DE","og_type":"article","og_title":"Sehnder Leben - Nr.5 vom 26.07.2019 - Typisch Region Hannover","og_description":"Sehnde ist nach wie vor auch Bauernland. Das Korn, das gelb auf den Feldern wogte,ist jetzt gr\u00f6\u00dftenteils eingebracht und Reporterin Lisa Otto hat einen Landwirt beid er Ernte begleitet, um sein Alltagsleben kennenzulernen. Landwirt - wirklich kein \u201e9to5-Job\u201c. Den Beruf muss man leben! Wenn es im Mais raschelt, w\u00e4hrend sie daran entlanggehen, dann kann es eine Maus sein, ein Hase, aber auch ein Wildschwein. Doch die gel\u00e4ufigen wildlebenden S\u00e4ugetierarten sind nicht die einzigen, die in den Feldern und W\u00e4ldern Sehndes leben.Das Wildtiermanagement der Landesj\u00e4gerschaft verzeichnet f\u00fcr jede Kommune die Populationen an wildlebenden Tieren. Sie werden erstaunt sein, wer so alles nachts in Sehnde zum Jagen unterwegs ist. In der Rubrik \u201eFamilienleben\u201c hat Lisa Otto die M\u00f6glichkeiten der FLUXX Notfallbetreuung f\u00fcr Sie zusammengestellt.","og_url":"https:\/\/typisch-region-hannover.de\/index.php\/sehnde\/sehnder-leben-nr-5-vom-26-07-2019\/","og_site_name":"Typisch Region Hannover","article_publisher":"https:\/\/www.facebook.com\/typischregionhannover\/","article_modified_time":"2019-07-25T21:22:45+00:00","og_image":[{"url":"https:\/\/typisch-region-hannover.de\/wp-content\/uploads\/2019\/07\/Sehnderleben05-01.jpeg"}],"twitter_card":"summary_large_image","twitter_misc":{"Gesch\u00e4tzte Lesezeit":"8\u00a0Minuten"},"schema":{"@context":"https:\/\/schema.org","@graph":[{"@type":"WebPage","@id":"https:\/\/typisch-region-hannover.de\/index.php\/sehnde\/sehnder-leben-nr-5-vom-26-07-2019\/","url":"https:\/\/typisch-region-hannover.de\/index.php\/sehnde\/sehnder-leben-nr-5-vom-26-07-2019\/","name":"Sehnder Leben - Nr.5 vom 26.07.2019 - Typisch Region Hannover","isPartOf":{"@id":"https:\/\/typisch-region-hannover.de\/#website"},"datePublished":"2019-07-25T21:07:59+00:00","dateModified":"2019-07-25T21:22:45+00:00","description":"Sehnde ist nach wie vor auch Bauernland. Das Korn, das gelb auf den Feldern wogte,ist jetzt gr\u00f6\u00dftenteils eingebracht und Reporterin Lisa Otto hat einen Landwirt beid er Ernte begleitet, um sein Alltagsleben kennenzulernen. Landwirt - wirklich kein \u201e9to5-Job\u201c. Den Beruf muss man leben! Wenn es im Mais raschelt, w\u00e4hrend sie daran entlanggehen, dann kann es eine Maus sein, ein Hase, aber auch ein Wildschwein. Doch die gel\u00e4ufigen wildlebenden S\u00e4ugetierarten sind nicht die einzigen, die in den Feldern und W\u00e4ldern Sehndes leben.Das Wildtiermanagement der Landesj\u00e4gerschaft verzeichnet f\u00fcr jede Kommune die Populationen an wildlebenden Tieren. Sie werden erstaunt sein, wer so alles nachts in Sehnde zum Jagen unterwegs ist. In der Rubrik \u201eFamilienleben\u201c hat Lisa Otto die M\u00f6glichkeiten der FLUXX Notfallbetreuung f\u00fcr Sie zusammengestellt.","breadcrumb":{"@id":"https:\/\/typisch-region-hannover.de\/index.php\/sehnde\/sehnder-leben-nr-5-vom-26-07-2019\/#breadcrumb"},"inLanguage":"de","potentialAction":[{"@type":"ReadAction","target":["https:\/\/typisch-region-hannover.de\/index.php\/sehnde\/sehnder-leben-nr-5-vom-26-07-2019\/"]}]},{"@type":"BreadcrumbList","@id":"https:\/\/typisch-region-hannover.de\/index.php\/sehnde\/sehnder-leben-nr-5-vom-26-07-2019\/#breadcrumb","itemListElement":[{"@type":"ListItem","position":1,"name":"Home","item":"https:\/\/typisch-region-hannover.de\/"},{"@type":"ListItem","position":2,"name":"Sehnde","item":"https:\/\/typisch-region-hannover.de\/index.php\/sehnde\/"},{"@type":"ListItem","position":3,"name":"Sehnder Leben &#8211; Nr.5 vom 26.07.2019"}]},{"@type":"WebSite","@id":"https:\/\/typisch-region-hannover.de\/#website","url":"https:\/\/typisch-region-hannover.de\/","name":"Typisch Region Hannover","description":"Wissenswertes aus unserer Region","potentialAction":[{"@type":"SearchAction","target":{"@type":"EntryPoint","urlTemplate":"https:\/\/typisch-region-hannover.de\/?s={search_term_string}"},"query-input":"required name=search_term_string"}],"inLanguage":"de"}]}},"_links":{"self":[{"href":"https:\/\/typisch-region-hannover.de\/index.php\/wp-json\/wp\/v2\/pages\/17424"}],"collection":[{"href":"https:\/\/typisch-region-hannover.de\/index.php\/wp-json\/wp\/v2\/pages"}],"about":[{"href":"https:\/\/typisch-region-hannover.de\/index.php\/wp-json\/wp\/v2\/types\/page"}],"author":[{"embeddable":true,"href":"https:\/\/typisch-region-hannover.de\/index.php\/wp-json\/wp\/v2\/users\/5"}],"replies":[{"embeddable":true,"href":"https:\/\/typisch-region-hannover.de\/index.php\/wp-json\/wp\/v2\/comments?post=17424"}],"version-history":[{"count":0,"href":"https:\/\/typisch-region-hannover.de\/index.php\/wp-json\/wp\/v2\/pages\/17424\/revisions"}],"up":[{"embeddable":true,"href":"https:\/\/typisch-region-hannover.de\/index.php\/wp-json\/wp\/v2\/pages\/11483"}],"wp:attachment":[{"href":"https:\/\/typisch-region-hannover.de\/index.php\/wp-json\/wp\/v2\/media?parent=17424"}],"curies":[{"name":"wp","href":"https:\/\/api.w.org\/{rel}","templated":true}]}}