{"id":17277,"date":"2019-06-27T02:51:57","date_gmt":"2019-06-27T00:51:57","guid":{"rendered":"https:\/\/typisch-region-hannover.de\/?page_id=17277"},"modified":"2019-06-30T08:50:44","modified_gmt":"2019-06-30T06:50:44","slug":"typisch-list-nr-4-vom-27-06-2019","status":"publish","type":"page","link":"https:\/\/typisch-region-hannover.de\/index.php\/list\/typisch-list-nr-4-vom-27-06-2019\/","title":{"rendered":"Typisch List Nr. 4 vom 27.06.2019"},"content":{"rendered":"<div class=\"fusion-title title fusion-title-size-one\" style=\"margin-bottom:10px;\"><h1 class=\"title-heading-left\">Typisch List: Nr. 4 vom 27. 6.2019<br \/>\n<\/h1><div class=\"title-sep-container\"><div class=\"title-sep sep-double sep-solid\"><\/div><\/div><\/div><p>Die Bibliothek, ein neues Wohnquartier, ein Baum-Engel, ein Dornr\u00f6schenbunker und die Geschichte einer Zigarettenfabrik,<br \/>\ndie in der List produzierte und sogar bis nach Italien lieferte:<br \/>\nDiese Lister Geschichten haben wir f\u00fcr Sie in der neuen Ausgabe von \u201eTypisch List\u201c entdeckt. Lesen: es ist f\u00fcr viele von uns<br \/>\nFreizeitfreude, Wissensquelle und einfach unverzichtbar. Der B\u00fccherschrank im Bild oben zeigt, wie niederschwellig man<br \/>\nin der List an das Lesen herangef\u00fchrt werden kann. Zwei inhabergef\u00fchrte Buchhandlungen gibt es in der List &#8211; das ist heute<br \/>\nschon etwas Besonderes! Und dann gibt es im Stadtteil noch die modernste Bibliothek Hannovers.<br \/>\nAuf den Seiten 10 bis 14 finden Sie die M\u00f6glichkeiten, die man dort vorfindet.<\/p>\n<p>In der List wird eigentlich immer gerade etwas Neues gebaut &#8211; an der Constantinstra\u00dfe erh\u00e4lt jenes Areal, das der Stra\u00dfe<br \/>\nihren Namen gab, nun schon die dritte Bebauung seit 1910- Ein weiteres attraktives Wohnquartier entsteht. Erfahren Sie<br \/>\nmehr \u00fcber die Vorg\u00e4ngerbauten und das aktuelle Projekt auf den Seiten 4 bis 7.<br \/>\nDie \u201eCigarettenfabrik Constantin\u201c, die als erstes auf dem Gel\u00e4nde stand hat uns neugierig gemacht. Etwas Forschung<br \/>\nwar n\u00f6tig, um mehr dar\u00fcber zu erfahren. Sie erz\u00e4hlt die fr\u00fche Erfolgsgeschichte eines Zuwanderers aus Griechenland.<br \/>\nAngely Constantin wurde in Hannover zu einem angesehenen Fabrikanten. Auf den Seiten 8 und 9 erz\u00e4hlen wir seine<br \/>\nGeschichte und die der Fabrik.<br \/>\nIn der List begegnen einem \u201ean jeder Ecke\u201c Fotomotive mit kleinen Geschichten dahinter. An der Klopstockstra\u00dfe<br \/>\nleuchtete der Fotografin im Vorbeifahren etwas entgegen, das interessant aussah. Ein Parkplatz war frei &#8211; selten<br \/>\ngenug in der List &#8211; und das schimmernde Metall entpuppte sich als Teil eines Kunstwerkes im Garten der Gethsemanekirche.<br \/>\nWie sch\u00f6n es dort aussieht, sehen Sie auf Seite 15.<br \/>\nUnd schlie\u00dflich fiel uns noch ein alter Hochbunker auf, der hinter dichtem Brombeergeb\u00fcsch an die Geschichte<br \/>\nvon Dornr\u00f6schen erinnert. Auf Seite 16 sehen Sie den alten Klotz, der noch auf eine Nachnutzung wartet.<br \/>\nViel Freude an unseren typischen Lister Geschichten w\u00fcnscht Bettina Reimann, Redaktion<\/p>\n<div class=\"fusion-one-third one_third fusion-layout-column fusion-spacing-yes\" style=\"margin-top:0px;margin-bottom:20px;\"><div class=\"fusion-column-wrapper\"><span class=\"fusion-imageframe imageframe-none imageframe-1 hover-type-zoomin\"><a class=\"fusion-no-lightbox\" href=\"https:\/\/typisch-region-hannover.de\/wp-content\/uploads\/2019\/06\/List04-01.jpg\" target=\"_blank\"> <img src=\"https:\/\/typisch-region-hannover.de\/wp-content\/uploads\/2019\/06\/List04-01.jpg\" alt=\"\" class=\"img-responsive\"\/><\/a><\/span><div class=\"fusion-clearfix\"><\/div><\/div><\/div><div class=\"fusion-one-third one_third fusion-layout-column fusion-spacing-yes\" style=\"margin-top:0px;margin-bottom:20px;\"><div class=\"fusion-column-wrapper\"><span class=\"fusion-imageframe imageframe-none imageframe-2 hover-type-zoomin\"><a class=\"fusion-no-lightbox\" href=\"https:\/\/typisch-region-hannover.de\/wp-content\/uploads\/2019\/06\/List04-02.jpg\" target=\"_blank\"> <img src=\"https:\/\/typisch-region-hannover.de\/wp-content\/uploads\/2019\/06\/List04-02.jpg\" alt=\"\" class=\"img-responsive\"\/><\/a><\/span><div class=\"fusion-clearfix\"><\/div><\/div><\/div><div class=\"fusion-one-third one_third fusion-layout-column fusion-column-last fusion-spacing-yes\" style=\"margin-top:0px;margin-bottom:20px;\"><div class=\"fusion-column-wrapper\"><span class=\"fusion-imageframe imageframe-none imageframe-3 hover-type-zoomin\"><a class=\"fusion-no-lightbox\" href=\"https:\/\/typisch-region-hannover.de\/wp-content\/uploads\/2019\/06\/List04-03.jpg\" target=\"_blank\"> <img src=\"https:\/\/typisch-region-hannover.de\/wp-content\/uploads\/2019\/06\/List04-03.jpg\" alt=\"\" class=\"img-responsive\"\/><\/a><\/span><div class=\"fusion-clearfix\"><\/div><\/div><\/div><div class=\"fusion-clearfix\"><\/div><div class=\"fusion-one-third one_third fusion-layout-column fusion-spacing-yes\" style=\"margin-top:0px;margin-bottom:20px;\"><div class=\"fusion-column-wrapper\"><span class=\"fusion-imageframe imageframe-none imageframe-4 hover-type-zoomin\"><a class=\"fusion-no-lightbox\" href=\"https:\/\/typisch-region-hannover.de\/wp-content\/uploads\/2018\/06\/List04-04.jpg\" target=\"_blank\"> <img src=\"https:\/\/typisch-region-hannover.de\/wp-content\/uploads\/2019\/06\/List04-04.jpg\" alt=\"\" class=\"img-responsive\"\/><\/a><\/span><div class=\"fusion-clearfix\"><\/div><\/div><\/div><div class=\"fusion-one-third one_third fusion-layout-column fusion-spacing-yes\" style=\"margin-top:0px;margin-bottom:20px;\"><div class=\"fusion-column-wrapper\"><span class=\"fusion-imageframe imageframe-none imageframe-5 hover-type-zoomin\"><a class=\"fusion-no-lightbox\" href=\"https:\/\/typisch-region-hannover.de\/wp-content\/uploads\/2019\/06\/List04-05.jpg\" target=\"_blank\"> <img src=\"https:\/\/typisch-region-hannover.de\/wp-content\/uploads\/2019\/06\/List04-05.jpg\" alt=\"\" class=\"img-responsive\"\/><\/a><\/span><div class=\"fusion-clearfix\"><\/div><\/div><\/div><div class=\"fusion-one-third one_third fusion-layout-column fusion-column-last fusion-spacing-yes\" style=\"margin-top:0px;margin-bottom:20px;\"><div class=\"fusion-column-wrapper\"><span class=\"fusion-imageframe imageframe-none imageframe-6 hover-type-zoomin\"><a class=\"fusion-no-lightbox\" href=\"https:\/\/typisch-region-hannover.de\/wp-content\/uploads\/2019\/06\/List04-06.jpg\" target=\"_blank\"> <img src=\"https:\/\/typisch-region-hannover.de\/wp-content\/uploads\/2019\/06\/List04-06.jpg\" alt=\"\" class=\"img-responsive\"\/><\/a><\/span><div class=\"fusion-clearfix\"><\/div><\/div><\/div><div class=\"fusion-clearfix\"><\/div><div class=\"fusion-one-third one_third fusion-layout-column fusion-spacing-yes\" style=\"margin-top:0px;margin-bottom:20px;\"><div class=\"fusion-column-wrapper\"><span class=\"fusion-imageframe imageframe-none imageframe-7 hover-type-zoomin\"><a class=\"fusion-no-lightbox\" href=\"https:\/\/typisch-region-hannover.de\/wp-content\/uploads\/2019\/06\/List04-07.jpg\" target=\"_blank\"> <img src=\"https:\/\/typisch-region-hannover.de\/wp-content\/uploads\/2019\/06\/List04-07.jpg\" alt=\"\" class=\"img-responsive\"\/><\/a><\/span><div class=\"fusion-clearfix\"><\/div><\/div><\/div><div class=\"fusion-one-third one_third fusion-layout-column fusion-spacing-yes\" style=\"margin-top:0px;margin-bottom:20px;\"><div class=\"fusion-column-wrapper\"><span class=\"fusion-imageframe imageframe-none imageframe-8 hover-type-zoomin\"><a class=\"fusion-no-lightbox\" href=\"https:\/\/typisch-region-hannover.de\/wp-content\/uploads\/2019\/06\/List04-08-09.jpg\" target=\"_blank\"> <img src=\"https:\/\/typisch-region-hannover.de\/wp-content\/uploads\/2019\/06\/List04-08-09.jpg\" alt=\"\" class=\"img-responsive\"\/><\/a><\/span><div class=\"fusion-clearfix\"><\/div><\/div><\/div><div class=\"fusion-one-third one_third fusion-layout-column fusion-column-last fusion-spacing-yes\" style=\"margin-top:0px;margin-bottom:20px;\"><div class=\"fusion-column-wrapper\"><span class=\"fusion-imageframe imageframe-none imageframe-9 hover-type-zoomin\"><a class=\"fusion-no-lightbox\" href=\"https:\/\/typisch-region-hannover.de\/wp-content\/uploads\/2019\/06\/List04-10.jpg\" target=\"_blank\"> <img src=\"https:\/\/typisch-region-hannover.de\/wp-content\/uploads\/2019\/06\/List04-10.jpg\" alt=\"\" class=\"img-responsive\"\/><\/a><\/span><div class=\"fusion-clearfix\"><\/div><\/div><\/div><div class=\"fusion-clearfix\"><\/div><div class=\"fusion-one-third one_third fusion-layout-column fusion-spacing-yes\" style=\"margin-top:0px;margin-bottom:20px;\"><div class=\"fusion-column-wrapper\"><span class=\"fusion-imageframe imageframe-none imageframe-10 hover-type-zoomin\"><a class=\"fusion-no-lightbox\" href=\"https:\/\/typisch-region-hannover.de\/wp-content\/uploads\/2019\/06\/List04-11.jpg\" target=\"_blank\"> <img src=\"https:\/\/typisch-region-hannover.de\/wp-content\/uploads\/2019\/06\/List04-11.jpg\" alt=\"\" class=\"img-responsive\"\/><\/a><\/span><div class=\"fusion-clearfix\"><\/div><\/div><\/div><div class=\"fusion-one-third one_third fusion-layout-column fusion-spacing-yes\" style=\"margin-top:0px;margin-bottom:20px;\"><div class=\"fusion-column-wrapper\"><span class=\"fusion-imageframe imageframe-none imageframe-11 hover-type-zoomin\"><a class=\"fusion-no-lightbox\" href=\"https:\/\/typisch-region-hannover.de\/wp-content\/uploads\/2019\/06\/List04-12.jpg\" target=\"_blank\"> <img src=\"https:\/\/typisch-region-hannover.de\/wp-content\/uploads\/2019\/06\/List04-12.jpg\" alt=\"\" class=\"img-responsive\"\/><\/a><\/span><div class=\"fusion-clearfix\"><\/div><\/div><\/div><div class=\"fusion-one-third one_third fusion-layout-column fusion-column-last fusion-spacing-yes\" style=\"margin-top:0px;margin-bottom:20px;\"><div class=\"fusion-column-wrapper\"><span class=\"fusion-imageframe imageframe-none imageframe-12 hover-type-zoomin\"><a class=\"fusion-no-lightbox\" href=\"https:\/\/typisch-region-hannover.de\/wp-content\/uploads\/2019\/06\/List04-13.jpg\" target=\"_blank\"> <img src=\"https:\/\/typisch-region-hannover.de\/wp-content\/uploads\/2019\/06\/List04-13.jpg\" alt=\"\" class=\"img-responsive\"\/><\/a><\/span><div class=\"fusion-clearfix\"><\/div><\/div><\/div><div class=\"fusion-clearfix\"><\/div><div class=\"fusion-one-third one_third fusion-layout-column fusion-spacing-yes\" style=\"margin-top:0px;margin-bottom:20px;\"><div class=\"fusion-column-wrapper\"><span class=\"fusion-imageframe imageframe-none imageframe-13 hover-type-zoomin\"><a class=\"fusion-no-lightbox\" href=\"https:\/\/typisch-region-hannover.de\/wp-content\/uploads\/2019\/06\/List04-14.jpg\" target=\"_blank\"> <img src=\"https:\/\/typisch-region-hannover.de\/wp-content\/uploads\/2019\/06\/List04-14.jpg\" alt=\"\" class=\"img-responsive\"\/><\/a><\/span><div class=\"fusion-clearfix\"><\/div><\/div><\/div><div class=\"fusion-one-third one_third fusion-layout-column fusion-spacing-yes\" style=\"margin-top:0px;margin-bottom:20px;\"><div class=\"fusion-column-wrapper\"><span class=\"fusion-imageframe imageframe-none imageframe-14 hover-type-zoomin\"><a class=\"fusion-no-lightbox\" href=\"https:\/\/typisch-region-hannover.de\/wp-content\/uploads\/2019\/06\/List04-15.jpg\" target=\"_blank\"> <img src=\"https:\/\/typisch-region-hannover.de\/wp-content\/uploads\/2019\/06\/List04-15.jpg\" alt=\"\" class=\"img-responsive\"\/><\/a><\/span><div class=\"fusion-clearfix\"><\/div><\/div><\/div><div class=\"fusion-one-third one_third fusion-layout-column fusion-column-last fusion-spacing-yes\" style=\"margin-top:0px;margin-bottom:20px;\"><div class=\"fusion-column-wrapper\"><span class=\"fusion-imageframe imageframe-none imageframe-15 hover-type-zoomin\"><a class=\"fusion-no-lightbox\" href=\"https:\/\/typisch-region-hannover.de\/wp-content\/uploads\/2019\/06\/List04-16.jpg\" target=\"_blank\"> <img src=\"https:\/\/typisch-region-hannover.de\/wp-content\/uploads\/2019\/06\/List04-16.jpg\" alt=\"\" class=\"img-responsive\"\/><\/a><\/span><div class=\"fusion-clearfix\"><\/div><\/div><\/div><div class=\"fusion-clearfix\"><\/div>\n","protected":false},"excerpt":{"rendered":"","protected":false},"author":5,"featured_media":0,"parent":13893,"menu_order":0,"comment_status":"closed","ping_status":"closed","template":"","meta":[],"yoast_head":"<!-- This site is optimized with the Yoast SEO plugin v19.10 - https:\/\/yoast.com\/wordpress\/plugins\/seo\/ -->\n<title>Typisch List Nr. 4 vom 27.06.2019 - Typisch Region Hannover<\/title>\n<meta name=\"robots\" content=\"index, follow, max-snippet:-1, max-image-preview:large, max-video-preview:-1\" \/>\n<link rel=\"canonical\" href=\"https:\/\/typisch-region-hannover.de\/index.php\/list\/typisch-list-nr-4-vom-27-06-2019\/\" \/>\n<meta property=\"og:locale\" content=\"de_DE\" \/>\n<meta property=\"og:type\" content=\"article\" \/>\n<meta property=\"og:title\" content=\"Typisch List Nr. 4 vom 27.06.2019 - Typisch Region Hannover\" \/>\n<meta property=\"og:url\" content=\"https:\/\/typisch-region-hannover.de\/index.php\/list\/typisch-list-nr-4-vom-27-06-2019\/\" \/>\n<meta property=\"og:site_name\" content=\"Typisch Region Hannover\" \/>\n<meta property=\"article:publisher\" content=\"https:\/\/www.facebook.com\/typischregionhannover\/\" \/>\n<meta property=\"article:modified_time\" content=\"2019-06-30T06:50:44+00:00\" \/>\n<meta property=\"og:image\" content=\"https:\/\/typisch-region-hannover.de\/wp-content\/uploads\/2019\/06\/List04-01.jpg\" \/>\n<meta name=\"twitter:card\" content=\"summary_large_image\" \/>\n<meta name=\"twitter:label1\" content=\"Gesch\u00e4tzte Lesezeit\" \/>\n\t<meta name=\"twitter:data1\" content=\"9\u00a0Minuten\" \/>\n<script type=\"application\/ld+json\" class=\"yoast-schema-graph\">{\"@context\":\"https:\/\/schema.org\",\"@graph\":[{\"@type\":\"WebPage\",\"@id\":\"https:\/\/typisch-region-hannover.de\/index.php\/list\/typisch-list-nr-4-vom-27-06-2019\/\",\"url\":\"https:\/\/typisch-region-hannover.de\/index.php\/list\/typisch-list-nr-4-vom-27-06-2019\/\",\"name\":\"Typisch List Nr. 4 vom 27.06.2019 - Typisch Region Hannover\",\"isPartOf\":{\"@id\":\"https:\/\/typisch-region-hannover.de\/#website\"},\"datePublished\":\"2019-06-27T00:51:57+00:00\",\"dateModified\":\"2019-06-30T06:50:44+00:00\",\"breadcrumb\":{\"@id\":\"https:\/\/typisch-region-hannover.de\/index.php\/list\/typisch-list-nr-4-vom-27-06-2019\/#breadcrumb\"},\"inLanguage\":\"de\",\"potentialAction\":[{\"@type\":\"ReadAction\",\"target\":[\"https:\/\/typisch-region-hannover.de\/index.php\/list\/typisch-list-nr-4-vom-27-06-2019\/\"]}]},{\"@type\":\"BreadcrumbList\",\"@id\":\"https:\/\/typisch-region-hannover.de\/index.php\/list\/typisch-list-nr-4-vom-27-06-2019\/#breadcrumb\",\"itemListElement\":[{\"@type\":\"ListItem\",\"position\":1,\"name\":\"Home\",\"item\":\"https:\/\/typisch-region-hannover.de\/\"},{\"@type\":\"ListItem\",\"position\":2,\"name\":\"List\",\"item\":\"https:\/\/typisch-region-hannover.de\/index.php\/list\/\"},{\"@type\":\"ListItem\",\"position\":3,\"name\":\"Typisch List Nr. 4 vom 27.06.2019\"}]},{\"@type\":\"WebSite\",\"@id\":\"https:\/\/typisch-region-hannover.de\/#website\",\"url\":\"https:\/\/typisch-region-hannover.de\/\",\"name\":\"Typisch Region Hannover\",\"description\":\"Wissenswertes aus unserer Region\",\"potentialAction\":[{\"@type\":\"SearchAction\",\"target\":{\"@type\":\"EntryPoint\",\"urlTemplate\":\"https:\/\/typisch-region-hannover.de\/?s={search_term_string}\"},\"query-input\":\"required name=search_term_string\"}],\"inLanguage\":\"de\"}]}<\/script>\n<!-- \/ Yoast SEO plugin. -->","yoast_head_json":{"title":"Typisch List Nr. 4 vom 27.06.2019 - Typisch Region Hannover","robots":{"index":"index","follow":"follow","max-snippet":"max-snippet:-1","max-image-preview":"max-image-preview:large","max-video-preview":"max-video-preview:-1"},"canonical":"https:\/\/typisch-region-hannover.de\/index.php\/list\/typisch-list-nr-4-vom-27-06-2019\/","og_locale":"de_DE","og_type":"article","og_title":"Typisch List Nr. 4 vom 27.06.2019 - Typisch Region Hannover","og_url":"https:\/\/typisch-region-hannover.de\/index.php\/list\/typisch-list-nr-4-vom-27-06-2019\/","og_site_name":"Typisch Region Hannover","article_publisher":"https:\/\/www.facebook.com\/typischregionhannover\/","article_modified_time":"2019-06-30T06:50:44+00:00","og_image":[{"url":"https:\/\/typisch-region-hannover.de\/wp-content\/uploads\/2019\/06\/List04-01.jpg"}],"twitter_card":"summary_large_image","twitter_misc":{"Gesch\u00e4tzte Lesezeit":"9\u00a0Minuten"},"schema":{"@context":"https:\/\/schema.org","@graph":[{"@type":"WebPage","@id":"https:\/\/typisch-region-hannover.de\/index.php\/list\/typisch-list-nr-4-vom-27-06-2019\/","url":"https:\/\/typisch-region-hannover.de\/index.php\/list\/typisch-list-nr-4-vom-27-06-2019\/","name":"Typisch List Nr. 4 vom 27.06.2019 - Typisch Region Hannover","isPartOf":{"@id":"https:\/\/typisch-region-hannover.de\/#website"},"datePublished":"2019-06-27T00:51:57+00:00","dateModified":"2019-06-30T06:50:44+00:00","breadcrumb":{"@id":"https:\/\/typisch-region-hannover.de\/index.php\/list\/typisch-list-nr-4-vom-27-06-2019\/#breadcrumb"},"inLanguage":"de","potentialAction":[{"@type":"ReadAction","target":["https:\/\/typisch-region-hannover.de\/index.php\/list\/typisch-list-nr-4-vom-27-06-2019\/"]}]},{"@type":"BreadcrumbList","@id":"https:\/\/typisch-region-hannover.de\/index.php\/list\/typisch-list-nr-4-vom-27-06-2019\/#breadcrumb","itemListElement":[{"@type":"ListItem","position":1,"name":"Home","item":"https:\/\/typisch-region-hannover.de\/"},{"@type":"ListItem","position":2,"name":"List","item":"https:\/\/typisch-region-hannover.de\/index.php\/list\/"},{"@type":"ListItem","position":3,"name":"Typisch List Nr. 4 vom 27.06.2019"}]},{"@type":"WebSite","@id":"https:\/\/typisch-region-hannover.de\/#website","url":"https:\/\/typisch-region-hannover.de\/","name":"Typisch Region Hannover","description":"Wissenswertes aus unserer Region","potentialAction":[{"@type":"SearchAction","target":{"@type":"EntryPoint","urlTemplate":"https:\/\/typisch-region-hannover.de\/?s={search_term_string}"},"query-input":"required name=search_term_string"}],"inLanguage":"de"}]}},"_links":{"self":[{"href":"https:\/\/typisch-region-hannover.de\/index.php\/wp-json\/wp\/v2\/pages\/17277"}],"collection":[{"href":"https:\/\/typisch-region-hannover.de\/index.php\/wp-json\/wp\/v2\/pages"}],"about":[{"href":"https:\/\/typisch-region-hannover.de\/index.php\/wp-json\/wp\/v2\/types\/page"}],"author":[{"embeddable":true,"href":"https:\/\/typisch-region-hannover.de\/index.php\/wp-json\/wp\/v2\/users\/5"}],"replies":[{"embeddable":true,"href":"https:\/\/typisch-region-hannover.de\/index.php\/wp-json\/wp\/v2\/comments?post=17277"}],"version-history":[{"count":0,"href":"https:\/\/typisch-region-hannover.de\/index.php\/wp-json\/wp\/v2\/pages\/17277\/revisions"}],"up":[{"embeddable":true,"href":"https:\/\/typisch-region-hannover.de\/index.php\/wp-json\/wp\/v2\/pages\/13893"}],"wp:attachment":[{"href":"https:\/\/typisch-region-hannover.de\/index.php\/wp-json\/wp\/v2\/media?parent=17277"}],"curies":[{"name":"wp","href":"https:\/\/api.w.org\/{rel}","templated":true}]}}