{"id":16880,"date":"2019-04-12T01:10:03","date_gmt":"2019-04-11T23:10:03","guid":{"rendered":"https:\/\/typisch-region-hannover.de\/?page_id=16880"},"modified":"2019-04-29T01:09:41","modified_gmt":"2019-04-28T23:09:41","slug":"typisch-langenhagen-15-vom-12-04-2019","status":"publish","type":"page","link":"https:\/\/typisch-region-hannover.de\/index.php\/langenhagen\/typisch-langenhagen-15-vom-12-04-2019\/","title":{"rendered":"Typisch Langenhagen 15 vom 12.04.2019"},"content":{"rendered":"<div class=\"fusion-title title fusion-title-size-one\" style=\"margin-bottom:10px;\"><h1 class=\"title-heading-left\">Typisch Langenhagen: Nr. 15 vom 12.04.2019<br \/>\n<\/h1><div class=\"title-sep-container\"><div class=\"title-sep sep-double sep-solid\"><\/div><\/div><\/div><p>Langenhagen feiert 60 Jahre Stadtrechte &#8211; und gerade vor zwei Wochen haben wir in unserem gemeinsamen<br \/>\nStadtgeburtstagsmagazin von HAZ, NP und Langenhagener Echo etwas Wichtiges herausgefunden: die Langenhagener und<br \/>\nLangenhagenerinnen m\u00f6gen ihre Stadt wirklich, leben gern und aus \u00dcberzeugung hier. Immer wieder als Pluspunkt genannt:<br \/>\ndas CCL, in dem man \u201ealles kriegt\u201c. Grund genug, mit einem \u00f6sterlichen Sonderteil das City Center noch einmal besonders vorzustellen.<\/p>\n<p>Ostern naht und damit ist es Zeit, Sie mit den wichtigsten Terminen zum Osterfest zu versorgen. Ostergottesdienste, Osterfeuer<br \/>\nund mehr haben wir f\u00fcr Sie zusammengestellt. Au\u00dferdem waren wir f\u00fcr Sie rund um Kananohe unterwegs und haben Au\u00dfergew\u00f6hnliches<br \/>\nentdeckt: ein \u201eLost Place\u201c in einem W\u00e4ldchen hat sich als gar nicht so einfach zu recherchieren erwiesen. Viel Beton im Wald,<br \/>\nlanggezogene Gr\u00e4ben, dicke abgesprengte Betonst\u00fccke: was mag das einmal gewesen sein? Das Ergebnis unserer Spurensuche finden<br \/>\nSie auf den Seiten 21 bis 23.<\/p>\n<p>Wussten Sie, dass, ebenfalls bei Kananohe, ein Fluss entspringt, der nach 28 Kilometern L\u00e4nge und der Durchquerung mehrerer<br \/>\nGemeinden, bei Wunstorf in die Leine flie\u00dft? Die Auter wird ganz unscheinbar in einem Graben \u201egeboren\u201c und ist in Langenhagen<br \/>\nweitgehend unbekannt. Wir zeigen Ihnen die Quelle &#8211; und wie imposant das Flie\u00dfgew\u00e4sser aussieht, wenn es m\u00fcndet. Lesen Sie dazu<br \/>\ndie Seiten 19 und 20.<br \/>\nNun w\u00fcnschen wir Ihnen noch eine fr\u00f6hliche Fr\u00fchlingszeit, gesegnete<br \/>\nOstertage und viel Freude an unserem neuen Magazin!<\/p>\n<div class=\"fusion-one-third one_third fusion-layout-column fusion-spacing-yes\" style=\"margin-top:0px;margin-bottom:20px;\"><div class=\"fusion-column-wrapper\"><span class=\"fusion-imageframe imageframe-none imageframe-1 hover-type-zoomin\"><a class=\"fusion-no-lightbox\" href=\"https:\/\/typisch-region-hannover.de\/wp-content\/uploads\/2019\/04\/Langenhagen15-01.jpg\" target=\"_blank\"> <img alt=\"\" src=\"https:\/\/typisch-region-hannover.de\/wp-content\/uploads\/2019\/04\/Langenhagen15-01.jpg\" class=\"img-responsive\"\/><\/a><\/span><div class=\"fusion-clearfix\"><\/div><\/div><\/div><div class=\"fusion-one-third one_third fusion-layout-column fusion-spacing-yes\" style=\"margin-top:0px;margin-bottom:20px;\"><div class=\"fusion-column-wrapper\"><span class=\"fusion-imageframe imageframe-none imageframe-2 hover-type-zoomin\"><a class=\"fusion-no-lightbox\" href=\"https:\/\/typisch-region-hannover.de\/wp-content\/uploads\/2019\/04\/Langenhagen15-02.jpg\" target=\"_blank\"> <img alt=\"\" src=\"https:\/\/typisch-region-hannover.de\/wp-content\/uploads\/2019\/04\/Langenhagen15-02.jpg\" class=\"img-responsive\"\/><\/a><\/span><div class=\"fusion-clearfix\"><\/div><\/div><\/div><div class=\"fusion-one-third one_third fusion-layout-column fusion-column-last fusion-spacing-yes\" style=\"margin-top:0px;margin-bottom:20px;\"><div class=\"fusion-column-wrapper\"><span class=\"fusion-imageframe imageframe-none imageframe-3 hover-type-zoomin\"><a class=\"fusion-no-lightbox\" href=\"https:\/\/typisch-region-hannover.de\/wp-content\/uploads\/2019\/04\/Langenhagen15-03.jpg\" target=\"_blank\"> <img alt=\"\" src=\"https:\/\/typisch-region-hannover.de\/wp-content\/uploads\/2019\/04\/Langenhagen15-03.jpg\" class=\"img-responsive\"\/><\/a><\/span><div class=\"fusion-clearfix\"><\/div><\/div><\/div><div class=\"fusion-clearfix\"><\/div><div class=\"fusion-one-third one_third fusion-layout-column fusion-spacing-yes\" style=\"margin-top:0px;margin-bottom:20px;\"><div class=\"fusion-column-wrapper\"><span class=\"fusion-imageframe imageframe-none imageframe-4 hover-type-zoomin\"><a class=\"fusion-no-lightbox\" href=\"https:\/\/typisch-region-hannover.de\/wp-content\/uploads\/2019\/04\/Langenhagen15-04.jpg\" target=\"_blank\"> <img alt=\"\" src=\"https:\/\/typisch-region-hannover.de\/wp-content\/uploads\/2019\/04\/Langenhagen15-04.jpg\" class=\"img-responsive\"\/><\/a><\/span><div class=\"fusion-clearfix\"><\/div><\/div><\/div><div class=\"fusion-one-third one_third fusion-layout-column fusion-spacing-yes\" style=\"margin-top:0px;margin-bottom:20px;\"><div class=\"fusion-column-wrapper\"><span class=\"fusion-imageframe imageframe-none imageframe-5 hover-type-zoomin\"><a class=\"fusion-no-lightbox\" href=\"https:\/\/typisch-region-hannover.de\/wp-content\/uploads\/2019\/04\/Langenhagen15-05.jpg\" target=\"_blank\"> <img alt=\"\" src=\"https:\/\/typisch-region-hannover.de\/wp-content\/uploads\/2019\/04\/Langenhagen15-05.jpg\" class=\"img-responsive\"\/><\/a><\/span><div class=\"fusion-clearfix\"><\/div><\/div><\/div><div class=\"fusion-one-third one_third fusion-layout-column fusion-column-last fusion-spacing-yes\" style=\"margin-top:0px;margin-bottom:20px;\"><div class=\"fusion-column-wrapper\"><span class=\"fusion-imageframe imageframe-none imageframe-6 hover-type-zoomin\"><a class=\"fusion-no-lightbox\" href=\"https:\/\/typisch-region-hannover.de\/wp-content\/uploads\/2019\/04\/Langenhagen15-06.jpg\" target=\"_blank\"> <img alt=\"\" src=\"https:\/\/typisch-region-hannover.de\/wp-content\/uploads\/2019\/04\/Langenhagen15-06.jpg\" class=\"img-responsive\"\/><\/a><\/span><div class=\"fusion-clearfix\"><\/div><\/div><\/div><div class=\"fusion-clearfix\"><\/div><div class=\"fusion-one-third one_third fusion-layout-column fusion-spacing-yes\" style=\"margin-top:0px;margin-bottom:20px;\"><div class=\"fusion-column-wrapper\"><span style=\"border:1px solid #ffffff;\" class=\"fusion-imageframe imageframe-none imageframe-7 hover-type-zoomin\"><a class=\"fusion-no-lightbox\" href=\"https:\/\/typisch-region-hannover.de\/wp-content\/uploads\/2019\/04\/Langenhagen15-07.jpg\" target=\"_blank\"> <img alt=\"\" src=\"https:\/\/typisch-region-hannover.de\/wp-content\/uploads\/2019\/04\/Langenhagen15-07.jpg\" class=\"img-responsive\"\/><\/a><\/span><div class=\"fusion-clearfix\"><\/div><\/div><\/div><div class=\"fusion-one-third one_third fusion-layout-column fusion-spacing-yes\" style=\"margin-top:0px;margin-bottom:20px;\"><div class=\"fusion-column-wrapper\"><span class=\"fusion-imageframe imageframe-none imageframe-8 hover-type-zoomin\"><a class=\"fusion-no-lightbox\" href=\"https:\/\/typisch-region-hannover.de\/wp-content\/uploads\/2019\/04\/Langenhagen15-08.jpg\" target=\"_blank\"> <img alt=\"\" src=\"https:\/\/typisch-region-hannover.de\/wp-content\/uploads\/2019\/04\/Langenhagen15-08.jpg\" class=\"img-responsive\"\/><\/a><\/span><div class=\"fusion-clearfix\"><\/div><\/div><\/div><div class=\"fusion-one-third one_third fusion-layout-column fusion-column-last fusion-spacing-yes\" style=\"margin-top:0px;margin-bottom:20px;\"><div class=\"fusion-column-wrapper\"><span class=\"fusion-imageframe imageframe-none imageframe-9 hover-type-zoomin\"><a class=\"fusion-no-lightbox\" href=\"https:\/\/typisch-region-hannover.de\/wp-content\/uploads\/2019\/04\/Langenhagen15-09.jpg\" target=\"_blank\"> <img alt=\"\" src=\"https:\/\/typisch-region-hannover.de\/wp-content\/uploads\/2019\/04\/Langenhagen15-09.jpg\" class=\"img-responsive\"\/><\/a><\/span><div class=\"fusion-clearfix\"><\/div><\/div><\/div><div class=\"fusion-clearfix\"><\/div><div class=\"fusion-one-third one_third fusion-layout-column fusion-spacing-yes\" style=\"margin-top:0px;margin-bottom:20px;\"><div class=\"fusion-column-wrapper\"><span class=\"fusion-imageframe imageframe-none imageframe-10 hover-type-zoomin\"><a class=\"fusion-no-lightbox\" href=\"https:\/\/typisch-region-hannover.de\/wp-content\/uploads\/2019\/04\/Langenhagen15-10.jpg\" target=\"_blank\"> <img alt=\"\" src=\"https:\/\/typisch-region-hannover.de\/wp-content\/uploads\/2019\/04\/Langenhagen15-10.jpg\" class=\"img-responsive\"\/><\/a><\/span><div class=\"fusion-clearfix\"><\/div><\/div><\/div><div class=\"fusion-one-third one_third fusion-layout-column fusion-spacing-yes\" style=\"margin-top:0px;margin-bottom:20px;\"><div class=\"fusion-column-wrapper\"><span class=\"fusion-imageframe imageframe-none imageframe-11 hover-type-zoomin\"><a class=\"fusion-no-lightbox\" href=\"https:\/\/typisch-region-hannover.de\/wp-content\/uploads\/2019\/04\/Langenhagen15-11.jpg\" target=\"_blank\"> <img alt=\"\" src=\"https:\/\/typisch-region-hannover.de\/wp-content\/uploads\/2019\/04\/Langenhagen15-11-1.jpg\" class=\"img-responsive\"\/><\/a><\/span><div class=\"fusion-clearfix\"><\/div><\/div><\/div><div class=\"fusion-one-third one_third fusion-layout-column fusion-column-last fusion-spacing-yes\" style=\"margin-top:0px;margin-bottom:20px;\"><div class=\"fusion-column-wrapper\"><span class=\"fusion-imageframe imageframe-none imageframe-12 hover-type-zoomin\"><a class=\"fusion-no-lightbox\" href=\"https:\/\/typisch-region-hannover.de\/wp-content\/uploads\/2019\/04\/Langenhagen15-12-13.jpg\" target=\"_blank\"> <img alt=\"\" src=\"https:\/\/typisch-region-hannover.de\/wp-content\/uploads\/2019\/04\/Langenhagen15-12-13-1.jpg\" class=\"img-responsive\"\/><\/a><\/span><div class=\"fusion-clearfix\"><\/div><\/div><\/div><div class=\"fusion-clearfix\"><\/div><div class=\"fusion-one-third one_third fusion-layout-column fusion-spacing-yes\" style=\"margin-top:0px;margin-bottom:20px;\"><div class=\"fusion-column-wrapper\"><span class=\"fusion-imageframe imageframe-none imageframe-13 hover-type-zoomin\"><a class=\"fusion-no-lightbox\" href=\"https:\/\/typisch-region-hannover.de\/wp-content\/uploads\/2019\/04\/Langenhagen15-14.jpg\" target=\"_blank\"> <img alt=\"\" src=\"https:\/\/typisch-region-hannover.de\/wp-content\/uploads\/2019\/04\/Langenhagen15-14-1.jpg\" class=\"img-responsive\"\/><\/a><\/span><div class=\"fusion-clearfix\"><\/div><\/div><\/div><div class=\"fusion-one-third one_third fusion-layout-column fusion-spacing-yes\" style=\"margin-top:0px;margin-bottom:20px;\"><div class=\"fusion-column-wrapper\"><span class=\"fusion-imageframe imageframe-none imageframe-14 hover-type-zoomin\"><a class=\"fusion-no-lightbox\" href=\"https:\/\/typisch-region-hannover.de\/wp-content\/uploads\/2019\/04\/Langenhagen15-15.jpg\" target=\"_blank\"> <img alt=\"\" src=\"https:\/\/typisch-region-hannover.de\/wp-content\/uploads\/2019\/04\/Langenhagen15-15-1.jpg\" class=\"img-responsive\"\/><\/a><\/span><div class=\"fusion-clearfix\"><\/div><\/div><\/div><div class=\"fusion-one-third one_third fusion-layout-column fusion-column-last fusion-spacing-yes\" style=\"margin-top:0px;margin-bottom:20px;\"><div class=\"fusion-column-wrapper\"><span class=\"fusion-imageframe imageframe-none imageframe-15 hover-type-zoomin\"><a class=\"fusion-no-lightbox\" href=\"https:\/\/typisch-region-hannover.de\/wp-content\/uploads\/2019\/04\/Langenhagen15-16.jpg\" target=\"_blank\"> <img alt=\"\" src=\"https:\/\/typisch-region-hannover.de\/wp-content\/uploads\/2019\/04\/Langenhagen15-16.jpg\" class=\"img-responsive\"\/><\/a><\/span><div class=\"fusion-clearfix\"><\/div><\/div><\/div><div class=\"fusion-clearfix\"><\/div><div class=\"fusion-one-third one_third fusion-layout-column fusion-spacing-yes\" style=\"margin-top:0px;margin-bottom:20px;\"><div class=\"fusion-column-wrapper\"><span class=\"fusion-imageframe imageframe-none imageframe-16 hover-type-zoomin\"><a class=\"fusion-no-lightbox\" href=\"https:\/\/typisch-region-hannover.de\/wp-content\/uploads\/2019\/04\/Langenhagen15-17.jpg\" target=\"_blank\"> <img alt=\"\" src=\"https:\/\/typisch-region-hannover.de\/wp-content\/uploads\/2019\/04\/Langenhagen15-17.jpg\" class=\"img-responsive\"\/><\/a><\/span><div class=\"fusion-clearfix\"><\/div><\/div><\/div><div class=\"fusion-one-third one_third fusion-layout-column fusion-spacing-yes\" style=\"margin-top:0px;margin-bottom:20px;\"><div class=\"fusion-column-wrapper\"><span class=\"fusion-imageframe imageframe-none imageframe-17 hover-type-zoomin\"><a class=\"fusion-no-lightbox\" href=\"https:\/\/typisch-region-hannover.de\/wp-content\/uploads\/2019\/04\/Langenhagen15-18.jpg\" target=\"_blank\"> <img alt=\"\" src=\"https:\/\/typisch-region-hannover.de\/wp-content\/uploads\/2019\/04\/Langenhagen15-18.jpg\" class=\"img-responsive\"\/><\/a><\/span><div class=\"fusion-clearfix\"><\/div><\/div><\/div><div class=\"fusion-one-third one_third fusion-layout-column fusion-column-last fusion-spacing-yes\" style=\"margin-top:0px;margin-bottom:20px;\"><div class=\"fusion-column-wrapper\"><span class=\"fusion-imageframe imageframe-none imageframe-18 hover-type-zoomin\"><a class=\"fusion-no-lightbox\" href=\"https:\/\/typisch-region-hannover.de\/wp-content\/uploads\/2019\/04\/Langenhagen15-19.jpg\" target=\"_blank\"> <img alt=\"\" src=\"https:\/\/typisch-region-hannover.de\/wp-content\/uploads\/2019\/04\/Langenhagen15-19.jpg\" class=\"img-responsive\"\/><\/a><\/span><div class=\"fusion-clearfix\"><\/div><\/div><\/div><div class=\"fusion-clearfix\"><\/div><div class=\"fusion-one-third one_third fusion-layout-column fusion-spacing-yes\" style=\"margin-top:0px;margin-bottom:20px;\"><div class=\"fusion-column-wrapper\"><span class=\"fusion-imageframe imageframe-none imageframe-19 hover-type-zoomin\"><a class=\"fusion-no-lightbox\" href=\"https:\/\/typisch-region-hannover.de\/wp-content\/uploads\/2019\/04\/Langenhagen15-20.jpg\" target=\"_blank\"> <img alt=\"\" src=\"https:\/\/typisch-region-hannover.de\/wp-content\/uploads\/2019\/04\/Langenhagen15-20.jpg\" class=\"img-responsive\"\/><\/a><\/span><div class=\"fusion-clearfix\"><\/div><\/div><\/div><div class=\"fusion-one-third one_third fusion-layout-column fusion-spacing-yes\" style=\"margin-top:0px;margin-bottom:20px;\"><div class=\"fusion-column-wrapper\"><span class=\"fusion-imageframe imageframe-none imageframe-20 hover-type-zoomin\"><a class=\"fusion-no-lightbox\" href=\"https:\/\/typisch-region-hannover.de\/wp-content\/uploads\/2019\/04\/Langenhagen15-21.jpg\" target=\"_blank\"> <img alt=\"\" src=\"https:\/\/typisch-region-hannover.de\/wp-content\/uploads\/2019\/04\/Langenhagen15-21.jpg\" class=\"img-responsive\"\/><\/a><\/span><div class=\"fusion-clearfix\"><\/div><\/div><\/div><div class=\"fusion-one-third one_third fusion-layout-column fusion-column-last fusion-spacing-yes\" style=\"margin-top:0px;margin-bottom:20px;\"><div class=\"fusion-column-wrapper\"><span class=\"fusion-imageframe imageframe-none imageframe-21 hover-type-zoomin\"><a class=\"fusion-no-lightbox\" href=\"https:\/\/typisch-region-hannover.de\/wp-content\/uploads\/2019\/04\/Langenhagen15-22.jpg\" target=\"_blank\"> <img alt=\"\" src=\"https:\/\/typisch-region-hannover.de\/wp-content\/uploads\/2019\/04\/Langenhagen15-22-1.jpg\" class=\"img-responsive\"\/><\/a><\/span><div class=\"fusion-clearfix\"><\/div><\/div><\/div><div class=\"fusion-clearfix\"><\/div><div class=\"fusion-one-third one_third fusion-layout-column fusion-spacing-yes\" style=\"margin-top:0px;margin-bottom:20px;\"><div class=\"fusion-column-wrapper\"><span class=\"fusion-imageframe imageframe-none imageframe-22 hover-type-zoomin\"><a class=\"fusion-no-lightbox\" href=\"https:\/\/typisch-region-hannover.de\/wp-content\/uploads\/2019\/04\/Langenhagen15-23.jpg\" target=\"_blank\"> <img alt=\"\" src=\"https:\/\/typisch-region-hannover.de\/wp-content\/uploads\/2019\/04\/Langenhagen15-23.jpg\" class=\"img-responsive\"\/><\/a><\/span><div class=\"fusion-clearfix\"><\/div><\/div><\/div><div class=\"fusion-one-third one_third fusion-layout-column fusion-column-last fusion-spacing-yes\" style=\"margin-top:0px;margin-bottom:20px;\"><div class=\"fusion-column-wrapper\"><span class=\"fusion-imageframe imageframe-none imageframe-23 hover-type-zoomin\"><a class=\"fusion-no-lightbox\" href=\"https:\/\/typisch-region-hannover.de\/wp-content\/uploads\/2019\/04\/Langenhagen15-24.jpg\" target=\"_blank\"> <img alt=\"\" src=\"https:\/\/typisch-region-hannover.de\/wp-content\/uploads\/2019\/04\/Langenhagen15-24.jpg\" class=\"img-responsive\"\/><\/a><\/span><div class=\"fusion-clearfix\"><\/div><\/div><\/div><div class=\"fusion-clearfix\"><\/div>\n","protected":false},"excerpt":{"rendered":"","protected":false},"author":5,"featured_media":0,"parent":11491,"menu_order":0,"comment_status":"closed","ping_status":"closed","template":"","meta":[],"yoast_head":"<!-- This site is optimized with the Yoast SEO plugin v19.10 - https:\/\/yoast.com\/wordpress\/plugins\/seo\/ -->\n<title>Typisch Langenhagen 15 vom 12.04.2019 - Typisch Region Hannover<\/title>\n<meta name=\"robots\" content=\"index, follow, max-snippet:-1, max-image-preview:large, max-video-preview:-1\" \/>\n<link rel=\"canonical\" href=\"https:\/\/typisch-region-hannover.de\/index.php\/langenhagen\/typisch-langenhagen-15-vom-12-04-2019\/\" \/>\n<meta property=\"og:locale\" content=\"de_DE\" \/>\n<meta property=\"og:type\" content=\"article\" \/>\n<meta property=\"og:title\" content=\"Typisch Langenhagen 15 vom 12.04.2019 - Typisch Region Hannover\" \/>\n<meta property=\"og:url\" content=\"https:\/\/typisch-region-hannover.de\/index.php\/langenhagen\/typisch-langenhagen-15-vom-12-04-2019\/\" \/>\n<meta property=\"og:site_name\" content=\"Typisch Region Hannover\" \/>\n<meta property=\"article:publisher\" content=\"https:\/\/www.facebook.com\/typischregionhannover\/\" \/>\n<meta property=\"article:modified_time\" content=\"2019-04-28T23:09:41+00:00\" \/>\n<meta property=\"og:image\" content=\"https:\/\/typisch-region-hannover.de\/wp-content\/uploads\/2019\/04\/Langenhagen15-01.jpg\" \/>\n<meta name=\"twitter:card\" content=\"summary_large_image\" \/>\n<meta name=\"twitter:label1\" content=\"Gesch\u00e4tzte Lesezeit\" \/>\n\t<meta name=\"twitter:data1\" content=\"12\u00a0Minuten\" \/>\n<script type=\"application\/ld+json\" class=\"yoast-schema-graph\">{\"@context\":\"https:\/\/schema.org\",\"@graph\":[{\"@type\":\"WebPage\",\"@id\":\"https:\/\/typisch-region-hannover.de\/index.php\/langenhagen\/typisch-langenhagen-15-vom-12-04-2019\/\",\"url\":\"https:\/\/typisch-region-hannover.de\/index.php\/langenhagen\/typisch-langenhagen-15-vom-12-04-2019\/\",\"name\":\"Typisch Langenhagen 15 vom 12.04.2019 - Typisch Region Hannover\",\"isPartOf\":{\"@id\":\"https:\/\/typisch-region-hannover.de\/#website\"},\"datePublished\":\"2019-04-11T23:10:03+00:00\",\"dateModified\":\"2019-04-28T23:09:41+00:00\",\"breadcrumb\":{\"@id\":\"https:\/\/typisch-region-hannover.de\/index.php\/langenhagen\/typisch-langenhagen-15-vom-12-04-2019\/#breadcrumb\"},\"inLanguage\":\"de\",\"potentialAction\":[{\"@type\":\"ReadAction\",\"target\":[\"https:\/\/typisch-region-hannover.de\/index.php\/langenhagen\/typisch-langenhagen-15-vom-12-04-2019\/\"]}]},{\"@type\":\"BreadcrumbList\",\"@id\":\"https:\/\/typisch-region-hannover.de\/index.php\/langenhagen\/typisch-langenhagen-15-vom-12-04-2019\/#breadcrumb\",\"itemListElement\":[{\"@type\":\"ListItem\",\"position\":1,\"name\":\"Home\",\"item\":\"https:\/\/typisch-region-hannover.de\/\"},{\"@type\":\"ListItem\",\"position\":2,\"name\":\"Langenhagen\",\"item\":\"https:\/\/typisch-region-hannover.de\/index.php\/langenhagen\/\"},{\"@type\":\"ListItem\",\"position\":3,\"name\":\"Typisch Langenhagen 15 vom 12.04.2019\"}]},{\"@type\":\"WebSite\",\"@id\":\"https:\/\/typisch-region-hannover.de\/#website\",\"url\":\"https:\/\/typisch-region-hannover.de\/\",\"name\":\"Typisch Region Hannover\",\"description\":\"Wissenswertes aus unserer Region\",\"potentialAction\":[{\"@type\":\"SearchAction\",\"target\":{\"@type\":\"EntryPoint\",\"urlTemplate\":\"https:\/\/typisch-region-hannover.de\/?s={search_term_string}\"},\"query-input\":\"required name=search_term_string\"}],\"inLanguage\":\"de\"}]}<\/script>\n<!-- \/ Yoast SEO plugin. -->","yoast_head_json":{"title":"Typisch Langenhagen 15 vom 12.04.2019 - Typisch Region Hannover","robots":{"index":"index","follow":"follow","max-snippet":"max-snippet:-1","max-image-preview":"max-image-preview:large","max-video-preview":"max-video-preview:-1"},"canonical":"https:\/\/typisch-region-hannover.de\/index.php\/langenhagen\/typisch-langenhagen-15-vom-12-04-2019\/","og_locale":"de_DE","og_type":"article","og_title":"Typisch Langenhagen 15 vom 12.04.2019 - Typisch Region Hannover","og_url":"https:\/\/typisch-region-hannover.de\/index.php\/langenhagen\/typisch-langenhagen-15-vom-12-04-2019\/","og_site_name":"Typisch Region Hannover","article_publisher":"https:\/\/www.facebook.com\/typischregionhannover\/","article_modified_time":"2019-04-28T23:09:41+00:00","og_image":[{"url":"https:\/\/typisch-region-hannover.de\/wp-content\/uploads\/2019\/04\/Langenhagen15-01.jpg"}],"twitter_card":"summary_large_image","twitter_misc":{"Gesch\u00e4tzte Lesezeit":"12\u00a0Minuten"},"schema":{"@context":"https:\/\/schema.org","@graph":[{"@type":"WebPage","@id":"https:\/\/typisch-region-hannover.de\/index.php\/langenhagen\/typisch-langenhagen-15-vom-12-04-2019\/","url":"https:\/\/typisch-region-hannover.de\/index.php\/langenhagen\/typisch-langenhagen-15-vom-12-04-2019\/","name":"Typisch Langenhagen 15 vom 12.04.2019 - Typisch Region Hannover","isPartOf":{"@id":"https:\/\/typisch-region-hannover.de\/#website"},"datePublished":"2019-04-11T23:10:03+00:00","dateModified":"2019-04-28T23:09:41+00:00","breadcrumb":{"@id":"https:\/\/typisch-region-hannover.de\/index.php\/langenhagen\/typisch-langenhagen-15-vom-12-04-2019\/#breadcrumb"},"inLanguage":"de","potentialAction":[{"@type":"ReadAction","target":["https:\/\/typisch-region-hannover.de\/index.php\/langenhagen\/typisch-langenhagen-15-vom-12-04-2019\/"]}]},{"@type":"BreadcrumbList","@id":"https:\/\/typisch-region-hannover.de\/index.php\/langenhagen\/typisch-langenhagen-15-vom-12-04-2019\/#breadcrumb","itemListElement":[{"@type":"ListItem","position":1,"name":"Home","item":"https:\/\/typisch-region-hannover.de\/"},{"@type":"ListItem","position":2,"name":"Langenhagen","item":"https:\/\/typisch-region-hannover.de\/index.php\/langenhagen\/"},{"@type":"ListItem","position":3,"name":"Typisch Langenhagen 15 vom 12.04.2019"}]},{"@type":"WebSite","@id":"https:\/\/typisch-region-hannover.de\/#website","url":"https:\/\/typisch-region-hannover.de\/","name":"Typisch Region Hannover","description":"Wissenswertes aus unserer Region","potentialAction":[{"@type":"SearchAction","target":{"@type":"EntryPoint","urlTemplate":"https:\/\/typisch-region-hannover.de\/?s={search_term_string}"},"query-input":"required name=search_term_string"}],"inLanguage":"de"}]}},"_links":{"self":[{"href":"https:\/\/typisch-region-hannover.de\/index.php\/wp-json\/wp\/v2\/pages\/16880"}],"collection":[{"href":"https:\/\/typisch-region-hannover.de\/index.php\/wp-json\/wp\/v2\/pages"}],"about":[{"href":"https:\/\/typisch-region-hannover.de\/index.php\/wp-json\/wp\/v2\/types\/page"}],"author":[{"embeddable":true,"href":"https:\/\/typisch-region-hannover.de\/index.php\/wp-json\/wp\/v2\/users\/5"}],"replies":[{"embeddable":true,"href":"https:\/\/typisch-region-hannover.de\/index.php\/wp-json\/wp\/v2\/comments?post=16880"}],"version-history":[{"count":0,"href":"https:\/\/typisch-region-hannover.de\/index.php\/wp-json\/wp\/v2\/pages\/16880\/revisions"}],"up":[{"embeddable":true,"href":"https:\/\/typisch-region-hannover.de\/index.php\/wp-json\/wp\/v2\/pages\/11491"}],"wp:attachment":[{"href":"https:\/\/typisch-region-hannover.de\/index.php\/wp-json\/wp\/v2\/media?parent=16880"}],"curies":[{"name":"wp","href":"https:\/\/api.w.org\/{rel}","templated":true}]}}