{"id":16695,"date":"2019-02-27T13:35:39","date_gmt":"2019-02-27T12:35:39","guid":{"rendered":"https:\/\/typisch-region-hannover.de\/?page_id=16695"},"modified":"2019-09-15T19:42:20","modified_gmt":"2019-09-15T17:42:20","slug":"typisch-neustadt-nr-6-vom-25-02-2019","status":"publish","type":"page","link":"https:\/\/typisch-region-hannover.de\/index.php\/neustadt\/typisch-neustadt-nr-6-vom-25-02-2019\/","title":{"rendered":"Typisch Neustadt: Nr. 6 vom 25.02.2019"},"content":{"rendered":"<div class=\"fusion-title title fusion-title-size-one\" style=\"margin-bottom:10px;\"><h1 class=\"title-heading-left\">Typisch Neustadt: Nr. 6 vom 25.02.2019<br>\r\n<\/h1><div class=\"title-sep-container\"><div class=\"title-sep sep-double sep-solid\"><\/div><\/div><\/div><p>Tage, an denen man bereits mit Fr\u00fchlingsgef\u00fchlen durch die Natur gehen konnte &#8211;<br \/>\nhaben Sie es auch so genossen? Bei einer Begegnung unterwegs kam die Frage auf:<br \/>\nwas darf man eigentlich im Wald und im freien Feld als Spazierg\u00e4nger oder Spazierg\u00e4ngerin?<br \/>\nWir sind der Frage nachgegangen, haben Gesetze danach durchforstet und festgestellt:<br \/>\nJetzt in der Winterzeit darf man am meisten.<br \/>\nLesen Sie unsere Reportage ab Seite 14.<\/p>\n<p>In der Natur sind wir f\u00fcr Sie zudem den Ufern der Auter gefolgt. Der 22 Kilometer lange Fluss<br \/>\nentspringt zwar in Langenhagen, wird jedoch erst auf Neust\u00e4dter Gebiet zu einem nennenswerten<br \/>\nGew\u00e4sser. Naturnahe M\u00e4ander aber auch schnurgerade von Menschen geschaffene Wasserl\u00e4ufe<br \/>\nhaben wir bis zur M\u00fcndung in die<br \/>\nLeine entdeckt. Lesen Sie die Seiten 8 bis 12.<\/p>\n<p>Auf eine besondere Kunstausstellung m\u00f6chten wir Sie auf den Seiten 4 bis 7 hinweisen. Hier k\u00f6nnen Sie<br \/>\nviele verschiedene Kunststile betrachten &#8211; mit Werken heimischer K\u00fcnstler aus Neustadt und der Region.<br \/>\nViel Freude an unseren Geschichten w\u00fcnscht<br \/>\nBettina Reimann<\/p>\n\n\r\n\r\n<div class=\"fusion-one-third one_third fusion-layout-column fusion-spacing-yes\" style=\"margin-top:0px;margin-bottom:20px;\"><div class=\"fusion-column-wrapper\"><span class=\"fusion-imageframe imageframe-none imageframe-1 hover-type-zoomin\"><a class=\"fusion-no-lightbox\" href=\"https:\/\/typisch-region-hannover.de\/wp-content\/uploads\/2019\/02\/Neustadt06-01.jpg\" target=\"_blank\"> <img src=\"https:\/\/typisch-region-hannover.de\/wp-content\/uploads\/2019\/02\/Neustadt06-01.jpg\" alt=\"\"><\/a><\/span><div class=\"fusion-clearfix\"><\/div><\/div><\/div>\n\r\n\r\n<div class=\"fusion-one-third one_third fusion-layout-column fusion-spacing-yes\" style=\"margin-top:0px;margin-bottom:20px;\"><div class=\"fusion-column-wrapper\"><span class=\"fusion-imageframe imageframe-none imageframe-2 hover-type-zoomin\"><a class=\"fusion-no-lightbox\" href=\"https:\/\/typisch-region-hannover.de\/wp-content\/uploads\/2019\/02\/Neustadt06-02.jpg\" target=\"_blank\"> <img src=\"https:\/\/typisch-region-hannover.de\/wp-content\/uploads\/2019\/02\/Neustadt06-02.jpg\" alt=\"\"><\/a><\/span><div class=\"fusion-clearfix\"><\/div><\/div><\/div>\n\r\n\r\n<div class=\"fusion-one-third one_third fusion-layout-column fusion-column-last fusion-spacing-yes\" style=\"margin-top:0px;margin-bottom:20px;\"><div class=\"fusion-column-wrapper\"><span class=\"fusion-imageframe imageframe-none imageframe-3 hover-type-zoomin\"><a class=\"fusion-no-lightbox\" href=\"https:\/\/typisch-region-hannover.de\/wp-content\/uploads\/2019\/02\/Neustadt06-03.jpg\" target=\"_blank\"> <img src=\"https:\/\/typisch-region-hannover.de\/wp-content\/uploads\/2019\/02\/Neustadt06-03.jpg\" alt=\"\"><\/a><\/span><div class=\"fusion-clearfix\"><\/div><\/div><\/div><div class=\"fusion-clearfix\"><\/div>\n\r\n\r\n<div class=\"fusion-one-third one_third fusion-layout-column fusion-spacing-yes\" style=\"margin-top:0px;margin-bottom:20px;\"><div class=\"fusion-column-wrapper\"><span class=\"fusion-imageframe imageframe-none imageframe-4 hover-type-zoomin\"><a class=\"fusion-no-lightbox\" href=\"https:\/\/typisch-region-hannover.de\/wp-content\/uploads\/2019\/02\/Neustadt06-04.jpg\" target=\"_blank\"> <img src=\"https:\/\/typisch-region-hannover.de\/wp-content\/uploads\/2019\/02\/Neustadt06-04.jpg\" alt=\"\"><\/a><\/span><div class=\"fusion-clearfix\"><\/div><\/div><\/div>\n\r\n\r\n<div class=\"fusion-one-third one_third fusion-layout-column fusion-spacing-yes\" style=\"margin-top:0px;margin-bottom:20px;\"><div class=\"fusion-column-wrapper\"><span class=\"fusion-imageframe imageframe-none imageframe-5 hover-type-zoomin\"><a class=\"fusion-no-lightbox\" href=\"https:\/\/typisch-region-hannover.de\/wp-content\/uploads\/2019\/02\/Neustadt06-05.jpg\" target=\"_blank\"> <img src=\"https:\/\/typisch-region-hannover.de\/wp-content\/uploads\/2019\/02\/Neustadt06-05.jpg\" alt=\"\"><\/a><\/span><div class=\"fusion-clearfix\"><\/div><\/div><\/div>\n\r\n\r\n<div class=\"fusion-one-third one_third fusion-layout-column fusion-column-last fusion-spacing-yes\" style=\"margin-top:0px;margin-bottom:20px;\"><div class=\"fusion-column-wrapper\"><span class=\"fusion-imageframe imageframe-none imageframe-6 hover-type-zoomin\"><a class=\"fusion-no-lightbox\" href=\"https:\/\/typisch-region-hannover.de\/wp-content\/uploads\/2019\/02\/Neustadt06-06.jpg\" target=\"_blank\"> <img src=\"https:\/\/typisch-region-hannover.de\/wp-content\/uploads\/2019\/02\/Neustadt06-06.jpg\" alt=\"\"><\/a><\/span><div class=\"fusion-clearfix\"><\/div><\/div><\/div><div class=\"fusion-clearfix\"><\/div>\n\r\n\r\n<div class=\"fusion-one-third one_third fusion-layout-column fusion-spacing-yes\" style=\"margin-top:0px;margin-bottom:20px;\"><div class=\"fusion-column-wrapper\"><span style=\"border:1px solid #ffffff;\" class=\"fusion-imageframe imageframe-none imageframe-7 hover-type-zoomin\"><a class=\"fusion-no-lightbox\" href=\"https:\/\/typisch-region-hannover.de\/wp-content\/uploads\/2019\/02\/Neustadt06-07.jpg\" target=\"_blank\"> <img src=\"https:\/\/typisch-region-hannover.de\/wp-content\/uploads\/2019\/02\/Neustadt06-07.jpg\" alt=\"\"><\/a><\/span><div class=\"fusion-clearfix\"><\/div><\/div><\/div>\n\r\n\r\n<div class=\"fusion-one-third one_third fusion-layout-column fusion-spacing-yes\" style=\"margin-top:0px;margin-bottom:20px;\"><div class=\"fusion-column-wrapper\"><span class=\"fusion-imageframe imageframe-none imageframe-8 hover-type-zoomin\"><a class=\"fusion-no-lightbox\" href=\"https:\/\/typisch-region-hannover.de\/wp-content\/uploads\/2019\/02\/Neustadt06-08.jpg\" target=\"_blank\"> <img src=\"https:\/\/typisch-region-hannover.de\/wp-content\/uploads\/2019\/02\/Neustadt06-08.jpg\" alt=\"\"><\/a><\/span><div class=\"fusion-clearfix\"><\/div><\/div><\/div>\n\r\n\r\n<div class=\"fusion-one-third one_third fusion-layout-column fusion-column-last fusion-spacing-yes\" style=\"margin-top:0px;margin-bottom:20px;\"><div class=\"fusion-column-wrapper\"><span class=\"fusion-imageframe imageframe-none imageframe-9 hover-type-zoomin\"><a class=\"fusion-no-lightbox\" href=\"https:\/\/typisch-region-hannover.de\/wp-content\/uploads\/2019\/02\/Neustadt06-09.jpg\" target=\"_blank\"> <img src=\"https:\/\/typisch-region-hannover.de\/wp-content\/uploads\/2019\/02\/Neustadt06-09.jpg\" alt=\"\"><\/a><\/span><div class=\"fusion-clearfix\"><\/div><\/div><\/div><div class=\"fusion-clearfix\"><\/div>\n\r\n\r\n<div class=\"fusion-one-third one_third fusion-layout-column fusion-spacing-yes\" style=\"margin-top:0px;margin-bottom:20px;\"><div class=\"fusion-column-wrapper\"><span class=\"fusion-imageframe imageframe-none imageframe-10 hover-type-zoomin\"><a class=\"fusion-no-lightbox\" href=\"https:\/\/typisch-region-hannover.de\/wp-content\/uploads\/2019\/02\/Neustadt06-10-11.jpg\" target=\"_blank\"> <img src=\"https:\/\/typisch-region-hannover.de\/wp-content\/uploads\/2019\/02\/Neustadt06-10-11.jpg\" alt=\"\"><\/a><\/span><div class=\"fusion-clearfix\"><\/div><\/div><\/div>\n\r\n\r\n<div class=\"fusion-one-third one_third fusion-layout-column fusion-spacing-yes\" style=\"margin-top:0px;margin-bottom:20px;\"><div class=\"fusion-column-wrapper\"><span class=\"fusion-imageframe imageframe-none imageframe-11 hover-type-zoomin\"><a class=\"fusion-no-lightbox\" href=\"https:\/\/typisch-region-hannover.de\/wp-content\/uploads\/2019\/02\/Neustadt06-12.jpg\" target=\"_blank\"> <img src=\"https:\/\/typisch-region-hannover.de\/wp-content\/uploads\/2019\/02\/Neustadt06-12.jpg\" alt=\"\"><\/a><\/span><div class=\"fusion-clearfix\"><\/div><\/div><\/div>\n\r\n\r\n<div class=\"fusion-one-third one_third fusion-layout-column fusion-column-last fusion-spacing-yes\" style=\"margin-top:0px;margin-bottom:20px;\"><div class=\"fusion-column-wrapper\"><span class=\"fusion-imageframe imageframe-none imageframe-12 hover-type-zoomin\"><a class=\"fusion-no-lightbox\" href=\"https:\/\/typisch-region-hannover.de\/wp-content\/uploads\/2019\/02\/Neustadt06-13.jpg\" target=\"_blank\"> <img src=\"https:\/\/typisch-region-hannover.de\/wp-content\/uploads\/2019\/02\/Neustadt06-13.jpg\" alt=\"\"><\/a><\/span><div class=\"fusion-clearfix\"><\/div><\/div><\/div><div class=\"fusion-clearfix\"><\/div>\n\r\n\r\n<div class=\"fusion-one-third one_third fusion-layout-column fusion-spacing-yes\" style=\"margin-top:0px;margin-bottom:20px;\"><div class=\"fusion-column-wrapper\"><span class=\"fusion-imageframe imageframe-none imageframe-13 hover-type-zoomin\"><a class=\"fusion-no-lightbox\" href=\"https:\/\/typisch-region-hannover.de\/wp-content\/uploads\/2019\/02\/Neustadt06-14..jpg\" target=\"_blank\"> <img src=\"https:\/\/typisch-region-hannover.de\/wp-content\/uploads\/2019\/02\/Neustadt06-14.jpg\" alt=\"\"><\/a><\/span><div class=\"fusion-clearfix\"><\/div><\/div><\/div>\n\r\n\r\n<div class=\"fusion-one-third one_third fusion-layout-column fusion-spacing-yes\" style=\"margin-top:0px;margin-bottom:20px;\"><div class=\"fusion-column-wrapper\"><span class=\"fusion-imageframe imageframe-none imageframe-14 hover-type-zoomin\"><a class=\"fusion-no-lightbox\" href=\"https:\/\/typisch-region-hannover.de\/wp-content\/uploads\/2019\/02\/Neustadt06-15.jpg\" target=\"_blank\"> <img src=\"https:\/\/typisch-region-hannover.de\/wp-content\/uploads\/2019\/02\/Neustadt06-15.jpg\" alt=\"\"><\/a><\/span><div class=\"fusion-clearfix\"><\/div><\/div><\/div>\n\r\n\r\n<div class=\"fusion-one-third one_third fusion-layout-column fusion-column-last fusion-spacing-yes\" style=\"margin-top:0px;margin-bottom:20px;\"><div class=\"fusion-column-wrapper\"><span class=\"fusion-imageframe imageframe-none imageframe-15 hover-type-zoomin\"><a class=\"fusion-no-lightbox\" href=\"https:\/\/typisch-region-hannover.de\/wp-content\/uploads\/2019\/02\/Neustadt06-16.jpg\" target=\"_blank\"> <img src=\"https:\/\/typisch-region-hannover.de\/wp-content\/uploads\/2019\/02\/Neustadt06-16.jpg\" alt=\"\"><\/a><\/span><div class=\"fusion-clearfix\"><\/div><\/div><\/div><div class=\"fusion-clearfix\"><\/div>\n\r\n\r\n<div class=\"fusion-one-third one_third fusion-layout-column fusion-spacing-yes\" style=\"margin-top:0px;margin-bottom:20px;\"><div class=\"fusion-column-wrapper\"><span class=\"fusion-imageframe imageframe-none imageframe-16 hover-type-zoomin\"><a class=\"fusion-no-lightbox\" href=\"https:\/\/typisch-region-hannover.de\/wp-content\/uploads\/2019\/02\/Neustadt06-17.jpg\" target=\"_blank\"> <img src=\"https:\/\/typisch-region-hannover.de\/wp-content\/uploads\/2019\/02\/Neustadt06-17.jpg\" alt=\"\"><\/a><\/span><div class=\"fusion-clearfix\"><\/div><\/div><\/div>\n\r\n\r\n<div class=\"fusion-one-third one_third fusion-layout-column fusion-spacing-yes\" style=\"margin-top:0px;margin-bottom:20px;\"><div class=\"fusion-column-wrapper\"><span class=\"fusion-imageframe imageframe-none imageframe-17 hover-type-zoomin\"><a class=\"fusion-no-lightbox\" href=\"https:\/\/typisch-region-hannover.de\/wp-content\/uploads\/2019\/02\/Neustadt06-18.jpg\" target=\"_blank\"> <img src=\"https:\/\/typisch-region-hannover.de\/wp-content\/uploads\/2019\/02\/Neustadt06-18.jpg\" alt=\"\"><\/a><\/span><div class=\"fusion-clearfix\"><\/div><\/div><\/div>\n\r\n\r\n<div class=\"fusion-one-third one_third fusion-layout-column fusion-column-last fusion-spacing-yes\" style=\"margin-top:0px;margin-bottom:20px;\"><div class=\"fusion-column-wrapper\"><span class=\"fusion-imageframe imageframe-none imageframe-18 hover-type-zoomin\"><a class=\"fusion-no-lightbox\" href=\"https:\/\/typisch-region-hannover.de\/wp-content\/uploads\/2019\/02\/Neustadt06-19.jpg\" target=\"_blank\"> <img src=\"https:\/\/typisch-region-hannover.de\/wp-content\/uploads\/2019\/02\/Neustadt06-19.jpg\" alt=\"\"><\/a><\/span><div class=\"fusion-clearfix\"><\/div><\/div><\/div><div class=\"fusion-clearfix\"><\/div>\n\r\n\r\n<div class=\"fusion-one-third one_third fusion-layout-column fusion-column-last fusion-spacing-yes\" style=\"margin-top:0px;margin-bottom:20px;\"><div class=\"fusion-column-wrapper\"><span class=\"fusion-imageframe imageframe-none imageframe-19 hover-type-zoomin\"><a class=\"fusion-no-lightbox\" href=\"https:\/\/typisch-region-hannover.de\/wp-content\/uploads\/2019\/02\/Neustadt06-20.jpg\" target=\"_blank\"> <img src=\"https:\/\/typisch-region-hannover.de\/wp-content\/uploads\/2019\/02\/Neustadt06-20.jpg\" alt=\"\"><\/a><\/span><div class=\"fusion-clearfix\"><\/div><\/div><\/div><div class=\"fusion-clearfix\"><\/div>\n","protected":false},"excerpt":{"rendered":"","protected":false},"author":5,"featured_media":0,"parent":13724,"menu_order":0,"comment_status":"closed","ping_status":"closed","template":"","meta":[],"yoast_head":"<!-- This site is optimized with the Yoast SEO plugin v19.10 - https:\/\/yoast.com\/wordpress\/plugins\/seo\/ -->\n<title>Typisch Neustadt: Nr. 6 vom 25.02.2019 - Typisch Region Hannover<\/title>\n<meta name=\"robots\" content=\"index, follow, max-snippet:-1, max-image-preview:large, max-video-preview:-1\" \/>\n<link rel=\"canonical\" href=\"https:\/\/typisch-region-hannover.de\/index.php\/neustadt\/typisch-neustadt-nr-6-vom-25-02-2019\/\" \/>\n<meta property=\"og:locale\" content=\"de_DE\" \/>\n<meta property=\"og:type\" content=\"article\" \/>\n<meta property=\"og:title\" content=\"Typisch Neustadt: Nr. 6 vom 25.02.2019 - Typisch Region Hannover\" \/>\n<meta property=\"og:url\" content=\"https:\/\/typisch-region-hannover.de\/index.php\/neustadt\/typisch-neustadt-nr-6-vom-25-02-2019\/\" \/>\n<meta property=\"og:site_name\" content=\"Typisch Region Hannover\" \/>\n<meta property=\"article:publisher\" content=\"https:\/\/www.facebook.com\/typischregionhannover\/\" \/>\n<meta property=\"article:modified_time\" content=\"2019-09-15T17:42:20+00:00\" \/>\n<meta property=\"og:image\" content=\"https:\/\/typisch-region-hannover.de\/wp-content\/uploads\/2019\/02\/Neustadt06-01.jpg\" \/>\n<meta name=\"twitter:card\" content=\"summary_large_image\" \/>\n<meta name=\"twitter:label1\" content=\"Gesch\u00e4tzte Lesezeit\" \/>\n\t<meta name=\"twitter:data1\" content=\"10\u00a0Minuten\" \/>\n<script type=\"application\/ld+json\" class=\"yoast-schema-graph\">{\"@context\":\"https:\/\/schema.org\",\"@graph\":[{\"@type\":\"WebPage\",\"@id\":\"https:\/\/typisch-region-hannover.de\/index.php\/neustadt\/typisch-neustadt-nr-6-vom-25-02-2019\/\",\"url\":\"https:\/\/typisch-region-hannover.de\/index.php\/neustadt\/typisch-neustadt-nr-6-vom-25-02-2019\/\",\"name\":\"Typisch Neustadt: Nr. 6 vom 25.02.2019 - Typisch Region Hannover\",\"isPartOf\":{\"@id\":\"https:\/\/typisch-region-hannover.de\/#website\"},\"datePublished\":\"2019-02-27T12:35:39+00:00\",\"dateModified\":\"2019-09-15T17:42:20+00:00\",\"breadcrumb\":{\"@id\":\"https:\/\/typisch-region-hannover.de\/index.php\/neustadt\/typisch-neustadt-nr-6-vom-25-02-2019\/#breadcrumb\"},\"inLanguage\":\"de\",\"potentialAction\":[{\"@type\":\"ReadAction\",\"target\":[\"https:\/\/typisch-region-hannover.de\/index.php\/neustadt\/typisch-neustadt-nr-6-vom-25-02-2019\/\"]}]},{\"@type\":\"BreadcrumbList\",\"@id\":\"https:\/\/typisch-region-hannover.de\/index.php\/neustadt\/typisch-neustadt-nr-6-vom-25-02-2019\/#breadcrumb\",\"itemListElement\":[{\"@type\":\"ListItem\",\"position\":1,\"name\":\"Home\",\"item\":\"https:\/\/typisch-region-hannover.de\/\"},{\"@type\":\"ListItem\",\"position\":2,\"name\":\"Neustadt\",\"item\":\"https:\/\/typisch-region-hannover.de\/index.php\/neustadt\/\"},{\"@type\":\"ListItem\",\"position\":3,\"name\":\"Typisch Neustadt: Nr. 6 vom 25.02.2019\"}]},{\"@type\":\"WebSite\",\"@id\":\"https:\/\/typisch-region-hannover.de\/#website\",\"url\":\"https:\/\/typisch-region-hannover.de\/\",\"name\":\"Typisch Region Hannover\",\"description\":\"Wissenswertes aus unserer Region\",\"potentialAction\":[{\"@type\":\"SearchAction\",\"target\":{\"@type\":\"EntryPoint\",\"urlTemplate\":\"https:\/\/typisch-region-hannover.de\/?s={search_term_string}\"},\"query-input\":\"required name=search_term_string\"}],\"inLanguage\":\"de\"}]}<\/script>\n<!-- \/ Yoast SEO plugin. -->","yoast_head_json":{"title":"Typisch Neustadt: Nr. 6 vom 25.02.2019 - Typisch Region Hannover","robots":{"index":"index","follow":"follow","max-snippet":"max-snippet:-1","max-image-preview":"max-image-preview:large","max-video-preview":"max-video-preview:-1"},"canonical":"https:\/\/typisch-region-hannover.de\/index.php\/neustadt\/typisch-neustadt-nr-6-vom-25-02-2019\/","og_locale":"de_DE","og_type":"article","og_title":"Typisch Neustadt: Nr. 6 vom 25.02.2019 - Typisch Region Hannover","og_url":"https:\/\/typisch-region-hannover.de\/index.php\/neustadt\/typisch-neustadt-nr-6-vom-25-02-2019\/","og_site_name":"Typisch Region Hannover","article_publisher":"https:\/\/www.facebook.com\/typischregionhannover\/","article_modified_time":"2019-09-15T17:42:20+00:00","og_image":[{"url":"https:\/\/typisch-region-hannover.de\/wp-content\/uploads\/2019\/02\/Neustadt06-01.jpg"}],"twitter_card":"summary_large_image","twitter_misc":{"Gesch\u00e4tzte Lesezeit":"10\u00a0Minuten"},"schema":{"@context":"https:\/\/schema.org","@graph":[{"@type":"WebPage","@id":"https:\/\/typisch-region-hannover.de\/index.php\/neustadt\/typisch-neustadt-nr-6-vom-25-02-2019\/","url":"https:\/\/typisch-region-hannover.de\/index.php\/neustadt\/typisch-neustadt-nr-6-vom-25-02-2019\/","name":"Typisch Neustadt: Nr. 6 vom 25.02.2019 - Typisch Region Hannover","isPartOf":{"@id":"https:\/\/typisch-region-hannover.de\/#website"},"datePublished":"2019-02-27T12:35:39+00:00","dateModified":"2019-09-15T17:42:20+00:00","breadcrumb":{"@id":"https:\/\/typisch-region-hannover.de\/index.php\/neustadt\/typisch-neustadt-nr-6-vom-25-02-2019\/#breadcrumb"},"inLanguage":"de","potentialAction":[{"@type":"ReadAction","target":["https:\/\/typisch-region-hannover.de\/index.php\/neustadt\/typisch-neustadt-nr-6-vom-25-02-2019\/"]}]},{"@type":"BreadcrumbList","@id":"https:\/\/typisch-region-hannover.de\/index.php\/neustadt\/typisch-neustadt-nr-6-vom-25-02-2019\/#breadcrumb","itemListElement":[{"@type":"ListItem","position":1,"name":"Home","item":"https:\/\/typisch-region-hannover.de\/"},{"@type":"ListItem","position":2,"name":"Neustadt","item":"https:\/\/typisch-region-hannover.de\/index.php\/neustadt\/"},{"@type":"ListItem","position":3,"name":"Typisch Neustadt: Nr. 6 vom 25.02.2019"}]},{"@type":"WebSite","@id":"https:\/\/typisch-region-hannover.de\/#website","url":"https:\/\/typisch-region-hannover.de\/","name":"Typisch Region Hannover","description":"Wissenswertes aus unserer Region","potentialAction":[{"@type":"SearchAction","target":{"@type":"EntryPoint","urlTemplate":"https:\/\/typisch-region-hannover.de\/?s={search_term_string}"},"query-input":"required name=search_term_string"}],"inLanguage":"de"}]}},"_links":{"self":[{"href":"https:\/\/typisch-region-hannover.de\/index.php\/wp-json\/wp\/v2\/pages\/16695"}],"collection":[{"href":"https:\/\/typisch-region-hannover.de\/index.php\/wp-json\/wp\/v2\/pages"}],"about":[{"href":"https:\/\/typisch-region-hannover.de\/index.php\/wp-json\/wp\/v2\/types\/page"}],"author":[{"embeddable":true,"href":"https:\/\/typisch-region-hannover.de\/index.php\/wp-json\/wp\/v2\/users\/5"}],"replies":[{"embeddable":true,"href":"https:\/\/typisch-region-hannover.de\/index.php\/wp-json\/wp\/v2\/comments?post=16695"}],"version-history":[{"count":0,"href":"https:\/\/typisch-region-hannover.de\/index.php\/wp-json\/wp\/v2\/pages\/16695\/revisions"}],"up":[{"embeddable":true,"href":"https:\/\/typisch-region-hannover.de\/index.php\/wp-json\/wp\/v2\/pages\/13724"}],"wp:attachment":[{"href":"https:\/\/typisch-region-hannover.de\/index.php\/wp-json\/wp\/v2\/media?parent=16695"}],"curies":[{"name":"wp","href":"https:\/\/api.w.org\/{rel}","templated":true}]}}