{"id":14930,"date":"2017-09-29T01:59:15","date_gmt":"2017-09-28T23:59:15","guid":{"rendered":"https:\/\/typisch-region-hannover.de\/?page_id=14930"},"modified":"2020-09-23T11:18:24","modified_gmt":"2020-09-23T09:18:24","slug":"isernhagen","status":"publish","type":"page","link":"https:\/\/typisch-region-hannover.de\/index.php\/isernhagen\/","title":{"rendered":"Isernhagen"},"content":{"rendered":"<div class=\"fusion-fullwidth fullwidth-box fusion-fullwidth-1  fusion-parallax-none nonhundred-percent-fullwidth\" style=\"border-color:#eae9e9;border-bottom-width: 0px;border-top-width: 0px;border-bottom-style: solid;border-top-style: solid;padding-bottom:0px;padding-top:0px;padding-left:0px;padding-right:0px;background-color:#ffffff;\"><style type=\"text\/css\" scoped=\"scoped\">.fusion-fullwidth-1 {\n                            padding-left: 0px !important;\n                            padding-right: 0px !important;\n                        }<\/style><div class=\"fusion-row\"><\/div><\/div><div class=\"fusion-one-third one_third fusion-layout-column fusion-spacing-yes\" style=\"margin-top:0px;margin-bottom:20px;\"><div class=\"fusion-column-wrapper\"><span class=\"fusion-imageframe imageframe-none imageframe-1 hover-type-zoomin\"><a class=\"fusion-no-lightbox\" href=\"https:\/\/typisch-region-hannover.de\/index.php\/isernhagen\/typisch-isernhagen-nr-5-vom-20-09-2019\/\" target=\"_blank\"> <img alt=\"\" src=\"https:\/\/typisch-region-hannover.de\/wp-content\/uploads\/2019\/09\/Isernhagen05-01.jpg\" class=\"img-responsive\"\/><\/a><\/span><div class=\"fusion-sep-clear\"><\/div><div class=\"fusion-separator fusion-full-width-sep sep-single\" style=\"border-color:#42661f;border-top-width:1px;margin-left: auto;margin-right: auto;margin-top:20px;margin-bottom:20px;\"><\/div><span class=\"fusion-imageframe imageframe-none imageframe-2 hover-type-zoomin\"><a class=\"fusion-no-lightbox\" href=\"https:\/\/typisch-region-hannover.de\/index.php\/isernhagen\/typisch-isernhagen-nr-4-vom-21-06-2019\/\" target=\"_blank\"> <img alt=\"\" src=\"https:\/\/typisch-region-hannover.de\/wp-content\/uploads\/2019\/06\/Isernhagen04-01.jpg\" class=\"img-responsive\"\/><\/a><\/span><div class=\"fusion-sep-clear\"><\/div><div class=\"fusion-separator fusion-full-width-sep sep-single\" style=\"border-color:#42661f;border-top-width:1px;margin-left: auto;margin-right: auto;margin-top:20px;margin-bottom:20px;\"><\/div><span class=\"fusion-imageframe imageframe-none imageframe-3 hover-type-zoomin\"><a class=\"fusion-no-lightbox\" href=\"https:\/\/typisch-region-hannover.de\/index.php\/isernhagen\/typisch-isernhagen-nr-3-vom-29-09-2018\/\" target=\"_blank\"> <img alt=\"\" src=\"https:\/\/typisch-region-hannover.de\/wp-content\/uploads\/2018\/10\/Isernhagen03-01.jpg\" class=\"img-responsive\"\/><\/a><\/span><div class=\"fusion-sep-clear\"><\/div><div class=\"fusion-separator fusion-full-width-sep sep-single\" style=\"border-color:#42661f;border-top-width:1px;margin-left: auto;margin-right: auto;margin-top:20px;margin-bottom:20px;\"><\/div><span class=\"fusion-imageframe imageframe-none imageframe-4 hover-type-zoomin\"><a class=\"fusion-no-lightbox\" href=\"https:\/\/typisch-region-hannover.de\/index.php\/isernhagen\/typisch-isernhagen-nr-2-vom-25-06-2018\/\" target=\"_blank\"> <img alt=\"\" src=\"https:\/\/typisch-region-hannover.de\/wp-content\/uploads\/2018\/06\/Isernhagen2-01.jpg\" class=\"img-responsive\"\/><\/a><\/span><div class=\"fusion-sep-clear\"><\/div><div class=\"fusion-separator fusion-full-width-sep sep-single\" style=\"border-color:#42661f;border-top-width:1px;margin-left: auto;margin-right: auto;margin-top:20px;margin-bottom:20px;\"><\/div><span class=\"fusion-imageframe imageframe-none imageframe-5 hover-type-zoomin\"><a class=\"fusion-no-lightbox\" href=\"https:\/\/typisch-region-hannover.de\/index.php\/isernhagen\/typisch-isernhagen-nr-1-vom-29-09-2017\/\" target=\"_blank\"> <img alt=\"\" src=\"https:\/\/typisch-region-hannover.de\/wp-content\/uploads\/2017\/09\/Isernhagen01-01.jpg\" class=\"img-responsive\"\/><\/a><\/span><div class=\"fusion-clearfix\"><\/div><\/div><\/div><div class=\"fusion-one-third one_third fusion-layout-column fusion-spacing-yes\" style=\"margin-top:0px;margin-bottom:20px;\"><div class=\"fusion-column-wrapper\"><span class=\"fusion-imageframe imageframe-none imageframe-6 hover-type-none\"> <img alt=\"Findling symbolisiert die Isernhagener Mitte\" src=\"https:\/\/typisch-region-hannover.de\/wp-content\/uploads\/2019\/10\/Isernhagen-Mitte.jpg\" class=\"img-responsive\"\/><\/span><div class=\"fusion-sep-clear\"><\/div><div class=\"fusion-separator fusion-full-width-sep sep-none\" style=\"border-color:#e0dede;margin-left: auto;margin-right: auto;margin-top:5px;margin-bottom:5px;\"><\/div><div class=\"fusion-title title fusion-title-size-two\" style=\"margin-top:5;margin-bottom:5;\"><h2 class=\"title-heading-left\">MAGAZIN Nr. 5 vom 20. September 2019<\/h2><div class=\"title-sep-container\"><div class=\"title-sep sep-double\"><\/div><\/div><\/div><p>Die Tage werden k\u00fcrzer &#8211; entdecken Sie mit uns in Altwarmb\u00fcchen M\u00f6glichkeiten f\u00fcr einen gem\u00fctlichen gratis Lesenachmittag im mollig-warmen Wohnzimmer. Kennen Sie die Naturdenkmale im Gemeindegebiet? Besuchen Sie mit uns altehrw\u00fcrdige B\u00e4ume und weitere Natursch\u00f6nheiten, die unter Schutz stehen. Die Isernhagener Mitte &#8211; mitten im Gr\u00fcnen hat die B\u00fcrgerstiftung dort einen Findling aufstellen lassen, eine Bank l\u00e4dt zum Verweilen ein und sieben junge B\u00e4ume &#8211; einer f\u00fcr jeden Ortsteil &#8211; haben auch die beiden trockenen Sommer \u00fcberstanden. Besuchen Sie mit uns \u201edie Mitte\u201c &#8211; mit erstaunlichem Deisterblick. <a href=\"https:\/\/typisch-region-hannover.de\/index.php\/isernhagen\/typisch-isernhagen-nr-5-vom-20-09-2019\/\">Magazin!<\/a><\/p>\n<div class=\"fusion-sep-clear\"><\/div><div class=\"fusion-separator fusion-full-width-sep sep-single\" style=\"border-color:#42661f;border-top-width:1px;margin-left: auto;margin-right: auto;margin-top:5px;margin-bottom:20px;\"><\/div><span class=\"fusion-imageframe imageframe-none imageframe-7 hover-type-none\"> <img alt=\"Objekt am Pfad der Menschenrechte\" src=\"https:\/\/typisch-region-hannover.de\/wp-content\/uploads\/2019\/06\/isernhagen-pdm.jpg\" class=\"img-responsive\"\/><\/span><div class=\"fusion-sep-clear\"><\/div><div class=\"fusion-separator fusion-full-width-sep sep-none\" style=\"border-color:#e0dede;margin-left: auto;margin-right: auto;margin-top:15px;margin-bottom:5px;\"><\/div><div class=\"fusion-title title fusion-title-size-two\" style=\"margin-top:10;margin-bottom:10;\"><h2 class=\"title-heading-left\">MAGAZIN Nr. 4 vom 21. Juni 2019<br \/>\n<\/h2><div class=\"title-sep-container\"><div class=\"title-sep sep-double\"><\/div><\/div><\/div><p>Wir besuchten den Imkerverein Burgwedel-Isernhagen auf seiner Vereinswiese am Ortsrand von Neuwarmb\u00fcchen und erfuhren viel \u00fcber das Imkern als Hobby.\u00a0 Die Flemmingsche Tongrube war einst ein Ort, an dem ein wertvoller Baustoff abgebaut wurde &#8211; heute ein kleines Naturparadies. Die Wietze ist eine echte Isernh\u00e4gerin, denn sie wird auf dem Grund und Boden der Gemeinde aus dem Zusammenfluss von Edder und Fl\u00f6th \u201egeboren\u201c. Wir sind entlang der Wietze f\u00fcr Sie unterwegs gewesen. Ebenso auf dem Pfad der Menschenrechte.\u00a0 <a href=\"https:\/\/typisch-region-hannover.de\/index.php\/isernhagen\/typisch-isernhagen-nr-4-vom-21-06-2019\/\">Magazin!<\/a><\/p>\n<div class=\"fusion-sep-clear\"><\/div><div class=\"fusion-separator fusion-full-width-sep sep-single\" style=\"border-color:#42661f;border-top-width:1px;margin-left: auto;margin-right: auto;margin-top:5px;margin-bottom:20px;\"><\/div><span class=\"fusion-imageframe imageframe-none imageframe-8 hover-type-none\"> <img alt=\"Altwarmb\u00fcchener See\" src=\"https:\/\/typisch-region-hannover.de\/wp-content\/uploads\/2019\/06\/isernhagen-awbsee.jpg\" class=\"img-responsive\"\/><\/span><div class=\"fusion-sep-clear\"><\/div><div class=\"fusion-separator fusion-full-width-sep sep-none\" style=\"border-color:#e0dede;margin-left: auto;margin-right: auto;margin-top:15px;margin-bottom:5px;\"><\/div><div class=\"fusion-title title fusion-title-size-two\" style=\"margin-top:10;margin-bottom:10;\"><h2 class=\"title-heading-left\">MAGAZIN Nr. 3 vom 29. September 2018<br \/>\n<\/h2><div class=\"title-sep-container\"><div class=\"title-sep sep-double\"><\/div><\/div><\/div><p>Der Altwarmb\u00fcchener See Ist ein Thema in dieser 3. Ausgabe. Typisch Isernhagen sind nat\u00fcrlich auch die Wappen aller Ortsteile, wir schauen nach ihrer Bedeutung. Auch das kleine H\u00e4uschen aus Raseneisenstein, das sich vor dem Eingang der St. Marienkirche befindet, ist eine Recherche wert. Die Jagd war f\u00fcr Isernhagen schon immer wichtig, wir informierten uns beim Hegering und empfehlen den Besuch der Hubertusmesse.\u00a0 <a href=\"https:\/\/typisch-region-hannover.de\/index.php\/isernhagen\/typisch-isernhagen-nr-3-vom-29-09-2018\/\">Magazin!<\/a><\/p>\n<div class=\"fusion-sep-clear\"><\/div><div class=\"fusion-separator fusion-full-width-sep sep-single\" style=\"border-color:#42661f;border-top-width:1px;margin-left: auto;margin-right: auto;margin-top:0px;margin-bottom:20px;\"><\/div><span class=\"fusion-imageframe imageframe-none imageframe-9 hover-type-none\"> <img alt=\"Mausoleum der Familie Hoyermann\" src=\"https:\/\/typisch-region-hannover.de\/wp-content\/uploads\/2018\/08\/Isernhagen2-Mausuleum.jpg\" class=\"img-responsive\"\/><\/span><div class=\"fusion-sep-clear\"><\/div><div class=\"fusion-separator fusion-full-width-sep sep-none\" style=\"border-color:#e0dede;margin-left: auto;margin-right: auto;margin-top:10px;margin-bottom:10px;\"><\/div><div class=\"fusion-title title fusion-title-size-two\" style=\"margin-top:10;margin-bottom:10;\"><h2 class=\"title-heading-left\">MAGAZIN Nr. 2 vom 25. Juni 2018<br \/>\n<\/h2><div class=\"title-sep-container\"><div class=\"title-sep sep-double\"><\/div><\/div><\/div><p>Auf dem W\u00f6hler-Dusche-Hof, dem Bauernhausmuseum, erfuhren wir die Geschichte des Gel\u00e4ndes und Interessantes \u00fcber\u00a0Raseneisenstein, der namensgebend f\u00fcr Isernhagen war. Gut Lohne und die Gr\u00fcnderfamilie Hoyermann sind ein weiteres gro\u00dfes Thema im zweiten Isernhagener\u00a0\u00a0<a href=\"https:\/\/typisch-region-hannover.de\/index.php\/isernhagen\/typisch-isernhagen-nr-1-vom-29-09-2017\/\">Magazin!<\/a><\/p>\n<div class=\"fusion-sep-clear\"><\/div><div class=\"fusion-separator fusion-full-width-sep sep-single\" style=\"border-color:#42661f;border-top-width:1px;margin-left: auto;margin-right: auto;margin-top:125px;margin-bottom:30px;\"><\/div><span class=\"fusion-imageframe imageframe-none imageframe-10 hover-type-none\"> <img alt=\"\" src=\"https:\/\/typisch-region-hannover.de\/wp-content\/uploads\/2017\/09\/isernhagen01th.jpg\" class=\"img-responsive\"\/><\/span><div class=\"fusion-sep-clear\"><\/div><div class=\"fusion-separator fusion-full-width-sep sep-none\" style=\"border-color:#e0dede;margin-left: auto;margin-right: auto;margin-top:10px;margin-bottom:10px;\"><\/div><div class=\"fusion-title title fusion-title-size-two\" style=\"margin-top:10;margin-bottom:10;\"><h2 class=\"title-heading-left\">MAGAZIN Nr. 1 vom 29. September 2017<br \/>\n<\/h2><div class=\"title-sep-container\"><div class=\"title-sep sep-double\"><\/div><\/div><\/div><p>Das erste Magazin aus Isernhagen ist da! Wir haben interessante Informationen aus der Statistik \u00fcber Stadt, Gemeinde und Bev\u00f6lkerung Isernhagens zusammengetragen. Den Wietzepark haben wir besucht, sowie auch die St.Nicolai-Kirche in Kirchhorst. Au\u00dferdem trafen wir zwei Jungs, die \u00fcber ihre Sportart berichten, das Lichtpunktschie\u00dfen.\u00a0\u00a0<a href=\"https:\/\/typisch-region-hannover.de\/index.php\/isernhagen\/typisch-isernhagen-nr-1-vom-29-09-2017\/\">Alles im neuen Magazin!<\/a><\/p>\n<div class=\"fusion-sep-clear\"><\/div><div class=\"fusion-separator fusion-full-width-sep sep-none\" style=\"border-color:#e0dede;margin-left: auto;margin-right: auto;margin-top:10px;margin-bottom:10px;\"><\/div><div class=\"fusion-clearfix\"><\/div><\/div><\/div><div class=\"fusion-one-third one_third fusion-layout-column fusion-column-last fusion-spacing-yes\" style=\"margin-top:0px;margin-bottom:20px;\"><div class=\"fusion-column-wrapper\" style=\"background-color:#9ad66f;padding:15px;\"><div class=\"fusion-title title fusion-title-size-three\"><h3 class=\"title-heading-left\">RUNDUM INFORMIERT \u00fcber Isernhagen<\/h3><div class=\"title-sep-container\"><div class=\"title-sep sep-double\"><\/div><\/div><\/div><span class=\"fusion-imageframe imageframe-none imageframe-11 hover-type-none fusion-animated\" data-animationType=\"flash\" data-animationDuration=\"0.1\"><a class=\"fusion-no-lightbox\" href=\"http:\/\/www.haz.de\/Hannover\/Aus-der-Region\/Isernhagen\" target=\"_blank\"> <img alt=\"\" src=\"https:\/\/typisch-region-hannover.de\/wp-content\/uploads\/2016\/01\/HAZNPklein.jpg\" class=\"img-responsive\"\/><\/a><\/span><div class=\"fusion-sep-clear\"><\/div><div class=\"fusion-separator fusion-full-width-sep sep-none\" style=\"border-color:#e0dede;margin-left: auto;margin-right: auto;margin-top:10px;margin-bottom:10px;\"><\/div><p>Aktuelle Informationen aus Ihrer Tageszeitung &#8211; die Meldungen der Nordhannoverschen Zeitung geben Auskunft \u00fcber alles, was in Langenhagen geschieht.<\/p>\n<div class=\"fusion-sep-clear\"><\/div><div class=\"fusion-separator fusion-full-width-sep sep-single\" style=\"border-color:#42661f;border-top-width:1px;margin-left: auto;margin-right: auto;margin-top:10px;margin-bottom:10px;\"><\/div><span class=\"fusion-imageframe imageframe-none imageframe-12 hover-type-none\"><a class=\"fusion-no-lightbox\" href=\"http:\/\/hannover.sportbuzzer.de\/suche\/artikel\/?q=Isernhagen\" target=\"_blank\"> <img alt=\"\" src=\"https:\/\/typisch-region-hannover.de\/wp-content\/uploads\/2016\/01\/Sportbuzzer.png\" class=\"img-responsive\"\/><\/a><\/span><div class=\"fusion-sep-clear\"><\/div><div class=\"fusion-separator fusion-full-width-sep sep-none\" style=\"border-color:#e0dede;margin-left: auto;margin-right: auto;margin-top:10px;margin-bottom:10px;\"><\/div><p>Isernhagen von seiner sportlichen Seite: Auf dem Portal Sportbuzzer.de gibt es Berichte f\u00fcr alle Sportfans, die immer wissen m\u00f6chten, wo ihr Heimatverein steht.<\/p>\n<div class=\"fusion-clearfix\"><\/div><\/div><\/div><div class=\"fusion-clearfix\"><\/div>\n","protected":false},"excerpt":{"rendered":"","protected":false},"author":2,"featured_media":0,"parent":0,"menu_order":0,"comment_status":"closed","ping_status":"closed","template":"","meta":[],"yoast_head":"<!-- This site is optimized with the Yoast SEO plugin v19.10 - https:\/\/yoast.com\/wordpress\/plugins\/seo\/ -->\n<title>Isernhagen - Typisch Region Hannover<\/title>\n<meta name=\"robots\" content=\"index, follow, max-snippet:-1, max-image-preview:large, max-video-preview:-1\" \/>\n<link rel=\"canonical\" href=\"https:\/\/typisch-region-hannover.de\/index.php\/isernhagen\/\" \/>\n<meta property=\"og:locale\" content=\"de_DE\" \/>\n<meta property=\"og:type\" content=\"article\" \/>\n<meta property=\"og:title\" content=\"Isernhagen - Typisch Region Hannover\" \/>\n<meta property=\"og:url\" content=\"https:\/\/typisch-region-hannover.de\/index.php\/isernhagen\/\" \/>\n<meta property=\"og:site_name\" content=\"Typisch Region Hannover\" \/>\n<meta property=\"article:publisher\" content=\"https:\/\/www.facebook.com\/typischregionhannover\/\" \/>\n<meta property=\"article:modified_time\" content=\"2020-09-23T09:18:24+00:00\" \/>\n<meta property=\"og:image\" content=\"https:\/\/typisch-region-hannover.de\/wp-content\/uploads\/2019\/09\/Isernhagen05-01.jpg\" \/>\n<meta name=\"twitter:card\" content=\"summary_large_image\" \/>\n<meta name=\"twitter:label1\" content=\"Gesch\u00e4tzte Lesezeit\" \/>\n\t<meta name=\"twitter:data1\" content=\"8\u00a0Minuten\" \/>\n<script type=\"application\/ld+json\" class=\"yoast-schema-graph\">{\"@context\":\"https:\/\/schema.org\",\"@graph\":[{\"@type\":\"WebPage\",\"@id\":\"https:\/\/typisch-region-hannover.de\/index.php\/isernhagen\/\",\"url\":\"https:\/\/typisch-region-hannover.de\/index.php\/isernhagen\/\",\"name\":\"Isernhagen - Typisch Region Hannover\",\"isPartOf\":{\"@id\":\"https:\/\/typisch-region-hannover.de\/#website\"},\"datePublished\":\"2017-09-28T23:59:15+00:00\",\"dateModified\":\"2020-09-23T09:18:24+00:00\",\"breadcrumb\":{\"@id\":\"https:\/\/typisch-region-hannover.de\/index.php\/isernhagen\/#breadcrumb\"},\"inLanguage\":\"de\",\"potentialAction\":[{\"@type\":\"ReadAction\",\"target\":[\"https:\/\/typisch-region-hannover.de\/index.php\/isernhagen\/\"]}]},{\"@type\":\"BreadcrumbList\",\"@id\":\"https:\/\/typisch-region-hannover.de\/index.php\/isernhagen\/#breadcrumb\",\"itemListElement\":[{\"@type\":\"ListItem\",\"position\":1,\"name\":\"Home\",\"item\":\"https:\/\/typisch-region-hannover.de\/\"},{\"@type\":\"ListItem\",\"position\":2,\"name\":\"Isernhagen\"}]},{\"@type\":\"WebSite\",\"@id\":\"https:\/\/typisch-region-hannover.de\/#website\",\"url\":\"https:\/\/typisch-region-hannover.de\/\",\"name\":\"Typisch Region Hannover\",\"description\":\"Wissenswertes aus unserer Region\",\"potentialAction\":[{\"@type\":\"SearchAction\",\"target\":{\"@type\":\"EntryPoint\",\"urlTemplate\":\"https:\/\/typisch-region-hannover.de\/?s={search_term_string}\"},\"query-input\":\"required name=search_term_string\"}],\"inLanguage\":\"de\"}]}<\/script>\n<!-- \/ Yoast SEO plugin. -->","yoast_head_json":{"title":"Isernhagen - Typisch Region Hannover","robots":{"index":"index","follow":"follow","max-snippet":"max-snippet:-1","max-image-preview":"max-image-preview:large","max-video-preview":"max-video-preview:-1"},"canonical":"https:\/\/typisch-region-hannover.de\/index.php\/isernhagen\/","og_locale":"de_DE","og_type":"article","og_title":"Isernhagen - Typisch Region Hannover","og_url":"https:\/\/typisch-region-hannover.de\/index.php\/isernhagen\/","og_site_name":"Typisch Region Hannover","article_publisher":"https:\/\/www.facebook.com\/typischregionhannover\/","article_modified_time":"2020-09-23T09:18:24+00:00","og_image":[{"url":"https:\/\/typisch-region-hannover.de\/wp-content\/uploads\/2019\/09\/Isernhagen05-01.jpg"}],"twitter_card":"summary_large_image","twitter_misc":{"Gesch\u00e4tzte Lesezeit":"8\u00a0Minuten"},"schema":{"@context":"https:\/\/schema.org","@graph":[{"@type":"WebPage","@id":"https:\/\/typisch-region-hannover.de\/index.php\/isernhagen\/","url":"https:\/\/typisch-region-hannover.de\/index.php\/isernhagen\/","name":"Isernhagen - Typisch Region Hannover","isPartOf":{"@id":"https:\/\/typisch-region-hannover.de\/#website"},"datePublished":"2017-09-28T23:59:15+00:00","dateModified":"2020-09-23T09:18:24+00:00","breadcrumb":{"@id":"https:\/\/typisch-region-hannover.de\/index.php\/isernhagen\/#breadcrumb"},"inLanguage":"de","potentialAction":[{"@type":"ReadAction","target":["https:\/\/typisch-region-hannover.de\/index.php\/isernhagen\/"]}]},{"@type":"BreadcrumbList","@id":"https:\/\/typisch-region-hannover.de\/index.php\/isernhagen\/#breadcrumb","itemListElement":[{"@type":"ListItem","position":1,"name":"Home","item":"https:\/\/typisch-region-hannover.de\/"},{"@type":"ListItem","position":2,"name":"Isernhagen"}]},{"@type":"WebSite","@id":"https:\/\/typisch-region-hannover.de\/#website","url":"https:\/\/typisch-region-hannover.de\/","name":"Typisch Region Hannover","description":"Wissenswertes aus unserer Region","potentialAction":[{"@type":"SearchAction","target":{"@type":"EntryPoint","urlTemplate":"https:\/\/typisch-region-hannover.de\/?s={search_term_string}"},"query-input":"required name=search_term_string"}],"inLanguage":"de"}]}},"_links":{"self":[{"href":"https:\/\/typisch-region-hannover.de\/index.php\/wp-json\/wp\/v2\/pages\/14930"}],"collection":[{"href":"https:\/\/typisch-region-hannover.de\/index.php\/wp-json\/wp\/v2\/pages"}],"about":[{"href":"https:\/\/typisch-region-hannover.de\/index.php\/wp-json\/wp\/v2\/types\/page"}],"author":[{"embeddable":true,"href":"https:\/\/typisch-region-hannover.de\/index.php\/wp-json\/wp\/v2\/users\/2"}],"replies":[{"embeddable":true,"href":"https:\/\/typisch-region-hannover.de\/index.php\/wp-json\/wp\/v2\/comments?post=14930"}],"version-history":[{"count":0,"href":"https:\/\/typisch-region-hannover.de\/index.php\/wp-json\/wp\/v2\/pages\/14930\/revisions"}],"wp:attachment":[{"href":"https:\/\/typisch-region-hannover.de\/index.php\/wp-json\/wp\/v2\/media?parent=14930"}],"curies":[{"name":"wp","href":"https:\/\/api.w.org\/{rel}","templated":true}]}}