{"id":14906,"date":"2017-09-25T00:27:13","date_gmt":"2017-09-24T22:27:13","guid":{"rendered":"https:\/\/typisch-region-hannover.de\/?page_id=14906"},"modified":"2017-09-25T00:27:13","modified_gmt":"2017-09-24T22:27:13","slug":"typisch-wedemark-nr-9-vom-25-09-2017","status":"publish","type":"page","link":"https:\/\/typisch-region-hannover.de\/index.php\/wedemark-2\/typisch-wedemark-nr-9-vom-25-09-2017\/","title":{"rendered":"Typisch Wedemark Nr. 9 vom 25.09.2017"},"content":{"rendered":"<div class=\"fusion-title title fusion-title-size-one\" style=\"margin-bottom:10px;\"><h1 class=\"title-heading-left\">Typisch Wedemark: Nr. 9 vom 25.09.2017<\/h1><div class=\"title-sep-container\"><div class=\"title-sep sep-double sep-solid\"><\/div><\/div><\/div><p style=\"text-align: left;\">Wenn man vom Nordkap nach Sizilien wandert, landet man ungef\u00e4hr auf halber Strecke zwangsl\u00e4ufig in der Wedemark&#8230;.<br \/>\nNein, das ist kein Scherz! Der Fernwanderweg E 1 f\u00fchrt tats\u00e4chlich von Europas hohem Norden in Europas fernen S\u00fcden und zwei Etappen f\u00fchren durch diese Gemeinde. Mit dem Wegewart des Hannoverschen Wander- und Gebirgsvereins haben wir die Wedem\u00e4rker Streckenf\u00fchrung erkundet und dabei auch einen kleinen Tunnel unter der A 7 entdeckt, der wohl nur wenigen Wedem\u00e4rkern bekannt ist. Fernwanderer hingegen kennen ihn, denn hindurch f\u00fchrt der Weg zwischen Fuhrberg und Gailhof, der zu einer rund 30 Kilometer langen Wanderetappe geh\u00f6rt. Lesen Sie dazu die Seiten 8 bis 11.<br \/>\nDer Lochstein im Bild auf dieser Seite &#8211; der geh\u00f6rt doch sicher zum Geopfad? Nein, er geh\u00f6rt zu den 16 Kinderrechts-Kunstwerken, die 2011 in der Wedemark installiert wurden. Zwischen Dudenbostel und Rodenbostel kann man ihn finden &#8211; im Moment mit Blick auf erbl\u00fchendes \u201eHerbstgelb\u201c. Es ist kein Raps, der seine Bl\u00fcten \u00f6ffnet sondern ein Feld voll Gr\u00fcnd\u00fcnger. In einer Jahreszeit, in der<br \/>\ndie Landschaft zu verblassen beginnt ein sch\u00f6ner Farbtupfer! Wir haben uns die Kunstwerke f\u00fcr Kinderrechte in den Ortsteilen und die \u201eStra\u00dfe der Kinderrechte\u201c in Mellendorf angeschaut und empfehlen, die vielseitigen bunten Werke, geschaffen von vielen Kindern, K\u00fcnstlern und K\u00fcnstlerinnen, einmal n\u00e4her anzuschauen. Auch in Ihrem Wedem\u00e4rker Ortsteil gibt es ein Kinderrechtskunstwerk! Lesen Sie die Seiten 4 bis 7 und entdecken Sie, was die Gemeinde Wedemark tut, um den Rang einer \u201ekinderfreundlichen Kommune\u201c mit Leben zu f\u00fcllen.<br \/>\nUnser \u201ehistorisches Thema\u201c geht diesmal nicht Jahrhunderte in die Vergangenheit zur\u00fcck, sondern nur ein paar Jahrzehnte. 40 Jahre ist es her, seit in Mellendorf die erste Eishockey-Herrenmanschaft antrat. In diesem Jahr schlie\u00dft sich der Reigen, denn die Hannover Scorpions sind heimgekehrt in das Mellendorfer Eisstadion. Blicken wir zusammen auf die bewegte Geschichte des Eishockey in der Wedemark, auf die wilden Zeiten, in denen der Dorfverein in die DEL aufstieg. Und schauen wir, mit welchen Chancen das aktuelle Scorpions-Team antritt. Wird es in dieser Saison die Oberliga rocken?<br \/>\nWir hoffen, Sie haben Freude an unseren typischen Wedem\u00e4rker Geschichten. Genie\u00dfen Sie die letzten warmen Tage &#8211; vielleicht mit einem Spaziergang auf dem Fenrwanderweg oder mit einer Radtour entlang der Kunstroute zum Thema Kinderrechte?<\/p>\n<div class=\"fusion-one-third one_third fusion-layout-column fusion-spacing-yes\" style=\"margin-top:0px;margin-bottom:20px;\"><div class=\"fusion-column-wrapper\"><span class=\"fusion-imageframe imageframe-none imageframe-1 hover-type-zoomin\"><a class=\"fusion-no-lightbox\" href=\"https:\/\/typisch-region-hannover.de\/wp-content\/uploads\/2017\/09\/Wedemark09-01.jpg\" target=\"_blank\"> <img alt=\"\" src=\"https:\/\/typisch-region-hannover.de\/wp-content\/uploads\/2017\/09\/Wedemark09-01.jpg\" class=\"img-responsive\"\/><\/a><\/span><div class=\"fusion-clearfix\"><\/div><\/div><\/div><div class=\"fusion-one-third one_third fusion-layout-column fusion-spacing-yes\" style=\"margin-top:0px;margin-bottom:20px;\"><div class=\"fusion-column-wrapper\"><span class=\"fusion-imageframe imageframe-none imageframe-2 hover-type-zoomin\"><a class=\"fusion-no-lightbox\" href=\"https:\/\/typisch-region-hannover.de\/wp-content\/uploads\/2017\/09\/Wedemark09-02.jpg\" target=\"_blank\"> <img alt=\"\" src=\"https:\/\/typisch-region-hannover.de\/wp-content\/uploads\/2017\/09\/Wedemark09-02.jpg\" class=\"img-responsive\"\/><\/a><\/span><div class=\"fusion-clearfix\"><\/div><\/div><\/div><div class=\"fusion-one-third one_third fusion-layout-column fusion-column-last fusion-spacing-yes\" style=\"margin-top:0px;margin-bottom:20px;\"><div class=\"fusion-column-wrapper\"><span class=\"fusion-imageframe imageframe-none imageframe-3 hover-type-zoomin\"><a class=\"fusion-no-lightbox\" href=\"https:\/\/typisch-region-hannover.de\/wp-content\/uploads\/2017\/09\/Wedemark09-03.jpg\" target=\"_blank\"> <img alt=\"\" src=\"https:\/\/typisch-region-hannover.de\/wp-content\/uploads\/2017\/09\/Wedemark09-03.jpg\" class=\"img-responsive\"\/><\/a><\/span><div class=\"fusion-clearfix\"><\/div><\/div><\/div><div class=\"fusion-clearfix\"><\/div><div class=\"fusion-one-third one_third fusion-layout-column fusion-spacing-yes\" style=\"margin-top:0px;margin-bottom:20px;\"><div class=\"fusion-column-wrapper\"><span class=\"fusion-imageframe imageframe-none imageframe-4 hover-type-zoomin\"><a class=\"fusion-no-lightbox\" href=\"https:\/\/typisch-region-hannover.de\/wp-content\/uploads\/2017\/09\/Wedemark09-04.jpg\" target=\"_blank\"> <img alt=\"\" src=\"https:\/\/typisch-region-hannover.de\/wp-content\/uploads\/2017\/09\/Wedemark09-04.jpg\" class=\"img-responsive\"\/><\/a><\/span><div class=\"fusion-clearfix\"><\/div><\/div><\/div><div class=\"fusion-one-third one_third fusion-layout-column fusion-spacing-yes\" style=\"margin-top:0px;margin-bottom:20px;\"><div class=\"fusion-column-wrapper\"><span class=\"fusion-imageframe imageframe-none imageframe-5 hover-type-zoomin\"><a class=\"fusion-no-lightbox\" href=\"https:\/\/typisch-region-hannover.de\/wp-content\/uploads\/2017\/09\/Wedemark09-05.jpg\" target=\"_blank\"> <img alt=\"\" src=\"https:\/\/typisch-region-hannover.de\/wp-content\/uploads\/2017\/09\/Wedemark09-05.jpg\" class=\"img-responsive\"\/><\/a><\/span><div class=\"fusion-clearfix\"><\/div><\/div><\/div><div class=\"fusion-one-third one_third fusion-layout-column fusion-column-last fusion-spacing-yes\" style=\"margin-top:0px;margin-bottom:20px;\"><div class=\"fusion-column-wrapper\"><span class=\"fusion-imageframe imageframe-none imageframe-6 hover-type-zoomin\"><a class=\"fusion-no-lightbox\" href=\"https:\/\/typisch-region-hannover.de\/wp-content\/uploads\/2017\/09\/Wedemark09-06.jpg\" target=\"_blank\"> <img alt=\"\" src=\"https:\/\/typisch-region-hannover.de\/wp-content\/uploads\/2017\/09\/Wedemark09-06.jpg\" class=\"img-responsive\"\/><\/a><\/span><div class=\"fusion-clearfix\"><\/div><\/div><\/div><div class=\"fusion-clearfix\"><\/div><div class=\"fusion-one-third one_third fusion-layout-column fusion-spacing-yes\" style=\"margin-top:0px;margin-bottom:20px;\"><div class=\"fusion-column-wrapper\"><span class=\"fusion-imageframe imageframe-none imageframe-7 hover-type-zoomin\"><a class=\"fusion-no-lightbox\" href=\"https:\/\/typisch-region-hannover.de\/wp-content\/uploads\/2017\/09\/Wedemark09-07.jpg\" target=\"_blank\"> <img alt=\"\" src=\"https:\/\/typisch-region-hannover.de\/wp-content\/uploads\/2017\/09\/Wedemark09-07.jpg\" class=\"img-responsive\"\/><\/a><\/span><div class=\"fusion-clearfix\"><\/div><\/div><\/div><div class=\"fusion-one-third one_third fusion-layout-column fusion-spacing-yes\" style=\"margin-top:0px;margin-bottom:20px;\"><div class=\"fusion-column-wrapper\"><span class=\"fusion-imageframe imageframe-none imageframe-8 hover-type-zoomin\"><a class=\"fusion-no-lightbox\" href=\"https:\/\/typisch-region-hannover.de\/wp-content\/uploads\/2017\/09\/Wedemark09-08-09.jpg\" target=\"_blank\"> <img alt=\"\" src=\"https:\/\/typisch-region-hannover.de\/wp-content\/uploads\/2017\/09\/Wedemark09-08-09.jpg\" class=\"img-responsive\"\/><\/a><\/span><div class=\"fusion-clearfix\"><\/div><\/div><\/div><div class=\"fusion-one-third one_third fusion-layout-column fusion-column-last fusion-spacing-yes\" style=\"margin-top:0px;margin-bottom:20px;\"><div class=\"fusion-column-wrapper\"><span class=\"fusion-imageframe imageframe-none imageframe-9 hover-type-zoomin\"><a class=\"fusion-no-lightbox\" href=\"https:\/\/typisch-region-hannover.de\/wp-content\/uploads\/2017\/09\/Wedemark09-10.jpg\" target=\"_blank\"> <img alt=\"\" src=\"https:\/\/typisch-region-hannover.de\/wp-content\/uploads\/2017\/09\/Wedemark09-10.jpg\" class=\"img-responsive\"\/><\/a><\/span><div class=\"fusion-clearfix\"><\/div><\/div><\/div><div class=\"fusion-clearfix\"><\/div><div class=\"fusion-one-third one_third fusion-layout-column fusion-spacing-yes\" style=\"margin-top:0px;margin-bottom:20px;\"><div class=\"fusion-column-wrapper\"><span class=\"fusion-imageframe imageframe-none imageframe-10 hover-type-zoomin\"><a class=\"fusion-no-lightbox\" href=\"https:\/\/typisch-region-hannover.de\/wp-content\/uploads\/2017\/09\/Wedemark09-11.jpg\" target=\"_blank\"> <img alt=\"\" src=\"https:\/\/typisch-region-hannover.de\/wp-content\/uploads\/2017\/09\/Wedemark09-11.jpg\" class=\"img-responsive\"\/><\/a><\/span><div class=\"fusion-clearfix\"><\/div><\/div><\/div><div class=\"fusion-one-third one_third fusion-layout-column fusion-spacing-yes\" style=\"margin-top:0px;margin-bottom:20px;\"><div class=\"fusion-column-wrapper\"><span class=\"fusion-imageframe imageframe-none imageframe-11 hover-type-zoomin\"><a class=\"fusion-no-lightbox\" href=\"https:\/\/typisch-region-hannover.de\/wp-content\/uploads\/2017\/09\/Wedemark09-12.jpg\" target=\"_blank\"> <img alt=\"\" src=\"https:\/\/typisch-region-hannover.de\/wp-content\/uploads\/2017\/09\/Wedemark09-12.jpg\" class=\"img-responsive\"\/><\/a><\/span><div class=\"fusion-clearfix\"><\/div><\/div><\/div><div class=\"fusion-one-third one_third fusion-layout-column fusion-column-last fusion-spacing-yes\" style=\"margin-top:0px;margin-bottom:20px;\"><div class=\"fusion-column-wrapper\"><span class=\"fusion-imageframe imageframe-none imageframe-12 hover-type-zoomin\"><a class=\"fusion-no-lightbox\" href=\"https:\/\/typisch-region-hannover.de\/wp-content\/uploads\/2017\/09\/Wedemark09-13.jpg\" target=\"_blank\"> <img alt=\"\" src=\"https:\/\/typisch-region-hannover.de\/wp-content\/uploads\/2017\/09\/Wedemark09-13.jpg\" class=\"img-responsive\"\/><\/a><\/span><div class=\"fusion-clearfix\"><\/div><\/div><\/div><div class=\"fusion-clearfix\"><\/div><div class=\"fusion-one-third one_third fusion-layout-column fusion-spacing-yes\" style=\"margin-top:0px;margin-bottom:20px;\"><div class=\"fusion-column-wrapper\"><span class=\"fusion-imageframe imageframe-none imageframe-13 hover-type-zoomin\"><a class=\"fusion-no-lightbox\" href=\"https:\/\/typisch-region-hannover.de\/wp-content\/uploads\/2017\/09\/Wedemark09-14.jpg\" target=\"_blank\"> <img alt=\"\" src=\"https:\/\/typisch-region-hannover.de\/wp-content\/uploads\/2017\/09\/Wedemark09-14.jpg\" class=\"img-responsive\"\/><\/a><\/span><div class=\"fusion-clearfix\"><\/div><\/div><\/div><div class=\"fusion-one-third one_third fusion-layout-column fusion-spacing-yes\" style=\"margin-top:0px;margin-bottom:20px;\"><div class=\"fusion-column-wrapper\"><span class=\"fusion-imageframe imageframe-none imageframe-14 hover-type-zoomin\"><a class=\"fusion-no-lightbox\" href=\"https:\/\/typisch-region-hannover.de\/wp-content\/uploads\/2017\/09\/Wedemark09-15.jpg\" target=\"_blank\"> <img alt=\"\" src=\"https:\/\/typisch-region-hannover.de\/wp-content\/uploads\/2017\/09\/Wedemark09-15.jpg\" class=\"img-responsive\"\/><\/a><\/span><div class=\"fusion-clearfix\"><\/div><\/div><\/div><div class=\"fusion-one-third one_third fusion-layout-column fusion-column-last fusion-spacing-yes\" style=\"margin-top:0px;margin-bottom:20px;\"><div class=\"fusion-column-wrapper\"><span class=\"fusion-imageframe imageframe-none imageframe-15 hover-type-zoomin\"><a class=\"fusion-no-lightbox\" href=\"https:\/\/typisch-region-hannover.de\/wp-content\/uploads\/2017\/09\/Wedemark09-16.jpg\" target=\"_blank\"> <img alt=\"\" src=\"https:\/\/typisch-region-hannover.de\/wp-content\/uploads\/2017\/09\/Wedemark09-16.jpg\" class=\"img-responsive\"\/><\/a><\/span><div class=\"fusion-clearfix\"><\/div><\/div><\/div><div class=\"fusion-clearfix\"><\/div>\n","protected":false},"excerpt":{"rendered":"","protected":false},"author":2,"featured_media":0,"parent":11766,"menu_order":0,"comment_status":"closed","ping_status":"closed","template":"","meta":[],"yoast_head":"<!-- This site is optimized with the Yoast SEO plugin v19.10 - https:\/\/yoast.com\/wordpress\/plugins\/seo\/ -->\n<title>Typisch Wedemark Nr. 9 vom 25.09.2017 - Typisch Region Hannover<\/title>\n<meta name=\"robots\" content=\"index, follow, max-snippet:-1, max-image-preview:large, max-video-preview:-1\" \/>\n<link rel=\"canonical\" href=\"https:\/\/typisch-region-hannover.de\/index.php\/wedemark-2\/typisch-wedemark-nr-9-vom-25-09-2017\/\" \/>\n<meta property=\"og:locale\" content=\"de_DE\" \/>\n<meta property=\"og:type\" content=\"article\" \/>\n<meta property=\"og:title\" content=\"Typisch Wedemark Nr. 9 vom 25.09.2017 - Typisch Region Hannover\" \/>\n<meta property=\"og:url\" content=\"https:\/\/typisch-region-hannover.de\/index.php\/wedemark-2\/typisch-wedemark-nr-9-vom-25-09-2017\/\" \/>\n<meta property=\"og:site_name\" content=\"Typisch Region Hannover\" \/>\n<meta property=\"article:publisher\" content=\"https:\/\/www.facebook.com\/typischregionhannover\/\" \/>\n<meta property=\"og:image\" content=\"https:\/\/typisch-region-hannover.de\/wp-content\/uploads\/2017\/09\/Wedemark09-01.jpg\" \/>\n<meta name=\"twitter:card\" content=\"summary_large_image\" \/>\n<meta name=\"twitter:label1\" content=\"Gesch\u00e4tzte Lesezeit\" \/>\n\t<meta name=\"twitter:data1\" content=\"9\u00a0Minuten\" \/>\n<script type=\"application\/ld+json\" class=\"yoast-schema-graph\">{\"@context\":\"https:\/\/schema.org\",\"@graph\":[{\"@type\":\"WebPage\",\"@id\":\"https:\/\/typisch-region-hannover.de\/index.php\/wedemark-2\/typisch-wedemark-nr-9-vom-25-09-2017\/\",\"url\":\"https:\/\/typisch-region-hannover.de\/index.php\/wedemark-2\/typisch-wedemark-nr-9-vom-25-09-2017\/\",\"name\":\"Typisch Wedemark Nr. 9 vom 25.09.2017 - Typisch Region Hannover\",\"isPartOf\":{\"@id\":\"https:\/\/typisch-region-hannover.de\/#website\"},\"datePublished\":\"2017-09-24T22:27:13+00:00\",\"dateModified\":\"2017-09-24T22:27:13+00:00\",\"breadcrumb\":{\"@id\":\"https:\/\/typisch-region-hannover.de\/index.php\/wedemark-2\/typisch-wedemark-nr-9-vom-25-09-2017\/#breadcrumb\"},\"inLanguage\":\"de\",\"potentialAction\":[{\"@type\":\"ReadAction\",\"target\":[\"https:\/\/typisch-region-hannover.de\/index.php\/wedemark-2\/typisch-wedemark-nr-9-vom-25-09-2017\/\"]}]},{\"@type\":\"BreadcrumbList\",\"@id\":\"https:\/\/typisch-region-hannover.de\/index.php\/wedemark-2\/typisch-wedemark-nr-9-vom-25-09-2017\/#breadcrumb\",\"itemListElement\":[{\"@type\":\"ListItem\",\"position\":1,\"name\":\"Home\",\"item\":\"https:\/\/typisch-region-hannover.de\/\"},{\"@type\":\"ListItem\",\"position\":2,\"name\":\"Wedemark\",\"item\":\"https:\/\/typisch-region-hannover.de\/index.php\/wedemark-2\/\"},{\"@type\":\"ListItem\",\"position\":3,\"name\":\"Typisch Wedemark Nr. 9 vom 25.09.2017\"}]},{\"@type\":\"WebSite\",\"@id\":\"https:\/\/typisch-region-hannover.de\/#website\",\"url\":\"https:\/\/typisch-region-hannover.de\/\",\"name\":\"Typisch Region Hannover\",\"description\":\"Wissenswertes aus unserer Region\",\"potentialAction\":[{\"@type\":\"SearchAction\",\"target\":{\"@type\":\"EntryPoint\",\"urlTemplate\":\"https:\/\/typisch-region-hannover.de\/?s={search_term_string}\"},\"query-input\":\"required name=search_term_string\"}],\"inLanguage\":\"de\"}]}<\/script>\n<!-- \/ Yoast SEO plugin. -->","yoast_head_json":{"title":"Typisch Wedemark Nr. 9 vom 25.09.2017 - Typisch Region Hannover","robots":{"index":"index","follow":"follow","max-snippet":"max-snippet:-1","max-image-preview":"max-image-preview:large","max-video-preview":"max-video-preview:-1"},"canonical":"https:\/\/typisch-region-hannover.de\/index.php\/wedemark-2\/typisch-wedemark-nr-9-vom-25-09-2017\/","og_locale":"de_DE","og_type":"article","og_title":"Typisch Wedemark Nr. 9 vom 25.09.2017 - Typisch Region Hannover","og_url":"https:\/\/typisch-region-hannover.de\/index.php\/wedemark-2\/typisch-wedemark-nr-9-vom-25-09-2017\/","og_site_name":"Typisch Region Hannover","article_publisher":"https:\/\/www.facebook.com\/typischregionhannover\/","og_image":[{"url":"https:\/\/typisch-region-hannover.de\/wp-content\/uploads\/2017\/09\/Wedemark09-01.jpg"}],"twitter_card":"summary_large_image","twitter_misc":{"Gesch\u00e4tzte Lesezeit":"9\u00a0Minuten"},"schema":{"@context":"https:\/\/schema.org","@graph":[{"@type":"WebPage","@id":"https:\/\/typisch-region-hannover.de\/index.php\/wedemark-2\/typisch-wedemark-nr-9-vom-25-09-2017\/","url":"https:\/\/typisch-region-hannover.de\/index.php\/wedemark-2\/typisch-wedemark-nr-9-vom-25-09-2017\/","name":"Typisch Wedemark Nr. 9 vom 25.09.2017 - Typisch Region Hannover","isPartOf":{"@id":"https:\/\/typisch-region-hannover.de\/#website"},"datePublished":"2017-09-24T22:27:13+00:00","dateModified":"2017-09-24T22:27:13+00:00","breadcrumb":{"@id":"https:\/\/typisch-region-hannover.de\/index.php\/wedemark-2\/typisch-wedemark-nr-9-vom-25-09-2017\/#breadcrumb"},"inLanguage":"de","potentialAction":[{"@type":"ReadAction","target":["https:\/\/typisch-region-hannover.de\/index.php\/wedemark-2\/typisch-wedemark-nr-9-vom-25-09-2017\/"]}]},{"@type":"BreadcrumbList","@id":"https:\/\/typisch-region-hannover.de\/index.php\/wedemark-2\/typisch-wedemark-nr-9-vom-25-09-2017\/#breadcrumb","itemListElement":[{"@type":"ListItem","position":1,"name":"Home","item":"https:\/\/typisch-region-hannover.de\/"},{"@type":"ListItem","position":2,"name":"Wedemark","item":"https:\/\/typisch-region-hannover.de\/index.php\/wedemark-2\/"},{"@type":"ListItem","position":3,"name":"Typisch Wedemark Nr. 9 vom 25.09.2017"}]},{"@type":"WebSite","@id":"https:\/\/typisch-region-hannover.de\/#website","url":"https:\/\/typisch-region-hannover.de\/","name":"Typisch Region Hannover","description":"Wissenswertes aus unserer Region","potentialAction":[{"@type":"SearchAction","target":{"@type":"EntryPoint","urlTemplate":"https:\/\/typisch-region-hannover.de\/?s={search_term_string}"},"query-input":"required name=search_term_string"}],"inLanguage":"de"}]}},"_links":{"self":[{"href":"https:\/\/typisch-region-hannover.de\/index.php\/wp-json\/wp\/v2\/pages\/14906"}],"collection":[{"href":"https:\/\/typisch-region-hannover.de\/index.php\/wp-json\/wp\/v2\/pages"}],"about":[{"href":"https:\/\/typisch-region-hannover.de\/index.php\/wp-json\/wp\/v2\/types\/page"}],"author":[{"embeddable":true,"href":"https:\/\/typisch-region-hannover.de\/index.php\/wp-json\/wp\/v2\/users\/2"}],"replies":[{"embeddable":true,"href":"https:\/\/typisch-region-hannover.de\/index.php\/wp-json\/wp\/v2\/comments?post=14906"}],"version-history":[{"count":0,"href":"https:\/\/typisch-region-hannover.de\/index.php\/wp-json\/wp\/v2\/pages\/14906\/revisions"}],"up":[{"embeddable":true,"href":"https:\/\/typisch-region-hannover.de\/index.php\/wp-json\/wp\/v2\/pages\/11766"}],"wp:attachment":[{"href":"https:\/\/typisch-region-hannover.de\/index.php\/wp-json\/wp\/v2\/media?parent=14906"}],"curies":[{"name":"wp","href":"https:\/\/api.w.org\/{rel}","templated":true}]}}