{"id":14788,"date":"2017-09-12T01:11:37","date_gmt":"2017-09-11T23:11:37","guid":{"rendered":"https:\/\/typisch-region-hannover.de\/?page_id=14788"},"modified":"2017-09-12T01:11:37","modified_gmt":"2017-09-11T23:11:37","slug":"typisch-langenhagen-nr-9-vom-12-09-2017","status":"publish","type":"page","link":"https:\/\/typisch-region-hannover.de\/index.php\/langenhagen\/typisch-langenhagen-nr-9-vom-12-09-2017\/","title":{"rendered":"Typisch Langenhagen Nr. 9 vom 12.09.2017"},"content":{"rendered":"<div class=\"fusion-title title fusion-title-size-one\" style=\"margin-bottom:10px;\"><h1 class=\"title-heading-left\">Typisch Langenhagen: Nr. 9 vom 12.09.2017<\/h1><div class=\"title-sep-container\"><div class=\"title-sep sep-double sep-solid\"><\/div><\/div><\/div><p>Ein l\u00e4ndlich harmonischer Markt und ein st\u00e4dtischer Problembau sind in dieser Ausgabe die dominierenden Themen.<br \/>\nZum 8. Mal findet in Engelbostel der Hegermarkt statt &#8211; veranstaltet vom Hegering mit Unterst\u00fctzung des Ortsrates und des Sch\u00fctzenvereins. Der l\u00e4ndliche Markt hat eine d\u00f6rfliche Erfolgsgeschichte geschrieben und ist das einzige Element, das aus dem EU-Projekt PFERDEst\u00e4rken Langenhagen unverf\u00e4lscht \u00fcberlebt hat. Das besondere Veranstaltungsprogramm finden Sie auf den Seiten 4 bis 7.<br \/>\nDer Hegering als Ausrichter ist nicht nur eine Vereinigung von J\u00e4gern. Auch Naturschutzaufgaben nehmen die Aktiven wahr. Wir<br \/>\nhaben mit Mike Scheer und Hermann Wilmes eine Gel\u00e4ndefl\u00e4che am Flughafen besucht, die durch sorgsame Pflege einen steigenden Artenreichtum aufweist. Lesen Sie dazu die Seiten 8 bis 10.<br \/>\nWer in den vergangenen Wochen aufmerksam HAZ und NP gelesen hat, kam an einem Langenhagener Thema nicht vorbei: Die<br \/>\nSchlie\u00dfung des Hallenfreibades Godshorn hat die Bev\u00f6lkerung bewegt. Doch diese Freizeitst\u00e4tte ist nicht die einzige, um die derzeit diskutiert wird. W\u00e4hrend das Godshorner Bad nun geschlossen ist, steht auch die Eishalle, zu einer Zeit, in der normalerweise l\u00e4ngst Eis gemacht ist, geschlossen und still da. Ob und unter welcher Betreibermannschaft sie wieder er\u00f6ffnet wird, steht in den Sternen. Wir blicken zur\u00fcck auf zehn Jahre, in denen die Eishalle von der geplanten privatwirtschaftlichen Institution ohne st\u00e4dtische Zusch\u00fcsse zu einem Problem wurde, der viel st\u00e4dtisches Geld verschlungen hat. Eine Freizeitst\u00e4tte, in der sich Betreiberhoffnungen zerschlugen, bei der nach so langer Zeit noch immer keine Bauabnahme erfolgt ist und die jetzt erneut hohen st\u00e4dtischen Investitionsbedarf hat. Lesen Sie dazu die Seiten 11 bis 14.<br \/>\nWir w\u00fcnschen Ihnen viel Spa\u00df beim Hegermarkt und einen sch\u00f6nen Herbst in Langenhagen!<\/p>\n<div class=\"fusion-one-third one_third fusion-layout-column fusion-spacing-yes\" style=\"margin-top:0px;margin-bottom:20px;\"><div class=\"fusion-column-wrapper\"><span class=\"fusion-imageframe imageframe-none imageframe-1 hover-type-zoomin\"><a class=\"fusion-no-lightbox\" href=\"https:\/\/typisch-region-hannover.de\/wp-content\/uploads\/2017\/09\/Langenhagen09-01.jpg\" target=\"_blank\"> <img src=\"https:\/\/typisch-region-hannover.de\/wp-content\/uploads\/2017\/09\/Langenhagen09-01.jpg\" alt=\"\" class=\"img-responsive\"\/><\/a><\/span><div class=\"fusion-clearfix\"><\/div><\/div><\/div><div class=\"fusion-one-third one_third fusion-layout-column fusion-spacing-yes\" style=\"margin-top:0px;margin-bottom:20px;\"><div class=\"fusion-column-wrapper\"><span class=\"fusion-imageframe imageframe-none imageframe-2 hover-type-zoomin\"><a class=\"fusion-no-lightbox\" href=\"https:\/\/typisch-region-hannover.de\/wp-content\/uploads\/2017\/09\/Langenhagen09-02.jpg\" target=\"_blank\"> <img src=\"https:\/\/typisch-region-hannover.de\/wp-content\/uploads\/2017\/09\/Langenhagen09-02.jpg\" alt=\"\" class=\"img-responsive\"\/><\/a><\/span><div class=\"fusion-clearfix\"><\/div><\/div><\/div><div class=\"fusion-one-third one_third fusion-layout-column fusion-column-last fusion-spacing-yes\" style=\"margin-top:0px;margin-bottom:20px;\"><div class=\"fusion-column-wrapper\"><span class=\"fusion-imageframe imageframe-none imageframe-3 hover-type-zoomin\"><a class=\"fusion-no-lightbox\" href=\"https:\/\/typisch-region-hannover.de\/wp-content\/uploads\/2017\/09\/Langenhagen09-03.jpg\" target=\"_blank\"> <img src=\"https:\/\/typisch-region-hannover.de\/wp-content\/uploads\/2017\/09\/Langenhagen09-03.jpg\" alt=\"\" class=\"img-responsive\"\/><\/a><\/span><div class=\"fusion-clearfix\"><\/div><\/div><\/div><div class=\"fusion-clearfix\"><\/div><div class=\"fusion-one-third one_third fusion-layout-column fusion-spacing-yes\" style=\"margin-top:0px;margin-bottom:20px;\"><div class=\"fusion-column-wrapper\"><span class=\"fusion-imageframe imageframe-none imageframe-4 hover-type-zoomin\"><a class=\"fusion-no-lightbox\" href=\"https:\/\/typisch-region-hannover.de\/wp-content\/uploads\/2017\/09\/Langenhagen09-04.jpg\" target=\"_blank\"> <img src=\"https:\/\/typisch-region-hannover.de\/wp-content\/uploads\/2017\/09\/Langenhagen09-04.jpg\" alt=\"\" class=\"img-responsive\"\/><\/a><\/span><div class=\"fusion-clearfix\"><\/div><\/div><\/div><div class=\"fusion-one-third one_third fusion-layout-column fusion-spacing-yes\" style=\"margin-top:0px;margin-bottom:20px;\"><div class=\"fusion-column-wrapper\"><span class=\"fusion-imageframe imageframe-none imageframe-5 hover-type-zoomin\"><a class=\"fusion-no-lightbox\" href=\"https:\/\/typisch-region-hannover.de\/wp-content\/uploads\/2017\/09\/Langenhagen09-05.jpg\" target=\"_blank\"> <img src=\"https:\/\/typisch-region-hannover.de\/wp-content\/uploads\/2017\/09\/Langenhagen09-05.jpg\" alt=\"\" class=\"img-responsive\"\/><\/a><\/span><div class=\"fusion-clearfix\"><\/div><\/div><\/div><div class=\"fusion-one-third one_third fusion-layout-column fusion-column-last fusion-spacing-yes\" style=\"margin-top:0px;margin-bottom:20px;\"><div class=\"fusion-column-wrapper\"><span class=\"fusion-imageframe imageframe-none imageframe-6 hover-type-zoomin\"><a class=\"fusion-no-lightbox\" href=\"https:\/\/typisch-region-hannover.de\/wp-content\/uploads\/2017\/09\/Langenhagen09-06.jpg\" target=\"_blank\"> <img src=\"https:\/\/typisch-region-hannover.de\/wp-content\/uploads\/2017\/09\/Langenhagen09-06.jpg\" alt=\"\" class=\"img-responsive\"\/><\/a><\/span><div class=\"fusion-clearfix\"><\/div><\/div><\/div><div class=\"fusion-clearfix\"><\/div><div class=\"fusion-one-third one_third fusion-layout-column fusion-spacing-yes\" style=\"margin-top:0px;margin-bottom:20px;\"><div class=\"fusion-column-wrapper\"><span class=\"fusion-imageframe imageframe-none imageframe-7 hover-type-zoomin\"><a class=\"fusion-no-lightbox\" href=\"https:\/\/typisch-region-hannover.de\/wp-content\/uploads\/2017\/09\/Langenhagen09-07.jpg\" target=\"_blank\"> <img src=\"https:\/\/typisch-region-hannover.de\/wp-content\/uploads\/2017\/09\/Langenhagen09-07.jpg\" alt=\"\" class=\"img-responsive\"\/><\/a><\/span><div class=\"fusion-clearfix\"><\/div><\/div><\/div><div class=\"fusion-one-third one_third fusion-layout-column fusion-spacing-yes\" style=\"margin-top:0px;margin-bottom:20px;\"><div class=\"fusion-column-wrapper\"><span class=\"fusion-imageframe imageframe-none imageframe-8 hover-type-none\"><a class=\"fusion-no-lightbox\" href=\"https:\/\/typisch-region-hannover.de\/wp-content\/uploads\/2017\/09\/Langenhagen09-08-09.jpg\" target=\"_blank\"> <img src=\"https:\/\/typisch-region-hannover.de\/wp-content\/uploads\/2017\/09\/Langenhagen09-08-09.jpg\" alt=\"\" class=\"img-responsive\"\/><\/a><\/span><div class=\"fusion-clearfix\"><\/div><\/div><\/div><div class=\"fusion-one-third one_third fusion-layout-column fusion-column-last fusion-spacing-yes\" style=\"margin-top:0px;margin-bottom:20px;\"><div class=\"fusion-column-wrapper\"><span class=\"fusion-imageframe imageframe-none imageframe-9 hover-type-zoomin\"><a class=\"fusion-no-lightbox\" href=\"https:\/\/typisch-region-hannover.de\/wp-content\/uploads\/2017\/09\/Langenhagen09-10.jpg\" target=\"_blank\"> <img src=\"https:\/\/typisch-region-hannover.de\/wp-content\/uploads\/2017\/09\/Langenhagen09-10.jpg\" alt=\"\" class=\"img-responsive\"\/><\/a><\/span><div class=\"fusion-clearfix\"><\/div><\/div><\/div><div class=\"fusion-clearfix\"><\/div><div class=\"fusion-one-third one_third fusion-layout-column fusion-spacing-yes\" style=\"margin-top:0px;margin-bottom:20px;\"><div class=\"fusion-column-wrapper\"><span class=\"fusion-imageframe imageframe-none imageframe-10 hover-type-zoomin\"><a class=\"fusion-no-lightbox\" href=\"https:\/\/typisch-region-hannover.de\/wp-content\/uploads\/2017\/09\/Langenhagen09-11.jpg\" target=\"_blank\"> <img src=\"https:\/\/typisch-region-hannover.de\/wp-content\/uploads\/2017\/09\/Langenhagen09-11.jpg\" alt=\"\" class=\"img-responsive\"\/><\/a><\/span><div class=\"fusion-clearfix\"><\/div><\/div><\/div><div class=\"fusion-one-third one_third fusion-layout-column fusion-spacing-yes\" style=\"margin-top:0px;margin-bottom:20px;\"><div class=\"fusion-column-wrapper\"><span class=\"fusion-imageframe imageframe-none imageframe-11 hover-type-zoomin\"><a class=\"fusion-no-lightbox\" href=\"https:\/\/typisch-region-hannover.de\/wp-content\/uploads\/2017\/09\/Langenhagen09-12.jpg\" target=\"_blank\"> <img src=\"https:\/\/typisch-region-hannover.de\/wp-content\/uploads\/2017\/09\/Langenhagen09-12.jpg\" alt=\"\" class=\"img-responsive\"\/><\/a><\/span><div class=\"fusion-clearfix\"><\/div><\/div><\/div><div class=\"fusion-one-third one_third fusion-layout-column fusion-column-last fusion-spacing-yes\" style=\"margin-top:0px;margin-bottom:20px;\"><div class=\"fusion-column-wrapper\"><span class=\"fusion-imageframe imageframe-none imageframe-12 hover-type-zoomin\"><a class=\"fusion-no-lightbox\" href=\"https:\/\/typisch-region-hannover.de\/wp-content\/uploads\/2017\/09\/Langenhagen09-13.jpg\" target=\"_blank\"> <img src=\"https:\/\/typisch-region-hannover.de\/wp-content\/uploads\/2017\/09\/Langenhagen09-13.jpg\" alt=\"\" class=\"img-responsive\"\/><\/a><\/span><div class=\"fusion-clearfix\"><\/div><\/div><\/div><div class=\"fusion-clearfix\"><\/div><div class=\"fusion-one-third one_third fusion-layout-column fusion-spacing-yes\" style=\"margin-top:0px;margin-bottom:20px;\"><div class=\"fusion-column-wrapper\"><span class=\"fusion-imageframe imageframe-none imageframe-13 hover-type-zoomin\"><a class=\"fusion-no-lightbox\" href=\"https:\/\/typisch-region-hannover.de\/wp-content\/uploads\/2017\/09\/Langenhagen09-14.jpg\" target=\"_blank\"> <img src=\"https:\/\/typisch-region-hannover.de\/wp-content\/uploads\/2017\/09\/Langenhagen09-14.jpg\" alt=\"\" class=\"img-responsive\"\/><\/a><\/span><div class=\"fusion-clearfix\"><\/div><\/div><\/div><div class=\"fusion-one-third one_third fusion-layout-column fusion-spacing-yes\" style=\"margin-top:0px;margin-bottom:20px;\"><div class=\"fusion-column-wrapper\"><span class=\"fusion-imageframe imageframe-none imageframe-14 hover-type-zoomin\"><a class=\"fusion-no-lightbox\" href=\"https:\/\/typisch-region-hannover.de\/wp-content\/uploads\/2017\/09\/Langenhagen09-15.jpg\" target=\"_blank\"> <img src=\"https:\/\/typisch-region-hannover.de\/wp-content\/uploads\/2017\/09\/Langenhagen09-15.jpg\" alt=\"\" class=\"img-responsive\"\/><\/a><\/span><div class=\"fusion-clearfix\"><\/div><\/div><\/div><div class=\"fusion-one-third one_third fusion-layout-column fusion-column-last fusion-spacing-yes\" style=\"margin-top:0px;margin-bottom:20px;\"><div class=\"fusion-column-wrapper\"><span class=\"fusion-imageframe imageframe-none imageframe-15 hover-type-zoomin\"><a class=\"fusion-no-lightbox\" href=\"https:\/\/typisch-region-hannover.de\/wp-content\/uploads\/2017\/09\/Langenhagen09-16.jpg\" target=\"_blank\"> <img src=\"https:\/\/typisch-region-hannover.de\/wp-content\/uploads\/2017\/09\/Langenhagen09-16.jpg\" alt=\"\" class=\"img-responsive\"\/><\/a><\/span><div class=\"fusion-clearfix\"><\/div><\/div><\/div><div class=\"fusion-clearfix\"><\/div>\n","protected":false},"excerpt":{"rendered":"","protected":false},"author":2,"featured_media":0,"parent":11491,"menu_order":0,"comment_status":"closed","ping_status":"closed","template":"","meta":[],"yoast_head":"<!-- This site is optimized with the Yoast SEO plugin v19.10 - https:\/\/yoast.com\/wordpress\/plugins\/seo\/ -->\n<title>Typisch Langenhagen Nr. 9 vom 12.09.2017 - Typisch Region Hannover<\/title>\n<meta name=\"robots\" content=\"index, follow, max-snippet:-1, max-image-preview:large, max-video-preview:-1\" \/>\n<link rel=\"canonical\" href=\"https:\/\/typisch-region-hannover.de\/index.php\/langenhagen\/typisch-langenhagen-nr-9-vom-12-09-2017\/\" \/>\n<meta property=\"og:locale\" content=\"de_DE\" \/>\n<meta property=\"og:type\" content=\"article\" \/>\n<meta property=\"og:title\" content=\"Typisch Langenhagen Nr. 9 vom 12.09.2017 - Typisch Region Hannover\" \/>\n<meta property=\"og:url\" content=\"https:\/\/typisch-region-hannover.de\/index.php\/langenhagen\/typisch-langenhagen-nr-9-vom-12-09-2017\/\" \/>\n<meta property=\"og:site_name\" content=\"Typisch Region Hannover\" \/>\n<meta property=\"article:publisher\" content=\"https:\/\/www.facebook.com\/typischregionhannover\/\" \/>\n<meta property=\"og:image\" content=\"https:\/\/typisch-region-hannover.de\/wp-content\/uploads\/2017\/09\/Langenhagen09-01.jpg\" \/>\n<meta name=\"twitter:card\" content=\"summary_large_image\" \/>\n<meta name=\"twitter:label1\" content=\"Gesch\u00e4tzte Lesezeit\" \/>\n\t<meta name=\"twitter:data1\" content=\"8\u00a0Minuten\" \/>\n<script type=\"application\/ld+json\" class=\"yoast-schema-graph\">{\"@context\":\"https:\/\/schema.org\",\"@graph\":[{\"@type\":\"WebPage\",\"@id\":\"https:\/\/typisch-region-hannover.de\/index.php\/langenhagen\/typisch-langenhagen-nr-9-vom-12-09-2017\/\",\"url\":\"https:\/\/typisch-region-hannover.de\/index.php\/langenhagen\/typisch-langenhagen-nr-9-vom-12-09-2017\/\",\"name\":\"Typisch Langenhagen Nr. 9 vom 12.09.2017 - Typisch Region Hannover\",\"isPartOf\":{\"@id\":\"https:\/\/typisch-region-hannover.de\/#website\"},\"datePublished\":\"2017-09-11T23:11:37+00:00\",\"dateModified\":\"2017-09-11T23:11:37+00:00\",\"breadcrumb\":{\"@id\":\"https:\/\/typisch-region-hannover.de\/index.php\/langenhagen\/typisch-langenhagen-nr-9-vom-12-09-2017\/#breadcrumb\"},\"inLanguage\":\"de\",\"potentialAction\":[{\"@type\":\"ReadAction\",\"target\":[\"https:\/\/typisch-region-hannover.de\/index.php\/langenhagen\/typisch-langenhagen-nr-9-vom-12-09-2017\/\"]}]},{\"@type\":\"BreadcrumbList\",\"@id\":\"https:\/\/typisch-region-hannover.de\/index.php\/langenhagen\/typisch-langenhagen-nr-9-vom-12-09-2017\/#breadcrumb\",\"itemListElement\":[{\"@type\":\"ListItem\",\"position\":1,\"name\":\"Home\",\"item\":\"https:\/\/typisch-region-hannover.de\/\"},{\"@type\":\"ListItem\",\"position\":2,\"name\":\"Langenhagen\",\"item\":\"https:\/\/typisch-region-hannover.de\/index.php\/langenhagen\/\"},{\"@type\":\"ListItem\",\"position\":3,\"name\":\"Typisch Langenhagen Nr. 9 vom 12.09.2017\"}]},{\"@type\":\"WebSite\",\"@id\":\"https:\/\/typisch-region-hannover.de\/#website\",\"url\":\"https:\/\/typisch-region-hannover.de\/\",\"name\":\"Typisch Region Hannover\",\"description\":\"Wissenswertes aus unserer Region\",\"potentialAction\":[{\"@type\":\"SearchAction\",\"target\":{\"@type\":\"EntryPoint\",\"urlTemplate\":\"https:\/\/typisch-region-hannover.de\/?s={search_term_string}\"},\"query-input\":\"required name=search_term_string\"}],\"inLanguage\":\"de\"}]}<\/script>\n<!-- \/ Yoast SEO plugin. -->","yoast_head_json":{"title":"Typisch Langenhagen Nr. 9 vom 12.09.2017 - Typisch Region Hannover","robots":{"index":"index","follow":"follow","max-snippet":"max-snippet:-1","max-image-preview":"max-image-preview:large","max-video-preview":"max-video-preview:-1"},"canonical":"https:\/\/typisch-region-hannover.de\/index.php\/langenhagen\/typisch-langenhagen-nr-9-vom-12-09-2017\/","og_locale":"de_DE","og_type":"article","og_title":"Typisch Langenhagen Nr. 9 vom 12.09.2017 - Typisch Region Hannover","og_url":"https:\/\/typisch-region-hannover.de\/index.php\/langenhagen\/typisch-langenhagen-nr-9-vom-12-09-2017\/","og_site_name":"Typisch Region Hannover","article_publisher":"https:\/\/www.facebook.com\/typischregionhannover\/","og_image":[{"url":"https:\/\/typisch-region-hannover.de\/wp-content\/uploads\/2017\/09\/Langenhagen09-01.jpg"}],"twitter_card":"summary_large_image","twitter_misc":{"Gesch\u00e4tzte Lesezeit":"8\u00a0Minuten"},"schema":{"@context":"https:\/\/schema.org","@graph":[{"@type":"WebPage","@id":"https:\/\/typisch-region-hannover.de\/index.php\/langenhagen\/typisch-langenhagen-nr-9-vom-12-09-2017\/","url":"https:\/\/typisch-region-hannover.de\/index.php\/langenhagen\/typisch-langenhagen-nr-9-vom-12-09-2017\/","name":"Typisch Langenhagen Nr. 9 vom 12.09.2017 - Typisch Region Hannover","isPartOf":{"@id":"https:\/\/typisch-region-hannover.de\/#website"},"datePublished":"2017-09-11T23:11:37+00:00","dateModified":"2017-09-11T23:11:37+00:00","breadcrumb":{"@id":"https:\/\/typisch-region-hannover.de\/index.php\/langenhagen\/typisch-langenhagen-nr-9-vom-12-09-2017\/#breadcrumb"},"inLanguage":"de","potentialAction":[{"@type":"ReadAction","target":["https:\/\/typisch-region-hannover.de\/index.php\/langenhagen\/typisch-langenhagen-nr-9-vom-12-09-2017\/"]}]},{"@type":"BreadcrumbList","@id":"https:\/\/typisch-region-hannover.de\/index.php\/langenhagen\/typisch-langenhagen-nr-9-vom-12-09-2017\/#breadcrumb","itemListElement":[{"@type":"ListItem","position":1,"name":"Home","item":"https:\/\/typisch-region-hannover.de\/"},{"@type":"ListItem","position":2,"name":"Langenhagen","item":"https:\/\/typisch-region-hannover.de\/index.php\/langenhagen\/"},{"@type":"ListItem","position":3,"name":"Typisch Langenhagen Nr. 9 vom 12.09.2017"}]},{"@type":"WebSite","@id":"https:\/\/typisch-region-hannover.de\/#website","url":"https:\/\/typisch-region-hannover.de\/","name":"Typisch Region Hannover","description":"Wissenswertes aus unserer Region","potentialAction":[{"@type":"SearchAction","target":{"@type":"EntryPoint","urlTemplate":"https:\/\/typisch-region-hannover.de\/?s={search_term_string}"},"query-input":"required name=search_term_string"}],"inLanguage":"de"}]}},"_links":{"self":[{"href":"https:\/\/typisch-region-hannover.de\/index.php\/wp-json\/wp\/v2\/pages\/14788"}],"collection":[{"href":"https:\/\/typisch-region-hannover.de\/index.php\/wp-json\/wp\/v2\/pages"}],"about":[{"href":"https:\/\/typisch-region-hannover.de\/index.php\/wp-json\/wp\/v2\/types\/page"}],"author":[{"embeddable":true,"href":"https:\/\/typisch-region-hannover.de\/index.php\/wp-json\/wp\/v2\/users\/2"}],"replies":[{"embeddable":true,"href":"https:\/\/typisch-region-hannover.de\/index.php\/wp-json\/wp\/v2\/comments?post=14788"}],"version-history":[{"count":0,"href":"https:\/\/typisch-region-hannover.de\/index.php\/wp-json\/wp\/v2\/pages\/14788\/revisions"}],"up":[{"embeddable":true,"href":"https:\/\/typisch-region-hannover.de\/index.php\/wp-json\/wp\/v2\/pages\/11491"}],"wp:attachment":[{"href":"https:\/\/typisch-region-hannover.de\/index.php\/wp-json\/wp\/v2\/media?parent=14788"}],"curies":[{"name":"wp","href":"https:\/\/api.w.org\/{rel}","templated":true}]}}