{"id":14484,"date":"2017-05-24T05:59:31","date_gmt":"2017-05-24T03:59:31","guid":{"rendered":"https:\/\/typisch-region-hannover.de\/?page_id=14484"},"modified":"2017-05-24T06:03:10","modified_gmt":"2017-05-24T04:03:10","slug":"typisch-wedemark-nr-8-vom-24-05-2017","status":"publish","type":"page","link":"https:\/\/typisch-region-hannover.de\/index.php\/wedemark-2\/typisch-wedemark-nr-8-vom-24-05-2017\/","title":{"rendered":"Typisch Wedemark Nr. 8 vom 24.05.2017"},"content":{"rendered":"<div class=\"fusion-title title fusion-title-size-one\" style=\"margin-bottom:10px;\"><h1 class=\"title-heading-left\">Typisch Wedemark: Nr. 8 vom 24.05.2017<\/h1><div class=\"title-sep-container\"><div class=\"title-sep sep-double sep-solid\"><\/div><\/div><\/div><p style=\"text-align: left;\">Eine wunderbare Ausstellung rund um die M\u00fchlen in der Wedemark kann man derzeit im Bissendorfer Heimatmuseum betrachten. Beim Besuch der Ausstellung trafen wir R\u00fcdiger Hagen, den einzigen M\u00fchlentechniker der Region Hannover, der in Negenborn seine Werkstatt hat. Wie er zu seinem Beruf kam und was zu seinen Aufgabenfeldern geh\u00f6rt, konnte er uns berichten.<br \/>\nUnd dann w\u00e4re da noch die Abbenser Windm\u00fchle, f\u00fcr die engagierte Menschen gerade ernsthafte Rettungsbestrebungen vorantreiben. Die drei Geschichten unseres M\u00fchlenschwerpunktes finden Sie auf den Seiten 11 bis 15.<br \/>\nEines der kleinsten D\u00f6rfchen der Wedemark, Bestenbostel, ist der Ursprung der vielleicht \u00e4ltesten urkundlich erw\u00e4hnten Familie, von der es nachweislich noch viele Nachfahren in der Wedemark gibt. Wir haben uns in der Geschichte der Familie v. Bestenbostel<br \/>\numgeschaut, einen Hexenprozess, V\u00f6gte und Gogreven gefunden &#8211; aber auch die Tatsache, dass durch diese Familie Wedem\u00e4rker Gene in k\u00f6nigliche Familien gekommen sind. Von 1304 bis heute begleiten wir die Bestenbostels, von denen viele der alteingesessenen Wedem\u00e4rker aus Landwirtsfamilien abstammen.<br \/>\nWir haben auch ein Gutshofgel\u00e4nde vorgefunden, das zeitgem\u00e4\u00df umgebaut wurde und heute Wohnraum f\u00fcr Familien bietet. Unsere Bestenbosteler Geschichten lesen Sie auf den Seiten 4 bis 10.<br \/>\nWir w\u00fcnschen viel Lesefreude an dieser Ausgabe von Typisch Wedemark!<\/p>\n<div class=\"fusion-one-third one_third fusion-layout-column fusion-spacing-yes\" style=\"margin-top:0px;margin-bottom:20px;\"><div class=\"fusion-column-wrapper\"><span class=\"fusion-imageframe imageframe-none imageframe-1 hover-type-zoomin\"><a class=\"fusion-no-lightbox\" href=\"https:\/\/typisch-region-hannover.de\/wp-content\/uploads\/2017\/05\/Wedemark08-01.jpg\" target=\"_blank\"> <img alt=\"\" src=\"https:\/\/typisch-region-hannover.de\/wp-content\/uploads\/2017\/05\/Wedemark08-01.jpg\" class=\"img-responsive\"\/><\/a><\/span><div class=\"fusion-clearfix\"><\/div><\/div><\/div><div class=\"fusion-one-third one_third fusion-layout-column fusion-spacing-yes\" style=\"margin-top:0px;margin-bottom:20px;\"><div class=\"fusion-column-wrapper\"><span class=\"fusion-imageframe imageframe-none imageframe-2 hover-type-zoomin\"><a class=\"fusion-no-lightbox\" href=\"https:\/\/typisch-region-hannover.de\/wp-content\/uploads\/2017\/05\/Wedemark08-02.jpg\" target=\"_blank\"> <img alt=\"\" src=\"https:\/\/typisch-region-hannover.de\/wp-content\/uploads\/2017\/05\/Wedemark08-02.jpg\" class=\"img-responsive\"\/><\/a><\/span><div class=\"fusion-clearfix\"><\/div><\/div><\/div><div class=\"fusion-one-third one_third fusion-layout-column fusion-column-last fusion-spacing-yes\" style=\"margin-top:0px;margin-bottom:20px;\"><div class=\"fusion-column-wrapper\"><span class=\"fusion-imageframe imageframe-none imageframe-3 hover-type-zoomin\"><a class=\"fusion-no-lightbox\" href=\"https:\/\/typisch-region-hannover.de\/wp-content\/uploads\/2017\/05\/Wedemark08-03.jpg\" target=\"_blank\"> <img alt=\"\" src=\"https:\/\/typisch-region-hannover.de\/wp-content\/uploads\/2017\/05\/Wedemark08-03.jpg\" class=\"img-responsive\"\/><\/a><\/span><div class=\"fusion-clearfix\"><\/div><\/div><\/div><div class=\"fusion-clearfix\"><\/div><div class=\"fusion-one-third one_third fusion-layout-column fusion-spacing-yes\" style=\"margin-top:0px;margin-bottom:20px;\"><div class=\"fusion-column-wrapper\"><span class=\"fusion-imageframe imageframe-none imageframe-4 hover-type-zoomin\"><a class=\"fusion-no-lightbox\" href=\"https:\/\/typisch-region-hannover.de\/wp-content\/uploads\/2017\/05\/Wedemark08-04.jpg\" target=\"_blank\"> <img alt=\"\" src=\"https:\/\/typisch-region-hannover.de\/wp-content\/uploads\/2017\/05\/Wedemark08-04.jpg\" class=\"img-responsive\"\/><\/a><\/span><div class=\"fusion-clearfix\"><\/div><\/div><\/div><div class=\"fusion-one-third one_third fusion-layout-column fusion-spacing-yes\" style=\"margin-top:0px;margin-bottom:20px;\"><div class=\"fusion-column-wrapper\"><span class=\"fusion-imageframe imageframe-none imageframe-5 hover-type-zoomin\"><a class=\"fusion-no-lightbox\" href=\"https:\/\/typisch-region-hannover.de\/wp-content\/uploads\/2017\/05\/Wedemark08-05.jpg\" target=\"_blank\"> <img alt=\"\" src=\"https:\/\/typisch-region-hannover.de\/wp-content\/uploads\/2017\/05\/Wedemark08-05.jpg\" class=\"img-responsive\"\/><\/a><\/span><div class=\"fusion-clearfix\"><\/div><\/div><\/div><div class=\"fusion-one-third one_third fusion-layout-column fusion-column-last fusion-spacing-yes\" style=\"margin-top:0px;margin-bottom:20px;\"><div class=\"fusion-column-wrapper\"><span class=\"fusion-imageframe imageframe-none imageframe-6 hover-type-zoomin\"><a class=\"fusion-no-lightbox\" href=\"https:\/\/typisch-region-hannover.de\/wp-content\/uploads\/2017\/05\/Wedemark08-06.jpg\" target=\"_blank\"> <img alt=\"\" src=\"https:\/\/typisch-region-hannover.de\/wp-content\/uploads\/2017\/05\/Wedemark08-06.jpg\" class=\"img-responsive\"\/><\/a><\/span><div class=\"fusion-clearfix\"><\/div><\/div><\/div><div class=\"fusion-clearfix\"><\/div><div class=\"fusion-one-third one_third fusion-layout-column fusion-spacing-yes\" style=\"margin-top:0px;margin-bottom:20px;\"><div class=\"fusion-column-wrapper\"><span class=\"fusion-imageframe imageframe-none imageframe-7 hover-type-zoomin\"><a class=\"fusion-no-lightbox\" href=\"https:\/\/typisch-region-hannover.de\/wp-content\/uploads\/2017\/05\/Wedemark08-07.jpg\" target=\"_blank\"> <img alt=\"\" src=\"https:\/\/typisch-region-hannover.de\/wp-content\/uploads\/2017\/05\/Wedemark08-07.jpg\" class=\"img-responsive\"\/><\/a><\/span><div class=\"fusion-clearfix\"><\/div><\/div><\/div><div class=\"fusion-one-third one_third fusion-layout-column fusion-spacing-yes\" style=\"margin-top:0px;margin-bottom:20px;\"><div class=\"fusion-column-wrapper\"><span class=\"fusion-imageframe imageframe-none imageframe-8 hover-type-zoomin\"><a class=\"fusion-no-lightbox\" href=\"https:\/\/typisch-region-hannover.de\/wp-content\/uploads\/2017\/05\/Wedemark08-08-09.jpg\" target=\"_blank\"> <img alt=\"\" src=\"https:\/\/typisch-region-hannover.de\/wp-content\/uploads\/2017\/05\/Wedemark08-08-09.jpg\" class=\"img-responsive\"\/><\/a><\/span><div class=\"fusion-clearfix\"><\/div><\/div><\/div><div class=\"fusion-one-third one_third fusion-layout-column fusion-column-last fusion-spacing-yes\" style=\"margin-top:0px;margin-bottom:20px;\"><div class=\"fusion-column-wrapper\"><span class=\"fusion-imageframe imageframe-none imageframe-9 hover-type-zoomin\"><a class=\"fusion-no-lightbox\" href=\"https:\/\/typisch-region-hannover.de\/wp-content\/uploads\/2017\/05\/Wedemark08-10.jpg\" target=\"_blank\"> <img alt=\"\" src=\"https:\/\/typisch-region-hannover.de\/wp-content\/uploads\/2017\/05\/Wedemark08-10.jpg\" class=\"img-responsive\"\/><\/a><\/span><div class=\"fusion-clearfix\"><\/div><\/div><\/div><div class=\"fusion-clearfix\"><\/div><div class=\"fusion-one-third one_third fusion-layout-column fusion-spacing-yes\" style=\"margin-top:0px;margin-bottom:20px;\"><div class=\"fusion-column-wrapper\"><span class=\"fusion-imageframe imageframe-none imageframe-10 hover-type-zoomin\"><a class=\"fusion-no-lightbox\" href=\"https:\/\/typisch-region-hannover.de\/wp-content\/uploads\/2017\/05\/Wedemark08-11.jpg\" target=\"_blank\"> <img alt=\"\" src=\"https:\/\/typisch-region-hannover.de\/wp-content\/uploads\/2017\/05\/Wedemark08-11.jpg\" class=\"img-responsive\"\/><\/a><\/span><div class=\"fusion-clearfix\"><\/div><\/div><\/div><div class=\"fusion-one-third one_third fusion-layout-column fusion-spacing-yes\" style=\"margin-top:0px;margin-bottom:20px;\"><div class=\"fusion-column-wrapper\"><span class=\"fusion-imageframe imageframe-none imageframe-11 hover-type-zoomin\"><a class=\"fusion-no-lightbox\" href=\"https:\/\/typisch-region-hannover.de\/wp-content\/uploads\/2017\/05\/Wedemark08-12.jpg\" target=\"_blank\"> <img alt=\"\" src=\"https:\/\/typisch-region-hannover.de\/wp-content\/uploads\/2017\/05\/Wedemark08-12.jpg\" class=\"img-responsive\"\/><\/a><\/span><div class=\"fusion-clearfix\"><\/div><\/div><\/div><div class=\"fusion-one-third one_third fusion-layout-column fusion-column-last fusion-spacing-yes\" style=\"margin-top:0px;margin-bottom:20px;\"><div class=\"fusion-column-wrapper\"><span class=\"fusion-imageframe imageframe-none imageframe-12 hover-type-zoomin\"><a class=\"fusion-no-lightbox\" href=\"https:\/\/typisch-region-hannover.de\/wp-content\/uploads\/2017\/05\/Wedemark08-13.jpg\" target=\"_blank\"> <img alt=\"\" src=\"https:\/\/typisch-region-hannover.de\/wp-content\/uploads\/2017\/05\/Wedemark08-13.jpg\" class=\"img-responsive\"\/><\/a><\/span><div class=\"fusion-clearfix\"><\/div><\/div><\/div><div class=\"fusion-clearfix\"><\/div><div class=\"fusion-one-third one_third fusion-layout-column fusion-spacing-yes\" style=\"margin-top:0px;margin-bottom:20px;\"><div class=\"fusion-column-wrapper\"><span class=\"fusion-imageframe imageframe-none imageframe-13 hover-type-zoomin\"><a class=\"fusion-no-lightbox\" href=\"https:\/\/typisch-region-hannover.de\/wp-content\/uploads\/2017\/05\/Wedemark08-14.jpg\" target=\"_blank\"> <img alt=\"\" src=\"https:\/\/typisch-region-hannover.de\/wp-content\/uploads\/2017\/05\/Wedemark08-14.jpg\" class=\"img-responsive\"\/><\/a><\/span><div class=\"fusion-clearfix\"><\/div><\/div><\/div><div class=\"fusion-one-third one_third fusion-layout-column fusion-spacing-yes\" style=\"margin-top:0px;margin-bottom:20px;\"><div class=\"fusion-column-wrapper\"><span class=\"fusion-imageframe imageframe-none imageframe-14 hover-type-zoomin\"><a class=\"fusion-no-lightbox\" href=\"https:\/\/typisch-region-hannover.de\/wp-content\/uploads\/2017\/05\/Wedemark08-15.jpg\" target=\"_blank\"> <img alt=\"\" src=\"https:\/\/typisch-region-hannover.de\/wp-content\/uploads\/2017\/05\/Wedemark08-15.jpg\" class=\"img-responsive\"\/><\/a><\/span><div class=\"fusion-clearfix\"><\/div><\/div><\/div><div class=\"fusion-one-third one_third fusion-layout-column fusion-column-last fusion-spacing-yes\" style=\"margin-top:0px;margin-bottom:20px;\"><div class=\"fusion-column-wrapper\"><span class=\"fusion-imageframe imageframe-none imageframe-15 hover-type-zoomin\"><a class=\"fusion-no-lightbox\" href=\"https:\/\/typisch-region-hannover.de\/wp-content\/uploads\/2017\/05\/Wedemark08-16.jpg\" target=\"_blank\"> <img alt=\"\" src=\"https:\/\/typisch-region-hannover.de\/wp-content\/uploads\/2017\/05\/Wedemark08-16.jpg\" class=\"img-responsive\"\/><\/a><\/span><div class=\"fusion-clearfix\"><\/div><\/div><\/div><div class=\"fusion-clearfix\"><\/div>\n","protected":false},"excerpt":{"rendered":"","protected":false},"author":2,"featured_media":0,"parent":11766,"menu_order":0,"comment_status":"closed","ping_status":"closed","template":"","meta":[],"yoast_head":"<!-- This site is optimized with the Yoast SEO plugin v19.10 - https:\/\/yoast.com\/wordpress\/plugins\/seo\/ -->\n<title>Typisch Wedemark Nr. 8 vom 24.05.2017 - Typisch Region Hannover<\/title>\n<meta name=\"robots\" content=\"index, follow, max-snippet:-1, max-image-preview:large, max-video-preview:-1\" \/>\n<link rel=\"canonical\" href=\"https:\/\/typisch-region-hannover.de\/index.php\/wedemark-2\/typisch-wedemark-nr-8-vom-24-05-2017\/\" \/>\n<meta property=\"og:locale\" content=\"de_DE\" \/>\n<meta property=\"og:type\" content=\"article\" \/>\n<meta property=\"og:title\" content=\"Typisch Wedemark Nr. 8 vom 24.05.2017 - Typisch Region Hannover\" \/>\n<meta property=\"og:url\" content=\"https:\/\/typisch-region-hannover.de\/index.php\/wedemark-2\/typisch-wedemark-nr-8-vom-24-05-2017\/\" \/>\n<meta property=\"og:site_name\" content=\"Typisch Region Hannover\" \/>\n<meta property=\"article:publisher\" content=\"https:\/\/www.facebook.com\/typischregionhannover\/\" \/>\n<meta property=\"article:modified_time\" content=\"2017-05-24T04:03:10+00:00\" \/>\n<meta property=\"og:image\" content=\"https:\/\/typisch-region-hannover.de\/wp-content\/uploads\/2017\/05\/Wedemark08-01.jpg\" \/>\n<meta name=\"twitter:card\" content=\"summary_large_image\" \/>\n<meta name=\"twitter:label1\" content=\"Gesch\u00e4tzte Lesezeit\" \/>\n\t<meta name=\"twitter:data1\" content=\"8\u00a0Minuten\" \/>\n<script type=\"application\/ld+json\" class=\"yoast-schema-graph\">{\"@context\":\"https:\/\/schema.org\",\"@graph\":[{\"@type\":\"WebPage\",\"@id\":\"https:\/\/typisch-region-hannover.de\/index.php\/wedemark-2\/typisch-wedemark-nr-8-vom-24-05-2017\/\",\"url\":\"https:\/\/typisch-region-hannover.de\/index.php\/wedemark-2\/typisch-wedemark-nr-8-vom-24-05-2017\/\",\"name\":\"Typisch Wedemark Nr. 8 vom 24.05.2017 - Typisch Region Hannover\",\"isPartOf\":{\"@id\":\"https:\/\/typisch-region-hannover.de\/#website\"},\"datePublished\":\"2017-05-24T03:59:31+00:00\",\"dateModified\":\"2017-05-24T04:03:10+00:00\",\"breadcrumb\":{\"@id\":\"https:\/\/typisch-region-hannover.de\/index.php\/wedemark-2\/typisch-wedemark-nr-8-vom-24-05-2017\/#breadcrumb\"},\"inLanguage\":\"de\",\"potentialAction\":[{\"@type\":\"ReadAction\",\"target\":[\"https:\/\/typisch-region-hannover.de\/index.php\/wedemark-2\/typisch-wedemark-nr-8-vom-24-05-2017\/\"]}]},{\"@type\":\"BreadcrumbList\",\"@id\":\"https:\/\/typisch-region-hannover.de\/index.php\/wedemark-2\/typisch-wedemark-nr-8-vom-24-05-2017\/#breadcrumb\",\"itemListElement\":[{\"@type\":\"ListItem\",\"position\":1,\"name\":\"Home\",\"item\":\"https:\/\/typisch-region-hannover.de\/\"},{\"@type\":\"ListItem\",\"position\":2,\"name\":\"Wedemark\",\"item\":\"https:\/\/typisch-region-hannover.de\/index.php\/wedemark-2\/\"},{\"@type\":\"ListItem\",\"position\":3,\"name\":\"Typisch Wedemark Nr. 8 vom 24.05.2017\"}]},{\"@type\":\"WebSite\",\"@id\":\"https:\/\/typisch-region-hannover.de\/#website\",\"url\":\"https:\/\/typisch-region-hannover.de\/\",\"name\":\"Typisch Region Hannover\",\"description\":\"Wissenswertes aus unserer Region\",\"potentialAction\":[{\"@type\":\"SearchAction\",\"target\":{\"@type\":\"EntryPoint\",\"urlTemplate\":\"https:\/\/typisch-region-hannover.de\/?s={search_term_string}\"},\"query-input\":\"required name=search_term_string\"}],\"inLanguage\":\"de\"}]}<\/script>\n<!-- \/ Yoast SEO plugin. -->","yoast_head_json":{"title":"Typisch Wedemark Nr. 8 vom 24.05.2017 - Typisch Region Hannover","robots":{"index":"index","follow":"follow","max-snippet":"max-snippet:-1","max-image-preview":"max-image-preview:large","max-video-preview":"max-video-preview:-1"},"canonical":"https:\/\/typisch-region-hannover.de\/index.php\/wedemark-2\/typisch-wedemark-nr-8-vom-24-05-2017\/","og_locale":"de_DE","og_type":"article","og_title":"Typisch Wedemark Nr. 8 vom 24.05.2017 - Typisch Region Hannover","og_url":"https:\/\/typisch-region-hannover.de\/index.php\/wedemark-2\/typisch-wedemark-nr-8-vom-24-05-2017\/","og_site_name":"Typisch Region Hannover","article_publisher":"https:\/\/www.facebook.com\/typischregionhannover\/","article_modified_time":"2017-05-24T04:03:10+00:00","og_image":[{"url":"https:\/\/typisch-region-hannover.de\/wp-content\/uploads\/2017\/05\/Wedemark08-01.jpg"}],"twitter_card":"summary_large_image","twitter_misc":{"Gesch\u00e4tzte Lesezeit":"8\u00a0Minuten"},"schema":{"@context":"https:\/\/schema.org","@graph":[{"@type":"WebPage","@id":"https:\/\/typisch-region-hannover.de\/index.php\/wedemark-2\/typisch-wedemark-nr-8-vom-24-05-2017\/","url":"https:\/\/typisch-region-hannover.de\/index.php\/wedemark-2\/typisch-wedemark-nr-8-vom-24-05-2017\/","name":"Typisch Wedemark Nr. 8 vom 24.05.2017 - Typisch Region Hannover","isPartOf":{"@id":"https:\/\/typisch-region-hannover.de\/#website"},"datePublished":"2017-05-24T03:59:31+00:00","dateModified":"2017-05-24T04:03:10+00:00","breadcrumb":{"@id":"https:\/\/typisch-region-hannover.de\/index.php\/wedemark-2\/typisch-wedemark-nr-8-vom-24-05-2017\/#breadcrumb"},"inLanguage":"de","potentialAction":[{"@type":"ReadAction","target":["https:\/\/typisch-region-hannover.de\/index.php\/wedemark-2\/typisch-wedemark-nr-8-vom-24-05-2017\/"]}]},{"@type":"BreadcrumbList","@id":"https:\/\/typisch-region-hannover.de\/index.php\/wedemark-2\/typisch-wedemark-nr-8-vom-24-05-2017\/#breadcrumb","itemListElement":[{"@type":"ListItem","position":1,"name":"Home","item":"https:\/\/typisch-region-hannover.de\/"},{"@type":"ListItem","position":2,"name":"Wedemark","item":"https:\/\/typisch-region-hannover.de\/index.php\/wedemark-2\/"},{"@type":"ListItem","position":3,"name":"Typisch Wedemark Nr. 8 vom 24.05.2017"}]},{"@type":"WebSite","@id":"https:\/\/typisch-region-hannover.de\/#website","url":"https:\/\/typisch-region-hannover.de\/","name":"Typisch Region Hannover","description":"Wissenswertes aus unserer Region","potentialAction":[{"@type":"SearchAction","target":{"@type":"EntryPoint","urlTemplate":"https:\/\/typisch-region-hannover.de\/?s={search_term_string}"},"query-input":"required name=search_term_string"}],"inLanguage":"de"}]}},"_links":{"self":[{"href":"https:\/\/typisch-region-hannover.de\/index.php\/wp-json\/wp\/v2\/pages\/14484"}],"collection":[{"href":"https:\/\/typisch-region-hannover.de\/index.php\/wp-json\/wp\/v2\/pages"}],"about":[{"href":"https:\/\/typisch-region-hannover.de\/index.php\/wp-json\/wp\/v2\/types\/page"}],"author":[{"embeddable":true,"href":"https:\/\/typisch-region-hannover.de\/index.php\/wp-json\/wp\/v2\/users\/2"}],"replies":[{"embeddable":true,"href":"https:\/\/typisch-region-hannover.de\/index.php\/wp-json\/wp\/v2\/comments?post=14484"}],"version-history":[{"count":0,"href":"https:\/\/typisch-region-hannover.de\/index.php\/wp-json\/wp\/v2\/pages\/14484\/revisions"}],"up":[{"embeddable":true,"href":"https:\/\/typisch-region-hannover.de\/index.php\/wp-json\/wp\/v2\/pages\/11766"}],"wp:attachment":[{"href":"https:\/\/typisch-region-hannover.de\/index.php\/wp-json\/wp\/v2\/media?parent=14484"}],"curies":[{"name":"wp","href":"https:\/\/api.w.org\/{rel}","templated":true}]}}