{"id":14395,"date":"2017-04-26T01:40:02","date_gmt":"2017-04-25T23:40:02","guid":{"rendered":"https:\/\/typisch-region-hannover.de\/?page_id=14395"},"modified":"2017-04-26T01:40:02","modified_gmt":"2017-04-25T23:40:02","slug":"typisch-vinnhorst-nr-2-vom-26-04-2017","status":"publish","type":"page","link":"https:\/\/typisch-region-hannover.de\/index.php\/vinnhorst\/typisch-vinnhorst-nr-2-vom-26-04-2017\/","title":{"rendered":"Typisch Vinnhorst Nr. 2 vom 26.04.2017"},"content":{"rendered":"<div class=\"fusion-title title fusion-title-size-one\" style=\"margin-bottom:10px;\"><h1 class=\"title-heading-left\">Typisch Vinnhorst: No. 2 vom 26. 4. 2017<\/h1><div class=\"title-sep-container\"><div class=\"title-sep sep-double sep-solid\"><\/div><\/div><\/div><p>Der Fr\u00fchling ist da &#8211; was lag n\u00e4her, als die gr\u00fcne Seite Vinnhorsts zu besuchen und bei einem Spaziergang durch die Wiesen im Norden des Stadtteils frische Luft zu schnappen. Vinnhorst ist in seinem Kern dicht besiedelt, doch am Nordrand wirkt es noch so d\u00f6rflich wie in fr\u00fcheren Zeiten.<br \/>\nSie haben selbst einen Garten oder m\u00f6chten Ihr Haus mit sch\u00f6nen Blumen und Pflanzen schm\u00fccken? Zwei leistungsstarke Betriebe, die alles f\u00fcr Ihr bl\u00fchendes Zuhause bieten &#8211; beide nur knapp hinter den Vinnhorster Grenzen gelegen &#8211; haben wir besucht und stellen sie auf den Seiten 5 und 12 vor.<br \/>\nVinnhorst, das gallische Dorf, hat nat\u00fcrlich auch einen aktiven Sch\u00fctzenverein, wie es sich f\u00fcr ein echtes Dorf geh\u00f6rt. Mehr \u00fcber diesen Verein, der 2017 schon 110 Jahre alt wird, erfahren Sie auf den Seiten 10 und 11. Der alte Hochbunker an der Stra\u00dfe Alt-Vinnhorst zeigt sich derzeit im Umbruch. Was auf dem Gel\u00e4nde geplant ist, haben wir ebenfalls f\u00fcr Sie erkundet. Auf Seite 4 erfahren Sie mehr.<br \/>\nVinnhorst ist ein Stadtteil, den seine Einwohner und Einwohnerinnen wirklich m\u00f6gen und f\u00fcr den sie sich einsetzen. Eine gro\u00dfe aktive Facebookgruppe zeugt davon. Dort wurde k\u00fcrzlich dazu aufgerufen, sich f\u00fcr den Erhalt der Ladenzeile in der Hartung &#8211;<br \/>\nstra\u00dfe einzusetzen sowie auch f\u00fcr den Erhalt des Godshorner Freibades, das einst von der damals selbstst\u00e4ndigen Gemeinde<br \/>\nVinnhorst mitgebaut wurde &#8211; es gibt also auch weiterhin Gr\u00fcnde f\u00fcr die Vinnhorster Gemeinschaft, \u201egallisch\u201c zu bleiben.<br \/>\nWir w\u00fcnschen viel Freude an den Vinnhorster Geschichten dieser Ausgabe.<\/p>\n<div class=\"fusion-one-third one_third fusion-layout-column fusion-spacing-yes\" style=\"margin-top:0px;margin-bottom:20px;\"><div class=\"fusion-column-wrapper\"><span class=\"fusion-imageframe imageframe-none imageframe-1 hover-type-zoomin\"><a href=\"https:\/\/typisch-region-hannover.de\/wp-content\/uploads\/2017\/04\/Vinnhorst2-01.jpg\" class=\"fusion-lightbox\" data-rel=\"iLightbox[69f4037502dfe]\" data-title=\"Vinnhorst2-01\"> <img alt=\"\" src=\"https:\/\/typisch-region-hannover.de\/wp-content\/uploads\/2017\/04\/Vinnhorst2-01.jpg\" class=\"img-responsive\"\/><\/a><\/span><div class=\"fusion-clearfix\"><\/div><\/div><\/div><div class=\"fusion-one-third one_third fusion-layout-column fusion-spacing-yes\" style=\"margin-top:0px;margin-bottom:20px;\"><div class=\"fusion-column-wrapper\"><span class=\"fusion-imageframe imageframe-none imageframe-2 hover-type-zoomin\"><a class=\"fusion-no-lightbox\" href=\"https:\/\/typisch-region-hannover.de\/wp-content\/uploads\/2017\/04\/Vinnhorst2-02.jpg\" target=\"_blank\"> <img alt=\"\" src=\"https:\/\/typisch-region-hannover.de\/wp-content\/uploads\/2017\/04\/Vinnhorst2-02.jpg\" class=\"img-responsive\"\/><\/a><\/span><div class=\"fusion-clearfix\"><\/div><\/div><\/div><div class=\"fusion-one-third one_third fusion-layout-column fusion-column-last fusion-spacing-yes\" style=\"margin-top:0px;margin-bottom:20px;\"><div class=\"fusion-column-wrapper\"><span class=\"fusion-imageframe imageframe-none imageframe-3 hover-type-zoomin\"><a class=\"fusion-no-lightbox\" href=\"https:\/\/typisch-region-hannover.de\/wp-content\/uploads\/2017\/04\/Vinnhorst2-03.jpg\" target=\"_blank\"> <img alt=\"\" src=\"https:\/\/typisch-region-hannover.de\/wp-content\/uploads\/2017\/04\/Vinnhorst2-03.jpg\" class=\"img-responsive\"\/><\/a><\/span><div class=\"fusion-clearfix\"><\/div><\/div><\/div><div class=\"fusion-clearfix\"><\/div><div class=\"fusion-one-third one_third fusion-layout-column fusion-spacing-yes\" style=\"margin-top:0px;margin-bottom:20px;\"><div class=\"fusion-column-wrapper\"><span class=\"fusion-imageframe imageframe-none imageframe-4 hover-type-zoomin\"><a class=\"fusion-no-lightbox\" href=\"https:\/\/typisch-region-hannover.de\/wp-content\/uploads\/2017\/04\/Vinnhorst2-04.jpg\" target=\"_blank\"> <img alt=\"\" src=\"https:\/\/typisch-region-hannover.de\/wp-content\/uploads\/2017\/04\/Vinnhorst2-04.jpg\" class=\"img-responsive\"\/><\/a><\/span><div class=\"fusion-clearfix\"><\/div><\/div><\/div><div class=\"fusion-one-third one_third fusion-layout-column fusion-spacing-yes\" style=\"margin-top:0px;margin-bottom:20px;\"><div class=\"fusion-column-wrapper\"><span class=\"fusion-imageframe imageframe-none imageframe-5 hover-type-zoomin\"><a class=\"fusion-no-lightbox\" href=\"https:\/\/typisch-region-hannover.de\/wp-content\/uploads\/2017\/04\/Vinnhorst2-05.jpg\" target=\"_blank\"> <img alt=\"\" src=\"https:\/\/typisch-region-hannover.de\/wp-content\/uploads\/2017\/04\/Vinnhorst2-05.jpg\" class=\"img-responsive\"\/><\/a><\/span><div class=\"fusion-clearfix\"><\/div><\/div><\/div><div class=\"fusion-one-third one_third fusion-layout-column fusion-column-last fusion-spacing-yes\" style=\"margin-top:0px;margin-bottom:20px;\"><div class=\"fusion-column-wrapper\"><span class=\"fusion-imageframe imageframe-none imageframe-6 hover-type-zoomin\"><a class=\"fusion-no-lightbox\" href=\"https:\/\/typisch-region-hannover.de\/wp-content\/uploads\/2017\/04\/Vinnhorst2-06-07.jpg\" target=\"_blank\"> <img alt=\"\" src=\"https:\/\/typisch-region-hannover.de\/wp-content\/uploads\/2017\/04\/Vinnhorst2-06-07.jpg\" class=\"img-responsive\"\/><\/a><\/span><div class=\"fusion-clearfix\"><\/div><\/div><\/div><div class=\"fusion-clearfix\"><\/div><div class=\"fusion-one-third one_third fusion-layout-column fusion-spacing-yes\" style=\"margin-top:0px;margin-bottom:20px;\"><div class=\"fusion-column-wrapper\"><span class=\"fusion-imageframe imageframe-none imageframe-7 hover-type-zoomin\"><a class=\"fusion-no-lightbox\" href=\"https:\/\/typisch-region-hannover.de\/wp-content\/uploads\/2017\/04\/Vinnhorst2-08.jpg\" target=\"_blank\"> <img alt=\"\" src=\"https:\/\/typisch-region-hannover.de\/wp-content\/uploads\/2017\/04\/Vinnhorst2-08.jpg\" class=\"img-responsive\"\/><\/a><\/span><div class=\"fusion-clearfix\"><\/div><\/div><\/div><div class=\"fusion-one-third one_third fusion-layout-column fusion-spacing-yes\" style=\"margin-top:0px;margin-bottom:20px;\"><div class=\"fusion-column-wrapper\"><span class=\"fusion-imageframe imageframe-none imageframe-8 hover-type-zoomin\"><a class=\"fusion-no-lightbox\" href=\"https:\/\/typisch-region-hannover.de\/wp-content\/uploads\/2017\/04\/Vinnhorst2-09.jpg\" target=\"_blank\"> <img alt=\"\" src=\"https:\/\/typisch-region-hannover.de\/wp-content\/uploads\/2017\/04\/Vinnhorst2-09.jpg\" class=\"img-responsive\"\/><\/a><\/span><div class=\"fusion-clearfix\"><\/div><\/div><\/div><div class=\"fusion-one-third one_third fusion-layout-column fusion-column-last fusion-spacing-yes\" style=\"margin-top:0px;margin-bottom:20px;\"><div class=\"fusion-column-wrapper\"><span class=\"fusion-imageframe imageframe-none imageframe-9 hover-type-zoomin\"><a class=\"fusion-no-lightbox\" href=\"https:\/\/typisch-region-hannover.de\/wp-content\/uploads\/2017\/04\/Vinnhorst2-10.jpg\" target=\"_blank\"> <img alt=\"\" src=\"https:\/\/typisch-region-hannover.de\/wp-content\/uploads\/2017\/04\/Vinnhorst2-10.jpg\" class=\"img-responsive\"\/><\/a><\/span><div class=\"fusion-clearfix\"><\/div><\/div><\/div><div class=\"fusion-clearfix\"><\/div><div class=\"fusion-one-third one_third fusion-layout-column fusion-spacing-yes\" style=\"margin-top:0px;margin-bottom:20px;\"><div class=\"fusion-column-wrapper\"><span class=\"fusion-imageframe imageframe-none imageframe-10 hover-type-zoomin\"><a class=\"fusion-no-lightbox\" href=\"https:\/\/typisch-region-hannover.de\/wp-content\/uploads\/2017\/04\/Vinnhorst2-11.jpg\" target=\"_blank\"> <img alt=\"\" src=\"https:\/\/typisch-region-hannover.de\/wp-content\/uploads\/2017\/04\/Vinnhorst2-11.jpg\" class=\"img-responsive\"\/><\/a><\/span><div class=\"fusion-clearfix\"><\/div><\/div><\/div><div class=\"fusion-one-third one_third fusion-layout-column fusion-column-last fusion-spacing-yes\" style=\"margin-top:0px;margin-bottom:20px;\"><div class=\"fusion-column-wrapper\"><span class=\"fusion-imageframe imageframe-none imageframe-11 hover-type-zoomin\"><a class=\"fusion-no-lightbox\" href=\"https:\/\/typisch-region-hannover.de\/wp-content\/uploads\/2017\/04\/Vinnhorst2-12.jpg\" target=\"_blank\"> <img alt=\"\" src=\"https:\/\/typisch-region-hannover.de\/wp-content\/uploads\/2017\/04\/Vinnhorst2-12.jpg\" class=\"img-responsive\"\/><\/a><\/span><div class=\"fusion-clearfix\"><\/div><\/div><\/div><div class=\"fusion-clearfix\"><\/div>\n","protected":false},"excerpt":{"rendered":"","protected":false},"author":2,"featured_media":0,"parent":12369,"menu_order":0,"comment_status":"closed","ping_status":"closed","template":"","meta":[],"yoast_head":"<!-- This site is optimized with the Yoast SEO plugin v19.10 - https:\/\/yoast.com\/wordpress\/plugins\/seo\/ -->\n<title>Typisch Vinnhorst Nr. 2 vom 26.04.2017 - Typisch Region Hannover<\/title>\n<meta name=\"robots\" content=\"index, follow, max-snippet:-1, max-image-preview:large, max-video-preview:-1\" \/>\n<link rel=\"canonical\" href=\"https:\/\/typisch-region-hannover.de\/index.php\/vinnhorst\/typisch-vinnhorst-nr-2-vom-26-04-2017\/\" \/>\n<meta property=\"og:locale\" content=\"de_DE\" \/>\n<meta property=\"og:type\" content=\"article\" \/>\n<meta property=\"og:title\" content=\"Typisch Vinnhorst Nr. 2 vom 26.04.2017 - Typisch Region Hannover\" \/>\n<meta property=\"og:url\" content=\"https:\/\/typisch-region-hannover.de\/index.php\/vinnhorst\/typisch-vinnhorst-nr-2-vom-26-04-2017\/\" \/>\n<meta property=\"og:site_name\" content=\"Typisch Region Hannover\" \/>\n<meta property=\"article:publisher\" content=\"https:\/\/www.facebook.com\/typischregionhannover\/\" \/>\n<meta property=\"og:image\" content=\"https:\/\/typisch-region-hannover.de\/wp-content\/uploads\/2017\/04\/Vinnhorst2-01.jpg\" \/>\n<meta name=\"twitter:card\" content=\"summary_large_image\" \/>\n<meta name=\"twitter:label1\" content=\"Gesch\u00e4tzte Lesezeit\" \/>\n\t<meta name=\"twitter:data1\" content=\"7\u00a0Minuten\" \/>\n<script type=\"application\/ld+json\" class=\"yoast-schema-graph\">{\"@context\":\"https:\/\/schema.org\",\"@graph\":[{\"@type\":\"WebPage\",\"@id\":\"https:\/\/typisch-region-hannover.de\/index.php\/vinnhorst\/typisch-vinnhorst-nr-2-vom-26-04-2017\/\",\"url\":\"https:\/\/typisch-region-hannover.de\/index.php\/vinnhorst\/typisch-vinnhorst-nr-2-vom-26-04-2017\/\",\"name\":\"Typisch Vinnhorst Nr. 2 vom 26.04.2017 - Typisch Region Hannover\",\"isPartOf\":{\"@id\":\"https:\/\/typisch-region-hannover.de\/#website\"},\"datePublished\":\"2017-04-25T23:40:02+00:00\",\"dateModified\":\"2017-04-25T23:40:02+00:00\",\"breadcrumb\":{\"@id\":\"https:\/\/typisch-region-hannover.de\/index.php\/vinnhorst\/typisch-vinnhorst-nr-2-vom-26-04-2017\/#breadcrumb\"},\"inLanguage\":\"de\",\"potentialAction\":[{\"@type\":\"ReadAction\",\"target\":[\"https:\/\/typisch-region-hannover.de\/index.php\/vinnhorst\/typisch-vinnhorst-nr-2-vom-26-04-2017\/\"]}]},{\"@type\":\"BreadcrumbList\",\"@id\":\"https:\/\/typisch-region-hannover.de\/index.php\/vinnhorst\/typisch-vinnhorst-nr-2-vom-26-04-2017\/#breadcrumb\",\"itemListElement\":[{\"@type\":\"ListItem\",\"position\":1,\"name\":\"Home\",\"item\":\"https:\/\/typisch-region-hannover.de\/\"},{\"@type\":\"ListItem\",\"position\":2,\"name\":\"Vinnhorst\",\"item\":\"https:\/\/typisch-region-hannover.de\/index.php\/vinnhorst\/\"},{\"@type\":\"ListItem\",\"position\":3,\"name\":\"Typisch Vinnhorst Nr. 2 vom 26.04.2017\"}]},{\"@type\":\"WebSite\",\"@id\":\"https:\/\/typisch-region-hannover.de\/#website\",\"url\":\"https:\/\/typisch-region-hannover.de\/\",\"name\":\"Typisch Region Hannover\",\"description\":\"Wissenswertes aus unserer Region\",\"potentialAction\":[{\"@type\":\"SearchAction\",\"target\":{\"@type\":\"EntryPoint\",\"urlTemplate\":\"https:\/\/typisch-region-hannover.de\/?s={search_term_string}\"},\"query-input\":\"required name=search_term_string\"}],\"inLanguage\":\"de\"}]}<\/script>\n<!-- \/ Yoast SEO plugin. -->","yoast_head_json":{"title":"Typisch Vinnhorst Nr. 2 vom 26.04.2017 - Typisch Region Hannover","robots":{"index":"index","follow":"follow","max-snippet":"max-snippet:-1","max-image-preview":"max-image-preview:large","max-video-preview":"max-video-preview:-1"},"canonical":"https:\/\/typisch-region-hannover.de\/index.php\/vinnhorst\/typisch-vinnhorst-nr-2-vom-26-04-2017\/","og_locale":"de_DE","og_type":"article","og_title":"Typisch Vinnhorst Nr. 2 vom 26.04.2017 - Typisch Region Hannover","og_url":"https:\/\/typisch-region-hannover.de\/index.php\/vinnhorst\/typisch-vinnhorst-nr-2-vom-26-04-2017\/","og_site_name":"Typisch Region Hannover","article_publisher":"https:\/\/www.facebook.com\/typischregionhannover\/","og_image":[{"url":"https:\/\/typisch-region-hannover.de\/wp-content\/uploads\/2017\/04\/Vinnhorst2-01.jpg"}],"twitter_card":"summary_large_image","twitter_misc":{"Gesch\u00e4tzte Lesezeit":"7\u00a0Minuten"},"schema":{"@context":"https:\/\/schema.org","@graph":[{"@type":"WebPage","@id":"https:\/\/typisch-region-hannover.de\/index.php\/vinnhorst\/typisch-vinnhorst-nr-2-vom-26-04-2017\/","url":"https:\/\/typisch-region-hannover.de\/index.php\/vinnhorst\/typisch-vinnhorst-nr-2-vom-26-04-2017\/","name":"Typisch Vinnhorst Nr. 2 vom 26.04.2017 - Typisch Region Hannover","isPartOf":{"@id":"https:\/\/typisch-region-hannover.de\/#website"},"datePublished":"2017-04-25T23:40:02+00:00","dateModified":"2017-04-25T23:40:02+00:00","breadcrumb":{"@id":"https:\/\/typisch-region-hannover.de\/index.php\/vinnhorst\/typisch-vinnhorst-nr-2-vom-26-04-2017\/#breadcrumb"},"inLanguage":"de","potentialAction":[{"@type":"ReadAction","target":["https:\/\/typisch-region-hannover.de\/index.php\/vinnhorst\/typisch-vinnhorst-nr-2-vom-26-04-2017\/"]}]},{"@type":"BreadcrumbList","@id":"https:\/\/typisch-region-hannover.de\/index.php\/vinnhorst\/typisch-vinnhorst-nr-2-vom-26-04-2017\/#breadcrumb","itemListElement":[{"@type":"ListItem","position":1,"name":"Home","item":"https:\/\/typisch-region-hannover.de\/"},{"@type":"ListItem","position":2,"name":"Vinnhorst","item":"https:\/\/typisch-region-hannover.de\/index.php\/vinnhorst\/"},{"@type":"ListItem","position":3,"name":"Typisch Vinnhorst Nr. 2 vom 26.04.2017"}]},{"@type":"WebSite","@id":"https:\/\/typisch-region-hannover.de\/#website","url":"https:\/\/typisch-region-hannover.de\/","name":"Typisch Region Hannover","description":"Wissenswertes aus unserer Region","potentialAction":[{"@type":"SearchAction","target":{"@type":"EntryPoint","urlTemplate":"https:\/\/typisch-region-hannover.de\/?s={search_term_string}"},"query-input":"required name=search_term_string"}],"inLanguage":"de"}]}},"_links":{"self":[{"href":"https:\/\/typisch-region-hannover.de\/index.php\/wp-json\/wp\/v2\/pages\/14395"}],"collection":[{"href":"https:\/\/typisch-region-hannover.de\/index.php\/wp-json\/wp\/v2\/pages"}],"about":[{"href":"https:\/\/typisch-region-hannover.de\/index.php\/wp-json\/wp\/v2\/types\/page"}],"author":[{"embeddable":true,"href":"https:\/\/typisch-region-hannover.de\/index.php\/wp-json\/wp\/v2\/users\/2"}],"replies":[{"embeddable":true,"href":"https:\/\/typisch-region-hannover.de\/index.php\/wp-json\/wp\/v2\/comments?post=14395"}],"version-history":[{"count":0,"href":"https:\/\/typisch-region-hannover.de\/index.php\/wp-json\/wp\/v2\/pages\/14395\/revisions"}],"up":[{"embeddable":true,"href":"https:\/\/typisch-region-hannover.de\/index.php\/wp-json\/wp\/v2\/pages\/12369"}],"wp:attachment":[{"href":"https:\/\/typisch-region-hannover.de\/index.php\/wp-json\/wp\/v2\/media?parent=14395"}],"curies":[{"name":"wp","href":"https:\/\/api.w.org\/{rel}","templated":true}]}}