{"id":13914,"date":"2016-11-10T23:41:02","date_gmt":"2016-11-10T22:41:02","guid":{"rendered":"https:\/\/typisch-region-hannover.de\/?page_id=13914"},"modified":"2017-10-31T12:49:30","modified_gmt":"2017-10-31T11:49:30","slug":"gross-buchholz","status":"publish","type":"page","link":"https:\/\/typisch-region-hannover.de\/index.php\/gross-buchholz\/","title":{"rendered":"Gro\u00df-Buchholz"},"content":{"rendered":"<div class=\"fusion-fullwidth fullwidth-box fusion-fullwidth-1  fusion-parallax-none nonhundred-percent-fullwidth\" style=\"border-color:#eae9e9;border-bottom-width: 0px;border-top-width: 0px;border-bottom-style: solid;border-top-style: solid;padding-bottom:0px;padding-top:0px;padding-left:0px;padding-right:0px;background-color:#ffffff;\"><style type=\"text\/css\" scoped=\"scoped\">.fusion-fullwidth-1 {\n                            padding-left: 0px !important;\n                            padding-right: 0px !important;\n                        }<\/style><div class=\"fusion-row\"><div class=\"fusion-image-carousel fusion-image-carousel-fixed lightbox-enabled\"><div class=\"fusion-carousel\" data-autoplay=\"yes\" data-columns=\"6\" data-itemmargin=\"8\" data-itemwidth=\"180\" data-touchscroll=\"no\" data-imagesize=\"fixed\"><div class=\"fusion-carousel-positioner\"><ul class=\"fusion-carousel-holder\"><li class=\"fusion-carousel-item\"><div class=\"fusion-carousel-item-wrapper\"><div class=\"fusion-image-wrapper hover-type-zoomin\"><a data-rel=\"iLightbox[gallery_image_1]\" data-caption=\"Historisches Geh\u00f6ft im Kapellenbrink\" data-title=\"gb09\" href=\"https:\/\/typisch-region-hannover.de\/wp-content\/uploads\/2016\/11\/GB09.jpg\" target=\"_self\"><img src=\"https:\/\/typisch-region-hannover.de\/wp-content\/uploads\/2016\/11\/GB09.jpg\" alt=\"Altes Geh\u00f6ft im Kapellenbrink\" \/><\/a><\/div><\/div><\/li><li class=\"fusion-carousel-item\"><div class=\"fusion-carousel-item-wrapper\"><div class=\"fusion-image-wrapper hover-type-zoomin\"><a data-rel=\"iLightbox[gallery_image_1]\" data-caption=\"Telemax\" data-title=\"gb02\" href=\"https:\/\/typisch-region-hannover.de\/wp-content\/uploads\/2016\/11\/GB02.jpg\" target=\"_self\"><img src=\"https:\/\/typisch-region-hannover.de\/wp-content\/uploads\/2016\/11\/GB02.jpg\" alt=\"Der telemax - von Gro\u00df-Buchholz aus gesehen\" \/><\/a><\/div><\/div><\/li><li class=\"fusion-carousel-item\"><div class=\"fusion-carousel-item-wrapper\"><div class=\"fusion-image-wrapper hover-type-zoomin\"><a data-rel=\"iLightbox[gallery_image_1]\" data-caption=\"Alte Scheune am Kapellenbrink\" data-title=\"gb06\" href=\"https:\/\/typisch-region-hannover.de\/wp-content\/uploads\/2016\/11\/GB06.jpg\" target=\"_self\"><img src=\"https:\/\/typisch-region-hannover.de\/wp-content\/uploads\/2016\/11\/GB06.jpg\" alt=\"Alte Scheune am Kapellenbrink\" \/><\/a><\/div><\/div><\/li><li class=\"fusion-carousel-item\"><div class=\"fusion-carousel-item-wrapper\"><div class=\"fusion-image-wrapper hover-type-zoomin\"><a data-rel=\"iLightbox[gallery_image_1]\" data-caption=\"Weg im historischen Ortskern\" data-title=\"gb01\" href=\"https:\/\/typisch-region-hannover.de\/wp-content\/uploads\/2016\/11\/GB01.jpg\" target=\"_self\"><img src=\"https:\/\/typisch-region-hannover.de\/wp-content\/uploads\/2016\/11\/GB01.jpg\" alt=\"Weg im historischen Ortskern\" \/><\/a><\/div><\/div><\/li><li class=\"fusion-carousel-item\"><div class=\"fusion-carousel-item-wrapper\"><div class=\"fusion-image-wrapper hover-type-zoomin\"><a data-rel=\"iLightbox[gallery_image_1]\" data-caption=\"Am Kanal\" data-title=\"gb08\" href=\"https:\/\/typisch-region-hannover.de\/wp-content\/uploads\/2016\/11\/GB08.jpg\" target=\"_self\"><img src=\"https:\/\/typisch-region-hannover.de\/wp-content\/uploads\/2016\/11\/GB08.jpg\" alt=\"Am Kanal\" \/><\/a><\/div><\/div><\/li><li class=\"fusion-carousel-item\"><div class=\"fusion-carousel-item-wrapper\"><div class=\"fusion-image-wrapper hover-type-zoomin\"><a data-rel=\"iLightbox[gallery_image_1]\" data-caption=\"EhemaligeKapelle und ehemaliges Schulhaus\" data-title=\"gb07\" href=\"https:\/\/typisch-region-hannover.de\/wp-content\/uploads\/2016\/11\/GB07.jpg\" target=\"_self\"><img src=\"https:\/\/typisch-region-hannover.de\/wp-content\/uploads\/2016\/11\/GB07.jpg\" alt=\"Ehemals Kapelle und Schulhaus - jetzt schon lange in Privatbesitz\" \/><\/a><\/div><\/div><\/li><li class=\"fusion-carousel-item\"><div class=\"fusion-carousel-item-wrapper\"><div class=\"fusion-image-wrapper hover-type-zoomin\"><a data-rel=\"iLightbox[gallery_image_1]\" data-caption=\"Heute Wohnhaus - ehemals Kapelle\" data-title=\"gb10\" href=\"https:\/\/typisch-region-hannover.de\/wp-content\/uploads\/2016\/11\/GB10.jpg\" target=\"_self\"><img src=\"https:\/\/typisch-region-hannover.de\/wp-content\/uploads\/2016\/11\/GB10.jpg\" alt=\"Heute Wohnhaus - fr\u00fcher Kapelle und Schulgeb\u00e4ude\" \/><\/a><\/div><\/div><\/li><li class=\"fusion-carousel-item\"><div class=\"fusion-carousel-item-wrapper\"><div class=\"fusion-image-wrapper hover-type-zoomin\"><a data-rel=\"iLightbox[gallery_image_1]\" data-caption=\"Einer der wenigen gr\u00fcnen Spazierwege in Gro\u00df-Buchholz\" data-title=\"gb03\" href=\"https:\/\/typisch-region-hannover.de\/wp-content\/uploads\/2016\/11\/GB03.jpg\" target=\"_self\"><img src=\"https:\/\/typisch-region-hannover.de\/wp-content\/uploads\/2016\/11\/GB03.jpg\" alt=\"Spazierweg hinter dem Kapellenbrink\" \/><\/a><\/div><\/div><\/li><\/ul><div class=\"fusion-carousel-nav\"><span class=\"fusion-nav-prev\"><\/span><span class=\"fusion-nav-next\"><\/span><\/div><\/div><\/div><\/div><\/div><\/div><div class=\"fusion-one-third one_third fusion-layout-column fusion-spacing-yes\" style=\"margin-top:0px;margin-bottom:20px;\"><div class=\"fusion-column-wrapper\"><span class=\"fusion-imageframe imageframe-none imageframe-1 hover-type-zoomin\"><a class=\"fusion-no-lightbox\" href=\"https:\/\/typisch-region-hannover.de\/index.php\/gross-buchholz\/typisch-gross-buchholz-nr-3-vom-25-10-2017\/\" target=\"_blank\"> <img src=\"https:\/\/typisch-region-hannover.de\/wp-content\/uploads\/2017\/10\/GrossBuchholz03-01.jpg\" alt=\"\" class=\"img-responsive\"\/><\/a><\/span><div class=\"fusion-sep-clear\"><\/div><div class=\"fusion-separator fusion-full-width-sep sep-none\" style=\"border-color:#e0dede;margin-left: auto;margin-right: auto;margin-top:30px;margin-bottom:40px;\"><\/div><div class=\"fusion-sep-clear\"><\/div><div class=\"fusion-separator fusion-full-width-sep sep-single\" style=\"border-color:#5a8727;border-top-width:1px;margin-left: auto;margin-right: auto;margin-top:15px;margin-bottom:25px;\"><\/div><span class=\"fusion-imageframe imageframe-none imageframe-2 hover-type-zoomin\"><a class=\"fusion-no-lightbox\" href=\"https:\/\/typisch-region-hannover.de\/index.php\/gross-buchholz\/typisch-gross-buchholz-nr-2-vom-26-04-2017\/\" target=\"_blank\"> <img src=\"https:\/\/typisch-region-hannover.de\/wp-content\/uploads\/2017\/04\/GrossBuchholz2-01.jpg\" alt=\"\" class=\"img-responsive\"\/><\/a><\/span><div class=\"fusion-sep-clear\"><\/div><div class=\"fusion-separator fusion-full-width-sep sep-none\" style=\"border-color:#e0dede;margin-left: auto;margin-right: auto;margin-top:20px;margin-bottom:15px;\"><\/div><div class=\"fusion-sep-clear\"><\/div><div class=\"fusion-separator fusion-full-width-sep sep-single\" style=\"border-color:#5a8727;border-top-width:1px;margin-left: auto;margin-right: auto;margin-top:25px;margin-bottom:15px;\"><\/div><span class=\"fusion-imageframe imageframe-none imageframe-3 hover-type-zoomin\"><a class=\"fusion-no-lightbox\" href=\"https:\/\/typisch-region-hannover.de\/index.php\/gross-buchholz\/typisch-gross-buchholz-nr-1-vom-16-11-2016\/\" target=\"_self\"> <img src=\"https:\/\/typisch-region-hannover.de\/wp-content\/uploads\/2016\/11\/gross-buchholz-01.jpg\" alt=\"\" class=\"img-responsive\"\/><\/a><\/span><div class=\"fusion-sep-clear\"><\/div><div class=\"fusion-separator fusion-full-width-sep sep-none\" style=\"border-color:#e0dede;margin-left: auto;margin-right: auto;margin-top:15px;margin-bottom:15px;\"><\/div><div class=\"fusion-clearfix\"><\/div><\/div><\/div><div class=\"fusion-one-third one_third fusion-layout-column fusion-spacing-yes\" style=\"margin-top:0px;margin-bottom:20px;\"><div class=\"fusion-column-wrapper\"><span class=\"fusion-imageframe imageframe-none imageframe-4 hover-type-none\"> <img src=\"https:\/\/typisch-region-hannover.de\/wp-content\/uploads\/2016\/11\/grossbuchholz3th.jpg\" alt=\"\" class=\"img-responsive\"\/><\/span><div class=\"fusion-sep-clear\"><\/div><div class=\"fusion-separator fusion-full-width-sep sep-none\" style=\"border-color:#e0dede;margin-left: auto;margin-right: auto;margin-top:px;margin-bottom:10px;\"><\/div><div class=\"fusion-title title fusion-title-size-two\" style=\"margin-bottom:10;\"><h2 class=\"title-heading-left\">MAGAZIN Nr. 3\/Oktober 2017<\/h2><div class=\"title-sep-container\"><div class=\"title-sep sep-double\"><\/div><\/div><\/div><p>Bei einem Spaziergang durch den kleinen Gr\u00fcnzug im n\u00f6rdlichen Roderbruch haben wir eine Sportart entdeckt, die in Hannover nur an zwei Orten zu spielen ist: Disc-Golf! Kirchliches Leben in Gro\u00df-Buchholz: Das geh\u00f6rt nicht zu den jahrhundertealten Traditionen. Eine ehrw\u00fcrdige alte Kirche hat der Stadtteil nicht, wohl aber einen herausragenden Kirchturm, dessen Glocken weit \u00fcber Gro\u00df-Buchholz\u2019 Stra\u00dfen klingen. Klein-Buchholz sucht man auf den Karten vergeblich. Wo ist es, das verschwundene Dorf? Wir haben jenen Teil besucht, der heute zu Gro\u00df-Buchholz geh\u00f6rt. Schlie\u00dflich m\u00f6chten wir Sie noch auf die sch\u00f6nen sp\u00e4therbstlichen Ereignisse einstimmen, die von den \u00f6rtlichen Vereinen organisiert werden. Das \u201egesch\u00e4ftige Gro\u00df-Buchholz\u201c spielt dabei eine gro\u00dfe Rolle. <a href=\"https:\/\/typisch-region-hannover.de\/index.php\/gross-buchholz\/typisch-gross-buchholz-nr-3-vom-25-10-2017\/\">Das komplette Magazin gibt es hier<\/a>.<\/p>\n<div class=\"fusion-sep-clear\"><\/div><div class=\"fusion-separator fusion-full-width-sep sep-single\" style=\"border-color:#5a8727;border-top-width:1px;margin-left: auto;margin-right: auto;margin-top:15px;margin-bottom:25px;\"><\/div><span class=\"fusion-imageframe imageframe-none imageframe-5 hover-type-none\"> <img src=\"https:\/\/typisch-region-hannover.de\/wp-content\/uploads\/2017\/04\/gross-buchholz2th.jpg\" alt=\"\" class=\"img-responsive\"\/><\/span><div class=\"fusion-sep-clear\"><\/div><div class=\"fusion-separator fusion-full-width-sep sep-none\" style=\"border-color:#e0dede;margin-left: auto;margin-right: auto;margin-top:px;margin-bottom:10px;\"><\/div><div class=\"fusion-title title fusion-title-size-two\" style=\"margin-bottom:10;\"><h2 class=\"title-heading-left\">MAGAZIN Nr. 2\/Mai 2017<\/h2><div class=\"title-sep-container\"><div class=\"title-sep sep-double\"><\/div><\/div><\/div><p>Im Osten von Gro\u00df-Buchholz haben wir eine imposante Gesteinssammlung entdeckt, die darauf wartet, dass sich Besucher f\u00fcr die \u201esteinalten\u201c Brocken interessieren. Im Ortskern haben wir uns mit Friedrich-Wilhelm Busse getroffen, dem Vorsitzenden des Pinkenburger Kreises. Dieser Verein mit\u00a0dazu bei, den d\u00f6rflichen Charakter des Stadtteils zu erhalten. Schlie\u00dflich haben wir das Atelier des verstorbenen K\u00fcnstlers Vladimir Magdic besucht, dessen Frau Inge das Andenken an den \u201eZeichner der Mainzelm\u00e4nnchen\u201c hochh\u00e4lt und uns Einblick in das vielseitige Schaffen ihres Mannes gab. <a href=\"https:\/\/typisch-region-hannover.de\/index.php\/gross-buchholz\/typisch-gross-buchholz-nr-2-vom-26-04-2017\/\">Das komplette Magazin gibt es hier<\/a>.<\/p>\n<div class=\"fusion-sep-clear\"><\/div><div class=\"fusion-separator fusion-full-width-sep sep-single\" style=\"border-color:#5a8727;border-top-width:1px;margin-left: auto;margin-right: auto;margin-top:15px;margin-bottom:25px;\"><\/div><span class=\"fusion-imageframe imageframe-none imageframe-6 hover-type-none\"> <img src=\"https:\/\/typisch-region-hannover.de\/wp-content\/uploads\/2016\/11\/GB05.jpg\" alt=\"\" class=\"img-responsive\"\/><\/span><div class=\"fusion-sep-clear\"><\/div><div class=\"fusion-separator fusion-full-width-sep sep-none\" style=\"border-color:#e0dede;margin-left: auto;margin-right: auto;margin-top:px;margin-bottom:10px;\"><\/div><div class=\"fusion-title title fusion-title-size-two\" style=\"margin-bottom:10;\"><h2 class=\"title-heading-left\">MAGAZIN Nr. 1\/2016<\/h2><div class=\"title-sep-container\"><div class=\"title-sep sep-double\"><\/div><\/div><\/div><p>Gro\u00df-Buchholz: Das \u201eDorf in der Stadt\u201c ist ein besonderer Stadtteil: Ein alter Dorfkern mit Fachwerkh\u00e4usern \u00fcberrascht mitten in Hannover. Jasper Hanebuth, der hannoversche M\u00f6rder aus dem 17. Jahrhundert stammt aus Gro\u00df-Buchholz. Unser\u00a0 Magazin erz\u00e4hlt seine Geschichte. Karla Schmidt war ein Gro\u00df-Buchholzer Original, nach dem eine Stra\u00dfe benannt ist. Wir erz\u00e4hlen von der Frau, die in ihrem Gesch\u00e4ft in der Silberstra\u00dfe stand, bis sie 91 Jahre alt war. <a href=\"https:\/\/typisch-region-hannover.de\/index.php\/gross-buchholz\/typisch-gross-buchholz-nr-1-vom-16-11-2016\/\">Das komplette Magazin gibt es hier<\/a>.<\/p>\n<div class=\"fusion-clearfix\"><\/div><\/div><\/div><div class=\"fusion-one-third one_third fusion-layout-column fusion-column-last fusion-spacing-yes\" style=\"margin-top:0px;margin-bottom:20px;\"><div class=\"fusion-column-wrapper\" style=\"background-color:#9ad66f;padding:15px;\"><div class=\"fusion-title title fusion-title-size-three\"><h3 class=\"title-heading-left\">RUNDUM INFORMIERT \u00fcber Gro\u00df-Buchholz<\/h3><div class=\"title-sep-container\"><div class=\"title-sep sep-double\"><\/div><\/div><\/div><span class=\"fusion-imageframe imageframe-none imageframe-7 hover-type-none fusion-animated\" data-animationType=\"flash\" data-animationDuration=\"0.1\"><a class=\"fusion-no-lightbox\" href=\"http:\/\/www.haz.de\/Hannover\/Aus-den-Stadtteilen\/Gross-Buchholz\" target=\"_blank\"> <img src=\"https:\/\/typisch-region-hannover.de\/wp-content\/uploads\/2016\/01\/HAZNPklein.jpg\" alt=\"\" class=\"img-responsive\"\/><\/a><\/span><div class=\"fusion-sep-clear\"><\/div><div class=\"fusion-separator fusion-full-width-sep sep-none\" style=\"border-color:#e0dede;margin-left: auto;margin-right: auto;margin-top:10px;margin-bottom:10px;\"><\/div><p>Aktuelle Informationen aus ihrer Tageszeitung &#8211; die Meldungen der HAZ und NP geben Auskunft \u00fcber alles, was in Gro\u00df-Buchholz geschieht.<\/p>\n<div class=\"fusion-sep-clear\"><\/div><div class=\"fusion-separator fusion-full-width-sep sep-single\" style=\"border-color:#42661f;border-top-width:1px;margin-left: auto;margin-right: auto;margin-top:10px;margin-bottom:10px;\"><\/div><span class=\"fusion-imageframe imageframe-none imageframe-8 hover-type-none\"> <img src=\"https:\/\/typisch-region-hannover.de\/wp-content\/uploads\/2016\/11\/GB04.jpg\" alt=\"Naturdenkmal in Gro\u00df-Buchholz\" class=\"img-responsive\"\/><\/span><div class=\"fusion-sep-clear\"><\/div><div class=\"fusion-separator fusion-full-width-sep sep-none\" style=\"border-color:#e0dede;margin-left: auto;margin-right: auto;margin-top:10px;margin-bottom:10px;\"><\/div><div class=\"fusion-sep-clear\"><\/div><div class=\"fusion-separator fusion-full-width-sep sep-single\" style=\"border-color:#42661f;border-top-width:1px;margin-left: auto;margin-right: auto;margin-top:10px;margin-bottom:15px;\"><\/div><span class=\"fusion-imageframe imageframe-none imageframe-9 hover-type-none\"><a class=\"fusion-no-lightbox\" href=\"www.wochenblaetter.de\" target=\"_self\"> <img src=\"https:\/\/typisch-region-hannover.de\/wp-content\/uploads\/2016\/02\/HAWO-Logo.jpg\" alt=\"\" class=\"img-responsive\"\/><\/a><\/span><div class=\"fusion-sep-clear\"><\/div><div class=\"fusion-separator fusion-full-width-sep sep-none\" style=\"border-color:#e0dede;margin-left: auto;margin-right: auto;margin-top:10px;margin-bottom:10px;\"><\/div><p>Die Wochenbl\u00e4tter informieren die Bev\u00f6lkerung aktuell &#8211; nat\u00fcrlich auch online.<\/p>\n<div class=\"fusion-sep-clear\"><\/div><div class=\"fusion-separator fusion-full-width-sep sep-single\" style=\"border-color:#42661f;border-top-width:1px;margin-left: auto;margin-right: auto;margin-top:10px;margin-bottom:15px;\"><\/div><span class=\"fusion-imageframe imageframe-none imageframe-10 hover-type-none\"><a class=\"fusion-no-lightbox\" href=\"http:\/\/hannover.sportbuzzer.de\/suche?q=Burgwedel\" target=\"_self\"> <img src=\"https:\/\/typisch-region-hannover.de\/wp-content\/uploads\/2016\/01\/Sportbuzzer.png\" alt=\"\" class=\"img-responsive\"\/><\/a><\/span><div class=\"fusion-sep-clear\"><\/div><div class=\"fusion-separator fusion-full-width-sep sep-none\" style=\"border-color:#e0dede;margin-left: auto;margin-right: auto;margin-top:10px;margin-bottom:10px;\"><\/div><p>Hannover von seiner sportlichen Seite: Auf dem Portal Sportbuzzer.de gibt es vor Allem Berichte aus dem hannoverschen Fu\u00dfball &#8211; f\u00fcr alle Sportfans, die immer wissen m\u00f6chten, wo ihr Heimatverein steht.<\/p>\n<div class=\"fusion-clearfix\"><\/div><\/div><\/div><div class=\"fusion-clearfix\"><\/div>\n","protected":false},"excerpt":{"rendered":"","protected":false},"author":3,"featured_media":0,"parent":0,"menu_order":0,"comment_status":"closed","ping_status":"closed","template":"","meta":[],"yoast_head":"<!-- This site is optimized with the Yoast SEO plugin v19.10 - https:\/\/yoast.com\/wordpress\/plugins\/seo\/ -->\n<title>Gro\u00df-Buchholz: Stadtteil zwischen Telemax und Pinkenburg<\/title>\n<meta name=\"description\" content=\"Traditionelles Fachwerk in einem Dorfkern mitten in der Stadt. Im Kontrast dazu HighTech-Medizinstandort mit MHH und INI - das ist Gro\u00df-Buchholz.\" \/>\n<meta name=\"robots\" content=\"index, follow, max-snippet:-1, max-image-preview:large, max-video-preview:-1\" \/>\n<link rel=\"canonical\" href=\"https:\/\/typisch-region-hannover.de\/index.php\/gross-buchholz\/\" \/>\n<meta property=\"og:locale\" content=\"de_DE\" \/>\n<meta property=\"og:type\" content=\"article\" \/>\n<meta property=\"og:title\" content=\"Gro\u00df-Buchholz: Stadtteil zwischen Telemax und Pinkenburg\" \/>\n<meta property=\"og:description\" content=\"Traditionelles Fachwerk in einem Dorfkern mitten in der Stadt. Im Kontrast dazu HighTech-Medizinstandort mit MHH und INI - das ist Gro\u00df-Buchholz.\" \/>\n<meta property=\"og:url\" content=\"https:\/\/typisch-region-hannover.de\/index.php\/gross-buchholz\/\" \/>\n<meta property=\"og:site_name\" content=\"Typisch Region Hannover\" \/>\n<meta property=\"article:publisher\" content=\"https:\/\/www.facebook.com\/typischregionhannover\/\" \/>\n<meta property=\"article:modified_time\" content=\"2017-10-31T11:49:30+00:00\" \/>\n<meta property=\"og:image\" content=\"https:\/\/typisch-region-hannover.de\/wp-content\/uploads\/2017\/10\/GrossBuchholz03-01.jpg\" \/>\n<meta name=\"twitter:card\" content=\"summary_large_image\" \/>\n<meta name=\"twitter:label1\" content=\"Gesch\u00e4tzte Lesezeit\" \/>\n\t<meta name=\"twitter:data1\" content=\"9\u00a0Minuten\" \/>\n<script type=\"application\/ld+json\" class=\"yoast-schema-graph\">{\"@context\":\"https:\/\/schema.org\",\"@graph\":[{\"@type\":\"WebPage\",\"@id\":\"https:\/\/typisch-region-hannover.de\/index.php\/gross-buchholz\/\",\"url\":\"https:\/\/typisch-region-hannover.de\/index.php\/gross-buchholz\/\",\"name\":\"Gro\u00df-Buchholz: Stadtteil zwischen Telemax und Pinkenburg\",\"isPartOf\":{\"@id\":\"https:\/\/typisch-region-hannover.de\/#website\"},\"datePublished\":\"2016-11-10T22:41:02+00:00\",\"dateModified\":\"2017-10-31T11:49:30+00:00\",\"description\":\"Traditionelles Fachwerk in einem Dorfkern mitten in der Stadt. Im Kontrast dazu HighTech-Medizinstandort mit MHH und INI - das ist Gro\u00df-Buchholz.\",\"breadcrumb\":{\"@id\":\"https:\/\/typisch-region-hannover.de\/index.php\/gross-buchholz\/#breadcrumb\"},\"inLanguage\":\"de\",\"potentialAction\":[{\"@type\":\"ReadAction\",\"target\":[\"https:\/\/typisch-region-hannover.de\/index.php\/gross-buchholz\/\"]}]},{\"@type\":\"BreadcrumbList\",\"@id\":\"https:\/\/typisch-region-hannover.de\/index.php\/gross-buchholz\/#breadcrumb\",\"itemListElement\":[{\"@type\":\"ListItem\",\"position\":1,\"name\":\"Home\",\"item\":\"https:\/\/typisch-region-hannover.de\/\"},{\"@type\":\"ListItem\",\"position\":2,\"name\":\"Gro\u00df-Buchholz\"}]},{\"@type\":\"WebSite\",\"@id\":\"https:\/\/typisch-region-hannover.de\/#website\",\"url\":\"https:\/\/typisch-region-hannover.de\/\",\"name\":\"Typisch Region Hannover\",\"description\":\"Wissenswertes aus unserer Region\",\"potentialAction\":[{\"@type\":\"SearchAction\",\"target\":{\"@type\":\"EntryPoint\",\"urlTemplate\":\"https:\/\/typisch-region-hannover.de\/?s={search_term_string}\"},\"query-input\":\"required name=search_term_string\"}],\"inLanguage\":\"de\"}]}<\/script>\n<!-- \/ Yoast SEO plugin. -->","yoast_head_json":{"title":"Gro\u00df-Buchholz: Stadtteil zwischen Telemax und Pinkenburg","description":"Traditionelles Fachwerk in einem Dorfkern mitten in der Stadt. Im Kontrast dazu HighTech-Medizinstandort mit MHH und INI - das ist Gro\u00df-Buchholz.","robots":{"index":"index","follow":"follow","max-snippet":"max-snippet:-1","max-image-preview":"max-image-preview:large","max-video-preview":"max-video-preview:-1"},"canonical":"https:\/\/typisch-region-hannover.de\/index.php\/gross-buchholz\/","og_locale":"de_DE","og_type":"article","og_title":"Gro\u00df-Buchholz: Stadtteil zwischen Telemax und Pinkenburg","og_description":"Traditionelles Fachwerk in einem Dorfkern mitten in der Stadt. Im Kontrast dazu HighTech-Medizinstandort mit MHH und INI - das ist Gro\u00df-Buchholz.","og_url":"https:\/\/typisch-region-hannover.de\/index.php\/gross-buchholz\/","og_site_name":"Typisch Region Hannover","article_publisher":"https:\/\/www.facebook.com\/typischregionhannover\/","article_modified_time":"2017-10-31T11:49:30+00:00","og_image":[{"url":"https:\/\/typisch-region-hannover.de\/wp-content\/uploads\/2017\/10\/GrossBuchholz03-01.jpg"}],"twitter_card":"summary_large_image","twitter_misc":{"Gesch\u00e4tzte Lesezeit":"9\u00a0Minuten"},"schema":{"@context":"https:\/\/schema.org","@graph":[{"@type":"WebPage","@id":"https:\/\/typisch-region-hannover.de\/index.php\/gross-buchholz\/","url":"https:\/\/typisch-region-hannover.de\/index.php\/gross-buchholz\/","name":"Gro\u00df-Buchholz: Stadtteil zwischen Telemax und Pinkenburg","isPartOf":{"@id":"https:\/\/typisch-region-hannover.de\/#website"},"datePublished":"2016-11-10T22:41:02+00:00","dateModified":"2017-10-31T11:49:30+00:00","description":"Traditionelles Fachwerk in einem Dorfkern mitten in der Stadt. Im Kontrast dazu HighTech-Medizinstandort mit MHH und INI - das ist Gro\u00df-Buchholz.","breadcrumb":{"@id":"https:\/\/typisch-region-hannover.de\/index.php\/gross-buchholz\/#breadcrumb"},"inLanguage":"de","potentialAction":[{"@type":"ReadAction","target":["https:\/\/typisch-region-hannover.de\/index.php\/gross-buchholz\/"]}]},{"@type":"BreadcrumbList","@id":"https:\/\/typisch-region-hannover.de\/index.php\/gross-buchholz\/#breadcrumb","itemListElement":[{"@type":"ListItem","position":1,"name":"Home","item":"https:\/\/typisch-region-hannover.de\/"},{"@type":"ListItem","position":2,"name":"Gro\u00df-Buchholz"}]},{"@type":"WebSite","@id":"https:\/\/typisch-region-hannover.de\/#website","url":"https:\/\/typisch-region-hannover.de\/","name":"Typisch Region Hannover","description":"Wissenswertes aus unserer Region","potentialAction":[{"@type":"SearchAction","target":{"@type":"EntryPoint","urlTemplate":"https:\/\/typisch-region-hannover.de\/?s={search_term_string}"},"query-input":"required name=search_term_string"}],"inLanguage":"de"}]}},"_links":{"self":[{"href":"https:\/\/typisch-region-hannover.de\/index.php\/wp-json\/wp\/v2\/pages\/13914"}],"collection":[{"href":"https:\/\/typisch-region-hannover.de\/index.php\/wp-json\/wp\/v2\/pages"}],"about":[{"href":"https:\/\/typisch-region-hannover.de\/index.php\/wp-json\/wp\/v2\/types\/page"}],"author":[{"embeddable":true,"href":"https:\/\/typisch-region-hannover.de\/index.php\/wp-json\/wp\/v2\/users\/3"}],"replies":[{"embeddable":true,"href":"https:\/\/typisch-region-hannover.de\/index.php\/wp-json\/wp\/v2\/comments?post=13914"}],"version-history":[{"count":0,"href":"https:\/\/typisch-region-hannover.de\/index.php\/wp-json\/wp\/v2\/pages\/13914\/revisions"}],"wp:attachment":[{"href":"https:\/\/typisch-region-hannover.de\/index.php\/wp-json\/wp\/v2\/media?parent=13914"}],"curies":[{"name":"wp","href":"https:\/\/api.w.org\/{rel}","templated":true}]}}