{"id":13861,"date":"2016-11-10T21:48:39","date_gmt":"2016-11-10T20:48:39","guid":{"rendered":"https:\/\/typisch-region-hannover.de\/?page_id=13861"},"modified":"2017-11-17T00:20:59","modified_gmt":"2017-11-16T23:20:59","slug":"ronnenberg","status":"publish","type":"page","link":"https:\/\/typisch-region-hannover.de\/index.php\/ronnenberg\/","title":{"rendered":"Ronnenberg"},"content":{"rendered":"<div class=\"fusion-fullwidth fullwidth-box fusion-fullwidth-1  fusion-parallax-none nonhundred-percent-fullwidth\" style=\"border-color:#eae9e9;border-bottom-width: 0px;border-top-width: 0px;border-bottom-style: solid;border-top-style: solid;padding-bottom:0px;padding-top:0px;padding-left:0px;padding-right:0px;background-color:#ffffff;\"><style type=\"text\/css\" scoped=\"scoped\">.fusion-fullwidth-1 {\n                            padding-left: 0px !important;\n                            padding-right: 0px !important;\n                        }<\/style><div class=\"fusion-row\"><div class=\"fusion-image-carousel fusion-image-carousel-fixed lightbox-enabled\"><div class=\"fusion-carousel\" data-autoplay=\"yes\" data-columns=\"6\" data-itemmargin=\"8\" data-itemwidth=\"180\" data-touchscroll=\"no\" data-imagesize=\"fixed\"><div class=\"fusion-carousel-positioner\"><ul class=\"fusion-carousel-holder\"><li class=\"fusion-carousel-item\"><div class=\"fusion-carousel-item-wrapper\"><div class=\"fusion-image-wrapper hover-type-zoomin\"><a data-rel=\"iLightbox[gallery_image_1]\" data-caption=\"Am Benther Berg\" data-title=\"ronnenberg10\" href=\"https:\/\/typisch-region-hannover.de\/wp-content\/uploads\/2016\/11\/Ronnenberg10.jpg\" target=\"_self\"><img src=\"https:\/\/typisch-region-hannover.de\/wp-content\/uploads\/2016\/11\/Ronnenberg10.jpg\" alt=\"Mauerreste am Benter Berg\" \/><\/a><\/div><\/div><\/li><li class=\"fusion-carousel-item\"><div class=\"fusion-carousel-item-wrapper\"><div class=\"fusion-image-wrapper hover-type-zoomin\"><a data-rel=\"iLightbox[gallery_image_1]\" data-title=\"ronnenberg8\" href=\"https:\/\/typisch-region-hannover.de\/wp-content\/uploads\/2016\/11\/Ronnenberg8.jpg\" target=\"_self\"><img src=\"https:\/\/typisch-region-hannover.de\/wp-content\/uploads\/2016\/11\/Ronnenberg8.jpg\" alt=\"Hinter diesem Fenster gibt es kein Geb\u00e4ude mehr\" \/><\/a><\/div><\/div><\/li><li class=\"fusion-carousel-item\"><div class=\"fusion-carousel-item-wrapper\"><div class=\"fusion-image-wrapper hover-type-zoomin\"><a data-rel=\"iLightbox[gallery_image_1]\" data-title=\"ronnenberg7\" href=\"https:\/\/typisch-region-hannover.de\/wp-content\/uploads\/2016\/11\/Ronnenberg7.jpg\" target=\"_self\"><img src=\"https:\/\/typisch-region-hannover.de\/wp-content\/uploads\/2016\/11\/Ronnenberg7.jpg\" alt=\"In Benthe - Herbstzauber und sch\u00f6ne alte Geb\u00e4ude\" \/><\/a><\/div><\/div><\/li><li class=\"fusion-carousel-item\"><div class=\"fusion-carousel-item-wrapper\"><div class=\"fusion-image-wrapper hover-type-zoomin\"><a data-rel=\"iLightbox[gallery_image_1]\" data-title=\"ronnenberg5\" href=\"https:\/\/typisch-region-hannover.de\/wp-content\/uploads\/2016\/11\/Ronnenberg5.jpg\" target=\"_self\"><img src=\"https:\/\/typisch-region-hannover.de\/wp-content\/uploads\/2016\/11\/Ronnenberg5.jpg\" alt=\"Aussichtsplattform an der K\u00fcckenm\u00fchle\" \/><\/a><\/div><\/div><\/li><li class=\"fusion-carousel-item\"><div class=\"fusion-carousel-item-wrapper\"><div class=\"fusion-image-wrapper hover-type-zoomin\"><a data-rel=\"iLightbox[gallery_image_1]\" data-caption=\"An den Stapelteichen\" data-title=\"ronnenberg3\" href=\"https:\/\/typisch-region-hannover.de\/wp-content\/uploads\/2016\/11\/Ronnenberg3.jpg\" target=\"_self\"><img src=\"https:\/\/typisch-region-hannover.de\/wp-content\/uploads\/2016\/11\/Ronnenberg3.jpg\" alt=\"Naturidylle an den Stapelteichen\" \/><\/a><\/div><\/div><\/li><li class=\"fusion-carousel-item\"><div class=\"fusion-carousel-item-wrapper\"><div class=\"fusion-image-wrapper hover-type-zoomin\"><a data-rel=\"iLightbox[gallery_image_1]\" data-caption=\"Wasserb\u00fcffel an der Ihme\" data-title=\"ronnenberg2\" href=\"https:\/\/typisch-region-hannover.de\/wp-content\/uploads\/2016\/11\/Ronnenberg2.jpg\" target=\"_self\"><img src=\"https:\/\/typisch-region-hannover.de\/wp-content\/uploads\/2016\/11\/Ronnenberg2.jpg\" alt=\"Wasserb\u00fcffel als Landschaftspflege\" \/><\/a><\/div><\/div><\/li><li class=\"fusion-carousel-item\"><div class=\"fusion-carousel-item-wrapper\"><div class=\"fusion-image-wrapper hover-type-zoomin\"><a data-rel=\"iLightbox[gallery_image_1]\" data-caption=\"Die Sieben Trappen Steine\" data-title=\"ronnenberg1\" href=\"https:\/\/typisch-region-hannover.de\/wp-content\/uploads\/2016\/11\/Ronnenberg1.jpg\" target=\"_self\"><img src=\"https:\/\/typisch-region-hannover.de\/wp-content\/uploads\/2016\/11\/Ronnenberg1.jpg\" alt=\"Eine alte Legende rankt sich um diese Steine\" \/><\/a><\/div><\/div><\/li><li class=\"fusion-carousel-item\"><div class=\"fusion-carousel-item-wrapper\"><div class=\"fusion-image-wrapper hover-type-zoomin\"><a data-rel=\"iLightbox[gallery_image_1]\" data-caption=\"Stolzes Tier - besser nicht streicheln\" data-title=\"ronneberg4\" href=\"https:\/\/typisch-region-hannover.de\/wp-content\/uploads\/2016\/11\/Ronneberg4.jpg\" target=\"_self\"><img src=\"https:\/\/typisch-region-hannover.de\/wp-content\/uploads\/2016\/11\/Ronneberg4.jpg\" alt=\"Ein stolzer Wasserb\u00fcffel - besser nicht streicheln!\" \/><\/a><\/div><\/div><\/li><\/ul><div class=\"fusion-carousel-nav\"><span class=\"fusion-nav-prev\"><\/span><span class=\"fusion-nav-next\"><\/span><\/div><\/div><\/div><\/div><\/div><\/div><div class=\"fusion-one-third one_third fusion-layout-column fusion-spacing-yes\" style=\"margin-top:0px;margin-bottom:20px;\"><div class=\"fusion-column-wrapper\"><span class=\"fusion-imageframe imageframe-none imageframe-1 hover-type-zoomin\"><a class=\"fusion-no-lightbox\" href=\"https:\/\/typisch-region-hannover.de\/index.php\/ronnenberg\/typisch-ronnenberg-nr-2-vom-17-11-2017\/\" target=\"_blank\"> <img src=\"https:\/\/typisch-region-hannover.de\/wp-content\/uploads\/2017\/11\/Ronnenberg02-01.jpg\" alt=\"\" class=\"img-responsive\"\/><\/a><\/span><div class=\"fusion-sep-clear\"><\/div><div class=\"fusion-separator fusion-full-width-sep sep-none\" style=\"border-color:#e0dede;margin-left: auto;margin-right: auto;margin-top:15px;margin-bottom:15px;\"><\/div><div class=\"fusion-sep-clear\"><\/div><div class=\"fusion-separator fusion-full-width-sep sep-single\" style=\"border-color:#5a8727;border-top-width:1px;margin-left: auto;margin-right: auto;margin-top:15px;margin-bottom:15px;\"><\/div><span class=\"fusion-imageframe imageframe-none imageframe-2 hover-type-zoomin\"><a class=\"fusion-no-lightbox\" href=\"https:\/\/typisch-region-hannover.de\/index.php\/ronnenberg\/typisch-ronnenberg-nr-1-vom-29-10-2016\/\" target=\"_blank\"> <img src=\"https:\/\/typisch-region-hannover.de\/wp-content\/uploads\/2016\/10\/Ronnenberg01.jpg\" alt=\"\" class=\"img-responsive\"\/><\/a><\/span><div class=\"fusion-sep-clear\"><\/div><div class=\"fusion-separator fusion-full-width-sep sep-none\" style=\"border-color:#e0dede;margin-left: auto;margin-right: auto;margin-top:15px;margin-bottom:15px;\"><\/div><div class=\"fusion-clearfix\"><\/div><\/div><\/div><div class=\"fusion-one-third one_third fusion-layout-column fusion-spacing-yes\" style=\"margin-top:0px;margin-bottom:20px;\"><div class=\"fusion-column-wrapper\"><span class=\"fusion-imageframe imageframe-none imageframe-3 hover-type-none\"> <img src=\"https:\/\/typisch-region-hannover.de\/wp-content\/uploads\/2016\/11\/ronnenberg02th.jpg\" alt=\"\" class=\"img-responsive\"\/><\/span><div class=\"fusion-sep-clear\"><\/div><div class=\"fusion-separator fusion-full-width-sep sep-none\" style=\"border-color:#e0dede;margin-left: auto;margin-right: auto;margin-top:px;margin-bottom:10px;\"><\/div><div class=\"fusion-title title fusion-title-size-two\" style=\"margin-bottom:10;\"><h2 class=\"title-heading-left\">MAGAZIN Nr. 2\/November 2017<\/h2><div class=\"title-sep-container\"><div class=\"title-sep sep-double\"><\/div><\/div><\/div><p>Wo kann man die Heimat besser neu entdecken als im Heimatmuseum? Wir haben drei Stockwerke voll interessanter Informationen gefunden und empfehlen den Besuch. Ronnenberg ist eine Stadt voller Kontraste: das st\u00e4dtisch gepr\u00e4gte Empelde und kleine D\u00f6rfer wie Linderte oder V\u00f6rie. Ronnenberg &#8211; woher mag wohl der Name stammen? Und was heisst eigentlich V\u00f6rie?\u00a0<a href=\"https:\/\/typisch-region-hannover.de\/index.php\/ronnenberg\/typisch-ronnenberg-nr-2-vom-17-11-2017\/\">Das komplette Magazin gibt es hier.<\/a><\/p>\n<div class=\"fusion-sep-clear\"><\/div><div class=\"fusion-separator fusion-full-width-sep sep-none\" style=\"border-color:#e0dede;margin-left: auto;margin-right: auto;margin-top:15px;margin-bottom:20px;\"><\/div><div class=\"fusion-sep-clear\"><\/div><div class=\"fusion-separator fusion-full-width-sep sep-single\" style=\"border-color:#5a8727;border-top-width:1px;margin-left: auto;margin-right: auto;margin-top:25px;margin-bottom:15px;\"><\/div><span class=\"fusion-imageframe imageframe-none imageframe-4 hover-type-none\"> <img src=\"https:\/\/typisch-region-hannover.de\/wp-content\/uploads\/2016\/11\/Ronnenberg10.jpg\" alt=\"Herbstzauber am Fu\u00df des Benther Bergs\" class=\"img-responsive\"\/><\/span><div class=\"fusion-sep-clear\"><\/div><div class=\"fusion-separator fusion-full-width-sep sep-none\" style=\"border-color:#e0dede;margin-left: auto;margin-right: auto;margin-top:px;margin-bottom:10px;\"><\/div><div class=\"fusion-title title fusion-title-size-two\" style=\"margin-bottom:10;\"><h2 class=\"title-heading-left\">MAGAZIN No. 1\/2016<\/h2><div class=\"title-sep-container\"><div class=\"title-sep sep-double\"><\/div><\/div><\/div><p>Ronnenberg: Das ist mehr als nur das st\u00e4dtische Empelde. Hier gibt es h\u00fcbsche kleine D\u00f6rfer und den Weg zu einem beliebten Spaziergangsziel der Gro\u00dfst\u00e4dter. Am Benther Berg haben wir uns f\u00fcr Sie umgeschaut und die \u00dcberreste eines alten gro\u00dfen Gem\u00e4uers gefunden. Was stand denn da einmal? Der Natur auf der Spur haben die Wasserb\u00fcffel an der Ihmeaue besucht und festgestellt, dass sie wahre Landschaftspfleger sind. Ein besonderer Spa\u00df war es, in Jahrhunderte alten M\u00e4rchenb\u00fcchern der Legende nachzuforschen, die sich um acht Kreuzsteine rankt.\u00a0 Spannende Geschichten &#8211; und eine Stadt mit kleinen Ortsteilen die entdeckt werden wollen. <a href=\"https:\/\/typisch-region-hannover.de\/index.php\/ronnenberg\/typisch-ronnenberg-nr-1-vom-29-10-2016\/\">Das komplette Magazin gibt es hier.<\/a><\/p>\n<div class=\"fusion-clearfix\"><\/div><\/div><\/div><div class=\"fusion-one-third one_third fusion-layout-column fusion-column-last fusion-spacing-yes\" style=\"margin-top:0px;margin-bottom:20px;\"><div class=\"fusion-column-wrapper\" style=\"background-color:#9ad66f;padding:15px;\"><div class=\"fusion-title title fusion-title-size-three\"><h3 class=\"title-heading-left\">RUNDUM INFORMIERT \u00fcber Ronnenberg<\/h3><div class=\"title-sep-container\"><div class=\"title-sep sep-double\"><\/div><\/div><\/div><span class=\"fusion-imageframe imageframe-none imageframe-5 hover-type-none fusion-animated\" data-animationType=\"flash\" data-animationDuration=\"0.1\"><a class=\"fusion-no-lightbox\" href=\"http:\/\/www.haz.de\/Hannover\/Aus-der-Region\/Ronnenberg\" target=\"_blank\"> <img src=\"https:\/\/typisch-region-hannover.de\/wp-content\/uploads\/2016\/01\/HAZNPklein.jpg\" alt=\"\" class=\"img-responsive\"\/><\/a><\/span><div class=\"fusion-sep-clear\"><\/div><div class=\"fusion-separator fusion-full-width-sep sep-none\" style=\"border-color:#e0dede;margin-left: auto;margin-right: auto;margin-top:10px;margin-bottom:10px;\"><\/div><p>Aktuelle Informationen aus ihrer Tageszeitung &#8211; die Meldungen der Nordhannoverschen Zeitung geben Auskunft \u00fcber alles, was geschieht.<\/p>\n<div class=\"fusion-sep-clear\"><\/div><div class=\"fusion-separator fusion-full-width-sep sep-single\" style=\"border-color:#42661f;border-top-width:1px;margin-left: auto;margin-right: auto;margin-top:10px;margin-bottom:10px;\"><\/div><span class=\"fusion-imageframe imageframe-none imageframe-6 hover-type-none\"><a class=\"fusion-no-lightbox\" href=\"http:\/\/www.haz.de\/Hannover\/Aus-der-Stadt\/Fotoserie-Region\/Besuch-in-Burgwedel#p1\" target=\"_self\"> <img src=\"https:\/\/typisch-region-hannover.de\/wp-content\/uploads\/2016\/01\/KircheWettmar.jpg\" alt=\"\" class=\"img-responsive\"\/><\/a><\/span><div class=\"fusion-sep-clear\"><\/div><div class=\"fusion-separator fusion-full-width-sep sep-none\" style=\"border-color:#e0dede;margin-left: auto;margin-right: auto;margin-top:10px;margin-bottom:10px;\"><\/div><div class=\"fusion-sep-clear\"><\/div><div class=\"fusion-separator fusion-full-width-sep sep-single\" style=\"border-color:#42661f;border-top-width:1px;margin-left: auto;margin-right: auto;margin-top:10px;margin-bottom:15px;\"><\/div><span class=\"fusion-imageframe imageframe-none imageframe-7 hover-type-none\"><a class=\"fusion-no-lightbox\" href=\"http:\/\/www.wochenblaetter.de\/gehrden\/\" target=\"_blank\"> <img src=\"https:\/\/typisch-region-hannover.de\/wp-content\/uploads\/2016\/11\/halloAnzeiger.jpg\" alt=\"\" class=\"img-responsive\"\/><\/a><\/span><div class=\"fusion-sep-clear\"><\/div><div class=\"fusion-separator fusion-full-width-sep sep-none\" style=\"border-color:#e0dede;margin-left: auto;margin-right: auto;margin-top:10px;margin-bottom:10px;\"><\/div><p>Die sympathischen Wochenbl\u00e4tter in Ronnenberg und informiert die Bev\u00f6lkerung aktuell &#8211; nat\u00fcrlich auch online.<\/p>\n<div class=\"fusion-sep-clear\"><\/div><div class=\"fusion-separator fusion-full-width-sep sep-single\" style=\"border-color:#42661f;border-top-width:1px;margin-left: auto;margin-right: auto;margin-top:10px;margin-bottom:15px;\"><\/div><span class=\"fusion-imageframe imageframe-none imageframe-8 hover-type-none\"><a class=\"fusion-no-lightbox\" href=\"http:\/\/hannover.sportbuzzer.de\/suche\/artikel\/?q=Ronnenberg\" target=\"_blank\"> <img src=\"https:\/\/typisch-region-hannover.de\/wp-content\/uploads\/2016\/01\/Sportbuzzer.png\" alt=\"\" class=\"img-responsive\"\/><\/a><\/span><div class=\"fusion-sep-clear\"><\/div><div class=\"fusion-separator fusion-full-width-sep sep-none\" style=\"border-color:#e0dede;margin-left: auto;margin-right: auto;margin-top:10px;margin-bottom:10px;\"><\/div><p>Ronnenberg von seiner sportlichen Seite: Auf dem Portal Sportbuzzer.de gibt es vor allem Berichte aus dem Ronnenberger Fu\u00dfball &#8211; f\u00fcr alle Sportfans, die immer wissen m\u00f6chten, wo ihr Heimatverein steht.<\/p>\n<div class=\"fusion-clearfix\"><\/div><\/div><\/div><div class=\"fusion-clearfix\"><\/div>\n","protected":false},"excerpt":{"rendered":"","protected":false},"author":3,"featured_media":0,"parent":0,"menu_order":0,"comment_status":"closed","ping_status":"closed","template":"","meta":[],"yoast_head":"<!-- This site is optimized with the Yoast SEO plugin v19.10 - https:\/\/yoast.com\/wordpress\/plugins\/seo\/ -->\n<title>Ronnenberg - Stadt mit Kaligeschichte, Benther Berg und alter Legende<\/title>\n<meta name=\"description\" content=\"Wandern am Benther Berg, eine uralte Legende aus M\u00e4rchenb\u00fcchern, landschaftspflegende Wasserb\u00fcffel und die Geschichte des Kaliabbaus: Typisch Ronnenberg\" \/>\n<meta name=\"robots\" content=\"index, follow, max-snippet:-1, max-image-preview:large, max-video-preview:-1\" \/>\n<link rel=\"canonical\" href=\"https:\/\/typisch-region-hannover.de\/index.php\/ronnenberg\/\" \/>\n<meta property=\"og:locale\" content=\"de_DE\" \/>\n<meta property=\"og:type\" content=\"article\" \/>\n<meta property=\"og:title\" content=\"Ronnenberg - Stadt mit Kaligeschichte, Benther Berg und alter Legende\" \/>\n<meta property=\"og:description\" content=\"Wandern am Benther Berg, eine uralte Legende aus M\u00e4rchenb\u00fcchern, landschaftspflegende Wasserb\u00fcffel und die Geschichte des Kaliabbaus: Typisch Ronnenberg\" \/>\n<meta property=\"og:url\" content=\"https:\/\/typisch-region-hannover.de\/index.php\/ronnenberg\/\" \/>\n<meta property=\"og:site_name\" content=\"Typisch Region Hannover\" \/>\n<meta property=\"article:publisher\" content=\"https:\/\/www.facebook.com\/typischregionhannover\/\" \/>\n<meta property=\"article:modified_time\" content=\"2017-11-16T23:20:59+00:00\" \/>\n<meta property=\"og:image\" content=\"https:\/\/typisch-region-hannover.de\/wp-content\/uploads\/2017\/11\/Ronnenberg02-01.jpg\" \/>\n<meta name=\"twitter:card\" content=\"summary_large_image\" \/>\n<meta name=\"twitter:label1\" content=\"Gesch\u00e4tzte Lesezeit\" \/>\n\t<meta name=\"twitter:data1\" content=\"7\u00a0Minuten\" \/>\n<script type=\"application\/ld+json\" class=\"yoast-schema-graph\">{\"@context\":\"https:\/\/schema.org\",\"@graph\":[{\"@type\":\"WebPage\",\"@id\":\"https:\/\/typisch-region-hannover.de\/index.php\/ronnenberg\/\",\"url\":\"https:\/\/typisch-region-hannover.de\/index.php\/ronnenberg\/\",\"name\":\"Ronnenberg - Stadt mit Kaligeschichte, Benther Berg und alter Legende\",\"isPartOf\":{\"@id\":\"https:\/\/typisch-region-hannover.de\/#website\"},\"datePublished\":\"2016-11-10T20:48:39+00:00\",\"dateModified\":\"2017-11-16T23:20:59+00:00\",\"description\":\"Wandern am Benther Berg, eine uralte Legende aus M\u00e4rchenb\u00fcchern, landschaftspflegende Wasserb\u00fcffel und die Geschichte des Kaliabbaus: Typisch Ronnenberg\",\"breadcrumb\":{\"@id\":\"https:\/\/typisch-region-hannover.de\/index.php\/ronnenberg\/#breadcrumb\"},\"inLanguage\":\"de\",\"potentialAction\":[{\"@type\":\"ReadAction\",\"target\":[\"https:\/\/typisch-region-hannover.de\/index.php\/ronnenberg\/\"]}]},{\"@type\":\"BreadcrumbList\",\"@id\":\"https:\/\/typisch-region-hannover.de\/index.php\/ronnenberg\/#breadcrumb\",\"itemListElement\":[{\"@type\":\"ListItem\",\"position\":1,\"name\":\"Home\",\"item\":\"https:\/\/typisch-region-hannover.de\/\"},{\"@type\":\"ListItem\",\"position\":2,\"name\":\"Ronnenberg\"}]},{\"@type\":\"WebSite\",\"@id\":\"https:\/\/typisch-region-hannover.de\/#website\",\"url\":\"https:\/\/typisch-region-hannover.de\/\",\"name\":\"Typisch Region Hannover\",\"description\":\"Wissenswertes aus unserer Region\",\"potentialAction\":[{\"@type\":\"SearchAction\",\"target\":{\"@type\":\"EntryPoint\",\"urlTemplate\":\"https:\/\/typisch-region-hannover.de\/?s={search_term_string}\"},\"query-input\":\"required name=search_term_string\"}],\"inLanguage\":\"de\"}]}<\/script>\n<!-- \/ Yoast SEO plugin. -->","yoast_head_json":{"title":"Ronnenberg - Stadt mit Kaligeschichte, Benther Berg und alter Legende","description":"Wandern am Benther Berg, eine uralte Legende aus M\u00e4rchenb\u00fcchern, landschaftspflegende Wasserb\u00fcffel und die Geschichte des Kaliabbaus: Typisch Ronnenberg","robots":{"index":"index","follow":"follow","max-snippet":"max-snippet:-1","max-image-preview":"max-image-preview:large","max-video-preview":"max-video-preview:-1"},"canonical":"https:\/\/typisch-region-hannover.de\/index.php\/ronnenberg\/","og_locale":"de_DE","og_type":"article","og_title":"Ronnenberg - Stadt mit Kaligeschichte, Benther Berg und alter Legende","og_description":"Wandern am Benther Berg, eine uralte Legende aus M\u00e4rchenb\u00fcchern, landschaftspflegende Wasserb\u00fcffel und die Geschichte des Kaliabbaus: Typisch Ronnenberg","og_url":"https:\/\/typisch-region-hannover.de\/index.php\/ronnenberg\/","og_site_name":"Typisch Region Hannover","article_publisher":"https:\/\/www.facebook.com\/typischregionhannover\/","article_modified_time":"2017-11-16T23:20:59+00:00","og_image":[{"url":"https:\/\/typisch-region-hannover.de\/wp-content\/uploads\/2017\/11\/Ronnenberg02-01.jpg"}],"twitter_card":"summary_large_image","twitter_misc":{"Gesch\u00e4tzte Lesezeit":"7\u00a0Minuten"},"schema":{"@context":"https:\/\/schema.org","@graph":[{"@type":"WebPage","@id":"https:\/\/typisch-region-hannover.de\/index.php\/ronnenberg\/","url":"https:\/\/typisch-region-hannover.de\/index.php\/ronnenberg\/","name":"Ronnenberg - Stadt mit Kaligeschichte, Benther Berg und alter Legende","isPartOf":{"@id":"https:\/\/typisch-region-hannover.de\/#website"},"datePublished":"2016-11-10T20:48:39+00:00","dateModified":"2017-11-16T23:20:59+00:00","description":"Wandern am Benther Berg, eine uralte Legende aus M\u00e4rchenb\u00fcchern, landschaftspflegende Wasserb\u00fcffel und die Geschichte des Kaliabbaus: Typisch Ronnenberg","breadcrumb":{"@id":"https:\/\/typisch-region-hannover.de\/index.php\/ronnenberg\/#breadcrumb"},"inLanguage":"de","potentialAction":[{"@type":"ReadAction","target":["https:\/\/typisch-region-hannover.de\/index.php\/ronnenberg\/"]}]},{"@type":"BreadcrumbList","@id":"https:\/\/typisch-region-hannover.de\/index.php\/ronnenberg\/#breadcrumb","itemListElement":[{"@type":"ListItem","position":1,"name":"Home","item":"https:\/\/typisch-region-hannover.de\/"},{"@type":"ListItem","position":2,"name":"Ronnenberg"}]},{"@type":"WebSite","@id":"https:\/\/typisch-region-hannover.de\/#website","url":"https:\/\/typisch-region-hannover.de\/","name":"Typisch Region Hannover","description":"Wissenswertes aus unserer Region","potentialAction":[{"@type":"SearchAction","target":{"@type":"EntryPoint","urlTemplate":"https:\/\/typisch-region-hannover.de\/?s={search_term_string}"},"query-input":"required name=search_term_string"}],"inLanguage":"de"}]}},"_links":{"self":[{"href":"https:\/\/typisch-region-hannover.de\/index.php\/wp-json\/wp\/v2\/pages\/13861"}],"collection":[{"href":"https:\/\/typisch-region-hannover.de\/index.php\/wp-json\/wp\/v2\/pages"}],"about":[{"href":"https:\/\/typisch-region-hannover.de\/index.php\/wp-json\/wp\/v2\/types\/page"}],"author":[{"embeddable":true,"href":"https:\/\/typisch-region-hannover.de\/index.php\/wp-json\/wp\/v2\/users\/3"}],"replies":[{"embeddable":true,"href":"https:\/\/typisch-region-hannover.de\/index.php\/wp-json\/wp\/v2\/comments?post=13861"}],"version-history":[{"count":0,"href":"https:\/\/typisch-region-hannover.de\/index.php\/wp-json\/wp\/v2\/pages\/13861\/revisions"}],"wp:attachment":[{"href":"https:\/\/typisch-region-hannover.de\/index.php\/wp-json\/wp\/v2\/media?parent=13861"}],"curies":[{"name":"wp","href":"https:\/\/api.w.org\/{rel}","templated":true}]}}