{"id":13653,"date":"2016-09-19T21:31:30","date_gmt":"2016-09-19T19:31:30","guid":{"rendered":"https:\/\/typisch-region-hannover.de\/?page_id=13653"},"modified":"2016-09-20T02:49:33","modified_gmt":"2016-09-20T00:49:33","slug":"typisch-seelze-nr-1-vom-20-9-2016","status":"publish","type":"page","link":"https:\/\/typisch-region-hannover.de\/index.php\/typisch-seelze\/typisch-seelze-nr-1-vom-20-9-2016\/","title":{"rendered":"Typisch Seelze: Nr. 1 vom 20. 9. 2016"},"content":{"rendered":"<div class=\"fusion-title title fusion-title-size-one\" style=\"margin-bottom:10px;\"><h1 class=\"title-heading-left\">Typisch Seelze: Nr. 1 vom 20.9.2016<\/h1><div class=\"title-sep-container\"><div class=\"title-sep sep-double sep-solid\"><\/div><\/div><\/div><p style=\"text-align: left;\">F\u00fcr unser neues Magazin \u201eTypisch Seelze\u201c sind wir der Frage\u00a0nachgegangen, was charakteristisch f\u00fcr die Stadt und die Ortsteile ist. Wir haben h\u00fcbsche kleine D\u00f6rfer gefunden, stolze Neubaugebiete, die zeigen, dass Menschen gern nach Seelze ziehen\u00a0und alte Geh\u00f6fte, in denen Familien leben, die schon seit vielen\u00a0Generationen hier heimisch sind. Wer Seelze als typische\u00a0\u201eSchlafstadt\u201c bezeichnet, in der Menschen leben, die in Hannover arbeiten und dort ihren Lebensmittelpunkt haben, t\u00e4uscht\u00a0sich allerdings.<\/p>\n<p style=\"text-align: left;\">Wir finden hier auch ein reges Vereinsleben und\u00a0viel Engagement f\u00fcr den jeweiligen Heimatort, wir finden Kultur,\u00a0Sport und viel Raum f\u00fcr Naherholung im Lohnder Holz, in der\u00a0Leinemasch und am Wasser, das Seelze auf besondere Art pr\u00e4gt.\u00a0Seelze hat schlie\u00dflich nicht nur \u201eden\u201c Kanal, hier entspringt\u00a0auch der Zweigkanal nach Linden. Typisch Seelze ist nicht nur die\u00a0Leine, sondern gleich ein ganzes malerisch m\u00e4anderndes Leintal\u00a0und dazu noch ein Wasserstra\u00dfenkreuz, wo die Leine unter dem\u00a0Kanal hindurchgef\u00fchrt wird. Einer der f\u00fcnf gr\u00f6\u00dften \u201eZugbildungsbahnh\u00f6fe\u201c Deutschlands f\u00fcr den G\u00fcterverkehr liegt in\u00a0Seelze.<\/p>\n<p style=\"text-align: left;\">Die Stadt hat mit dem Obentrautmarkt aber auch eine Gro\u00dfveranstaltung, die in jedem\u00a0Jahr den H\u00f6hepunkt des st\u00e4dtischen Terminkalenders darstellt.<br \/>\nZudem ist die Stadt mit ihren l\u00e4ndlichen Gebieten ein echtes\u00a0Geocacher-Paradies. Wir sehen: Seelze bietet viel! In der ersten\u00a0Ausgabe von \u201eTypisch Seelze\u201c haben wir uns besonders in den\u00a0Ortsteilen nach sch\u00f6nen Ecken f\u00fcr Sie umgeschaut und m\u00f6chten\u00a0Ihnen kleine Highlights in Bild und Text vorstellen. Viel Spa\u00df mit\u00a0unserem neuen Magazin!<\/p>\n<div class=\"fusion-one-third one_third fusion-layout-column fusion-spacing-yes\" style=\"margin-top:0px;margin-bottom:20px;\"><div class=\"fusion-column-wrapper\"><span class=\"fusion-imageframe imageframe-none imageframe-1 hover-type-zoomin\"><a class=\"fusion-no-lightbox\" href=\"https:\/\/typisch-region-hannover.de\/wp-content\/uploads\/2016\/09\/TypischSeelze_Seite01.jpg\" target=\"_blank\"> <img src=\"https:\/\/typisch-region-hannover.de\/wp-content\/uploads\/2016\/09\/TypischSeelze_Seite01-731x1024.jpg\" alt=\"Typisch Seelze Titelseite\" class=\"img-responsive\"\/><\/a><\/span><div class=\"fusion-clearfix\"><\/div><\/div><\/div><div class=\"fusion-one-third one_third fusion-layout-column fusion-spacing-yes\" style=\"margin-top:0px;margin-bottom:20px;\"><div class=\"fusion-column-wrapper\"><span class=\"fusion-imageframe imageframe-none imageframe-2 hover-type-zoomin\"><a class=\"fusion-no-lightbox\" href=\"https:\/\/typisch-region-hannover.de\/wp-content\/uploads\/2016\/09\/TypischSeelze_Seite02.jpg\" target=\"_blank\"> <img src=\"https:\/\/typisch-region-hannover.de\/wp-content\/uploads\/2016\/09\/TypischSeelze_Seite02-731x1024.jpg\" alt=\"\" class=\"img-responsive\"\/><\/a><\/span><div class=\"fusion-clearfix\"><\/div><\/div><\/div><div class=\"fusion-one-third one_third fusion-layout-column fusion-column-last fusion-spacing-yes\" style=\"margin-top:0px;margin-bottom:20px;\"><div class=\"fusion-column-wrapper\"><span class=\"fusion-imageframe imageframe-none imageframe-3 hover-type-zoomin\"><a class=\"fusion-no-lightbox\" href=\"https:\/\/typisch-region-hannover.de\/wp-content\/uploads\/2016\/09\/TypischSeelze_Seite03.jpg\" target=\"_blank\"> <img src=\"https:\/\/typisch-region-hannover.de\/wp-content\/uploads\/2016\/09\/TypischSeelze_Seite03-731x1024.jpg\" alt=\"\" class=\"img-responsive\"\/><\/a><\/span><div class=\"fusion-clearfix\"><\/div><\/div><\/div><div class=\"fusion-clearfix\"><\/div><div class=\"fusion-one-third one_third fusion-layout-column fusion-spacing-yes\" style=\"margin-top:0px;margin-bottom:20px;\"><div class=\"fusion-column-wrapper\"><span class=\"fusion-imageframe imageframe-none imageframe-4 hover-type-zoomin\"><a class=\"fusion-no-lightbox\" href=\"https:\/\/typisch-region-hannover.de\/wp-content\/uploads\/2016\/09\/TypischSeelze_Seite04.jpg\" target=\"_blank\"> <img src=\"https:\/\/typisch-region-hannover.de\/wp-content\/uploads\/2016\/09\/TypischSeelze_Seite04-731x1024.jpg\" alt=\"\" class=\"img-responsive\"\/><\/a><\/span><div class=\"fusion-clearfix\"><\/div><\/div><\/div><div class=\"fusion-one-third one_third fusion-layout-column fusion-spacing-yes\" style=\"margin-top:0px;margin-bottom:20px;\"><div class=\"fusion-column-wrapper\"><span class=\"fusion-imageframe imageframe-none imageframe-5 hover-type-zoomin\"><a class=\"fusion-no-lightbox\" href=\"https:\/\/typisch-region-hannover.de\/wp-content\/uploads\/2016\/09\/TypischSeelze_Seite05.jpg\" target=\"_blank\"> <img src=\"https:\/\/typisch-region-hannover.de\/wp-content\/uploads\/2016\/09\/TypischSeelze_Seite05-731x1024.jpg\" alt=\"\" class=\"img-responsive\"\/><\/a><\/span><div class=\"fusion-clearfix\"><\/div><\/div><\/div><div class=\"fusion-one-third one_third fusion-layout-column fusion-column-last fusion-spacing-yes\" style=\"margin-top:0px;margin-bottom:20px;\"><div class=\"fusion-column-wrapper\"><span class=\"fusion-imageframe imageframe-none imageframe-6 hover-type-zoomin\"><a class=\"fusion-no-lightbox\" href=\"https:\/\/typisch-region-hannover.de\/wp-content\/uploads\/2016\/09\/TypischSeelze_Seite06.jpg\" target=\"_blank\"> <img src=\"https:\/\/typisch-region-hannover.de\/wp-content\/uploads\/2016\/09\/TypischSeelze_Seite06-731x1024.jpg\" alt=\"Kul-Turm Velber Seelze\" class=\"img-responsive\"\/><\/a><\/span><div class=\"fusion-clearfix\"><\/div><\/div><\/div><div class=\"fusion-clearfix\"><\/div><div class=\"fusion-one-third one_third fusion-layout-column fusion-spacing-yes\" style=\"margin-top:0px;margin-bottom:20px;\"><div class=\"fusion-column-wrapper\"><span class=\"fusion-imageframe imageframe-none imageframe-7 hover-type-zoomin\"><a class=\"fusion-no-lightbox\" href=\"https:\/\/typisch-region-hannover.de\/wp-content\/uploads\/2016\/09\/TypischSeelze_Seite07.jpg\" target=\"_blank\"> <img src=\"https:\/\/typisch-region-hannover.de\/wp-content\/uploads\/2016\/09\/TypischSeelze_Seite07-731x1024.jpg\" alt=\"\" class=\"img-responsive\"\/><\/a><\/span><div class=\"fusion-clearfix\"><\/div><\/div><\/div><div class=\"fusion-one-third one_third fusion-layout-column fusion-spacing-yes\" style=\"margin-top:0px;margin-bottom:20px;\"><div class=\"fusion-column-wrapper\"><span class=\"fusion-imageframe imageframe-none imageframe-8 hover-type-zoomin\"><a class=\"fusion-no-lightbox\" href=\"https:\/\/typisch-region-hannover.de\/wp-content\/uploads\/2016\/09\/TypischSeelze_Seite08-09.jpg\" target=\"_blank\"> <img src=\"https:\/\/typisch-region-hannover.de\/wp-content\/uploads\/2016\/09\/TypischSeelze_Seite08-09-1024x728.jpg\" alt=\"\" class=\"img-responsive\"\/><\/a><\/span><div class=\"fusion-clearfix\"><\/div><\/div><\/div><div class=\"fusion-one-third one_third fusion-layout-column fusion-column-last fusion-spacing-yes\" style=\"margin-top:0px;margin-bottom:20px;\"><div class=\"fusion-column-wrapper\"><span class=\"fusion-imageframe imageframe-none imageframe-9 hover-type-zoomin\"><a class=\"fusion-no-lightbox\" href=\"https:\/\/typisch-region-hannover.de\/wp-content\/uploads\/2016\/09\/TypischSeelze_Seite10.jpg\" target=\"_blank\"> <img src=\"https:\/\/typisch-region-hannover.de\/wp-content\/uploads\/2016\/09\/TypischSeelze_Seite10-731x1024.jpg\" alt=\"\" class=\"img-responsive\"\/><\/a><\/span><div class=\"fusion-clearfix\"><\/div><\/div><\/div><div class=\"fusion-clearfix\"><\/div><div class=\"fusion-one-third one_third fusion-layout-column fusion-spacing-yes\" style=\"margin-top:0px;margin-bottom:20px;\"><div class=\"fusion-column-wrapper\"><span class=\"fusion-imageframe imageframe-none imageframe-10 hover-type-zoomin\"><a class=\"fusion-no-lightbox\" href=\"https:\/\/typisch-region-hannover.de\/wp-content\/uploads\/2016\/09\/TypischSeelze_Seite11.jpg\" target=\"_blank\"> <img src=\"https:\/\/typisch-region-hannover.de\/wp-content\/uploads\/2016\/09\/TypischSeelze_Seite11-731x1024.jpg\" alt=\"\" class=\"img-responsive\"\/><\/a><\/span><div class=\"fusion-clearfix\"><\/div><\/div><\/div><div class=\"fusion-one-third one_third fusion-layout-column fusion-spacing-yes\" style=\"margin-top:0px;margin-bottom:20px;\"><div class=\"fusion-column-wrapper\"><span class=\"fusion-imageframe imageframe-none imageframe-11 hover-type-zoomin\"><a class=\"fusion-no-lightbox\" href=\"https:\/\/typisch-region-hannover.de\/wp-content\/uploads\/2016\/09\/TypischSeelze_Seite12.jpg\" target=\"_blank\"> <img src=\"https:\/\/typisch-region-hannover.de\/wp-content\/uploads\/2016\/09\/TypischSeelze_Seite12-731x1024.jpg\" alt=\"\" class=\"img-responsive\"\/><\/a><\/span><div class=\"fusion-clearfix\"><\/div><\/div><\/div><div class=\"fusion-one-third one_third fusion-layout-column fusion-column-last fusion-spacing-yes\" style=\"margin-top:0px;margin-bottom:20px;\"><div class=\"fusion-column-wrapper\"><span class=\"fusion-imageframe imageframe-none imageframe-12 hover-type-zoomin\"><a class=\"fusion-no-lightbox\" href=\"https:\/\/typisch-region-hannover.de\/wp-content\/uploads\/2016\/09\/TypischSeelze_Seite13.jpg\" target=\"_blank\"> <img src=\"https:\/\/typisch-region-hannover.de\/wp-content\/uploads\/2016\/09\/TypischSeelze_Seite13-731x1024.jpg\" alt=\"\" class=\"img-responsive\"\/><\/a><\/span><div class=\"fusion-clearfix\"><\/div><\/div><\/div><div class=\"fusion-clearfix\"><\/div><div class=\"fusion-one-third one_third fusion-layout-column fusion-spacing-yes\" style=\"margin-top:0px;margin-bottom:20px;\"><div class=\"fusion-column-wrapper\"><span class=\"fusion-imageframe imageframe-none imageframe-13 hover-type-zoomin\"><a class=\"fusion-no-lightbox\" href=\"https:\/\/typisch-region-hannover.de\/wp-content\/uploads\/2016\/09\/TypischSeelze_Seite14.jpg\" target=\"_blank\"> <img src=\"https:\/\/typisch-region-hannover.de\/wp-content\/uploads\/2016\/09\/TypischSeelze_Seite14-731x1024.jpg\" alt=\"\" class=\"img-responsive\"\/><\/a><\/span><div class=\"fusion-clearfix\"><\/div><\/div><\/div><div class=\"fusion-one-third one_third fusion-layout-column fusion-spacing-yes\" style=\"margin-top:0px;margin-bottom:20px;\"><div class=\"fusion-column-wrapper\"><span class=\"fusion-imageframe imageframe-none imageframe-14 hover-type-zoomin\"><a class=\"fusion-no-lightbox\" href=\"https:\/\/typisch-region-hannover.de\/wp-content\/uploads\/2016\/09\/TypischSeelze_Seite15.jpg\" target=\"_blank\"> <img src=\"https:\/\/typisch-region-hannover.de\/wp-content\/uploads\/2016\/09\/TypischSeelze_Seite15-731x1024.jpg\" alt=\"\" class=\"img-responsive\"\/><\/a><\/span><div class=\"fusion-clearfix\"><\/div><\/div><\/div><div class=\"fusion-one-third one_third fusion-layout-column fusion-column-last fusion-spacing-yes\" style=\"margin-top:0px;margin-bottom:20px;\"><div class=\"fusion-column-wrapper\"><span class=\"fusion-imageframe imageframe-none imageframe-15 hover-type-zoomin\"><a class=\"fusion-no-lightbox\" href=\"https:\/\/typisch-region-hannover.de\/wp-content\/uploads\/2016\/09\/TypischSeelze_Seite16.jpg\" target=\"_blank\"> <img src=\"https:\/\/typisch-region-hannover.de\/wp-content\/uploads\/2016\/09\/TypischSeelze_Seite16-731x1024.jpg\" alt=\"\" class=\"img-responsive\"\/><\/a><\/span><div class=\"fusion-clearfix\"><\/div><\/div><\/div><div class=\"fusion-clearfix\"><\/div>\n","protected":false},"excerpt":{"rendered":"","protected":false},"author":2,"featured_media":0,"parent":13657,"menu_order":0,"comment_status":"closed","ping_status":"closed","template":"","meta":[],"yoast_head":"<!-- This site is optimized with the Yoast SEO plugin v19.10 - https:\/\/yoast.com\/wordpress\/plugins\/seo\/ -->\n<title>Typisch Seelze - Magazin vom 20. September 2016<\/title>\n<meta name=\"description\" content=\"Das erste Magazin der Typisch Seelze f\u00fcr die Stadt und die Ortsteile - mit Ank\u00fcndigung des Obentraut-Marktes, sch\u00f6nen Bildern und Geschichten.\" \/>\n<meta name=\"robots\" content=\"index, follow, max-snippet:-1, max-image-preview:large, max-video-preview:-1\" \/>\n<link rel=\"canonical\" href=\"https:\/\/typisch-region-hannover.de\/index.php\/typisch-seelze\/typisch-seelze-nr-1-vom-20-9-2016\/\" \/>\n<meta property=\"og:locale\" content=\"de_DE\" \/>\n<meta property=\"og:type\" content=\"article\" \/>\n<meta property=\"og:title\" content=\"Typisch Seelze - Magazin vom 20. September 2016\" \/>\n<meta property=\"og:description\" content=\"Das erste Magazin der Typisch Seelze f\u00fcr die Stadt und die Ortsteile - mit Ank\u00fcndigung des Obentraut-Marktes, sch\u00f6nen Bildern und Geschichten.\" \/>\n<meta property=\"og:url\" content=\"https:\/\/typisch-region-hannover.de\/index.php\/typisch-seelze\/typisch-seelze-nr-1-vom-20-9-2016\/\" \/>\n<meta property=\"og:site_name\" content=\"Typisch Region Hannover\" \/>\n<meta property=\"article:publisher\" content=\"https:\/\/www.facebook.com\/typischregionhannover\/\" \/>\n<meta property=\"article:modified_time\" content=\"2016-09-20T00:49:33+00:00\" \/>\n<meta property=\"og:image\" content=\"https:\/\/typisch-region-hannover.de\/wp-content\/uploads\/2016\/09\/TypischSeelze_Seite01-731x1024.jpg\" \/>\n<meta name=\"twitter:card\" content=\"summary_large_image\" \/>\n<meta name=\"twitter:label1\" content=\"Gesch\u00e4tzte Lesezeit\" \/>\n\t<meta name=\"twitter:data1\" content=\"8\u00a0Minuten\" \/>\n<script type=\"application\/ld+json\" class=\"yoast-schema-graph\">{\"@context\":\"https:\/\/schema.org\",\"@graph\":[{\"@type\":\"WebPage\",\"@id\":\"https:\/\/typisch-region-hannover.de\/index.php\/typisch-seelze\/typisch-seelze-nr-1-vom-20-9-2016\/\",\"url\":\"https:\/\/typisch-region-hannover.de\/index.php\/typisch-seelze\/typisch-seelze-nr-1-vom-20-9-2016\/\",\"name\":\"Typisch Seelze - Magazin vom 20. September 2016\",\"isPartOf\":{\"@id\":\"https:\/\/typisch-region-hannover.de\/#website\"},\"datePublished\":\"2016-09-19T19:31:30+00:00\",\"dateModified\":\"2016-09-20T00:49:33+00:00\",\"description\":\"Das erste Magazin der Typisch Seelze f\u00fcr die Stadt und die Ortsteile - mit Ank\u00fcndigung des Obentraut-Marktes, sch\u00f6nen Bildern und Geschichten.\",\"breadcrumb\":{\"@id\":\"https:\/\/typisch-region-hannover.de\/index.php\/typisch-seelze\/typisch-seelze-nr-1-vom-20-9-2016\/#breadcrumb\"},\"inLanguage\":\"de\",\"potentialAction\":[{\"@type\":\"ReadAction\",\"target\":[\"https:\/\/typisch-region-hannover.de\/index.php\/typisch-seelze\/typisch-seelze-nr-1-vom-20-9-2016\/\"]}]},{\"@type\":\"BreadcrumbList\",\"@id\":\"https:\/\/typisch-region-hannover.de\/index.php\/typisch-seelze\/typisch-seelze-nr-1-vom-20-9-2016\/#breadcrumb\",\"itemListElement\":[{\"@type\":\"ListItem\",\"position\":1,\"name\":\"Home\",\"item\":\"https:\/\/typisch-region-hannover.de\/\"},{\"@type\":\"ListItem\",\"position\":2,\"name\":\"Seelze\",\"item\":\"https:\/\/typisch-region-hannover.de\/index.php\/typisch-seelze\/\"},{\"@type\":\"ListItem\",\"position\":3,\"name\":\"Typisch Seelze: Nr. 1 vom 20. 9. 2016\"}]},{\"@type\":\"WebSite\",\"@id\":\"https:\/\/typisch-region-hannover.de\/#website\",\"url\":\"https:\/\/typisch-region-hannover.de\/\",\"name\":\"Typisch Region Hannover\",\"description\":\"Wissenswertes aus unserer Region\",\"potentialAction\":[{\"@type\":\"SearchAction\",\"target\":{\"@type\":\"EntryPoint\",\"urlTemplate\":\"https:\/\/typisch-region-hannover.de\/?s={search_term_string}\"},\"query-input\":\"required name=search_term_string\"}],\"inLanguage\":\"de\"}]}<\/script>\n<!-- \/ Yoast SEO plugin. -->","yoast_head_json":{"title":"Typisch Seelze - Magazin vom 20. September 2016","description":"Das erste Magazin der Typisch Seelze f\u00fcr die Stadt und die Ortsteile - mit Ank\u00fcndigung des Obentraut-Marktes, sch\u00f6nen Bildern und Geschichten.","robots":{"index":"index","follow":"follow","max-snippet":"max-snippet:-1","max-image-preview":"max-image-preview:large","max-video-preview":"max-video-preview:-1"},"canonical":"https:\/\/typisch-region-hannover.de\/index.php\/typisch-seelze\/typisch-seelze-nr-1-vom-20-9-2016\/","og_locale":"de_DE","og_type":"article","og_title":"Typisch Seelze - Magazin vom 20. September 2016","og_description":"Das erste Magazin der Typisch Seelze f\u00fcr die Stadt und die Ortsteile - mit Ank\u00fcndigung des Obentraut-Marktes, sch\u00f6nen Bildern und Geschichten.","og_url":"https:\/\/typisch-region-hannover.de\/index.php\/typisch-seelze\/typisch-seelze-nr-1-vom-20-9-2016\/","og_site_name":"Typisch Region Hannover","article_publisher":"https:\/\/www.facebook.com\/typischregionhannover\/","article_modified_time":"2016-09-20T00:49:33+00:00","og_image":[{"url":"https:\/\/typisch-region-hannover.de\/wp-content\/uploads\/2016\/09\/TypischSeelze_Seite01-731x1024.jpg"}],"twitter_card":"summary_large_image","twitter_misc":{"Gesch\u00e4tzte Lesezeit":"8\u00a0Minuten"},"schema":{"@context":"https:\/\/schema.org","@graph":[{"@type":"WebPage","@id":"https:\/\/typisch-region-hannover.de\/index.php\/typisch-seelze\/typisch-seelze-nr-1-vom-20-9-2016\/","url":"https:\/\/typisch-region-hannover.de\/index.php\/typisch-seelze\/typisch-seelze-nr-1-vom-20-9-2016\/","name":"Typisch Seelze - Magazin vom 20. September 2016","isPartOf":{"@id":"https:\/\/typisch-region-hannover.de\/#website"},"datePublished":"2016-09-19T19:31:30+00:00","dateModified":"2016-09-20T00:49:33+00:00","description":"Das erste Magazin der Typisch Seelze f\u00fcr die Stadt und die Ortsteile - mit Ank\u00fcndigung des Obentraut-Marktes, sch\u00f6nen Bildern und Geschichten.","breadcrumb":{"@id":"https:\/\/typisch-region-hannover.de\/index.php\/typisch-seelze\/typisch-seelze-nr-1-vom-20-9-2016\/#breadcrumb"},"inLanguage":"de","potentialAction":[{"@type":"ReadAction","target":["https:\/\/typisch-region-hannover.de\/index.php\/typisch-seelze\/typisch-seelze-nr-1-vom-20-9-2016\/"]}]},{"@type":"BreadcrumbList","@id":"https:\/\/typisch-region-hannover.de\/index.php\/typisch-seelze\/typisch-seelze-nr-1-vom-20-9-2016\/#breadcrumb","itemListElement":[{"@type":"ListItem","position":1,"name":"Home","item":"https:\/\/typisch-region-hannover.de\/"},{"@type":"ListItem","position":2,"name":"Seelze","item":"https:\/\/typisch-region-hannover.de\/index.php\/typisch-seelze\/"},{"@type":"ListItem","position":3,"name":"Typisch Seelze: Nr. 1 vom 20. 9. 2016"}]},{"@type":"WebSite","@id":"https:\/\/typisch-region-hannover.de\/#website","url":"https:\/\/typisch-region-hannover.de\/","name":"Typisch Region Hannover","description":"Wissenswertes aus unserer Region","potentialAction":[{"@type":"SearchAction","target":{"@type":"EntryPoint","urlTemplate":"https:\/\/typisch-region-hannover.de\/?s={search_term_string}"},"query-input":"required name=search_term_string"}],"inLanguage":"de"}]}},"_links":{"self":[{"href":"https:\/\/typisch-region-hannover.de\/index.php\/wp-json\/wp\/v2\/pages\/13653"}],"collection":[{"href":"https:\/\/typisch-region-hannover.de\/index.php\/wp-json\/wp\/v2\/pages"}],"about":[{"href":"https:\/\/typisch-region-hannover.de\/index.php\/wp-json\/wp\/v2\/types\/page"}],"author":[{"embeddable":true,"href":"https:\/\/typisch-region-hannover.de\/index.php\/wp-json\/wp\/v2\/users\/2"}],"replies":[{"embeddable":true,"href":"https:\/\/typisch-region-hannover.de\/index.php\/wp-json\/wp\/v2\/comments?post=13653"}],"version-history":[{"count":0,"href":"https:\/\/typisch-region-hannover.de\/index.php\/wp-json\/wp\/v2\/pages\/13653\/revisions"}],"up":[{"embeddable":true,"href":"https:\/\/typisch-region-hannover.de\/index.php\/wp-json\/wp\/v2\/pages\/13657"}],"wp:attachment":[{"href":"https:\/\/typisch-region-hannover.de\/index.php\/wp-json\/wp\/v2\/media?parent=13653"}],"curies":[{"name":"wp","href":"https:\/\/api.w.org\/{rel}","templated":true}]}}