{"id":12833,"date":"2016-04-27T02:45:43","date_gmt":"2016-04-27T00:45:43","guid":{"rendered":"https:\/\/typisch-region-hannover.de\/?page_id=12833"},"modified":"2019-04-05T12:21:28","modified_gmt":"2019-04-05T10:21:28","slug":"typisch-kleefeld","status":"publish","type":"page","link":"https:\/\/typisch-region-hannover.de\/index.php\/typisch-kleefeld\/","title":{"rendered":"Kleefeld"},"content":{"rendered":"<div class=\"fusion-fullwidth fullwidth-box fusion-fullwidth-1  fusion-parallax-none nonhundred-percent-fullwidth\" style=\"border-color:#eae9e9;border-bottom-width: 0px;border-top-width: 0px;border-bottom-style: solid;border-top-style: solid;padding-bottom:0px;padding-top:0px;padding-left:0px;padding-right:0px;background-color:#ffffff;\"><style type=\"text\/css\" scoped=\"scoped\">.fusion-fullwidth-1 {\n                            padding-left: 0px !important;\n                            padding-right: 0px !important;\n                        }<\/style><div class=\"fusion-row\"><div class=\"fusion-image-carousel fusion-image-carousel-fixed lightbox-enabled\"><div class=\"fusion-carousel\" data-autoplay=\"yes\" data-columns=\"6\" data-itemmargin=\"8\" data-itemwidth=\"180\" data-touchscroll=\"no\" data-imagesize=\"fixed\"><div class=\"fusion-carousel-positioner\"><ul class=\"fusion-carousel-holder\"><li class=\"fusion-carousel-item\"><div class=\"fusion-carousel-item-wrapper\"><div class=\"fusion-image-wrapper hover-type-zoomin\"><a data-rel=\"iLightbox[gallery_image_1]\" data-title=\"KleefeldGalerie7\" href=\"https:\/\/typisch-region-hannover.de\/wp-content\/uploads\/2016\/04\/KleefeldGalerie10.jpg\" target=\"_self\"><img src=\"https:\/\/typisch-region-hannover.de\/wp-content\/uploads\/2016\/04\/KleefeldGalerie7.jpg\" alt=\"Auf dem Weg zu Heiligers Brunnen\" \/><\/a><\/div><\/div><\/li><li class=\"fusion-carousel-item\"><div class=\"fusion-carousel-item-wrapper\"><div class=\"fusion-image-wrapper hover-type-zoomin\"><a data-rel=\"iLightbox[gallery_image_1]\" data-title=\"KleefeldGalerie2\" href=\"https:\/\/typisch-region-hannover.de\/wp-content\/uploads\/2016\/04\/KleefeldGalerie2.jpg\" target=\"_self\"><img src=\"https:\/\/typisch-region-hannover.de\/wp-content\/uploads\/2016\/04\/KleefeldGalerie2.jpg\" alt=\"Am Annateich\" \/><\/a><\/div><\/div><\/li><li class=\"fusion-carousel-item\"><div class=\"fusion-carousel-item-wrapper\"><div class=\"fusion-image-wrapper hover-type-zoomin\"><a data-rel=\"iLightbox[gallery_image_1]\" data-title=\"KleefeldGalerie4\" href=\"https:\/\/typisch-region-hannover.de\/wp-content\/uploads\/2016\/04\/KleefeldGalerie4.jpg\" target=\"_self\"><img src=\"https:\/\/typisch-region-hannover.de\/wp-content\/uploads\/2016\/04\/KleefeldGalerie4.jpg\" alt=\"Windm\u00fchle im Hermann-L\u00f6ns-Park\" \/><\/a><\/div><\/div><\/li><li class=\"fusion-carousel-item\"><div class=\"fusion-carousel-item-wrapper\"><div class=\"fusion-image-wrapper hover-type-zoomin\"><a data-rel=\"iLightbox[gallery_image_1]\" data-title=\"KleefeldGalerie3\" href=\"https:\/\/typisch-region-hannover.de\/wp-content\/uploads\/2016\/04\/KleefeldGalerie3.jpg\" target=\"_self\"><img src=\"https:\/\/typisch-region-hannover.de\/wp-content\/uploads\/2016\/04\/KleefeldGalerie3.jpg\" alt=\"Graug\u00e4nse am Annateich\" \/><\/a><\/div><\/div><\/li><li class=\"fusion-carousel-item\"><div class=\"fusion-carousel-item-wrapper\"><div class=\"fusion-image-wrapper hover-type-zoomin\"><a data-rel=\"iLightbox[gallery_image_1]\" data-title=\"KleefeldGalerie6\" href=\"https:\/\/typisch-region-hannover.de\/wp-content\/uploads\/2016\/04\/KleefeldGalerie6.jpg\" target=\"_self\"><img src=\"https:\/\/typisch-region-hannover.de\/wp-content\/uploads\/2016\/04\/KleefeldGalerie6.jpg\" alt=\"Das \u201eTeufelsbad\u201c in der Eilenriede\" \/><\/a><\/div><\/div><\/li><li class=\"fusion-carousel-item\"><div class=\"fusion-carousel-item-wrapper\"><div class=\"fusion-image-wrapper hover-type-zoomin\"><a data-rel=\"iLightbox[gallery_image_1]\" data-title=\"KleefeldGalerie7\" href=\"https:\/\/typisch-region-hannover.de\/wp-content\/uploads\/2016\/04\/KleefeldGalerie7.jpg\" target=\"_self\"><img src=\"https:\/\/typisch-region-hannover.de\/wp-content\/uploads\/2016\/04\/KleefeldGalerie7.jpg\" alt=\"Auf dem Weg zu Heiligers Brunnen\" \/><\/a><\/div><\/div><\/li><li class=\"fusion-carousel-item\"><div class=\"fusion-carousel-item-wrapper\"><div class=\"fusion-image-wrapper hover-type-zoomin\"><a data-rel=\"iLightbox[gallery_image_1]\" data-title=\"KleefeldGalerie1\" href=\"https:\/\/typisch-region-hannover.de\/wp-content\/uploads\/2016\/04\/KleefeldGalerie1.jpg\" target=\"_self\"><img src=\"https:\/\/typisch-region-hannover.de\/wp-content\/uploads\/2016\/04\/KleefeldGalerie1.jpg\" alt=\"Viel los im Hermann-L\u00f6ns-Park\" \/><\/a><\/div><\/div><\/li><li class=\"fusion-carousel-item\"><div class=\"fusion-carousel-item-wrapper\"><div class=\"fusion-image-wrapper hover-type-zoomin\"><a data-rel=\"iLightbox[gallery_image_1]\" data-caption=\"G\u00e4nse am Annateich, Kleefeld\" data-title=\"KleefeldGalerie9\" href=\"https:\/\/typisch-region-hannover.de\/wp-content\/uploads\/2016\/04\/KleefeldGalerie9.jpg\" target=\"_self\"><img src=\"https:\/\/typisch-region-hannover.de\/wp-content\/uploads\/2016\/04\/KleefeldGalerie9.jpg\" alt=\"Graug\u00e4nse am Annateich\" \/><\/a><\/div><\/div><\/li><\/ul><div class=\"fusion-carousel-nav\"><span class=\"fusion-nav-prev\"><\/span><span class=\"fusion-nav-next\"><\/span><\/div><\/div><\/div><\/div><\/div><\/div><div class=\"fusion-one-third one_third fusion-layout-column fusion-spacing-yes\" style=\"margin-top:0px;margin-bottom:20px;\"><div class=\"fusion-column-wrapper\"><span class=\"fusion-imageframe imageframe-none imageframe-1 hover-type-zoomin\"><a class=\"fusion-no-lightbox\" href=\"https:\/\/typisch-region-hannover.de\/index.php\/typisch-kleefeld\/typisch-kleefeld-nr-2-vom-07-09-2016\/\" target=\"_blank\"> <img alt=\"\" src=\"https:\/\/typisch-region-hannover.de\/wp-content\/uploads\/2016\/09\/Kleefeld02_Seite01.jpg\" class=\"img-responsive\"\/><\/a><\/span><div class=\"fusion-sep-clear\"><\/div><div class=\"fusion-separator fusion-full-width-sep sep-none\" style=\"border-color:#e0dede;margin-left: auto;margin-right: auto;margin-top:15px;margin-bottom:15px;\"><\/div><span class=\"fusion-imageframe imageframe-none imageframe-2 hover-type-none\"><a class=\"fusion-no-lightbox\" href=\"https:\/\/typisch-region-hannover.de\/index.php\/typisch-kleefeld\/typisch-kleefeld-nr-1-vom-27-4-2016\/\" target=\"_self\"> <img alt=\"Titelseite Typisch Kleefeld\" src=\"https:\/\/typisch-region-hannover.de\/wp-content\/uploads\/2016\/04\/TypischKleefeld01Seite01k.jpg\" class=\"img-responsive\"\/><\/a><\/span><div class=\"fusion-sep-clear\"><\/div><div class=\"fusion-separator fusion-full-width-sep sep-none\" style=\"border-color:#e0dede;margin-left: auto;margin-right: auto;margin-top:15px;margin-bottom:15px;\"><\/div><div class=\"fusion-clearfix\"><\/div><\/div><\/div><div class=\"fusion-one-third one_third fusion-layout-column fusion-spacing-yes\" style=\"margin-top:0px;margin-bottom:20px;\"><div class=\"fusion-column-wrapper\"><span class=\"fusion-imageframe imageframe-none imageframe-3 hover-type-none\"> <img alt=\"\" src=\"https:\/\/typisch-region-hannover.de\/wp-content\/uploads\/2016\/09\/kleefeld02th.jpg\" class=\"img-responsive\"\/><\/span><div class=\"fusion-sep-clear\"><\/div><div class=\"fusion-separator fusion-full-width-sep sep-none\" style=\"border-color:#e0dede;margin-left: auto;margin-right: auto;margin-top:px;margin-bottom:10px;\"><\/div><div class=\"fusion-title title fusion-title-size-two\" style=\"margin-bottom:10;\"><h2 class=\"title-heading-left\">MAGAZIN No. 2\/2016<\/h2><div class=\"title-sep-container\"><div class=\"title-sep sep-double\"><\/div><\/div><\/div><p>Eine Kleefelder Gesch\u00e4ftsstra\u00dfe, die\u00a0mehr als ein Jahr lang Nadel\u00f6hr war, die Scheidestra\u00dfe, ist umgebaut worden und wird mit einem gro\u00dfen Fest\u00a0er\u00f6ffnet. Der B\u00fcrgerverein Kleefeld und der Verein \u201eWir\u00a0sind Kleefeld\u201c haben eine tolle Party organisiert, die am\u00a010. September \u00fcber die B\u00fchne geht.<br \/>\nAu\u00dferdem besuchten wir die Idians am Pferdeturm, forschten nach einem Rittergut, sichteten Geb\u00e4ude des Backstein-Expressionismus und sprachen mit Kleing\u00e4rtnern. <a href=\"https:\/\/typisch-region-hannover.de\/index.php\/typisch-kleefeld\/typisch-kleefeld-nr-2-vom-07-09-2016\/\">Das komplette Magazin gibt es hier.<\/a><\/p>\n<div class=\"fusion-sep-clear\"><\/div><div class=\"fusion-separator fusion-full-width-sep sep-none\" style=\"border-color:#e0dede;margin-left: auto;margin-right: auto;margin-top:15px;margin-bottom:15px;\"><\/div><div class=\"fusion-sep-clear\"><\/div><div class=\"fusion-separator fusion-full-width-sep sep-single\" style=\"border-color:#5a8727;border-top-width:1px;margin-left: auto;margin-right: auto;margin-top:10px;margin-bottom:10px;\"><\/div><div class=\"fusion-sep-clear\"><\/div><div class=\"fusion-separator fusion-full-width-sep sep-none\" style=\"border-color:#e0dede;margin-left: auto;margin-right: auto;margin-top:px;margin-bottom:10px;\"><\/div><span class=\"fusion-imageframe imageframe-none imageframe-4 hover-type-none\"> <img alt=\"\" src=\"https:\/\/typisch-region-hannover.de\/wp-content\/uploads\/2016\/04\/KleefeldPhiloviertel.jpg\" class=\"img-responsive\"\/><\/span><div class=\"fusion-sep-clear\"><\/div><div class=\"fusion-separator fusion-full-width-sep sep-none\" style=\"border-color:#e0dede;margin-left: auto;margin-right: auto;margin-top:px;margin-bottom:10px;\"><\/div><div class=\"fusion-title title fusion-title-size-two\" style=\"margin-bottom:10;\"><h2 class=\"title-heading-left\">MAGAZIN No. 1\/2016<\/h2><div class=\"title-sep-container\"><div class=\"title-sep sep-double\"><\/div><\/div><\/div><p>Kleefeld &#8211; der wunderbare Stadtteil an der Eilenriede ist in Hannover etwas besonderes. Mit dem Hermann-L\u00f6ns-Park, dem Philosophenviertel, dem Pferdeturm, Annastift und Stephanstift, Windm\u00fchle und Gartenstadt verf\u00fcgt der Stadtteil \u00fcber Alleinstellungsmerkmale. Und nat\u00fcrlich ist es auch Indianerland&#8230; <a href=\"https:\/\/typisch-region-hannover.de\/index.php\/typisch-kleefeld\/typisch-kleefeld-nr-1-vom-27-4-2016\/\">Das komplette Magazin gibt es hier.<\/a><\/p>\n<div class=\"fusion-clearfix\"><\/div><\/div><\/div><div class=\"fusion-one-third one_third fusion-layout-column fusion-column-last fusion-spacing-yes\" style=\"margin-top:0px;margin-bottom:20px;\"><div class=\"fusion-column-wrapper\" style=\"background-color:#9ad66f;padding:15px;\"><div class=\"fusion-title title fusion-title-size-three\"><h3 class=\"title-heading-left\">RUNDUM INFORMIERT \u00fcber Kleefeld<\/h3><div class=\"title-sep-container\"><div class=\"title-sep sep-double\"><\/div><\/div><\/div><span class=\"fusion-imageframe imageframe-none imageframe-5 hover-type-none fusion-animated\" data-animationType=\"flash\" data-animationDuration=\"0.1\"><a class=\"fusion-no-lightbox\" href=\"http:\/\/www.haz.de\/Hannover\/Aus-den-Stadtteilen\/Kleefeld\" target=\"_blank\"> <img alt=\"\" src=\"https:\/\/typisch-region-hannover.de\/wp-content\/uploads\/2016\/01\/HAZNPklein.jpg\" class=\"img-responsive\"\/><\/a><\/span><div class=\"fusion-sep-clear\"><\/div><div class=\"fusion-separator fusion-full-width-sep sep-none\" style=\"border-color:#e0dede;margin-left: auto;margin-right: auto;margin-top:10px;margin-bottom:10px;\"><\/div><p>Aktuelle Informationen aus ihrer Tageszeitung &#8211; die Meldungen von HAZ und NP Zeitung geben Auskunft \u00fcber alles, was im Stadtteil geschieht.<\/p>\n<div class=\"fusion-sep-clear\"><\/div><div class=\"fusion-separator fusion-full-width-sep sep-single\" style=\"border-color:#42661f;border-top-width:1px;margin-left: auto;margin-right: auto;margin-top:10px;margin-bottom:10px;\"><\/div><span class=\"fusion-imageframe imageframe-none imageframe-6 hover-type-none\"><a class=\"fusion-no-lightbox\" href=\"http:\/\/www.haz.de\/Hannover\/Aus-der-Stadt\/Fotostrecken-Stadtteile\/So-schoen-ist-Hannover-Kleefeld#p1\" target=\"_blank\"> <img alt=\"\" src=\"https:\/\/typisch-region-hannover.de\/wp-content\/uploads\/2016\/04\/KleefeldAnnateich.jpg\" class=\"img-responsive\"\/><\/a><\/span><div class=\"fusion-sep-clear\"><\/div><div class=\"fusion-separator fusion-full-width-sep sep-none\" style=\"border-color:#e0dede;margin-left: auto;margin-right: auto;margin-top:10px;margin-bottom:10px;\"><\/div><p>F\u00fcr einen fotografischen Bilderbogen einfach auf das Foto klicken!<\/p>\n<div class=\"fusion-sep-clear\"><\/div><div class=\"fusion-separator fusion-full-width-sep sep-single\" style=\"border-color:#42661f;border-top-width:1px;margin-left: auto;margin-right: auto;margin-top:10px;margin-bottom:15px;\"><\/div><span class=\"fusion-imageframe imageframe-none imageframe-7 hover-type-none\"><a class=\"fusion-no-lightbox\" href=\"http:\/\/www.wochenblaetter.de\/?s=Kleefeld\" target=\"_blank\"> <img alt=\"\" src=\"https:\/\/typisch-region-hannover.de\/wp-content\/uploads\/2016\/02\/HAWO-Logo.jpg\" class=\"img-responsive\"\/><\/a><\/span><div class=\"fusion-sep-clear\"><\/div><div class=\"fusion-separator fusion-full-width-sep sep-none\" style=\"border-color:#e0dede;margin-left: auto;margin-right: auto;margin-top:10px;margin-bottom:10px;\"><\/div><p>Das Hannoversche Wochenblatt ist die sympathische Wochenzeitung in Kleefeld und informiert die Bev\u00f6lkerung aktuell &#8211; nat\u00fcrlich auch online.<\/p>\n<div class=\"fusion-sep-clear\"><\/div><div class=\"fusion-separator fusion-full-width-sep sep-single\" style=\"border-color:#42661f;border-top-width:1px;margin-left: auto;margin-right: auto;margin-top:10px;margin-bottom:15px;\"><\/div><span class=\"fusion-imageframe imageframe-none imageframe-8 hover-type-none\"><a class=\"fusion-no-lightbox\" href=\"http:\/\/hannover.sportbuzzer.de\/suche?q=Burgwedel\" target=\"_blank\"> <img alt=\"\" src=\"https:\/\/typisch-region-hannover.de\/wp-content\/uploads\/2016\/01\/Sportbuzzer.png\" class=\"img-responsive\"\/><\/a><\/span><div class=\"fusion-sep-clear\"><\/div><div class=\"fusion-separator fusion-full-width-sep sep-none\" style=\"border-color:#e0dede;margin-left: auto;margin-right: auto;margin-top:10px;margin-bottom:10px;\"><\/div><p>Kleefeld von seiner sportlichen Seite: Auf dem Portal Sportbuzzer.de gibt es vor Allem Berichte aus dem Kleefelder Fu\u00dfball &#8211; f\u00fcr alle Sportfans, die immer wissen m\u00f6chten, wo ihr Heimatverein steht.<\/p>\n<div class=\"fusion-clearfix\"><\/div><\/div><\/div><div class=\"fusion-clearfix\"><\/div>\n","protected":false},"excerpt":{"rendered":"","protected":false},"author":3,"featured_media":0,"parent":0,"menu_order":0,"comment_status":"closed","ping_status":"closed","template":"","meta":[],"yoast_head":"<!-- This site is optimized with the Yoast SEO plugin v19.10 - https:\/\/yoast.com\/wordpress\/plugins\/seo\/ -->\n<title>Kleefeld - Typisch Region Hannover<\/title>\n<meta name=\"description\" content=\"Kleefeld, der besondere Stadtteil an der Eilenriede will von Ihnen entdeckt werden - am besten mit unserem Magazin \u201eTypisch Kleefeld&quot;\" \/>\n<meta name=\"robots\" content=\"index, follow, max-snippet:-1, max-image-preview:large, max-video-preview:-1\" \/>\n<link rel=\"canonical\" href=\"https:\/\/typisch-region-hannover.de\/index.php\/typisch-kleefeld\/\" \/>\n<meta property=\"og:locale\" content=\"de_DE\" \/>\n<meta property=\"og:type\" content=\"article\" \/>\n<meta property=\"og:title\" content=\"Kleefeld - Typisch Region Hannover\" \/>\n<meta property=\"og:description\" content=\"Kleefeld, der besondere Stadtteil an der Eilenriede will von Ihnen entdeckt werden - am besten mit unserem Magazin \u201eTypisch Kleefeld&quot;\" \/>\n<meta property=\"og:url\" content=\"https:\/\/typisch-region-hannover.de\/index.php\/typisch-kleefeld\/\" \/>\n<meta property=\"og:site_name\" content=\"Typisch Region Hannover\" \/>\n<meta property=\"article:publisher\" content=\"https:\/\/www.facebook.com\/typischregionhannover\/\" \/>\n<meta property=\"article:modified_time\" content=\"2019-04-05T10:21:28+00:00\" \/>\n<meta property=\"og:image\" content=\"https:\/\/typisch-region-hannover.de\/wp-content\/uploads\/2016\/09\/Kleefeld02_Seite01.jpg\" \/>\n<meta name=\"twitter:card\" content=\"summary_large_image\" \/>\n<meta name=\"twitter:label1\" content=\"Gesch\u00e4tzte Lesezeit\" \/>\n\t<meta name=\"twitter:data1\" content=\"7\u00a0Minuten\" \/>\n<script type=\"application\/ld+json\" class=\"yoast-schema-graph\">{\"@context\":\"https:\/\/schema.org\",\"@graph\":[{\"@type\":\"WebPage\",\"@id\":\"https:\/\/typisch-region-hannover.de\/index.php\/typisch-kleefeld\/\",\"url\":\"https:\/\/typisch-region-hannover.de\/index.php\/typisch-kleefeld\/\",\"name\":\"Kleefeld - Typisch Region Hannover\",\"isPartOf\":{\"@id\":\"https:\/\/typisch-region-hannover.de\/#website\"},\"datePublished\":\"2016-04-27T00:45:43+00:00\",\"dateModified\":\"2019-04-05T10:21:28+00:00\",\"description\":\"Kleefeld, der besondere Stadtteil an der Eilenriede will von Ihnen entdeckt werden - am besten mit unserem Magazin \u201eTypisch Kleefeld\\\"\",\"breadcrumb\":{\"@id\":\"https:\/\/typisch-region-hannover.de\/index.php\/typisch-kleefeld\/#breadcrumb\"},\"inLanguage\":\"de\",\"potentialAction\":[{\"@type\":\"ReadAction\",\"target\":[\"https:\/\/typisch-region-hannover.de\/index.php\/typisch-kleefeld\/\"]}]},{\"@type\":\"BreadcrumbList\",\"@id\":\"https:\/\/typisch-region-hannover.de\/index.php\/typisch-kleefeld\/#breadcrumb\",\"itemListElement\":[{\"@type\":\"ListItem\",\"position\":1,\"name\":\"Home\",\"item\":\"https:\/\/typisch-region-hannover.de\/\"},{\"@type\":\"ListItem\",\"position\":2,\"name\":\"Kleefeld\"}]},{\"@type\":\"WebSite\",\"@id\":\"https:\/\/typisch-region-hannover.de\/#website\",\"url\":\"https:\/\/typisch-region-hannover.de\/\",\"name\":\"Typisch Region Hannover\",\"description\":\"Wissenswertes aus unserer Region\",\"potentialAction\":[{\"@type\":\"SearchAction\",\"target\":{\"@type\":\"EntryPoint\",\"urlTemplate\":\"https:\/\/typisch-region-hannover.de\/?s={search_term_string}\"},\"query-input\":\"required name=search_term_string\"}],\"inLanguage\":\"de\"}]}<\/script>\n<!-- \/ Yoast SEO plugin. -->","yoast_head_json":{"title":"Kleefeld - Typisch Region Hannover","description":"Kleefeld, der besondere Stadtteil an der Eilenriede will von Ihnen entdeckt werden - am besten mit unserem Magazin \u201eTypisch Kleefeld\"","robots":{"index":"index","follow":"follow","max-snippet":"max-snippet:-1","max-image-preview":"max-image-preview:large","max-video-preview":"max-video-preview:-1"},"canonical":"https:\/\/typisch-region-hannover.de\/index.php\/typisch-kleefeld\/","og_locale":"de_DE","og_type":"article","og_title":"Kleefeld - Typisch Region Hannover","og_description":"Kleefeld, der besondere Stadtteil an der Eilenriede will von Ihnen entdeckt werden - am besten mit unserem Magazin \u201eTypisch Kleefeld\"","og_url":"https:\/\/typisch-region-hannover.de\/index.php\/typisch-kleefeld\/","og_site_name":"Typisch Region Hannover","article_publisher":"https:\/\/www.facebook.com\/typischregionhannover\/","article_modified_time":"2019-04-05T10:21:28+00:00","og_image":[{"url":"https:\/\/typisch-region-hannover.de\/wp-content\/uploads\/2016\/09\/Kleefeld02_Seite01.jpg"}],"twitter_card":"summary_large_image","twitter_misc":{"Gesch\u00e4tzte Lesezeit":"7\u00a0Minuten"},"schema":{"@context":"https:\/\/schema.org","@graph":[{"@type":"WebPage","@id":"https:\/\/typisch-region-hannover.de\/index.php\/typisch-kleefeld\/","url":"https:\/\/typisch-region-hannover.de\/index.php\/typisch-kleefeld\/","name":"Kleefeld - Typisch Region Hannover","isPartOf":{"@id":"https:\/\/typisch-region-hannover.de\/#website"},"datePublished":"2016-04-27T00:45:43+00:00","dateModified":"2019-04-05T10:21:28+00:00","description":"Kleefeld, der besondere Stadtteil an der Eilenriede will von Ihnen entdeckt werden - am besten mit unserem Magazin \u201eTypisch Kleefeld\"","breadcrumb":{"@id":"https:\/\/typisch-region-hannover.de\/index.php\/typisch-kleefeld\/#breadcrumb"},"inLanguage":"de","potentialAction":[{"@type":"ReadAction","target":["https:\/\/typisch-region-hannover.de\/index.php\/typisch-kleefeld\/"]}]},{"@type":"BreadcrumbList","@id":"https:\/\/typisch-region-hannover.de\/index.php\/typisch-kleefeld\/#breadcrumb","itemListElement":[{"@type":"ListItem","position":1,"name":"Home","item":"https:\/\/typisch-region-hannover.de\/"},{"@type":"ListItem","position":2,"name":"Kleefeld"}]},{"@type":"WebSite","@id":"https:\/\/typisch-region-hannover.de\/#website","url":"https:\/\/typisch-region-hannover.de\/","name":"Typisch Region Hannover","description":"Wissenswertes aus unserer Region","potentialAction":[{"@type":"SearchAction","target":{"@type":"EntryPoint","urlTemplate":"https:\/\/typisch-region-hannover.de\/?s={search_term_string}"},"query-input":"required name=search_term_string"}],"inLanguage":"de"}]}},"_links":{"self":[{"href":"https:\/\/typisch-region-hannover.de\/index.php\/wp-json\/wp\/v2\/pages\/12833"}],"collection":[{"href":"https:\/\/typisch-region-hannover.de\/index.php\/wp-json\/wp\/v2\/pages"}],"about":[{"href":"https:\/\/typisch-region-hannover.de\/index.php\/wp-json\/wp\/v2\/types\/page"}],"author":[{"embeddable":true,"href":"https:\/\/typisch-region-hannover.de\/index.php\/wp-json\/wp\/v2\/users\/3"}],"replies":[{"embeddable":true,"href":"https:\/\/typisch-region-hannover.de\/index.php\/wp-json\/wp\/v2\/comments?post=12833"}],"version-history":[{"count":0,"href":"https:\/\/typisch-region-hannover.de\/index.php\/wp-json\/wp\/v2\/pages\/12833\/revisions"}],"wp:attachment":[{"href":"https:\/\/typisch-region-hannover.de\/index.php\/wp-json\/wp\/v2\/media?parent=12833"}],"curies":[{"name":"wp","href":"https:\/\/api.w.org\/{rel}","templated":true}]}}