{"id":12779,"date":"2016-04-24T23:59:18","date_gmt":"2016-04-24T21:59:18","guid":{"rendered":"https:\/\/typisch-region-hannover.de\/?page_id=12779"},"modified":"2016-04-27T03:01:57","modified_gmt":"2016-04-27T01:01:57","slug":"typisch-kleefeld-nr-1-vom-27-4-2016","status":"publish","type":"page","link":"https:\/\/typisch-region-hannover.de\/index.php\/typisch-kleefeld\/typisch-kleefeld-nr-1-vom-27-4-2016\/","title":{"rendered":"Typisch Kleefeld Nr. 1 vom 27.04.2016"},"content":{"rendered":"<div class=\"fusion-title title fusion-title-size-one\" style=\"margin-bottom:10px;\"><h1 class=\"title-heading-left\">Typisch Kleefeld: Nr. 1 vom 27.04.2016<\/h1><div class=\"title-sep-container\"><div class=\"title-sep sep-double sep-solid\"><\/div><\/div><\/div><p style=\"text-align: left;\">Zu Kleefeld geh\u00f6rt die Eilenriede, Hannovers gr\u00fcne Lunge von historischem Rang. Auch Teufelsbad und Heiligers Quelle haben hier unsere Neugier geweckt und wir haben nach historischen Quellen dazu recherchiert. Der Hermann-L\u00f6ns-Park mit seiner Windm\u00fchle geh\u00f6rt auch dazu, wenn man Kleefeld charakterisieren m\u00f6chte. Das \u201ePhilosophenviertel\u201c, wo man in feinen Villen mit T\u00fcrmchen wohnt, ganz nah am Wald, sucht in Hannover seinesgleichen. Kleefeld ist auch der Stadtteil Hannovers, in dem ganze Stra\u00dfenensembles zu Baudenkm\u00e4lern wurden.<\/p>\n<div class=\"fusion-one-third one_third fusion-layout-column fusion-spacing-yes\" style=\"margin-top:0px;margin-bottom:20px;\"><div class=\"fusion-column-wrapper\"><span class=\"fusion-imageframe imageframe-none imageframe-1 hover-type-none\"><a class=\"fusion-no-lightbox\" href=\"https:\/\/typisch-region-hannover.de\/wp-content\/uploads\/2016\/04\/TypischKleefeld01Seite01.jpg\" target=\"_self\"> <img src=\"https:\/\/typisch-region-hannover.de\/wp-content\/uploads\/2016\/04\/TypischKleefeld01Seite01k.jpg\" alt=\"Titelseite Typisch Kleefeld\" class=\"img-responsive\"\/><\/a><\/span><div class=\"fusion-clearfix\"><\/div><\/div><\/div><div class=\"fusion-one-third one_third fusion-layout-column fusion-spacing-yes\" style=\"margin-top:0px;margin-bottom:20px;\"><div class=\"fusion-column-wrapper\"><span class=\"fusion-imageframe imageframe-none imageframe-2 hover-type-none\"><a class=\"fusion-no-lightbox\" href=\"https:\/\/typisch-region-hannover.de\/wp-content\/uploads\/2016\/04\/TypischKleefeld01Seite02.jpg\" target=\"_self\"> <img src=\"https:\/\/typisch-region-hannover.de\/wp-content\/uploads\/2016\/04\/TypischKleefeld01Seite02k.jpg\" alt=\"\" class=\"img-responsive\"\/><\/a><\/span><div class=\"fusion-clearfix\"><\/div><\/div><\/div><div class=\"fusion-one-third one_third fusion-layout-column fusion-column-last fusion-spacing-yes\" style=\"margin-top:0px;margin-bottom:20px;\"><div class=\"fusion-column-wrapper\"><span class=\"fusion-imageframe imageframe-none imageframe-3 hover-type-none\"><a class=\"fusion-no-lightbox\" href=\"https:\/\/typisch-region-hannover.de\/wp-content\/uploads\/2016\/04\/TypischKleefeld01Seite03.jpg\" target=\"_self\"> <img src=\"https:\/\/typisch-region-hannover.de\/wp-content\/uploads\/2016\/04\/TypischKleefeld01Seite03k.jpg\" alt=\"\" class=\"img-responsive\"\/><\/a><\/span><div class=\"fusion-clearfix\"><\/div><\/div><\/div><div class=\"fusion-clearfix\"><\/div><div class=\"fusion-one-third one_third fusion-layout-column fusion-spacing-yes\" style=\"margin-top:0px;margin-bottom:20px;\"><div class=\"fusion-column-wrapper\"><span class=\"fusion-imageframe imageframe-none imageframe-4 hover-type-none\"><a class=\"fusion-no-lightbox\" href=\"https:\/\/typisch-region-hannover.de\/wp-content\/uploads\/2016\/04\/TypischKleefeld01Seite04.jpg\" target=\"_self\"> <img src=\"https:\/\/typisch-region-hannover.de\/wp-content\/uploads\/2016\/04\/TypischKleefeld01Seite04k.jpg\" alt=\"\" class=\"img-responsive\"\/><\/a><\/span><div class=\"fusion-clearfix\"><\/div><\/div><\/div><div class=\"fusion-one-third one_third fusion-layout-column fusion-spacing-yes\" style=\"margin-top:0px;margin-bottom:20px;\"><div class=\"fusion-column-wrapper\"><span class=\"fusion-imageframe imageframe-none imageframe-5 hover-type-none\"><a class=\"fusion-no-lightbox\" href=\"https:\/\/typisch-region-hannover.de\/wp-content\/uploads\/2016\/04\/TypischKleefeld01Seite05.jpg\" target=\"_self\"> <img src=\"https:\/\/typisch-region-hannover.de\/wp-content\/uploads\/2016\/04\/TypischKleefeld01Seite05k.jpg\" alt=\"\" class=\"img-responsive\"\/><\/a><\/span><div class=\"fusion-clearfix\"><\/div><\/div><\/div><div class=\"fusion-one-third one_third fusion-layout-column fusion-column-last fusion-spacing-yes\" style=\"margin-top:0px;margin-bottom:20px;\"><div class=\"fusion-column-wrapper\"><span class=\"fusion-imageframe imageframe-none imageframe-6 hover-type-none\"><a class=\"fusion-no-lightbox\" href=\"https:\/\/typisch-region-hannover.de\/wp-content\/uploads\/2016\/04\/TypischKleefeld01Seite06.jpg\" target=\"_self\"> <img src=\"https:\/\/typisch-region-hannover.de\/wp-content\/uploads\/2016\/04\/TypischKleefeld01Seite06k.jpg\" alt=\"\" class=\"img-responsive\"\/><\/a><\/span><div class=\"fusion-clearfix\"><\/div><\/div><\/div><div class=\"fusion-clearfix\"><\/div><div class=\"fusion-one-third one_third fusion-layout-column fusion-spacing-yes\" style=\"margin-top:0px;margin-bottom:20px;\"><div class=\"fusion-column-wrapper\"><span class=\"fusion-imageframe imageframe-none imageframe-7 hover-type-none\"><a class=\"fusion-no-lightbox\" href=\"https:\/\/typisch-region-hannover.de\/wp-content\/uploads\/2016\/04\/TypischKleefeld01Seite07.jpg\" target=\"_self\"> <img src=\"https:\/\/typisch-region-hannover.de\/wp-content\/uploads\/2016\/04\/TypischKleefeld01Seite07k.jpg\" alt=\"\" class=\"img-responsive\"\/><\/a><\/span><div class=\"fusion-clearfix\"><\/div><\/div><\/div><div class=\"fusion-one-third one_third fusion-layout-column fusion-spacing-yes\" style=\"margin-top:0px;margin-bottom:20px;\"><div class=\"fusion-column-wrapper\"><span class=\"fusion-imageframe imageframe-none imageframe-8 hover-type-none\"><a class=\"fusion-no-lightbox\" href=\"https:\/\/typisch-region-hannover.de\/wp-content\/uploads\/2016\/04\/TypischKleefeld01Seite08.jpg\" target=\"_self\"> <img src=\"https:\/\/typisch-region-hannover.de\/wp-content\/uploads\/2016\/04\/TypischKleefeld01Seite08k.jpg\" alt=\"\" class=\"img-responsive\"\/><\/a><\/span><div class=\"fusion-clearfix\"><\/div><\/div><\/div><div class=\"fusion-one-third one_third fusion-layout-column fusion-column-last fusion-spacing-yes\" style=\"margin-top:0px;margin-bottom:20px;\"><div class=\"fusion-column-wrapper\"><span class=\"fusion-imageframe imageframe-none imageframe-9 hover-type-none\"><a class=\"fusion-no-lightbox\" href=\"https:\/\/typisch-region-hannover.de\/wp-content\/uploads\/2016\/04\/TypischKleefeld01Seite09.jpg\" target=\"_self\"> <img src=\"https:\/\/typisch-region-hannover.de\/wp-content\/uploads\/2016\/04\/TypischKleefeld01Seite09k.jpg\" alt=\"\" class=\"img-responsive\"\/><\/a><\/span><div class=\"fusion-clearfix\"><\/div><\/div><\/div><div class=\"fusion-clearfix\"><\/div><div class=\"fusion-one-third one_third fusion-layout-column fusion-spacing-yes\" style=\"margin-top:0px;margin-bottom:20px;\"><div class=\"fusion-column-wrapper\"><span class=\"fusion-imageframe imageframe-none imageframe-10 hover-type-none\"><a class=\"fusion-no-lightbox\" href=\"https:\/\/typisch-region-hannover.de\/wp-content\/uploads\/2016\/04\/TypischKleefeld01Seite10-11.jpg\" target=\"_self\"> <img src=\"https:\/\/typisch-region-hannover.de\/wp-content\/uploads\/2016\/04\/TypischKleefeld01Seite10-11k.jpg\" alt=\"\" class=\"img-responsive\"\/><\/a><\/span><div class=\"fusion-clearfix\"><\/div><\/div><\/div><div class=\"fusion-one-third one_third fusion-layout-column fusion-spacing-yes\" style=\"margin-top:0px;margin-bottom:20px;\"><div class=\"fusion-column-wrapper\"><span class=\"fusion-imageframe imageframe-none imageframe-11 hover-type-none\"><a class=\"fusion-no-lightbox\" href=\"https:\/\/typisch-region-hannover.de\/wp-content\/uploads\/2016\/04\/TypischKleefeld01Seite12.jpg\" target=\"_self\"> <img src=\"https:\/\/typisch-region-hannover.de\/wp-content\/uploads\/2016\/04\/TypischKleefeld01Seite12k.jpg\" alt=\"\" class=\"img-responsive\"\/><\/a><\/span><div class=\"fusion-clearfix\"><\/div><\/div><\/div><div class=\"fusion-one-third one_third fusion-layout-column fusion-column-last fusion-spacing-yes\" style=\"margin-top:0px;margin-bottom:20px;\"><div class=\"fusion-column-wrapper\"><span class=\"fusion-imageframe imageframe-none imageframe-12 hover-type-none\"><a class=\"fusion-no-lightbox\" href=\"https:\/\/typisch-region-hannover.de\/wp-content\/uploads\/2016\/04\/TypischKleefeld01Seite13.jpg\" target=\"_self\"> <img src=\"https:\/\/typisch-region-hannover.de\/wp-content\/uploads\/2016\/04\/TypischKleefeld01Seite13k.jpg\" alt=\"\" class=\"img-responsive\"\/><\/a><\/span><div class=\"fusion-clearfix\"><\/div><\/div><\/div><div class=\"fusion-clearfix\"><\/div><div class=\"fusion-one-third one_third fusion-layout-column fusion-spacing-yes\" style=\"margin-top:0px;margin-bottom:20px;\"><div class=\"fusion-column-wrapper\"><span class=\"fusion-imageframe imageframe-none imageframe-13 hover-type-none\"><a class=\"fusion-no-lightbox\" href=\"https:\/\/typisch-region-hannover.de\/wp-content\/uploads\/2016\/04\/TypischKleefeld01Seite14.jpg\" target=\"_self\"> <img src=\"https:\/\/typisch-region-hannover.de\/wp-content\/uploads\/2016\/04\/TypischKleefeld01Seite14k.jpg\" alt=\"\" class=\"img-responsive\"\/><\/a><\/span><div class=\"fusion-clearfix\"><\/div><\/div><\/div><div class=\"fusion-one-third one_third fusion-layout-column fusion-spacing-yes\" style=\"margin-top:0px;margin-bottom:20px;\"><div class=\"fusion-column-wrapper\"><span class=\"fusion-imageframe imageframe-none imageframe-14 hover-type-none\"><a class=\"fusion-no-lightbox\" href=\"https:\/\/typisch-region-hannover.de\/wp-content\/uploads\/2016\/04\/TypischKleefeld01Seite15.jpg\" target=\"_self\"> <img src=\"https:\/\/typisch-region-hannover.de\/wp-content\/uploads\/2016\/04\/TypischKleefeld01Seite15k.jpg\" alt=\"\" class=\"img-responsive\"\/><\/a><\/span><div class=\"fusion-clearfix\"><\/div><\/div><\/div><div class=\"fusion-one-third one_third fusion-layout-column fusion-column-last fusion-spacing-yes\" style=\"margin-top:0px;margin-bottom:20px;\"><div class=\"fusion-column-wrapper\"><span class=\"fusion-imageframe imageframe-none imageframe-15 hover-type-none\"><a class=\"fusion-no-lightbox\" href=\"https:\/\/typisch-region-hannover.de\/wp-content\/uploads\/2016\/04\/TypischKleefeld01Seite16.jpg\" target=\"_self\"> <img src=\"https:\/\/typisch-region-hannover.de\/wp-content\/uploads\/2016\/04\/TypischKleefeld01Seite16k.jpg\" alt=\"\" class=\"img-responsive\"\/><\/a><\/span><div class=\"fusion-clearfix\"><\/div><\/div><\/div><div class=\"fusion-clearfix\"><\/div><div class=\"fusion-one-third one_third fusion-layout-column fusion-spacing-yes\" style=\"margin-top:0px;margin-bottom:20px;\"><div class=\"fusion-column-wrapper\"><span class=\"fusion-imageframe imageframe-none imageframe-16 hover-type-none\"><a class=\"fusion-no-lightbox\" href=\"https:\/\/typisch-region-hannover.de\/wp-content\/uploads\/2016\/04\/TypischKleefeld01Seite17.jpg\" target=\"_self\"> <img src=\"https:\/\/typisch-region-hannover.de\/wp-content\/uploads\/2016\/04\/TypischKleefeld01Seite17k.jpg\" alt=\"\" class=\"img-responsive\"\/><\/a><\/span><div class=\"fusion-clearfix\"><\/div><\/div><\/div><div class=\"fusion-one-third one_third fusion-layout-column fusion-spacing-yes\" style=\"margin-top:0px;margin-bottom:20px;\"><div class=\"fusion-column-wrapper\"><span class=\"fusion-imageframe imageframe-none imageframe-17 hover-type-none\"><a class=\"fusion-no-lightbox\" href=\"https:\/\/typisch-region-hannover.de\/wp-content\/uploads\/2016\/04\/TypischKleefeld01Seite18.jpg\" target=\"_self\"> <img src=\"https:\/\/typisch-region-hannover.de\/wp-content\/uploads\/2016\/04\/TypischKleefeld01Seite18k.jpg\" alt=\"\" class=\"img-responsive\"\/><\/a><\/span><div class=\"fusion-clearfix\"><\/div><\/div><\/div><div class=\"fusion-one-third one_third fusion-layout-column fusion-column-last fusion-spacing-yes\" style=\"margin-top:0px;margin-bottom:20px;\"><div class=\"fusion-column-wrapper\"><span class=\"fusion-imageframe imageframe-none imageframe-18 hover-type-none\"><a class=\"fusion-no-lightbox\" href=\"https:\/\/typisch-region-hannover.de\/wp-content\/uploads\/2016\/04\/TypischKleefeld01Seite19.jpg\" target=\"_self\"> <img src=\"https:\/\/typisch-region-hannover.de\/wp-content\/uploads\/2016\/04\/TypischKleefeld01Seite19k.jpg\" alt=\"\" class=\"img-responsive\"\/><\/a><\/span><div class=\"fusion-clearfix\"><\/div><\/div><\/div><div class=\"fusion-clearfix\"><\/div><div class=\"fusion-one-third one_third fusion-layout-column fusion-column-last fusion-spacing-yes\" style=\"margin-top:0px;margin-bottom:20px;\"><div class=\"fusion-column-wrapper\"><span class=\"fusion-imageframe imageframe-none imageframe-19 hover-type-none\"><a class=\"fusion-no-lightbox\" href=\"https:\/\/typisch-region-hannover.de\/wp-content\/uploads\/2016\/04\/TypischKleefeld01Seite20.jpg\" target=\"_self\"> <img src=\"https:\/\/typisch-region-hannover.de\/wp-content\/uploads\/2016\/04\/TypischKleefeld01Seite20k.jpg\" alt=\"\" class=\"img-responsive\"\/><\/a><\/span><div class=\"fusion-clearfix\"><\/div><\/div><\/div><div class=\"fusion-clearfix\"><\/div>\n","protected":false},"excerpt":{"rendered":"","protected":false},"author":2,"featured_media":0,"parent":12833,"menu_order":0,"comment_status":"closed","ping_status":"closed","template":"","meta":[],"yoast_head":"<!-- This site is optimized with the Yoast SEO plugin v19.10 - https:\/\/yoast.com\/wordpress\/plugins\/seo\/ -->\n<title>Typisch Kleefeld Nr. 1 vom 27.04.2016 - Typisch Region Hannover<\/title>\n<meta name=\"robots\" content=\"index, follow, max-snippet:-1, max-image-preview:large, max-video-preview:-1\" \/>\n<link rel=\"canonical\" href=\"https:\/\/typisch-region-hannover.de\/index.php\/typisch-kleefeld\/typisch-kleefeld-nr-1-vom-27-4-2016\/\" \/>\n<meta property=\"og:locale\" content=\"de_DE\" \/>\n<meta property=\"og:type\" content=\"article\" \/>\n<meta property=\"og:title\" content=\"Typisch Kleefeld Nr. 1 vom 27.04.2016 - Typisch Region Hannover\" \/>\n<meta property=\"og:url\" content=\"https:\/\/typisch-region-hannover.de\/index.php\/typisch-kleefeld\/typisch-kleefeld-nr-1-vom-27-4-2016\/\" \/>\n<meta property=\"og:site_name\" content=\"Typisch Region Hannover\" \/>\n<meta property=\"article:publisher\" content=\"https:\/\/www.facebook.com\/typischregionhannover\/\" \/>\n<meta property=\"article:modified_time\" content=\"2016-04-27T01:01:57+00:00\" \/>\n<meta property=\"og:image\" content=\"https:\/\/typisch-region-hannover.de\/wp-content\/uploads\/2016\/04\/TypischKleefeld01Seite01k.jpg\" \/>\n<meta name=\"twitter:card\" content=\"summary_large_image\" \/>\n<meta name=\"twitter:label1\" content=\"Gesch\u00e4tzte Lesezeit\" \/>\n\t<meta name=\"twitter:data1\" content=\"9\u00a0Minuten\" \/>\n<script type=\"application\/ld+json\" class=\"yoast-schema-graph\">{\"@context\":\"https:\/\/schema.org\",\"@graph\":[{\"@type\":\"WebPage\",\"@id\":\"https:\/\/typisch-region-hannover.de\/index.php\/typisch-kleefeld\/typisch-kleefeld-nr-1-vom-27-4-2016\/\",\"url\":\"https:\/\/typisch-region-hannover.de\/index.php\/typisch-kleefeld\/typisch-kleefeld-nr-1-vom-27-4-2016\/\",\"name\":\"Typisch Kleefeld Nr. 1 vom 27.04.2016 - Typisch Region Hannover\",\"isPartOf\":{\"@id\":\"https:\/\/typisch-region-hannover.de\/#website\"},\"datePublished\":\"2016-04-24T21:59:18+00:00\",\"dateModified\":\"2016-04-27T01:01:57+00:00\",\"breadcrumb\":{\"@id\":\"https:\/\/typisch-region-hannover.de\/index.php\/typisch-kleefeld\/typisch-kleefeld-nr-1-vom-27-4-2016\/#breadcrumb\"},\"inLanguage\":\"de\",\"potentialAction\":[{\"@type\":\"ReadAction\",\"target\":[\"https:\/\/typisch-region-hannover.de\/index.php\/typisch-kleefeld\/typisch-kleefeld-nr-1-vom-27-4-2016\/\"]}]},{\"@type\":\"BreadcrumbList\",\"@id\":\"https:\/\/typisch-region-hannover.de\/index.php\/typisch-kleefeld\/typisch-kleefeld-nr-1-vom-27-4-2016\/#breadcrumb\",\"itemListElement\":[{\"@type\":\"ListItem\",\"position\":1,\"name\":\"Home\",\"item\":\"https:\/\/typisch-region-hannover.de\/\"},{\"@type\":\"ListItem\",\"position\":2,\"name\":\"Kleefeld\",\"item\":\"https:\/\/typisch-region-hannover.de\/index.php\/typisch-kleefeld\/\"},{\"@type\":\"ListItem\",\"position\":3,\"name\":\"Typisch Kleefeld Nr. 1 vom 27.04.2016\"}]},{\"@type\":\"WebSite\",\"@id\":\"https:\/\/typisch-region-hannover.de\/#website\",\"url\":\"https:\/\/typisch-region-hannover.de\/\",\"name\":\"Typisch Region Hannover\",\"description\":\"Wissenswertes aus unserer Region\",\"potentialAction\":[{\"@type\":\"SearchAction\",\"target\":{\"@type\":\"EntryPoint\",\"urlTemplate\":\"https:\/\/typisch-region-hannover.de\/?s={search_term_string}\"},\"query-input\":\"required name=search_term_string\"}],\"inLanguage\":\"de\"}]}<\/script>\n<!-- \/ Yoast SEO plugin. -->","yoast_head_json":{"title":"Typisch Kleefeld Nr. 1 vom 27.04.2016 - Typisch Region Hannover","robots":{"index":"index","follow":"follow","max-snippet":"max-snippet:-1","max-image-preview":"max-image-preview:large","max-video-preview":"max-video-preview:-1"},"canonical":"https:\/\/typisch-region-hannover.de\/index.php\/typisch-kleefeld\/typisch-kleefeld-nr-1-vom-27-4-2016\/","og_locale":"de_DE","og_type":"article","og_title":"Typisch Kleefeld Nr. 1 vom 27.04.2016 - Typisch Region Hannover","og_url":"https:\/\/typisch-region-hannover.de\/index.php\/typisch-kleefeld\/typisch-kleefeld-nr-1-vom-27-4-2016\/","og_site_name":"Typisch Region Hannover","article_publisher":"https:\/\/www.facebook.com\/typischregionhannover\/","article_modified_time":"2016-04-27T01:01:57+00:00","og_image":[{"url":"https:\/\/typisch-region-hannover.de\/wp-content\/uploads\/2016\/04\/TypischKleefeld01Seite01k.jpg"}],"twitter_card":"summary_large_image","twitter_misc":{"Gesch\u00e4tzte Lesezeit":"9\u00a0Minuten"},"schema":{"@context":"https:\/\/schema.org","@graph":[{"@type":"WebPage","@id":"https:\/\/typisch-region-hannover.de\/index.php\/typisch-kleefeld\/typisch-kleefeld-nr-1-vom-27-4-2016\/","url":"https:\/\/typisch-region-hannover.de\/index.php\/typisch-kleefeld\/typisch-kleefeld-nr-1-vom-27-4-2016\/","name":"Typisch Kleefeld Nr. 1 vom 27.04.2016 - Typisch Region Hannover","isPartOf":{"@id":"https:\/\/typisch-region-hannover.de\/#website"},"datePublished":"2016-04-24T21:59:18+00:00","dateModified":"2016-04-27T01:01:57+00:00","breadcrumb":{"@id":"https:\/\/typisch-region-hannover.de\/index.php\/typisch-kleefeld\/typisch-kleefeld-nr-1-vom-27-4-2016\/#breadcrumb"},"inLanguage":"de","potentialAction":[{"@type":"ReadAction","target":["https:\/\/typisch-region-hannover.de\/index.php\/typisch-kleefeld\/typisch-kleefeld-nr-1-vom-27-4-2016\/"]}]},{"@type":"BreadcrumbList","@id":"https:\/\/typisch-region-hannover.de\/index.php\/typisch-kleefeld\/typisch-kleefeld-nr-1-vom-27-4-2016\/#breadcrumb","itemListElement":[{"@type":"ListItem","position":1,"name":"Home","item":"https:\/\/typisch-region-hannover.de\/"},{"@type":"ListItem","position":2,"name":"Kleefeld","item":"https:\/\/typisch-region-hannover.de\/index.php\/typisch-kleefeld\/"},{"@type":"ListItem","position":3,"name":"Typisch Kleefeld Nr. 1 vom 27.04.2016"}]},{"@type":"WebSite","@id":"https:\/\/typisch-region-hannover.de\/#website","url":"https:\/\/typisch-region-hannover.de\/","name":"Typisch Region Hannover","description":"Wissenswertes aus unserer Region","potentialAction":[{"@type":"SearchAction","target":{"@type":"EntryPoint","urlTemplate":"https:\/\/typisch-region-hannover.de\/?s={search_term_string}"},"query-input":"required name=search_term_string"}],"inLanguage":"de"}]}},"_links":{"self":[{"href":"https:\/\/typisch-region-hannover.de\/index.php\/wp-json\/wp\/v2\/pages\/12779"}],"collection":[{"href":"https:\/\/typisch-region-hannover.de\/index.php\/wp-json\/wp\/v2\/pages"}],"about":[{"href":"https:\/\/typisch-region-hannover.de\/index.php\/wp-json\/wp\/v2\/types\/page"}],"author":[{"embeddable":true,"href":"https:\/\/typisch-region-hannover.de\/index.php\/wp-json\/wp\/v2\/users\/2"}],"replies":[{"embeddable":true,"href":"https:\/\/typisch-region-hannover.de\/index.php\/wp-json\/wp\/v2\/comments?post=12779"}],"version-history":[{"count":0,"href":"https:\/\/typisch-region-hannover.de\/index.php\/wp-json\/wp\/v2\/pages\/12779\/revisions"}],"up":[{"embeddable":true,"href":"https:\/\/typisch-region-hannover.de\/index.php\/wp-json\/wp\/v2\/pages\/12833"}],"wp:attachment":[{"href":"https:\/\/typisch-region-hannover.de\/index.php\/wp-json\/wp\/v2\/media?parent=12779"}],"curies":[{"name":"wp","href":"https:\/\/api.w.org\/{rel}","templated":true}]}}