{"id":12627,"date":"2016-04-03T22:37:40","date_gmt":"2016-04-03T20:37:40","guid":{"rendered":"https:\/\/typisch-region-hannover.de\/?page_id=12627"},"modified":"2018-12-11T18:27:48","modified_gmt":"2018-12-11T17:27:48","slug":"langenhagen-4-4-2016","status":"publish","type":"page","link":"https:\/\/typisch-region-hannover.de\/index.php\/langenhagen\/langenhagen-4-4-2016\/","title":{"rendered":"Typisch Langenhagen Nr. 2 vom 04.04.2016"},"content":{"rendered":"<div class=\"fusion-title title fusion-title-size-one\" style=\"margin-bottom:10px;\"><h1 class=\"title-heading-left\">Typisch Langenhagen: Nr. 2 vom 04.04.2016<\/h1><div class=\"title-sep-container\"><div class=\"title-sep sep-double sep-solid\"><\/div><\/div><\/div><p>Langenhagen im Fr\u00fchling: Ein Besuch im Kaltenweider und Bissendorfer Moor begeistert uns und l\u00e4sst die besondere Stille dieses Naturschatzes genie\u00dfen. W\u00e4hrend es in der Natur erst ganz langsam gr\u00fcnt, sind Langenhagens Friedh\u00f6fe bereits erbl\u00fcht &#8211; wir haben uns auf den Weg gemacht, Langenhagens Friedhofskultur kennenzulernen. Fossilien aus Langenhagen? Ja, auch hier gab es einst Haifische! Udo Frerichs aus Engelbostel ist Fossiliensammler mit imposanter Privatsammlung. Wir haben ihn besucht.<\/p>\n<div class=\"fusion-one-third one_third fusion-layout-column fusion-spacing-yes\" style=\"margin-top:0px;margin-bottom:20px;\"><div class=\"fusion-column-wrapper\"><span class=\"fusion-imageframe imageframe-none imageframe-1 hover-type-none\"><a class=\"fusion-no-lightbox\" href=\"https:\/\/typisch-region-hannover.de\/wp-content\/uploads\/2016\/04\/TypischLangenhagen02Seite01.jpg\" target=\"_self\"> <img src=\"https:\/\/typisch-region-hannover.de\/wp-content\/uploads\/2016\/04\/TypischLangenhagen02Seite01k.jpg\" alt=\"\" class=\"img-responsive\"\/><\/a><\/span><div class=\"fusion-clearfix\"><\/div><\/div><\/div><div class=\"fusion-one-third one_third fusion-layout-column fusion-spacing-yes\" style=\"margin-top:0px;margin-bottom:20px;\"><div class=\"fusion-column-wrapper\"><span class=\"fusion-imageframe imageframe-none imageframe-2 hover-type-none\"><a class=\"fusion-no-lightbox\" href=\"https:\/\/typisch-region-hannover.de\/wp-content\/uploads\/2016\/04\/TypischLangenhagen02Seite02.jpg\" target=\"_self\"> <img src=\"https:\/\/typisch-region-hannover.de\/wp-content\/uploads\/2016\/04\/TypischLangenhagen02Seite02k.jpg\" alt=\"\" class=\"img-responsive\"\/><\/a><\/span><div class=\"fusion-clearfix\"><\/div><\/div><\/div><div class=\"fusion-one-third one_third fusion-layout-column fusion-column-last fusion-spacing-yes\" style=\"margin-top:0px;margin-bottom:20px;\"><div class=\"fusion-column-wrapper\"><span class=\"fusion-imageframe imageframe-none imageframe-3 hover-type-none\"><a class=\"fusion-no-lightbox\" href=\"https:\/\/typisch-region-hannover.de\/wp-content\/uploads\/2016\/04\/TypischLangenhagen02Seite03.jpg\" target=\"_self\"> <img src=\"https:\/\/typisch-region-hannover.de\/wp-content\/uploads\/2016\/04\/TypischLangenhagen02Seite03k.jpg\" alt=\"\" class=\"img-responsive\"\/><\/a><\/span><div class=\"fusion-clearfix\"><\/div><\/div><\/div><div class=\"fusion-clearfix\"><\/div><div class=\"fusion-one-third one_third fusion-layout-column fusion-spacing-yes\" style=\"margin-top:0px;margin-bottom:20px;\"><div class=\"fusion-column-wrapper\"><span class=\"fusion-imageframe imageframe-none imageframe-4 hover-type-none\"><a class=\"fusion-no-lightbox\" href=\"https:\/\/typisch-region-hannover.de\/wp-content\/uploads\/2016\/04\/TypischLangenhagen02Seite04.jpg\" target=\"_self\"> <img src=\"https:\/\/typisch-region-hannover.de\/wp-content\/uploads\/2016\/04\/TypischLangenhagen02Seite04k.jpg\" alt=\"\" class=\"img-responsive\"\/><\/a><\/span><div class=\"fusion-clearfix\"><\/div><\/div><\/div><div class=\"fusion-one-third one_third fusion-layout-column fusion-spacing-yes\" style=\"margin-top:0px;margin-bottom:20px;\"><div class=\"fusion-column-wrapper\"><span class=\"fusion-imageframe imageframe-none imageframe-5 hover-type-none\"><a class=\"fusion-no-lightbox\" href=\"https:\/\/typisch-region-hannover.de\/wp-content\/uploads\/2016\/04\/TypischLangenhagen02Seite05.jpg\" target=\"_self\"> <img src=\"https:\/\/typisch-region-hannover.de\/wp-content\/uploads\/2016\/04\/TypischLangenhagen02Seite05k.jpg\" alt=\"\" class=\"img-responsive\"\/><\/a><\/span><div class=\"fusion-clearfix\"><\/div><\/div><\/div><div class=\"fusion-one-third one_third fusion-layout-column fusion-column-last fusion-spacing-yes\" style=\"margin-top:0px;margin-bottom:20px;\"><div class=\"fusion-column-wrapper\"><span class=\"fusion-imageframe imageframe-none imageframe-6 hover-type-none\"><a class=\"fusion-no-lightbox\" href=\"https:\/\/typisch-region-hannover.de\/wp-content\/uploads\/2016\/04\/TypischLangenhagen02Seite06.jpg\" target=\"_self\"> <img src=\"https:\/\/typisch-region-hannover.de\/wp-content\/uploads\/2016\/04\/TypischLangenhagen02Seite06k.jpg\" alt=\"\" class=\"img-responsive\"\/><\/a><\/span><div class=\"fusion-clearfix\"><\/div><\/div><\/div><div class=\"fusion-clearfix\"><\/div><div class=\"fusion-one-third one_third fusion-layout-column fusion-spacing-yes\" style=\"margin-top:0px;margin-bottom:20px;\"><div class=\"fusion-column-wrapper\"><span class=\"fusion-imageframe imageframe-none imageframe-7 hover-type-none\"><a class=\"fusion-no-lightbox\" href=\"https:\/\/typisch-region-hannover.de\/wp-content\/uploads\/2016\/04\/TypischLangenhagen02Seite07.jpg\" target=\"_self\"> <img src=\"https:\/\/typisch-region-hannover.de\/wp-content\/uploads\/2016\/04\/TypischLangenhagen02Seite07k.jpg\" alt=\"\" class=\"img-responsive\"\/><\/a><\/span><div class=\"fusion-clearfix\"><\/div><\/div><\/div><div class=\"fusion-one-third one_third fusion-layout-column fusion-spacing-yes\" style=\"margin-top:0px;margin-bottom:20px;\"><div class=\"fusion-column-wrapper\"><span class=\"fusion-imageframe imageframe-none imageframe-8 hover-type-none\"><a class=\"fusion-no-lightbox\" href=\"https:\/\/typisch-region-hannover.de\/wp-content\/uploads\/2016\/04\/TypischLangenhagen02Seite08-09.jpg\" target=\"_self\"> <img src=\"https:\/\/typisch-region-hannover.de\/wp-content\/uploads\/2016\/04\/TypischLangenhagen02Seite08-09k.jpg\" alt=\"\" class=\"img-responsive\"\/><\/a><\/span><div class=\"fusion-clearfix\"><\/div><\/div><\/div><div class=\"fusion-one-third one_third fusion-layout-column fusion-column-last fusion-spacing-yes\" style=\"margin-top:0px;margin-bottom:20px;\"><div class=\"fusion-column-wrapper\"><span class=\"fusion-imageframe imageframe-none imageframe-9 hover-type-none\"><a class=\"fusion-no-lightbox\" href=\"https:\/\/typisch-region-hannover.de\/wp-content\/uploads\/2016\/04\/TypischLangenhagen02Seite10.jpg\" target=\"_self\"> <img src=\"https:\/\/typisch-region-hannover.de\/wp-content\/uploads\/2016\/04\/TypischLangenhagen02Seite10k.jpg\" alt=\"\" class=\"img-responsive\"\/><\/a><\/span><div class=\"fusion-clearfix\"><\/div><\/div><\/div><div class=\"fusion-clearfix\"><\/div><div class=\"fusion-one-third one_third fusion-layout-column fusion-spacing-yes\" style=\"margin-top:0px;margin-bottom:20px;\"><div class=\"fusion-column-wrapper\"><span class=\"fusion-imageframe imageframe-none imageframe-10 hover-type-none\"><a class=\"fusion-no-lightbox\" href=\"https:\/\/typisch-region-hannover.de\/wp-content\/uploads\/2016\/04\/TypischLangenhagen02Seite11.jpg\" target=\"_self\"> <img src=\"https:\/\/typisch-region-hannover.de\/wp-content\/uploads\/2016\/04\/TypischLangenhagen02Seite11k.jpg\" alt=\"\" class=\"img-responsive\"\/><\/a><\/span><div class=\"fusion-clearfix\"><\/div><\/div><\/div><div class=\"fusion-one-third one_third fusion-layout-column fusion-spacing-yes\" style=\"margin-top:0px;margin-bottom:20px;\"><div class=\"fusion-column-wrapper\"><span class=\"fusion-imageframe imageframe-none imageframe-11 hover-type-none\"><a class=\"fusion-no-lightbox\" href=\"https:\/\/typisch-region-hannover.de\/wp-content\/uploads\/2016\/04\/TypischLangenhagen02Seite12.jpg\" target=\"_self\"> <img src=\"https:\/\/typisch-region-hannover.de\/wp-content\/uploads\/2016\/04\/TypischLangenhagen02Seite12k.jpg\" alt=\"\" class=\"img-responsive\"\/><\/a><\/span><div class=\"fusion-clearfix\"><\/div><\/div><\/div><div class=\"fusion-one-third one_third fusion-layout-column fusion-column-last fusion-spacing-yes\" style=\"margin-top:0px;margin-bottom:20px;\"><div class=\"fusion-column-wrapper\"><span class=\"fusion-imageframe imageframe-none imageframe-12 hover-type-none\"><a class=\"fusion-no-lightbox\" href=\"https:\/\/typisch-region-hannover.de\/wp-content\/uploads\/2016\/04\/TypischLangenhagen02Seite13.jpg\" target=\"_self\"> <img src=\"https:\/\/typisch-region-hannover.de\/wp-content\/uploads\/2016\/04\/TypischLangenhagen02Seite13k.jpg\" alt=\"\" class=\"img-responsive\"\/><\/a><\/span><div class=\"fusion-clearfix\"><\/div><\/div><\/div><div class=\"fusion-clearfix\"><\/div><div class=\"fusion-one-third one_third fusion-layout-column fusion-spacing-yes\" style=\"margin-top:0px;margin-bottom:20px;\"><div class=\"fusion-column-wrapper\"><span class=\"fusion-imageframe imageframe-none imageframe-13 hover-type-none\"><a class=\"fusion-no-lightbox\" href=\"https:\/\/typisch-region-hannover.de\/wp-content\/uploads\/2016\/04\/TypischLangenhagen02Seite14.jpg\" target=\"_self\"> <img src=\"https:\/\/typisch-region-hannover.de\/wp-content\/uploads\/2016\/04\/TypischLangenhagen02Seite14k.jpg\" alt=\"\" class=\"img-responsive\"\/><\/a><\/span><div class=\"fusion-clearfix\"><\/div><\/div><\/div><div class=\"fusion-one-third one_third fusion-layout-column fusion-spacing-yes\" style=\"margin-top:0px;margin-bottom:20px;\"><div class=\"fusion-column-wrapper\"><span class=\"fusion-imageframe imageframe-none imageframe-14 hover-type-none\"><a class=\"fusion-no-lightbox\" href=\"https:\/\/typisch-region-hannover.de\/wp-content\/uploads\/2016\/04\/TypischLangenhagen02Seite15.jpg\" target=\"_self\"> <img src=\"https:\/\/typisch-region-hannover.de\/wp-content\/uploads\/2016\/04\/TypischLangenhagen02Seite15k.jpg\" alt=\"\" class=\"img-responsive\"\/><\/a><\/span><div class=\"fusion-clearfix\"><\/div><\/div><\/div><div class=\"fusion-one-third one_third fusion-layout-column fusion-column-last fusion-spacing-yes\" style=\"margin-top:0px;margin-bottom:20px;\"><div class=\"fusion-column-wrapper\"><span class=\"fusion-imageframe imageframe-none imageframe-15 hover-type-none\"><a class=\"fusion-no-lightbox\" href=\"https:\/\/typisch-region-hannover.de\/wp-content\/uploads\/2016\/04\/TypischLangenhagen02Seite16.jpg\" target=\"_self\"> <img src=\"https:\/\/typisch-region-hannover.de\/wp-content\/uploads\/2016\/04\/TypischLangenhagen02Seite16k.jpg\" alt=\"\" class=\"img-responsive\"\/><\/a><\/span><div class=\"fusion-clearfix\"><\/div><\/div><\/div><div class=\"fusion-clearfix\"><\/div>\n","protected":false},"excerpt":{"rendered":"","protected":false},"author":2,"featured_media":0,"parent":11491,"menu_order":0,"comment_status":"closed","ping_status":"closed","template":"","meta":[],"yoast_head":"<!-- This site is optimized with the Yoast SEO plugin v19.10 - https:\/\/yoast.com\/wordpress\/plugins\/seo\/ -->\n<title>Typisch Langenhagen Nr. 2 vom 04.04.2016 - Typisch Region Hannover<\/title>\n<meta name=\"robots\" content=\"index, follow, max-snippet:-1, max-image-preview:large, max-video-preview:-1\" \/>\n<link rel=\"canonical\" href=\"https:\/\/typisch-region-hannover.de\/index.php\/langenhagen\/langenhagen-4-4-2016\/\" \/>\n<meta property=\"og:locale\" content=\"de_DE\" \/>\n<meta property=\"og:type\" content=\"article\" \/>\n<meta property=\"og:title\" content=\"Typisch Langenhagen Nr. 2 vom 04.04.2016 - Typisch Region Hannover\" \/>\n<meta property=\"og:url\" content=\"https:\/\/typisch-region-hannover.de\/index.php\/langenhagen\/langenhagen-4-4-2016\/\" \/>\n<meta property=\"og:site_name\" content=\"Typisch Region Hannover\" \/>\n<meta property=\"article:publisher\" content=\"https:\/\/www.facebook.com\/typischregionhannover\/\" \/>\n<meta property=\"article:modified_time\" content=\"2018-12-11T17:27:48+00:00\" \/>\n<meta property=\"og:image\" content=\"https:\/\/typisch-region-hannover.de\/wp-content\/uploads\/2016\/04\/TypischLangenhagen02Seite01k.jpg\" \/>\n<meta name=\"twitter:card\" content=\"summary_large_image\" \/>\n<meta name=\"twitter:label1\" content=\"Gesch\u00e4tzte Lesezeit\" \/>\n\t<meta name=\"twitter:data1\" content=\"7\u00a0Minuten\" \/>\n<script type=\"application\/ld+json\" class=\"yoast-schema-graph\">{\"@context\":\"https:\/\/schema.org\",\"@graph\":[{\"@type\":\"WebPage\",\"@id\":\"https:\/\/typisch-region-hannover.de\/index.php\/langenhagen\/langenhagen-4-4-2016\/\",\"url\":\"https:\/\/typisch-region-hannover.de\/index.php\/langenhagen\/langenhagen-4-4-2016\/\",\"name\":\"Typisch Langenhagen Nr. 2 vom 04.04.2016 - Typisch Region Hannover\",\"isPartOf\":{\"@id\":\"https:\/\/typisch-region-hannover.de\/#website\"},\"datePublished\":\"2016-04-03T20:37:40+00:00\",\"dateModified\":\"2018-12-11T17:27:48+00:00\",\"breadcrumb\":{\"@id\":\"https:\/\/typisch-region-hannover.de\/index.php\/langenhagen\/langenhagen-4-4-2016\/#breadcrumb\"},\"inLanguage\":\"de\",\"potentialAction\":[{\"@type\":\"ReadAction\",\"target\":[\"https:\/\/typisch-region-hannover.de\/index.php\/langenhagen\/langenhagen-4-4-2016\/\"]}]},{\"@type\":\"BreadcrumbList\",\"@id\":\"https:\/\/typisch-region-hannover.de\/index.php\/langenhagen\/langenhagen-4-4-2016\/#breadcrumb\",\"itemListElement\":[{\"@type\":\"ListItem\",\"position\":1,\"name\":\"Home\",\"item\":\"https:\/\/typisch-region-hannover.de\/\"},{\"@type\":\"ListItem\",\"position\":2,\"name\":\"Langenhagen\",\"item\":\"https:\/\/typisch-region-hannover.de\/index.php\/langenhagen\/\"},{\"@type\":\"ListItem\",\"position\":3,\"name\":\"Typisch Langenhagen Nr. 2 vom 04.04.2016\"}]},{\"@type\":\"WebSite\",\"@id\":\"https:\/\/typisch-region-hannover.de\/#website\",\"url\":\"https:\/\/typisch-region-hannover.de\/\",\"name\":\"Typisch Region Hannover\",\"description\":\"Wissenswertes aus unserer Region\",\"potentialAction\":[{\"@type\":\"SearchAction\",\"target\":{\"@type\":\"EntryPoint\",\"urlTemplate\":\"https:\/\/typisch-region-hannover.de\/?s={search_term_string}\"},\"query-input\":\"required name=search_term_string\"}],\"inLanguage\":\"de\"}]}<\/script>\n<!-- \/ Yoast SEO plugin. -->","yoast_head_json":{"title":"Typisch Langenhagen Nr. 2 vom 04.04.2016 - Typisch Region Hannover","robots":{"index":"index","follow":"follow","max-snippet":"max-snippet:-1","max-image-preview":"max-image-preview:large","max-video-preview":"max-video-preview:-1"},"canonical":"https:\/\/typisch-region-hannover.de\/index.php\/langenhagen\/langenhagen-4-4-2016\/","og_locale":"de_DE","og_type":"article","og_title":"Typisch Langenhagen Nr. 2 vom 04.04.2016 - Typisch Region Hannover","og_url":"https:\/\/typisch-region-hannover.de\/index.php\/langenhagen\/langenhagen-4-4-2016\/","og_site_name":"Typisch Region Hannover","article_publisher":"https:\/\/www.facebook.com\/typischregionhannover\/","article_modified_time":"2018-12-11T17:27:48+00:00","og_image":[{"url":"https:\/\/typisch-region-hannover.de\/wp-content\/uploads\/2016\/04\/TypischLangenhagen02Seite01k.jpg"}],"twitter_card":"summary_large_image","twitter_misc":{"Gesch\u00e4tzte Lesezeit":"7\u00a0Minuten"},"schema":{"@context":"https:\/\/schema.org","@graph":[{"@type":"WebPage","@id":"https:\/\/typisch-region-hannover.de\/index.php\/langenhagen\/langenhagen-4-4-2016\/","url":"https:\/\/typisch-region-hannover.de\/index.php\/langenhagen\/langenhagen-4-4-2016\/","name":"Typisch Langenhagen Nr. 2 vom 04.04.2016 - Typisch Region Hannover","isPartOf":{"@id":"https:\/\/typisch-region-hannover.de\/#website"},"datePublished":"2016-04-03T20:37:40+00:00","dateModified":"2018-12-11T17:27:48+00:00","breadcrumb":{"@id":"https:\/\/typisch-region-hannover.de\/index.php\/langenhagen\/langenhagen-4-4-2016\/#breadcrumb"},"inLanguage":"de","potentialAction":[{"@type":"ReadAction","target":["https:\/\/typisch-region-hannover.de\/index.php\/langenhagen\/langenhagen-4-4-2016\/"]}]},{"@type":"BreadcrumbList","@id":"https:\/\/typisch-region-hannover.de\/index.php\/langenhagen\/langenhagen-4-4-2016\/#breadcrumb","itemListElement":[{"@type":"ListItem","position":1,"name":"Home","item":"https:\/\/typisch-region-hannover.de\/"},{"@type":"ListItem","position":2,"name":"Langenhagen","item":"https:\/\/typisch-region-hannover.de\/index.php\/langenhagen\/"},{"@type":"ListItem","position":3,"name":"Typisch Langenhagen Nr. 2 vom 04.04.2016"}]},{"@type":"WebSite","@id":"https:\/\/typisch-region-hannover.de\/#website","url":"https:\/\/typisch-region-hannover.de\/","name":"Typisch Region Hannover","description":"Wissenswertes aus unserer Region","potentialAction":[{"@type":"SearchAction","target":{"@type":"EntryPoint","urlTemplate":"https:\/\/typisch-region-hannover.de\/?s={search_term_string}"},"query-input":"required name=search_term_string"}],"inLanguage":"de"}]}},"_links":{"self":[{"href":"https:\/\/typisch-region-hannover.de\/index.php\/wp-json\/wp\/v2\/pages\/12627"}],"collection":[{"href":"https:\/\/typisch-region-hannover.de\/index.php\/wp-json\/wp\/v2\/pages"}],"about":[{"href":"https:\/\/typisch-region-hannover.de\/index.php\/wp-json\/wp\/v2\/types\/page"}],"author":[{"embeddable":true,"href":"https:\/\/typisch-region-hannover.de\/index.php\/wp-json\/wp\/v2\/users\/2"}],"replies":[{"embeddable":true,"href":"https:\/\/typisch-region-hannover.de\/index.php\/wp-json\/wp\/v2\/comments?post=12627"}],"version-history":[{"count":0,"href":"https:\/\/typisch-region-hannover.de\/index.php\/wp-json\/wp\/v2\/pages\/12627\/revisions"}],"up":[{"embeddable":true,"href":"https:\/\/typisch-region-hannover.de\/index.php\/wp-json\/wp\/v2\/pages\/11491"}],"wp:attachment":[{"href":"https:\/\/typisch-region-hannover.de\/index.php\/wp-json\/wp\/v2\/media?parent=12627"}],"curies":[{"name":"wp","href":"https:\/\/api.w.org\/{rel}","templated":true}]}}