{"id":12205,"date":"2016-02-25T02:53:02","date_gmt":"2016-02-25T01:53:02","guid":{"rendered":"https:\/\/typisch-region-hannover.de\/?page_id=12205"},"modified":"2019-04-05T12:14:17","modified_gmt":"2019-04-05T10:14:17","slug":"misburg-2","status":"publish","type":"page","link":"https:\/\/typisch-region-hannover.de\/index.php\/misburg-2\/","title":{"rendered":"Misburg"},"content":{"rendered":"<div class=\"fusion-fullwidth fullwidth-box fusion-fullwidth-1  fusion-parallax-none nonhundred-percent-fullwidth\" style=\"border-color:#eae9e9;border-bottom-width: 0px;border-top-width: 0px;border-bottom-style: solid;border-top-style: solid;padding-bottom:0px;padding-top:0px;padding-left:0px;padding-right:0px;background-color:#ffffff;\"><style type=\"text\/css\" scoped=\"scoped\">.fusion-fullwidth-1 {\n                            padding-left: 0px !important;\n                            padding-right: 0px !important;\n                        }<\/style><div class=\"fusion-row\"><div class=\"fusion-image-carousel fusion-image-carousel-fixed lightbox-enabled\"><div class=\"fusion-carousel\" data-autoplay=\"yes\" data-columns=\"6\" data-itemmargin=\"8\" data-itemwidth=\"180\" data-touchscroll=\"no\" data-imagesize=\"fixed\"><div class=\"fusion-carousel-positioner\"><ul class=\"fusion-carousel-holder\"><li class=\"fusion-carousel-item\"><div class=\"fusion-carousel-item-wrapper\"><div class=\"fusion-image-wrapper hover-type-zoomin\"><a data-rel=\"iLightbox[gallery_image_1]\" data-title=\"AmSeitenkanal\" href=\"https:\/\/typisch-region-hannover.de\/wp-content\/uploads\/2016\/01\/RegenbogenOldhorst.jpg\" target=\"_self\"><img src=\"https:\/\/typisch-region-hannover.de\/wp-content\/uploads\/2016\/02\/AmSeitenkanal.jpg\" alt=\"Am Seitenkanal in Misburg\" \/><\/a><\/div><\/div><\/li><li class=\"fusion-carousel-item\"><div class=\"fusion-carousel-item-wrapper\"><div class=\"fusion-image-wrapper hover-type-zoomin\"><a data-rel=\"iLightbox[gallery_image_1]\" data-title=\"AlterWasserturm\" href=\"https:\/\/typisch-region-hannover.de\/wp-content\/uploads\/2016\/01\/Wu?rmsee2015.jpg\" target=\"_self\"><img src=\"https:\/\/typisch-region-hannover.de\/wp-content\/uploads\/2016\/02\/AlterWasserturm.jpg\" alt=\"Alter Wasserturm in Misburg \u00fcber der HPC 2\" \/><\/a><\/div><\/div><\/li><li class=\"fusion-carousel-item\"><div class=\"fusion-carousel-item-wrapper\"><div class=\"fusion-image-wrapper hover-type-zoomin\"><a data-rel=\"iLightbox[gallery_image_1]\" data-title=\"AussichtvomCementwerk\" href=\"https:\/\/typisch-region-hannover.de\/wp-content\/uploads\/2016\/01\/WaldwegzumTrunnenmoor.jpg\" target=\"_self\"><img src=\"https:\/\/typisch-region-hannover.de\/wp-content\/uploads\/2016\/02\/AussichtvomCementwerk.jpg\" alt=\"Aussicht vom Zementwerk in Misburg\" \/><\/a><\/div><\/div><\/li><li class=\"fusion-carousel-item\"><div class=\"fusion-carousel-item-wrapper\"><div class=\"fusion-image-wrapper hover-type-zoomin\"><a data-rel=\"iLightbox[gallery_image_1]\" data-title=\"BlickindenSteinbruch\" href=\"https:\/\/typisch-region-hannover.de\/wp-content\/uploads\/2016\/01\/ThoenseKiesteich-1.jpg\" target=\"_self\"><img src=\"https:\/\/typisch-region-hannover.de\/wp-content\/uploads\/2016\/02\/BlickindenSteinbruch.jpg\" alt=\"Blick in die Grube Teutonia in Misburg\" \/><\/a><\/div><\/div><\/li><li class=\"fusion-carousel-item\"><div class=\"fusion-carousel-item-wrapper\"><div class=\"fusion-image-wrapper hover-type-zoomin\"><a data-rel=\"iLightbox[gallery_image_1]\" data-title=\"HPC1\" href=\"https:\/\/typisch-region-hannover.de\/wp-content\/uploads\/2016\/01\/RaseneisensteinKirchenmauer.jpg\" target=\"_self\"><img src=\"https:\/\/typisch-region-hannover.de\/wp-content\/uploads\/2016\/02\/HPC1.jpg\" alt=\"Blick in die alte Grube HPC 1 in Misburg\" \/><\/a><\/div><\/div><\/li><li class=\"fusion-carousel-item\"><div class=\"fusion-carousel-item-wrapper\"><div class=\"fusion-image-wrapper hover-type-zoomin\"><a data-rel=\"iLightbox[gallery_image_1]\" data-title=\"HPC2\" href=\"https:\/\/typisch-region-hannover.de\/wp-content\/uploads\/2016\/01\/Rahden2.jpg\" target=\"_self\"><img src=\"https:\/\/typisch-region-hannover.de\/wp-content\/uploads\/2016\/02\/HPC2.jpg\" alt=\"Blick in die alte Grube HPC 1 in Misburg\" \/><\/a><\/div><\/div><\/li><li class=\"fusion-carousel-item\"><div class=\"fusion-carousel-item-wrapper\"><div class=\"fusion-image-wrapper hover-type-zoomin\"><a data-rel=\"iLightbox[gallery_image_1]\" data-title=\"UferBlauerSee\" href=\"https:\/\/typisch-region-hannover.de\/wp-content\/uploads\/2016\/01\/NaturdenkmalBlutbuche.jpg\" target=\"_self\"><img src=\"https:\/\/typisch-region-hannover.de\/wp-content\/uploads\/2016\/02\/UferBlauerSee.jpg\" alt=\"Am Ufer des Blauen Sees in Misburg Nord\" \/><\/a><\/div><\/div><\/li><li class=\"fusion-carousel-item\"><div class=\"fusion-carousel-item-wrapper\"><div class=\"fusion-image-wrapper hover-type-zoomin\"><a data-rel=\"iLightbox[gallery_image_1]\" data-title=\"WinteramKanal\" href=\"https:\/\/typisch-region-hannover.de\/wp-content\/uploads\/2016\/01\/Kirchenschiff.jpg\" target=\"_self\"><img src=\"https:\/\/typisch-region-hannover.de\/wp-content\/uploads\/2016\/02\/WinteramKanal.jpg\" alt=\"Winter am Mittellandkanal in Misburg\" \/><\/a><\/div><\/div><\/li><\/ul><div class=\"fusion-carousel-nav\"><span class=\"fusion-nav-prev\"><\/span><span class=\"fusion-nav-next\"><\/span><\/div><\/div><\/div><\/div><\/div><\/div><div class=\"fusion-one-third one_third fusion-layout-column fusion-spacing-yes\" style=\"margin-top:0px;margin-bottom:20px;\"><div class=\"fusion-column-wrapper\"><span class=\"fusion-imageframe imageframe-none imageframe-1 hover-type-zoomin\"><a class=\"fusion-no-lightbox\" href=\"https:\/\/typisch-region-hannover.de\/index.php\/misburg-2\/typisch-misburg-nr-3-vom-07-04-2017\/\" target=\"_self\"> <img alt=\"Titelseite dritte Ausgabe Typisch Misburg\" src=\"https:\/\/typisch-region-hannover.de\/wp-content\/uploads\/2017\/04\/Misburg03-01th.jpg\" class=\"img-responsive\"\/><\/a><\/span><div class=\"fusion-sep-clear\"><\/div><div class=\"fusion-separator fusion-full-width-sep sep-none\" style=\"border-color:#e0dede;margin-left: auto;margin-right: auto;margin-top:15px;margin-bottom:40px;\"><\/div><div class=\"fusion-sep-clear\"><\/div><div class=\"fusion-separator fusion-full-width-sep sep-single\" style=\"border-color:#42661f;border-top-width:1px;margin-left: auto;margin-right: auto;margin-top:10px;margin-bottom:15px;\"><\/div><span class=\"fusion-imageframe imageframe-none imageframe-2 hover-type-none\"><a class=\"fusion-no-lightbox\" href=\"https:\/\/typisch-region-hannover.de\/index.php\/misburg-2\/typisch-misburg-24-2-2016\/\" target=\"_self\"> <img alt=\"Titelseite erste Ausgabe Typisch Misburg\" src=\"https:\/\/typisch-region-hannover.de\/wp-content\/uploads\/2016\/02\/TypischMisburg01Seite01.jpg\" class=\"img-responsive\"\/><\/a><\/span><div class=\"fusion-sep-clear\"><\/div><div class=\"fusion-separator fusion-full-width-sep sep-none\" style=\"border-color:#e0dede;margin-left: auto;margin-right: auto;margin-top:15px;margin-bottom:15px;\"><\/div><div class=\"fusion-sep-clear\"><\/div><div class=\"fusion-separator fusion-full-width-sep sep-single\" style=\"border-color:#42661f;border-top-width:1px;margin-left: auto;margin-right: auto;margin-top:10px;margin-bottom:15px;\"><\/div><span class=\"fusion-imageframe imageframe-none imageframe-3 hover-type-zoomin\"><a class=\"fusion-no-lightbox\" href=\"https:\/\/typisch-region-hannover.de\/index.php\/misburg-2\/typisch-misburg-nr-2-vom-23-11-2016\/\" target=\"_self\"> <img alt=\"Titelseite erste Ausgabe Typisch Misburg\" src=\"https:\/\/typisch-region-hannover.de\/wp-content\/uploads\/2016\/11\/Misburg02-1.jpg\" class=\"img-responsive\"\/><\/a><\/span><div class=\"fusion-clearfix\"><\/div><\/div><\/div><div class=\"fusion-one-third one_third fusion-layout-column fusion-spacing-yes\" style=\"margin-top:0px;margin-bottom:20px;\"><div class=\"fusion-column-wrapper\"><span class=\"fusion-imageframe imageframe-none imageframe-4 hover-type-none\"> <img alt=\"Misburg\" src=\"https:\/\/typisch-region-hannover.de\/wp-content\/uploads\/2017\/04\/misburg-th.jpg\" class=\"img-responsive\"\/><\/span><div class=\"fusion-title title fusion-title-size-two\" style=\"margin-bottom:10;\"><h2 class=\"title-heading-left\">MAGAZIN No. 3\/2017<\/h2><div class=\"title-sep-container\"><div class=\"title-sep sep-double\"><\/div><\/div><\/div><p>Um den alten Zementhafen an einem Ende des Stichkanals dreht sich derzeit die intensivste Diskussion in Misburg. Wir haben uns auf dem Gel\u00e4nde umgeschaut.\u00a0Die Deurag-Nerag war einst wichtiger Wirtschaftsfaktor der Region &#8211; heute ist kaum noch etwas von diesem riesigen Unternehmen sichtbar. Die St. Johanniskirche wird derzeit saniert &#8211; und ein Teil des Ger\u00fcstes ist bereits verschwunden. <a href=\"https:\/\/typisch-region-hannover.de\/index.php\/misburg-2\/typisch-misburg-nr-3-vom-07-04-2017\/\">Dies und mehr\u00a0lesen Sie hier<\/a>.<\/p>\n<div class=\"fusion-sep-clear\"><\/div><div class=\"fusion-separator fusion-full-width-sep sep-single\" style=\"border-color:#42661f;border-top-width:1px;margin-left: auto;margin-right: auto;margin-top:5px;margin-bottom:10px;\"><\/div><span class=\"fusion-imageframe imageframe-none imageframe-5 hover-type-none\"> <img alt=\"kolumbarium Misburg\" src=\"https:\/\/typisch-region-hannover.de\/wp-content\/uploads\/2016\/11\/Misburg02kolumbarium.jpg\" class=\"img-responsive\"\/><\/span><div class=\"fusion-sep-clear\"><\/div><div class=\"fusion-separator fusion-full-width-sep sep-none\" style=\"border-color:#e0dede;margin-left: auto;margin-right: auto;margin-top:10px;margin-bottom:10px;\"><\/div><div class=\"fusion-title title fusion-title-size-two\" style=\"margin-bottom:10;\"><h2 class=\"title-heading-left\">MAGAZIN No. 2\/2016<\/h2><div class=\"title-sep-container\"><div class=\"title-sep sep-double\"><\/div><\/div><\/div><p>Das zweite Magazin zeigt\u00a0strahlenden Herbst im Misburger Wald und berichtet \u00fcber das \u201eMudzborgher Holt\u201c, dass schon 1365 urkundlich erw\u00e4hnt wurde. Eine ganz andere Facette von Misburg ist der Hafen. Hier haben wir uns die alten Kr\u00e4ne angeschaut &#8211; einer davon ist sogar als Denkmal saniert worden. Im Advent leuchtet\u00a0ein ganz besonderes Schmuckelement und spielt\u00a0Weihnachtslieder: Wir haben Friedrich W\u00fcstefeld und Andreas Czarnetzki beim Anbringen der Weihnachtslichter am Glockenspiel besucht. Eine besondere Erfolgs-Geschichte ist die Umwandlung der katholischen Hl. Herz Jesu-Kirche in ein Kolumbarium. Die 2009 aufgegebene Kirche hat eine neue Bestimmung bekommen &#8211; und es finden dort wieder Messen, Taufen und Hochzeiten statt. <a href=\"https:\/\/typisch-region-hannover.de\/index.php\/misburg-2\/typisch-misburg-nr-2-vom-23-11-2016\/\">Das komplette Magazin gibt es hier<\/a>.<\/p>\n<div class=\"fusion-sep-clear\"><\/div><div class=\"fusion-separator fusion-full-width-sep sep-single\" style=\"border-color:#42661f;border-top-width:1px;margin-left: auto;margin-right: auto;margin-top:10px;margin-bottom:10px;\"><\/div><div class=\"fusion-sep-clear\"><\/div><div class=\"fusion-separator fusion-full-width-sep sep-none\" style=\"border-color:#e0dede;margin-left: auto;margin-right: auto;margin-top:px;margin-bottom:10px;\"><\/div><span class=\"fusion-imageframe imageframe-none imageframe-6 hover-type-none\"> <img alt=\"Blauer See in Misburg-Nord\" src=\"https:\/\/typisch-region-hannover.de\/wp-content\/uploads\/2016\/02\/BlauerSee.jpg\" class=\"img-responsive\"\/><\/span><div class=\"fusion-sep-clear\"><\/div><div class=\"fusion-separator fusion-full-width-sep sep-none\" style=\"border-color:#e0dede;margin-left: auto;margin-right: auto;margin-top:px;margin-bottom:10px;\"><\/div><div class=\"fusion-title title fusion-title-size-two\" style=\"margin-bottom:10;\"><h2 class=\"title-heading-left\">MAGAZIN No. 1\/2016<\/h2><div class=\"title-sep-container\"><div class=\"title-sep sep-double\"><\/div><\/div><\/div><p>\u00dcber Fossilien aus den Zementgruben Misburgs haben wir uns f\u00fcr Sie kundig gemacht. Ein Spaziergang am winterlichen Blauen See in Misburg Nord zeigt die l\u00e4ndliche Seite des Stadtteils. Ein Besuch in den ehemaligen Gruben HPC 1 und HPC 2 zeigt, wie aus ehemals industriell genutztem Grund wieder Landschaft wird. <a href=\"https:\/\/typisch-region-hannover.de\/index.php\/misburg-2\/typisch-misburg-24-2-2016\/\">Das komplette Magazin gibt es hier<\/a>.<\/p>\n<div class=\"fusion-clearfix\"><\/div><\/div><\/div><div class=\"fusion-one-third one_third fusion-layout-column fusion-column-last fusion-spacing-yes\" style=\"margin-top:0px;margin-bottom:20px;\"><div class=\"fusion-column-wrapper\" style=\"background-color:#9ad66f;padding:15px;\"><div class=\"fusion-title title fusion-title-size-three\"><h3 class=\"title-heading-left\">RUNDUM INFORMIERT \u00fcber Misburg<\/h3><div class=\"title-sep-container\"><div class=\"title-sep sep-double\"><\/div><\/div><\/div><span class=\"fusion-imageframe imageframe-none imageframe-7 hover-type-none fusion-animated\" data-animationType=\"flash\" data-animationDuration=\"0.1\"><a class=\"fusion-no-lightbox\" href=\"http:\/\/www.haz.de\/Hannover\/Aus-den-Stadtteilen\/Misburg\" target=\"_blank\"> <img alt=\"\" src=\"https:\/\/typisch-region-hannover.de\/wp-content\/uploads\/2016\/01\/HAZNPklein.jpg\" class=\"img-responsive\"\/><\/a><\/span><div class=\"fusion-sep-clear\"><\/div><div class=\"fusion-separator fusion-full-width-sep sep-none\" style=\"border-color:#e0dede;margin-left: auto;margin-right: auto;margin-top:10px;margin-bottom:10px;\"><\/div><p>Aktuelle Informationen aus ihrer Tageszeitung &#8211; die Meldungen der HAZ und NP geben Auskunft \u00fcber alles, was in Misburg geschieht.<\/p>\n<div class=\"fusion-sep-clear\"><\/div><div class=\"fusion-separator fusion-full-width-sep sep-single\" style=\"border-color:#42661f;border-top-width:1px;margin-left: auto;margin-right: auto;margin-top:10px;margin-bottom:10px;\"><\/div><span class=\"fusion-imageframe imageframe-none imageframe-8 hover-type-none\"> <img alt=\"Misburg Industriegebiet\" src=\"https:\/\/typisch-region-hannover.de\/wp-content\/uploads\/2016\/02\/Industriellgepraegt.jpg\" class=\"img-responsive\"\/><\/span><div class=\"fusion-sep-clear\"><\/div><div class=\"fusion-separator fusion-full-width-sep sep-none\" style=\"border-color:#e0dede;margin-left: auto;margin-right: auto;margin-top:10px;margin-bottom:10px;\"><\/div><p>Das industriell gepr\u00e4gte Misburg-S\u00fcd, betrachtet von einem Turm der HeidelbergCement.<\/p>\n<div class=\"fusion-sep-clear\"><\/div><div class=\"fusion-separator fusion-full-width-sep sep-single\" style=\"border-color:#42661f;border-top-width:1px;margin-left: auto;margin-right: auto;margin-top:10px;margin-bottom:15px;\"><\/div><span class=\"fusion-imageframe imageframe-none imageframe-9 hover-type-none\"><a class=\"fusion-no-lightbox\" href=\"http:\/\/www.wochenblaetter.de\/hannover\/hannover-lokales\/\" target=\"_blank\"> <img alt=\"\" src=\"https:\/\/typisch-region-hannover.de\/wp-content\/uploads\/2016\/02\/HAWO-Logo.jpg\" class=\"img-responsive\"\/><\/a><\/span><div class=\"fusion-sep-clear\"><\/div><div class=\"fusion-separator fusion-full-width-sep sep-none\" style=\"border-color:#e0dede;margin-left: auto;margin-right: auto;margin-top:10px;margin-bottom:10px;\"><\/div><p>Ihre sympathischen Wochenzeitungen informieren die Bev\u00f6lkerung aktuell &#8211; nat\u00fcrlich auch online.<\/p>\n<div class=\"fusion-sep-clear\"><\/div><div class=\"fusion-separator fusion-full-width-sep sep-single\" style=\"border-color:#42661f;border-top-width:1px;margin-left: auto;margin-right: auto;margin-top:10px;margin-bottom:15px;\"><\/div><span class=\"fusion-imageframe imageframe-none imageframe-10 hover-type-none\"><a class=\"fusion-no-lightbox\" href=\"http:\/\/hannover.sportbuzzer.de\" target=\"_blank\"> <img alt=\"\" src=\"https:\/\/typisch-region-hannover.de\/wp-content\/uploads\/2016\/01\/Sportbuzzer.png\" class=\"img-responsive\"\/><\/a><\/span><div class=\"fusion-sep-clear\"><\/div><div class=\"fusion-separator fusion-full-width-sep sep-none\" style=\"border-color:#e0dede;margin-left: auto;margin-right: auto;margin-top:10px;margin-bottom:10px;\"><\/div><p>Misburg von seiner sportlichen Seite: Auf dem Portal Sportbuzzer.de gibt es vor Allem Berichte aus dem Misburger Fu\u00dfball &#8211; f\u00fcr alle Sportfans, die immer wissen m\u00f6chten, wo ihr Heimatverein steht.<\/p>\n<div class=\"fusion-clearfix\"><\/div><\/div><\/div><div class=\"fusion-clearfix\"><\/div>\n","protected":false},"excerpt":{"rendered":"","protected":false},"author":3,"featured_media":0,"parent":0,"menu_order":0,"comment_status":"closed","ping_status":"closed","template":"","meta":[],"yoast_head":"<!-- This site is optimized with the Yoast SEO plugin v19.10 - https:\/\/yoast.com\/wordpress\/plugins\/seo\/ -->\n<title>Misburg - Typisch Region Hannover<\/title>\n<meta name=\"description\" content=\"Misburg, im S\u00fcdosten Hannovers gelegen, ist ein vielseitiger Stadtteil mit Industriekultur, einem eigenen Hafen und einem sch\u00f6nen gro\u00dfen Waldgebiet.\u00a0\" \/>\n<meta name=\"robots\" content=\"index, follow, max-snippet:-1, max-image-preview:large, max-video-preview:-1\" \/>\n<link rel=\"canonical\" href=\"https:\/\/typisch-region-hannover.de\/index.php\/misburg-2\/\" \/>\n<meta property=\"og:locale\" content=\"de_DE\" \/>\n<meta property=\"og:type\" content=\"article\" \/>\n<meta property=\"og:title\" content=\"Misburg - Typisch Region Hannover\" \/>\n<meta property=\"og:description\" content=\"Misburg, im S\u00fcdosten Hannovers gelegen, ist ein vielseitiger Stadtteil mit Industriekultur, einem eigenen Hafen und einem sch\u00f6nen gro\u00dfen Waldgebiet.\u00a0\" \/>\n<meta property=\"og:url\" content=\"https:\/\/typisch-region-hannover.de\/index.php\/misburg-2\/\" \/>\n<meta property=\"og:site_name\" content=\"Typisch Region Hannover\" \/>\n<meta property=\"article:publisher\" content=\"https:\/\/www.facebook.com\/typischregionhannover\/\" \/>\n<meta property=\"article:modified_time\" content=\"2019-04-05T10:14:17+00:00\" \/>\n<meta property=\"og:image\" content=\"https:\/\/typisch-region-hannover.de\/wp-content\/uploads\/2017\/04\/Misburg03-01th.jpg\" \/>\n<meta name=\"twitter:card\" content=\"summary_large_image\" \/>\n<meta name=\"twitter:label1\" content=\"Gesch\u00e4tzte Lesezeit\" \/>\n\t<meta name=\"twitter:data1\" content=\"8\u00a0Minuten\" \/>\n<script type=\"application\/ld+json\" class=\"yoast-schema-graph\">{\"@context\":\"https:\/\/schema.org\",\"@graph\":[{\"@type\":\"WebPage\",\"@id\":\"https:\/\/typisch-region-hannover.de\/index.php\/misburg-2\/\",\"url\":\"https:\/\/typisch-region-hannover.de\/index.php\/misburg-2\/\",\"name\":\"Misburg - Typisch Region Hannover\",\"isPartOf\":{\"@id\":\"https:\/\/typisch-region-hannover.de\/#website\"},\"datePublished\":\"2016-02-25T01:53:02+00:00\",\"dateModified\":\"2019-04-05T10:14:17+00:00\",\"description\":\"Misburg, im S\u00fcdosten Hannovers gelegen, ist ein vielseitiger Stadtteil mit Industriekultur, einem eigenen Hafen und einem sch\u00f6nen gro\u00dfen Waldgebiet.\u00a0\",\"breadcrumb\":{\"@id\":\"https:\/\/typisch-region-hannover.de\/index.php\/misburg-2\/#breadcrumb\"},\"inLanguage\":\"de\",\"potentialAction\":[{\"@type\":\"ReadAction\",\"target\":[\"https:\/\/typisch-region-hannover.de\/index.php\/misburg-2\/\"]}]},{\"@type\":\"BreadcrumbList\",\"@id\":\"https:\/\/typisch-region-hannover.de\/index.php\/misburg-2\/#breadcrumb\",\"itemListElement\":[{\"@type\":\"ListItem\",\"position\":1,\"name\":\"Home\",\"item\":\"https:\/\/typisch-region-hannover.de\/\"},{\"@type\":\"ListItem\",\"position\":2,\"name\":\"Misburg\"}]},{\"@type\":\"WebSite\",\"@id\":\"https:\/\/typisch-region-hannover.de\/#website\",\"url\":\"https:\/\/typisch-region-hannover.de\/\",\"name\":\"Typisch Region Hannover\",\"description\":\"Wissenswertes aus unserer Region\",\"potentialAction\":[{\"@type\":\"SearchAction\",\"target\":{\"@type\":\"EntryPoint\",\"urlTemplate\":\"https:\/\/typisch-region-hannover.de\/?s={search_term_string}\"},\"query-input\":\"required name=search_term_string\"}],\"inLanguage\":\"de\"}]}<\/script>\n<!-- \/ Yoast SEO plugin. -->","yoast_head_json":{"title":"Misburg - Typisch Region Hannover","description":"Misburg, im S\u00fcdosten Hannovers gelegen, ist ein vielseitiger Stadtteil mit Industriekultur, einem eigenen Hafen und einem sch\u00f6nen gro\u00dfen Waldgebiet.\u00a0","robots":{"index":"index","follow":"follow","max-snippet":"max-snippet:-1","max-image-preview":"max-image-preview:large","max-video-preview":"max-video-preview:-1"},"canonical":"https:\/\/typisch-region-hannover.de\/index.php\/misburg-2\/","og_locale":"de_DE","og_type":"article","og_title":"Misburg - Typisch Region Hannover","og_description":"Misburg, im S\u00fcdosten Hannovers gelegen, ist ein vielseitiger Stadtteil mit Industriekultur, einem eigenen Hafen und einem sch\u00f6nen gro\u00dfen Waldgebiet.\u00a0","og_url":"https:\/\/typisch-region-hannover.de\/index.php\/misburg-2\/","og_site_name":"Typisch Region Hannover","article_publisher":"https:\/\/www.facebook.com\/typischregionhannover\/","article_modified_time":"2019-04-05T10:14:17+00:00","og_image":[{"url":"https:\/\/typisch-region-hannover.de\/wp-content\/uploads\/2017\/04\/Misburg03-01th.jpg"}],"twitter_card":"summary_large_image","twitter_misc":{"Gesch\u00e4tzte Lesezeit":"8\u00a0Minuten"},"schema":{"@context":"https:\/\/schema.org","@graph":[{"@type":"WebPage","@id":"https:\/\/typisch-region-hannover.de\/index.php\/misburg-2\/","url":"https:\/\/typisch-region-hannover.de\/index.php\/misburg-2\/","name":"Misburg - Typisch Region Hannover","isPartOf":{"@id":"https:\/\/typisch-region-hannover.de\/#website"},"datePublished":"2016-02-25T01:53:02+00:00","dateModified":"2019-04-05T10:14:17+00:00","description":"Misburg, im S\u00fcdosten Hannovers gelegen, ist ein vielseitiger Stadtteil mit Industriekultur, einem eigenen Hafen und einem sch\u00f6nen gro\u00dfen Waldgebiet.\u00a0","breadcrumb":{"@id":"https:\/\/typisch-region-hannover.de\/index.php\/misburg-2\/#breadcrumb"},"inLanguage":"de","potentialAction":[{"@type":"ReadAction","target":["https:\/\/typisch-region-hannover.de\/index.php\/misburg-2\/"]}]},{"@type":"BreadcrumbList","@id":"https:\/\/typisch-region-hannover.de\/index.php\/misburg-2\/#breadcrumb","itemListElement":[{"@type":"ListItem","position":1,"name":"Home","item":"https:\/\/typisch-region-hannover.de\/"},{"@type":"ListItem","position":2,"name":"Misburg"}]},{"@type":"WebSite","@id":"https:\/\/typisch-region-hannover.de\/#website","url":"https:\/\/typisch-region-hannover.de\/","name":"Typisch Region Hannover","description":"Wissenswertes aus unserer Region","potentialAction":[{"@type":"SearchAction","target":{"@type":"EntryPoint","urlTemplate":"https:\/\/typisch-region-hannover.de\/?s={search_term_string}"},"query-input":"required name=search_term_string"}],"inLanguage":"de"}]}},"_links":{"self":[{"href":"https:\/\/typisch-region-hannover.de\/index.php\/wp-json\/wp\/v2\/pages\/12205"}],"collection":[{"href":"https:\/\/typisch-region-hannover.de\/index.php\/wp-json\/wp\/v2\/pages"}],"about":[{"href":"https:\/\/typisch-region-hannover.de\/index.php\/wp-json\/wp\/v2\/types\/page"}],"author":[{"embeddable":true,"href":"https:\/\/typisch-region-hannover.de\/index.php\/wp-json\/wp\/v2\/users\/3"}],"replies":[{"embeddable":true,"href":"https:\/\/typisch-region-hannover.de\/index.php\/wp-json\/wp\/v2\/comments?post=12205"}],"version-history":[{"count":0,"href":"https:\/\/typisch-region-hannover.de\/index.php\/wp-json\/wp\/v2\/pages\/12205\/revisions"}],"wp:attachment":[{"href":"https:\/\/typisch-region-hannover.de\/index.php\/wp-json\/wp\/v2\/media?parent=12205"}],"curies":[{"name":"wp","href":"https:\/\/api.w.org\/{rel}","templated":true}]}}